{"id":6570,"date":"2023-12-30T16:25:15","date_gmt":"2023-12-30T16:25:15","guid":{"rendered":"https:\/\/figa.com.co\/?post_type=product&#038;p=6570"},"modified":"2023-12-30T16:25:16","modified_gmt":"2023-12-30T16:25:16","slug":"vitamina-k-c-2","status":"publish","type":"product","link":"https:\/\/figa.com.co\/fr\/product\/vitamina-k-c-2\/","title":{"rendered":"VITAMINA K + C"},"content":{"rendered":"<p>Indiqu\u00e9 dans le traitement des processus h\u00e9morragiques caus\u00e9s par une carence ou une diminution des niveaux de vitamine K et en cas d&rsquo;intoxication par des agents anticoagulants \u00e0 action prolong\u00e9e tels que les rodenticides. Comme adjuvant dans le traitement des processus h\u00e9morragiques post-chirurgicaux, de la coccidiose et d&rsquo;autres maladies parasitaires, notamment les h\u00e9moparasites. Utile dans les maladies qui pr\u00e9sentent des sympt\u00f4mes ou des syndromes h\u00e9morragiques tels que l&rsquo;h\u00e9maturie.<\/p>\n<h5><strong>Composition garantie:<\/strong><\/h5>\n<p>Chaque mL de solution injectable contient:<\/p>\n<ul>\n<li>Vitamine K3 (sous forme de bisulfite de m\u00e9nadione sodique) 20 mg<\/li>\n<li>Vitamine C 20 mg<\/li>\n<li>Excipients q.s.p. 1 mL<\/li>\n<\/ul>\n<h5><strong>Esp\u00e8ces pour lesquelles il est recommand\u00e9:<\/strong><\/h5>\n<p>Bovins, chevaux, porcs, moutons, ch\u00e8vres, chiens et chats.<\/p>\n<h5><strong>Voie d&rsquo;administration:<\/strong><\/h5>\n<p>Administrer par voie intramusculaire, intraveineuse ou sous-cutan\u00e9e.<\/p>\n<h5><strong>Dosage:<\/strong><\/h5>\n<p>Administrer 1 mg de vitamine K par kilogramme de poids vif et 1 mg de vitamine C par kilogramme de poids vif.<\/p>\n<ul>\n<li><strong>Bovins et chevaux:<\/strong> 20 mL \/ 400 kg<\/li>\n<li><strong>Veaux et poulains:<\/strong> 5 mL \/ 100 kg<\/li>\n<li><strong>Porcins, ovins et caprins: <\/strong>2 mL \/ 40 kg<\/li>\n<li><strong>Chiens et chats:<\/strong> 0,5 mL \/ 10 kg<\/li>\n<\/ul>\n<h5><strong>Pr\u00e9cautions:<\/strong><\/h5>\n<ul>\n<li>Ne pas utiliser en cas d&rsquo;hypersensibilit\u00e9 connue aux principes actifs ou aux excipients.<\/li>\n<li>Chez les patients pr\u00e9sentant une insuffisance h\u00e9patique s\u00e9v\u00e8re, la formation de prothrombine peut \u00eatre insuffisante.<\/li>\n<li>Conserver \u00e0 une temp\u00e9rature inf\u00e9rieure \u00e0 30\u00b0C, \u00e0 l&rsquo;abri du soleil.<\/li>\n<\/ul>\n<h5><strong>D\u00e9lai de retrait:<\/strong><\/h5>\n<p><strong>Il n&rsquo;a pas le temps de prendre sa retraite.<\/strong><\/p>\n<h5><strong>Pr\u00e9sentations:<\/strong><\/h5>\n<p>Flacon de 50 mL et bo\u00eete de 12 flacons de 20 mL.<\/p>\n<h5><strong>N\u00b0 d&rsquo;enregistrement ICA\u00a0:\u00a010331-MV<\/strong><\/h5>\n","protected":false},"excerpt":{"rendered":"<h5>Adjuvant dans le traitement et le contr\u00f4le des saignements<\/h5>\n","protected":false},"featured_media":1081,"comment_status":"open","ping_status":"closed","template":"","meta":{"_locale":"fr_FR","_original_post":"http:\/\/figa.com.co\/v2\/?post_type=product&p=1080","_joinchat":[]},"product_brand":[],"product_cat":[78],"product_tag":[40,39,41,44,43,48,46,54,45],"class_list":{"0":"post-6570","1":"product","2":"type-product","3":"status-publish","4":"has-post-thumbnail","6":"product_cat-soluciones-inyectables","7":"product_tag-compania-animales","8":"product_tag-animales-produccion","9":"product_tag-bovinos","10":"product_tag-caprinos","11":"product_tag-equinos","12":"product_tag-gatos","13":"product_tag-ovinos","14":"product_tag-perros","15":"product_tag-porcinos","16":"fr-FR","18":"first","19":"instock","20":"shipping-taxable","21":"product-type-simple"},"_links":{"self":[{"href":"https:\/\/figa.com.co\/wp-json\/wp\/v2\/product\/6570","targetHints":{"allow":["GET"]}}],"collection":[{"href":"https:\/\/figa.com.co\/wp-json\/wp\/v2\/product"}],"about":[{"href":"https:\/\/figa.com.co\/wp-json\/wp\/v2\/types\/product"}],"replies":[{"embeddable":true,"href":"https:\/\/figa.com.co\/wp-json\/wp\/v2\/comments?post=6570"}],"version-history":[{"count":1,"href":"https:\/\/figa.com.co\/wp-json\/wp\/v2\/product\/6570\/revisions"}],"predecessor-version":[{"id":6572,"href":"https:\/\/figa.com.co\/wp-json\/wp\/v2\/product\/6570\/revisions\/6572"}],"wp:featuredmedia":[{"embeddable":true,"href":"https:\/\/figa.com.co\/wp-json\/wp\/v2\/media\/1081"}],"wp:attachment":[{"href":"https:\/\/figa.com.co\/wp-json\/wp\/v2\/media?parent=6570"}],"wp:term":[{"taxonomy":"product_brand","embeddable":true,"href":"https:\/\/figa.com.co\/wp-json\/wp\/v2\/product_brand?post=6570"},{"taxonomy":"product_cat","embeddable":true,"href":"https:\/\/figa.com.co\/wp-json\/wp\/v2\/product_cat?post=6570"},{"taxonomy":"product_tag","embeddable":true,"href":"https:\/\/figa.com.co\/wp-json\/wp\/v2\/product_tag?post=6570"}],"curies":[{"name":"wp","href":"https:\/\/api.w.org\/{rel}","templated":true}]}}