{"id":6558,"date":"2023-12-30T15:58:57","date_gmt":"2023-12-30T15:58:57","guid":{"rendered":"https:\/\/figa.com.co\/?post_type=product&#038;p=6558"},"modified":"2023-12-30T16:01:07","modified_gmt":"2023-12-30T16:01:07","slug":"tilfigan-200-2","status":"publish","type":"product","link":"https:\/\/figa.com.co\/fr\/product\/tilfigan-200-2\/","title":{"rendered":"TILFIGAN 200"},"content":{"rendered":"<p>Indiqu\u00e9 dans:<\/p>\n<p><strong>Bovins:<\/strong> Pour le traitement de la mammite caus\u00e9e par <em>Streptococcus sp. et Staphylococcus sp.<\/em>; dipht\u00e9rie du veau et pododermatite n\u00e9crotique caus\u00e9es par <em>Fusobacterium necrophorum<\/em>; pneumonie associ\u00e9e \u00e0 <em>Pasteurella multocida<\/em> et m\u00e9trite caus\u00e9e par <em>Arcanobacterium pyogenes<\/em>.<\/p>\n<p><strong>Porcins:<\/strong> pour le traitement de la pneumonie caus\u00e9e par <em>Pasteurella multocida<\/em> et <em>Arcanobacterium pyogenes<\/em>; \u00e9rysip\u00e8le caus\u00e9 par <em>Erysipelothrix rhusiopathiae<\/em>; dysenterie associ\u00e9e \u00e0 <em>Treponema hyodisenteriae<\/em> et<em> Campylobacter sp.<\/em>; l&rsquo;arthrite caus\u00e9e par <em>Mycoplasma hyosinoviae<\/em> et <em>Staphylococcus sp.<\/em><\/p>\n<h5>Composition garantie:<\/h5>\n<p>Chaque mL de solution injectable contient:<\/p>\n<ul>\n<li>Tylosine (sous forme de tartrate) 200 mg<\/li>\n<li>Excipients q.s.p. 1 mL<\/li>\n<\/ul>\n<h5><strong>Esp\u00e8ces pour lesquelles il est recommand\u00e9:<\/strong><\/h5>\n<p>Bovins et porcins.<\/p>\n<h5><strong>Voie d&rsquo;administration:<\/strong><\/h5>\n<p>Administrer aux bovins par voie intramusculaire ou intraveineuse lente. Chez les porcs, il est recommand\u00e9 d&rsquo;administrer uniquement par voie intramusculaire.<\/p>\n<h5><strong>Dosage:<\/strong><\/h5>\n<p>Chez les <strong>bovins<\/strong> et <strong>porcins<\/strong> 10 mg par kg de poids vif, en pratique 1 mL pour 20 kg de poids vif.<\/p>\n<p>Il est recommand\u00e9 d&rsquo;appliquer toutes les 24 heures pendant 3 \u00e0 5 jours, autres indications et fr\u00e9quences \u00e0 la discr\u00e9tion du v\u00e9t\u00e9rinaire.<\/p>\n<h5><strong>D\u00e9lai de retrait:<\/strong><\/h5>\n<ul>\n<li><strong>Les animaux trait\u00e9s ne doivent pas \u00eatre abattus pour la consommation humaine avant 8 jours apr\u00e8s la fin du traitement.<\/strong><\/li>\n<li><strong>Le lait produit pendant le traitement et 96 heures apr\u00e8s la fin du traitement ne doit pas \u00eatre donn\u00e9 \u00e0 la consommation humaine.<\/strong><\/li>\n<\/ul>\n<h5><strong>Pr\u00e9cautions:<\/strong><\/h5>\n<ul>\n<li>Le traitement ne doit pas durer plus de 5 jours chez les bovins et 3 jours chez les porcs.<\/li>\n<li>Chez les bovins, ne pas appliquer plus de 10 mL par site d&rsquo;application.<\/li>\n<li>Chez les porcs, ne pas appliquer plus de 5 mL par site d&rsquo;application.<\/li>\n<li>Conserver \u00e0 une temp\u00e9rature inf\u00e9rieure \u00e0 30\u00b0C, \u00e0 l&rsquo;abri du soleil.<\/li>\n<\/ul>\n<h5><strong>Pr\u00e9sentations:<\/strong><\/h5>\n<p>Flacon de 20, 50, 100, 250 et 500 mL.<\/p>\n<h5><strong>N\u00b0 d&rsquo;enregistrement ICA\u00a0: 8983-MV<\/strong><\/h5>\n","protected":false},"excerpt":{"rendered":"<p>Antibiotique en solution injectable<\/p>\n","protected":false},"featured_media":975,"comment_status":"open","ping_status":"closed","template":"","meta":{"_locale":"fr_FR","_original_post":"http:\/\/figa.com.co\/v2\/?post_type=product&p=974","_joinchat":[]},"product_brand":[],"product_cat":[73],"product_tag":[39,41,45],"class_list":{"0":"post-6558","1":"product","2":"type-product","3":"status-publish","4":"has-post-thumbnail","6":"product_cat-antibioticos-inyectables","7":"product_tag-animales-produccion","8":"product_tag-bovinos","9":"product_tag-porcinos","10":"fr-FR","12":"first","13":"instock","14":"shipping-taxable","15":"product-type-simple"},"_links":{"self":[{"href":"https:\/\/figa.com.co\/wp-json\/wp\/v2\/product\/6558","targetHints":{"allow":["GET"]}}],"collection":[{"href":"https:\/\/figa.com.co\/wp-json\/wp\/v2\/product"}],"about":[{"href":"https:\/\/figa.com.co\/wp-json\/wp\/v2\/types\/product"}],"replies":[{"embeddable":true,"href":"https:\/\/figa.com.co\/wp-json\/wp\/v2\/comments?post=6558"}],"version-history":[{"count":3,"href":"https:\/\/figa.com.co\/wp-json\/wp\/v2\/product\/6558\/revisions"}],"predecessor-version":[{"id":6563,"href":"https:\/\/figa.com.co\/wp-json\/wp\/v2\/product\/6558\/revisions\/6563"}],"wp:featuredmedia":[{"embeddable":true,"href":"https:\/\/figa.com.co\/wp-json\/wp\/v2\/media\/975"}],"wp:attachment":[{"href":"https:\/\/figa.com.co\/wp-json\/wp\/v2\/media?parent=6558"}],"wp:term":[{"taxonomy":"product_brand","embeddable":true,"href":"https:\/\/figa.com.co\/wp-json\/wp\/v2\/product_brand?post=6558"},{"taxonomy":"product_cat","embeddable":true,"href":"https:\/\/figa.com.co\/wp-json\/wp\/v2\/product_cat?post=6558"},{"taxonomy":"product_tag","embeddable":true,"href":"https:\/\/figa.com.co\/wp-json\/wp\/v2\/product_tag?post=6558"}],"curies":[{"name":"wp","href":"https:\/\/api.w.org\/{rel}","templated":true}]}}