{"id":6517,"date":"2023-12-29T19:50:00","date_gmt":"2023-12-29T19:50:00","guid":{"rendered":"https:\/\/figa.com.co\/?post_type=product&#038;p=6517"},"modified":"2025-09-18T15:19:28","modified_gmt":"2025-09-18T15:19:28","slug":"gluconato-de-clorhexidina-champu-2","status":"publish","type":"product","link":"https:\/\/figa.com.co\/fr\/product\/gluconato-de-clorhexidina-champu-2\/","title":{"rendered":"GLUCONATO DE CLORHEXIDINA Champ\u00fa"},"content":{"rendered":"<p>Indiqu\u00e9 comme shampooing antiseptique.<\/p>\n<h5><strong>Composition garantie:<\/strong><\/h5>\n<p>Chaque 100 ml de GLUCONATO DE CLORHEXIDINA CHAMP\u00da contient :<\/p>\n<ul>\n<li>Gluconate de chlorhexidine 0,5 g<br \/>\n(comme solution \u00e0 20%)<\/li>\n<li>Excipients q.s.p. 1 mL<\/li>\n<\/ul>\n<h5><strong>Esp\u00e8ces pour lesquelles il est recommand\u00e9:<\/strong><\/h5>\n<p>Chiens et chats.<\/p>\n<h5><strong>Voie d&rsquo;administration:<\/strong><\/h5>\n<p>Utilisation topique.<\/p>\n<h5>Mode d&#8217;emploi:<\/h5>\n<ol>\n<li>Humidifiez correctement la peau et le pelage de l&rsquo;animal.<\/li>\n<li>Appliquer une quantit\u00e9 appropri\u00e9e de shampooing en frottant jusqu&rsquo;\u00e0 ce qu&rsquo;une grande quantit\u00e9 de mousse apparaisse.<\/li>\n<li>Laisser agir le produit pendant 10 \u00e0 15 minutes et rincer abondamment \u00e0 l&rsquo;eau.<\/li>\n<li>Si n\u00e9cessaire, recommencez la proc\u00e9dure.<\/li>\n<li>S\u00e9chez et brossez l&rsquo;animal.Seque y cepille al animal.<\/li>\n<\/ol>\n<h5><strong>Pr\u00e9cautions et avertissements:<\/strong><\/h5>\n<ul>\n<li>Utiliser uniquement sur les esp\u00e8ces pour lesquelles le produit est recommand\u00e9.<\/li>\n<li>Eviter tout contact avec les muqueuses et les yeux.<\/li>\n<li>Ne pas utiliser \u00e0 des fins autres que celles recommand\u00e9es sur l&rsquo;\u00e9tiquette.<\/li>\n<li>A conserver dans un endroit frais \u00e0 l&rsquo;abri de la lumi\u00e8re.<\/li>\n<\/ul>\n<h5><strong>Pr\u00e9sentations:<\/strong><\/h5>\n<p>Flacon de 240 et 500 mL.<\/p>\n<h5>N\u00b0 d&rsquo;enregistrement ICA\u00a0: 9366-MV<\/h5>\n","protected":false},"excerpt":{"rendered":"<h5>Shampoing antiseptique.<\/h5>\n","protected":false},"featured_media":1966,"comment_status":"open","ping_status":"closed","template":"","meta":{"_locale":"fr_FR","_original_post":"http:\/\/figa.com.co\/v2\/?post_type=product&p=965","_joinchat":[]},"product_brand":[],"product_cat":[79,81],"product_tag":[40,48,54],"class_list":{"0":"post-6517","1":"product","2":"type-product","3":"status-publish","4":"has-post-thumbnail","6":"product_cat-antiseptico-spray","7":"product_cat-limpieza-belleza","8":"product_tag-compania-animales","9":"product_tag-gatos","10":"product_tag-perros","11":"fr-FR","13":"first","14":"instock","15":"shipping-taxable","16":"product-type-simple"},"_links":{"self":[{"href":"https:\/\/figa.com.co\/wp-json\/wp\/v2\/product\/6517","targetHints":{"allow":["GET"]}}],"collection":[{"href":"https:\/\/figa.com.co\/wp-json\/wp\/v2\/product"}],"about":[{"href":"https:\/\/figa.com.co\/wp-json\/wp\/v2\/types\/product"}],"replies":[{"embeddable":true,"href":"https:\/\/figa.com.co\/wp-json\/wp\/v2\/comments?post=6517"}],"version-history":[{"count":2,"href":"https:\/\/figa.com.co\/wp-json\/wp\/v2\/product\/6517\/revisions"}],"predecessor-version":[{"id":6519,"href":"https:\/\/figa.com.co\/wp-json\/wp\/v2\/product\/6517\/revisions\/6519"}],"wp:featuredmedia":[{"embeddable":true,"href":"https:\/\/figa.com.co\/wp-json\/wp\/v2\/media\/1966"}],"wp:attachment":[{"href":"https:\/\/figa.com.co\/wp-json\/wp\/v2\/media?parent=6517"}],"wp:term":[{"taxonomy":"product_brand","embeddable":true,"href":"https:\/\/figa.com.co\/wp-json\/wp\/v2\/product_brand?post=6517"},{"taxonomy":"product_cat","embeddable":true,"href":"https:\/\/figa.com.co\/wp-json\/wp\/v2\/product_cat?post=6517"},{"taxonomy":"product_tag","embeddable":true,"href":"https:\/\/figa.com.co\/wp-json\/wp\/v2\/product_tag?post=6517"}],"curies":[{"name":"wp","href":"https:\/\/api.w.org\/{rel}","templated":true}]}}