{"id":6149,"date":"2023-11-23T17:50:12","date_gmt":"2023-11-23T17:50:12","guid":{"rendered":"https:\/\/figa.com.co\/?post_type=product&#038;p=6149"},"modified":"2025-09-26T14:31:37","modified_gmt":"2025-09-26T14:31:37","slug":"sensipets-2","status":"publish","type":"product","link":"https:\/\/figa.com.co\/fr\/product\/sensipets-2\/","title":{"rendered":"SENSIPETS"},"content":{"rendered":"<p>Indiqu\u00e9 pour le soin de la peau et du pelage, en particulier des animaux \u00e0 peau sensible et \u00e0 pr\u00e9disposition allergique.<\/p>\n<h5><strong>Composition garantie:<\/strong><\/h5>\n<p>Chaque 100 mL de solution contient:<\/p>\n<p>EAU PURIFI\u00c9E, LAURYL ETHER SULFATE DE SODIUM, ACIDES GRAS DE COCO DI\u00c9THANOLAMINE, ETHER SULFATE D&rsquo;ALCOOL GRAS, PROPYL\u00c8NE GLYCOL, B\u00c9TA\u00cfNE, TRI\u00c9THANOLAMINE, ALCOOL ST\u00c9ARYLIQUE, CHLORURE DE C\u00c9TRIMONIUM, COPOLYM\u00c8RE D&rsquo;ACRYLATE, EDTA DISODIQUE, PARFUM POUR GAR\u00c7ONS, MONOOLEAT DE POLYOXY\u00c9THYL\u00c8NE (20 ) SORBITANE, NANOVECTEUR ANTI -IRRITANT-HYDRATANT-CONDITIONNANT, M\u00c9THYLPARAB\u00c8NE, ACIDE CITRIQUE, PARFUM DE NOIX DE COCO, PROPYLPARAB\u00c8NE, MICA ET DIOXYDE DE TITANE.<\/p>\n<h5><strong>Esp\u00e8ces pour lesquelles il est recommand\u00e9 :<\/strong><\/h5>\n<p>Chiens et chats.<\/p>\n<h5><strong>Voie d&rsquo;administration:<\/strong><\/h5>\n<p>Utilisation topique.<\/p>\n<h5><strong>Mode d&#8217;emploi:<\/strong><\/h5>\n<ol>\n<li>Humidifiez ad\u00e9quatement la peau et le pelage de l&rsquo;animal.<\/li>\n<li>Appliquer une quantit\u00e9 appropri\u00e9e de SENSIPETS en frottant jusqu&rsquo;\u00e0 l&rsquo;apparition de la mousse.<\/li>\n<li>Rincer abondamment \u00e0 l&rsquo;eau et si n\u00e9cessaire r\u00e9p\u00e9ter la proc\u00e9dure.<\/li>\n<li>S\u00e9chez et brossez l&rsquo;animal.<\/li>\n<\/ol>\n<h5><strong>Pr\u00e9cautions et avertissements:<\/strong><\/h5>\n<ul>\n<li>Eviter tout contact avec les yeux et les muqueuses.<\/li>\n<li>Cesser l&rsquo;utilisation en cas d&rsquo;irritation ou d&rsquo;inflammation de la peau.<\/li>\n<li>Conserver dans un endroit frais \u00e0 l&rsquo;abri de la lumi\u00e8re.<\/li>\n<li>Consultez le v\u00e9t\u00e9rinaire.<\/li>\n<\/ul>\n<h5><strong>Pr\u00e9sentations:<\/strong><\/h5>\n<p>Flacon de 240, 500 et 1000 mL.<\/p>\n<h5><strong>N\u00b0 d&rsquo;enregistrement ICA:<\/strong> 9776-MV<\/h5>\n","protected":false},"excerpt":{"rendered":"<p>Shampoing pour peaux sensibles.<\/p>\n","protected":false},"featured_media":973,"comment_status":"open","ping_status":"closed","template":"","meta":{"_locale":"fr_FR","_original_post":"http:\/\/figa.com.co\/v2\/?post_type=product&p=972","_joinchat":[]},"product_brand":[],"product_cat":[81],"product_tag":[271,272,270],"class_list":{"0":"post-6149","1":"product","2":"type-product","3":"status-publish","4":"has-post-thumbnail","6":"product_cat-limpieza-belleza","7":"product_tag-cats","8":"product_tag-dogs","9":"product_tag-pets","10":"fr-FR","12":"first","13":"instock","14":"shipping-taxable","15":"product-type-simple"},"_links":{"self":[{"href":"https:\/\/figa.com.co\/wp-json\/wp\/v2\/product\/6149","targetHints":{"allow":["GET"]}}],"collection":[{"href":"https:\/\/figa.com.co\/wp-json\/wp\/v2\/product"}],"about":[{"href":"https:\/\/figa.com.co\/wp-json\/wp\/v2\/types\/product"}],"replies":[{"embeddable":true,"href":"https:\/\/figa.com.co\/wp-json\/wp\/v2\/comments?post=6149"}],"version-history":[{"count":2,"href":"https:\/\/figa.com.co\/wp-json\/wp\/v2\/product\/6149\/revisions"}],"predecessor-version":[{"id":6151,"href":"https:\/\/figa.com.co\/wp-json\/wp\/v2\/product\/6149\/revisions\/6151"}],"wp:featuredmedia":[{"embeddable":true,"href":"https:\/\/figa.com.co\/wp-json\/wp\/v2\/media\/973"}],"wp:attachment":[{"href":"https:\/\/figa.com.co\/wp-json\/wp\/v2\/media?parent=6149"}],"wp:term":[{"taxonomy":"product_brand","embeddable":true,"href":"https:\/\/figa.com.co\/wp-json\/wp\/v2\/product_brand?post=6149"},{"taxonomy":"product_cat","embeddable":true,"href":"https:\/\/figa.com.co\/wp-json\/wp\/v2\/product_cat?post=6149"},{"taxonomy":"product_tag","embeddable":true,"href":"https:\/\/figa.com.co\/wp-json\/wp\/v2\/product_tag?post=6149"}],"curies":[{"name":"wp","href":"https:\/\/api.w.org\/{rel}","templated":true}]}}