{"id":6120,"date":"2023-11-23T16:52:53","date_gmt":"2023-11-23T16:52:53","guid":{"rendered":"https:\/\/figa.com.co\/?post_type=product&#038;p=6120"},"modified":"2023-12-30T15:30:31","modified_gmt":"2023-12-30T15:30:31","slug":"meloxican","status":"publish","type":"product","link":"https:\/\/figa.com.co\/fr\/product\/meloxican\/","title":{"rendered":"MELOXI CAN"},"content":{"rendered":"<p>Indiqu\u00e9 pour traiter les troubles musculo-squelettiques aigus et chroniques, la r\u00e9duction de la douleur pr\u00e9- et postop\u00e9ratoire des chirurgies orthop\u00e9diques et des tissus mous.<\/p>\n<h5><strong>Composition garantie :<\/strong><\/h5>\n<p>Chaque mL de suspension buvable contient\u00a0:<\/p>\n<ul>\n<li>M\u00e9loxicam 2 mg<\/li>\n<li>Excipients q.s. 1 mL<\/li>\n<\/ul>\n<h5><strong>Esp\u00e8ces pour lesquelles il est recommand\u00e9 :<\/strong><\/h5>\n<p>Chiens et chats.<\/p>\n<h5><strong>Voie d&rsquo;administration:<\/strong><\/h5>\n<p>Oralement uniquement. Meloxi Can peut \u00eatre administr\u00e9 directement dans la bouche de l&rsquo;animal ou m\u00e9lang\u00e9 \u00e0 la nourriture.<\/p>\n<h5><strong>Dosage:<\/strong><\/h5>\n<ul>\n<li>Chez le <strong>chien<\/strong>: Lors de la premi\u00e8re dose, administrer une dose unique de 0,2 mg de M\u00e9loxicam par kg de poids corporel (\u00e9quivalent \u00e0 1 mL de Meloxi Can pour 10 kg). jours.<\/li>\n<li>Chez le <strong>chat<\/strong>: Dans la premi\u00e8re dose, administrer une dose unique de 0,1 mg de M\u00e9loxicam par kg de poids corporel (\u00e9quivalent \u00e0 0,1 mL de Meloxi Can pour 2 kg). jours.<\/li>\n<\/ul>\n<h5><strong>Pr\u00e9cautions:<\/strong><\/h5>\n<ul>\n<li>La dose prescrite doit \u00eatre administr\u00e9e exactement.<\/li>\n<li>Lorsqu\u2019il est administr\u00e9 par voie alimentaire, assurez-vous que tous les m\u00e9dicaments sont consomm\u00e9s.<\/li>\n<li>En cas d&rsquo;hypersensibilit\u00e9 ou d&rsquo;effets secondaires au produit, le traitement doit \u00eatre interrompu.<\/li>\n<li>Ne pas administrer en concomitance avec d&rsquo;autres AINS ou corticost\u00e9ro\u00efdes.<\/li>\n<li>Conserver dans un endroit sec \u00e0 l&rsquo;abri de la lumi\u00e8re et \u00e0 une temp\u00e9rature inf\u00e9rieure \u00e0 30 \u00b0C.<\/li>\n<\/ul>\n<h5><strong>Contre-indications:<\/strong><\/h5>\n<p>Ne pas utiliser chez les animaux en gestation, en lactation ou chez les animaux de moins de 6 semaines ou chez les patients souffrant de d\u00e9shydratation, d&rsquo;hypovol\u00e9mie, d&rsquo;irritation ou d&rsquo;ulc\u00e8re gastrique, de saignements, de troubles h\u00e9patiques, cardiaques ou r\u00e9naux.<\/p>\n<h5><strong>Pr\u00e9sentations:<\/strong><\/h5>\n<p>Flacon de 15, 30 et 60 mL.<\/p>\n<h5><strong>N\u00b0 d&rsquo;enregistrement ICA:<\/strong> 8325-MV<\/h5>\n","protected":false},"excerpt":{"rendered":"<p>Analg\u00e9sique oral, antipyr\u00e9tique et anti-inflammatoire<\/p>\n","protected":false},"featured_media":6455,"comment_status":"open","ping_status":"closed","template":"","meta":{"_locale":"fr_FR","_original_post":"http:\/\/box5653.temp.domains\/~zambran7\/figa\/product\/meloxican\/","_joinchat":[]},"product_brand":[],"product_cat":[80],"product_tag":[40,48,54],"class_list":{"0":"post-6120","1":"product","2":"type-product","3":"status-publish","4":"has-post-thumbnail","6":"product_cat-clinicos-medicados-pets","7":"product_tag-compania-animales","8":"product_tag-gatos","9":"product_tag-perros","10":"fr-FR","12":"first","13":"instock","14":"shipping-taxable","15":"product-type-simple"},"_links":{"self":[{"href":"https:\/\/figa.com.co\/wp-json\/wp\/v2\/product\/6120","targetHints":{"allow":["GET"]}}],"collection":[{"href":"https:\/\/figa.com.co\/wp-json\/wp\/v2\/product"}],"about":[{"href":"https:\/\/figa.com.co\/wp-json\/wp\/v2\/types\/product"}],"replies":[{"embeddable":true,"href":"https:\/\/figa.com.co\/wp-json\/wp\/v2\/comments?post=6120"}],"version-history":[{"count":4,"href":"https:\/\/figa.com.co\/wp-json\/wp\/v2\/product\/6120\/revisions"}],"predecessor-version":[{"id":6544,"href":"https:\/\/figa.com.co\/wp-json\/wp\/v2\/product\/6120\/revisions\/6544"}],"wp:featuredmedia":[{"embeddable":true,"href":"https:\/\/figa.com.co\/wp-json\/wp\/v2\/media\/6455"}],"wp:attachment":[{"href":"https:\/\/figa.com.co\/wp-json\/wp\/v2\/media?parent=6120"}],"wp:term":[{"taxonomy":"product_brand","embeddable":true,"href":"https:\/\/figa.com.co\/wp-json\/wp\/v2\/product_brand?post=6120"},{"taxonomy":"product_cat","embeddable":true,"href":"https:\/\/figa.com.co\/wp-json\/wp\/v2\/product_cat?post=6120"},{"taxonomy":"product_tag","embeddable":true,"href":"https:\/\/figa.com.co\/wp-json\/wp\/v2\/product_tag?post=6120"}],"curies":[{"name":"wp","href":"https:\/\/api.w.org\/{rel}","templated":true}]}}