{"id":5640,"date":"2023-09-20T19:40:48","date_gmt":"2023-09-20T19:40:48","guid":{"rendered":"https:\/\/figa.com.co\/?post_type=product&#038;p=5640"},"modified":"2025-09-25T20:20:38","modified_gmt":"2025-09-25T20:20:38","slug":"gastrivet-2","status":"publish","type":"product","link":"https:\/\/figa.com.co\/fr\/product\/gastrivet-2\/","title":{"rendered":"GASTRIVET"},"content":{"rendered":"<p>Indiqu\u00e9 chez le chien pour la pr\u00e9vention et le traitement de la gastrite et de la gastrite ulc\u00e9reuse d&rsquo;origine non infectieuse et comme adjuvant dans le traitement de la gastrite et de la gastrite ulc\u00e9reuse d&rsquo;origine infectieuse, de l&rsquo;\u0153sophagite et du reflux gastro-\u0153sophagien.<\/p>\n<h5><strong>Composition garantie\u00a0:<\/strong><\/h5>\n<p>Chaque mL de GASTRIVET contient\u00a0:<\/p>\n<p>Famotidine 5\u00a0mg<\/p>\n<p>Excipients c.s.p. 1mL<\/p>\n<h5><strong>Esp\u00e8ces pour lesquelles il est recommand\u00e9\u00a0:<\/strong><\/h5>\n<p>Chiens.<\/p>\n<h5><strong>Voie d&rsquo;administration\u00a0:<\/strong><\/h5>\n<p>Voie orale uniquement.<\/p>\n<h5><strong>Posologie\u00a0:<\/strong><\/h5>\n<p>Administrer une dose m\u00e9dicale de 0,5 \u00e0 1 mg\/kg toutes les 12 ou 24 heures, en pratique administrer 0,5 \u00e0 1 mL pour chaque 5 kg de poids une ou deux fois par jour. La dose, la fr\u00e9quence et la dur\u00e9e du traitement peuvent varier selon les crit\u00e8res du V\u00e9t\u00e9rinaire.<\/p>\n<h5><strong>Contre-indications\u00a0:<\/strong><\/h5>\n<ul>\n<li>Ne pas administrer aux chiens qui pr\u00e9sentent une hypersensibilit\u00e9 au m\u00e9dicament.<\/li>\n<li>En raison d&rsquo;interactions m\u00e9dicamenteuses, ne pas administrer simultan\u00e9ment avec des antifongiques (k\u00e9toconazole, itraconazole, fluconazole) et des c\u00e9phalosporines (cefpodoxime, c\u00e9furoxime).<\/li>\n<\/ul>\n<h5><strong>Pr\u00e9cautions et avertissements\u00a0:<\/strong><\/h5>\n<ul>\n<li>Administrer oralement uniquement.<\/li>\n<li>Administrer avec prudence chez les chiens souffrant de maladies cardiaques, h\u00e9patiques et\/ou r\u00e9nales.<\/li>\n<li>La s\u00e9curit\u00e9 du produit chez les femelles gestantes ou allaitantes n&rsquo;est pas connue, son utilisation doit \u00eatre bas\u00e9e sur une analyse risque\/b\u00e9n\u00e9fice.<\/li>\n<li>Conserver en dessous de 30\u00a0\u00b0C et \u00e0 l&rsquo;abri de la lumi\u00e8re.<\/li>\n<\/ul>\n<h5><strong>Pr\u00e9sentation\u00a0:<\/strong><\/h5>\n<p>Flacon pour 60 et 120 mL.<\/p>\n<h5>N\u00b0 d\u2019enregistrement ICA: 10271-MV<\/h5>\n","protected":false},"excerpt":{"rendered":"<h5><strong>Antiacide<\/strong><\/h5>\n","protected":false},"featured_media":5746,"comment_status":"open","ping_status":"closed","template":"","meta":{"_locale":"fr_FR","_original_post":"https:\/\/figa.com.co\/?post_type=product&p=4722","_joinchat":[]},"product_brand":[],"product_cat":[80],"product_tag":[40,54],"class_list":{"0":"post-5640","1":"product","2":"type-product","3":"status-publish","4":"has-post-thumbnail","6":"product_cat-clinicos-medicados-pets","7":"product_tag-compania-animales","8":"product_tag-perros","9":"fr-FR","11":"first","12":"instock","13":"shipping-taxable","14":"product-type-simple"},"_links":{"self":[{"href":"https:\/\/figa.com.co\/wp-json\/wp\/v2\/product\/5640","targetHints":{"allow":["GET"]}}],"collection":[{"href":"https:\/\/figa.com.co\/wp-json\/wp\/v2\/product"}],"about":[{"href":"https:\/\/figa.com.co\/wp-json\/wp\/v2\/types\/product"}],"replies":[{"embeddable":true,"href":"https:\/\/figa.com.co\/wp-json\/wp\/v2\/comments?post=5640"}],"version-history":[{"count":3,"href":"https:\/\/figa.com.co\/wp-json\/wp\/v2\/product\/5640\/revisions"}],"predecessor-version":[{"id":5747,"href":"https:\/\/figa.com.co\/wp-json\/wp\/v2\/product\/5640\/revisions\/5747"}],"wp:featuredmedia":[{"embeddable":true,"href":"https:\/\/figa.com.co\/wp-json\/wp\/v2\/media\/5746"}],"wp:attachment":[{"href":"https:\/\/figa.com.co\/wp-json\/wp\/v2\/media?parent=5640"}],"wp:term":[{"taxonomy":"product_brand","embeddable":true,"href":"https:\/\/figa.com.co\/wp-json\/wp\/v2\/product_brand?post=5640"},{"taxonomy":"product_cat","embeddable":true,"href":"https:\/\/figa.com.co\/wp-json\/wp\/v2\/product_cat?post=5640"},{"taxonomy":"product_tag","embeddable":true,"href":"https:\/\/figa.com.co\/wp-json\/wp\/v2\/product_tag?post=5640"}],"curies":[{"name":"wp","href":"https:\/\/api.w.org\/{rel}","templated":true}]}}