{"id":5587,"date":"2023-09-20T16:47:33","date_gmt":"2023-09-20T16:47:33","guid":{"rendered":"https:\/\/figa.com.co\/?post_type=product&#038;p=5587"},"modified":"2025-09-19T03:52:24","modified_gmt":"2025-09-19T03:52:24","slug":"fizuril-5-suspension-2","status":"publish","type":"product","link":"https:\/\/figa.com.co\/fr\/product\/fizuril-5-suspension-2\/","title":{"rendered":"FIZURIL 5%"},"content":{"rendered":"<p>Indiqu\u00e9 pour le contr\u00f4le et le traitement de la coccidiose caus\u00e9e par<em> Eimeria bovis, E. zuernii, E. alabamensis<\/em> et <em>Isospora suis.<\/em><\/p>\n<h5><strong>Composition garantie:<\/strong><\/h5>\n<p>&nbsp;<\/p>\n<p>Chaque 100 mL de suspension buvable contient :<\/p>\n<ul>\n<li>Toltrazuril 5 g<\/li>\n<li>Excipients q.s.p. 100 mL<\/li>\n<\/ul>\n<h5><strong>Esp\u00e8ces pour lesquelles il est recommand\u00e9:<\/strong><\/h5>\n<p>Bovins et porcs.<\/p>\n<h5><strong>Voie d&rsquo;administration:<\/strong><\/h5>\n<p>Oralement.<\/p>\n<h5><strong>Dosage:<\/strong><\/h5>\n<ul>\n<li><strong>Bovins:<\/strong> administrer une dose unique de 15 mg de Toltrazuril\/kg de poids vif, en pratique 3 mL (60 gouttes) de FIZURIL 5% pour 10 kg de poids vif.<\/li>\n<li><strong>Porcs:<\/strong> administrer une dose orale unique entre 3 et 5 jours : 20 mg de Toltrazuril\/kg de poids vif, en pratique 4 mL (80 gouttes) de FIZURIL 5% pour 10 kg de poids vif.<\/li>\n<\/ul>\n<p>Autres doses et fr\u00e9quence d&rsquo;administration \u00e0 la discr\u00e9tion du v\u00e9t\u00e9rinaire.<\/p>\n<h5><strong>D\u00e9lai de retrait:<\/strong><\/h5>\n<ul>\n<li><strong>Bovins : Les animaux trait\u00e9s ne doivent pas \u00eatre abattus pour la consommation humaine avant 63 jours apr\u00e8s la fin du traitement.<\/strong><\/li>\n<li><strong>Porcelets : Les animaux trait\u00e9s ne doivent pas \u00eatre abattus pour la consommation humaine avant 77 jours apr\u00e8s la fin du traitement.<\/strong><\/li>\n<li><strong>Ne pas administrer aux vaches produisant du lait destin\u00e9 \u00e0 la consommation humaine.<\/strong><\/li>\n<\/ul>\n<h5><strong>Pr\u00e9cautions:<\/strong><\/h5>\n<ul>\n<li>Ne pas r\u00e9utiliser les contenants, ni verser leur contenu dans des sources d&rsquo;eau destin\u00e9es \u00e0 la consommation humaine ou animale (ruisseaux, lacs ou rivi\u00e8res).<\/li>\n<li>Conserver \u00e0 une temp\u00e9rature inf\u00e9rieure \u00e0 30 \u00b0C, \u00e0 l&rsquo;abri du soleil.<\/li>\n<li>Agiter le produit avant utilisation.<\/li>\n<\/ul>\n<h5><strong>Pr\u00e9sentations:<\/strong><\/h5>\n<p>Flacon de 120, 250, 500, 1000 et 5000 mL et flacon compte-gouttes de 10 mL.<\/p>\n<h5>N\u00b0 d&rsquo;enregistrement ICA\u00a0: 9064-MV<\/h5>\n","protected":false},"excerpt":{"rendered":"<h5>Coccidicide en suspension<\/h5>\n","protected":false},"featured_media":4642,"comment_status":"open","ping_status":"closed","template":"","meta":{"_locale":"fr_FR","_original_post":"http:\/\/box5653.temp.domains\/~zambran7\/figa\/?post_type=product&p=397","_joinchat":[]},"product_brand":[],"product_cat":[71],"product_tag":[39,41,45],"class_list":{"0":"post-5587","1":"product","2":"type-product","3":"status-publish","4":"has-post-thumbnail","6":"product_cat-anticoccidiales-coccidicina","7":"product_tag-animales-produccion","8":"product_tag-bovinos","9":"product_tag-porcinos","10":"fr-FR","12":"first","13":"instock","14":"shipping-taxable","15":"product-type-simple"},"_links":{"self":[{"href":"https:\/\/figa.com.co\/wp-json\/wp\/v2\/product\/5587","targetHints":{"allow":["GET"]}}],"collection":[{"href":"https:\/\/figa.com.co\/wp-json\/wp\/v2\/product"}],"about":[{"href":"https:\/\/figa.com.co\/wp-json\/wp\/v2\/types\/product"}],"replies":[{"embeddable":true,"href":"https:\/\/figa.com.co\/wp-json\/wp\/v2\/comments?post=5587"}],"version-history":[{"count":2,"href":"https:\/\/figa.com.co\/wp-json\/wp\/v2\/product\/5587\/revisions"}],"predecessor-version":[{"id":6509,"href":"https:\/\/figa.com.co\/wp-json\/wp\/v2\/product\/5587\/revisions\/6509"}],"wp:featuredmedia":[{"embeddable":true,"href":"https:\/\/figa.com.co\/wp-json\/wp\/v2\/media\/4642"}],"wp:attachment":[{"href":"https:\/\/figa.com.co\/wp-json\/wp\/v2\/media?parent=5587"}],"wp:term":[{"taxonomy":"product_brand","embeddable":true,"href":"https:\/\/figa.com.co\/wp-json\/wp\/v2\/product_brand?post=5587"},{"taxonomy":"product_cat","embeddable":true,"href":"https:\/\/figa.com.co\/wp-json\/wp\/v2\/product_cat?post=5587"},{"taxonomy":"product_tag","embeddable":true,"href":"https:\/\/figa.com.co\/wp-json\/wp\/v2\/product_tag?post=5587"}],"curies":[{"name":"wp","href":"https:\/\/api.w.org\/{rel}","templated":true}]}}