{"id":5559,"date":"2023-09-19T21:55:21","date_gmt":"2023-09-19T21:55:21","guid":{"rendered":"https:\/\/figa.com.co\/?post_type=product&#038;p=5559"},"modified":"2025-09-19T03:50:16","modified_gmt":"2025-09-19T03:50:16","slug":"eduquer-2","status":"publish","type":"product","link":"https:\/\/figa.com.co\/fr\/product\/eduquer-2\/","title":{"rendered":"EDUQUER"},"content":{"rendered":"<p>Indiqu\u00e9 pour entra\u00eener les chiots \u00e0 r\u00e9pondre \u00e0 leurs besoins physiologiques \u00e0 l&rsquo;endroit appropri\u00e9.<\/p>\n<h5><strong>Composition garantie:<\/strong><\/h5>\n<p>Chaque 100 ml de solution de pulv\u00e9risation contient:<\/p>\n<ul>\n<li>Ammoniac 0,72 g<br \/>\n(Solution d&rsquo;ammoniaque \u00e0 24 %)<\/li>\n<li>Excipients q.s.p. 1 ml<\/li>\n<\/ul>\n<h5><strong>Especies para las cuales es recomendado:<\/strong><\/h5>\n<p>Perros.<\/p>\n<h5><strong>Recomendaciones de uso:<\/strong><\/h5>\n<p>EDUQUER debe aplicarse pulsando la v\u00e1lvula dosificadora a una distancia de 10 a 15 cent\u00edmetros de 2 a 4 veces en el lugar donde el propietario considere que el perro debe acostumbrarse a hacer sus necesidades. Debe aplicarse sobre papel peri\u00f3dico o toallas de papel desechables para que el perro o cachorro lo huela, una vez haga sus necesidades, retira el papel y vuelva a hacer el procedimiento hasta notar el aprendizaje correcto por parte de la mascota. El tiempo sugerido para este m\u00e9todo de aprendizaje es de 2 a 3 meses.<\/p>\n<h5><strong>Precauciones:\u00a0<\/strong><\/h5>\n<ul>\n<li>No aplicar ni administrar el producto sobre el animal.<\/li>\n<li>En caso de ingesti\u00f3n accidental por personas consulte al M\u00e9dico.<\/li>\n<li>En caso de contacto accidental con los ojos, l\u00e1velos con agua. Si la irritaci\u00f3n persiste consulte al m\u00e9dico.<\/li>\n<\/ul>\n<h5><strong>Presentaciones:\u00a0<\/strong><\/h5>\n<p>Frasco por 60 y 120 mL.<\/p>\n<h5><strong>Reg. ICA No.:<\/strong> 9471-MV<\/h5>\n<p>&nbsp;<\/p>\n","protected":false},"excerpt":{"rendered":"<h5>Modificador de conducta.<\/h5>\n","protected":false},"featured_media":971,"comment_status":"open","ping_status":"closed","template":"","meta":{"_locale":"fr_FR","_original_post":"http:\/\/figa.com.co\/v2\/?post_type=product&p=970","_joinchat":[]},"product_brand":[],"product_cat":[82],"product_tag":[40,54],"class_list":{"0":"post-5559","1":"product","2":"type-product","3":"status-publish","4":"has-post-thumbnail","6":"product_cat-modificador-conducta-pets","7":"product_tag-compania-animales","8":"product_tag-perros","9":"fr-FR","11":"first","12":"instock","13":"shipping-taxable","14":"product-type-simple"},"_links":{"self":[{"href":"https:\/\/figa.com.co\/wp-json\/wp\/v2\/product\/5559","targetHints":{"allow":["GET"]}}],"collection":[{"href":"https:\/\/figa.com.co\/wp-json\/wp\/v2\/product"}],"about":[{"href":"https:\/\/figa.com.co\/wp-json\/wp\/v2\/types\/product"}],"replies":[{"embeddable":true,"href":"https:\/\/figa.com.co\/wp-json\/wp\/v2\/comments?post=5559"}],"version-history":[{"count":1,"href":"https:\/\/figa.com.co\/wp-json\/wp\/v2\/product\/5559\/revisions"}],"predecessor-version":[{"id":5565,"href":"https:\/\/figa.com.co\/wp-json\/wp\/v2\/product\/5559\/revisions\/5565"}],"wp:featuredmedia":[{"embeddable":true,"href":"https:\/\/figa.com.co\/wp-json\/wp\/v2\/media\/971"}],"wp:attachment":[{"href":"https:\/\/figa.com.co\/wp-json\/wp\/v2\/media?parent=5559"}],"wp:term":[{"taxonomy":"product_brand","embeddable":true,"href":"https:\/\/figa.com.co\/wp-json\/wp\/v2\/product_brand?post=5559"},{"taxonomy":"product_cat","embeddable":true,"href":"https:\/\/figa.com.co\/wp-json\/wp\/v2\/product_cat?post=5559"},{"taxonomy":"product_tag","embeddable":true,"href":"https:\/\/figa.com.co\/wp-json\/wp\/v2\/product_tag?post=5559"}],"curies":[{"name":"wp","href":"https:\/\/api.w.org\/{rel}","templated":true}]}}