{"id":5551,"date":"2023-09-19T21:32:22","date_gmt":"2023-09-19T21:32:22","guid":{"rendered":"https:\/\/figa.com.co\/?post_type=product&#038;p=5551"},"modified":"2023-12-29T16:26:53","modified_gmt":"2023-12-29T16:26:53","slug":"bloqpets-champu-uv-2","status":"publish","type":"product","link":"https:\/\/figa.com.co\/fr\/product\/bloqpets-champu-uv-2\/","title":{"rendered":"BLOQPETS Champ\u00fa UV"},"content":{"rendered":"<p>Formul\u00e9 pour prendre soin de la peau et du pelage de votre animal, en maintenant une bonne hygi\u00e8ne, en prot\u00e9geant la peau et le pelage de l&rsquo;exposition aux rayons UV et en laissant un ar\u00f4me agr\u00e9able. Son utilisation est indiqu\u00e9e chez les chiens et les chats de tout \u00e2ge, sexe ou race.<\/p>\n<h5><strong>Composition garantie:<\/strong><\/h5>\n<p>Chaque 100 mL de shampoing contient :<br \/>\nEAU PURIFI\u00c9E, LAURYL ETHER SULFATE DE SODIUM, PROB\u00c9TA\u00cfNE, B\u00c9TA\u00cfNE, GLYC\u00c9RINE, CHLORURE DE SODIUM, COPOLYM\u00c8RE D&rsquo;ACRYLATE, HYDROXYDE DE SODIUM, PARFUM DE NOIX DE COCO, BENZOPH\u00c9NONE 3, ACIDE CITRIQUE, M\u00c9THYLPARAB\u00c8NE DE SODIUM, PARFUM D&rsquo;EUCALYPTUS, EDTA DISODIQUE, PROP ILPARABENE SODIUM, COULEUR BLEU FDC NO. 1.<\/p>\n<h5><strong>Esp\u00e8ces pour lesquelles il est recommand\u00e9:<\/strong><\/h5>\n<p>Chiens et chats.<\/p>\n<h5><strong>Voie d&rsquo;administration:<\/strong><\/h5>\n<p>Utilisation topique.<\/p>\n<h5><strong>Mode d&#8217;emploi:<\/strong><\/h5>\n<ol>\n<li>Humedezca apropiadamente la piel y pelaje del animal.<\/li>\n<li>Aplique una cantidad adecuada de BLOQPETS, frot\u00e1ndolo hasta que aparezca espuma.<\/li>\n<li>Enjuague con abundante agua y si es necesario repita el procedimiento.<\/li>\n<li>Seque y cepille al animal.<\/li>\n<\/ol>\n<h5><strong>Pr\u00e9cautions et avertissements:<\/strong><\/h5>\n<ul>\n<li>Eviter tout contact avec les yeux et les muqueuses.<\/li>\n<li>Cesser l&rsquo;utilisation en cas d&rsquo;irritation ou d&rsquo;inflammation de la peau.<\/li>\n<li>Conserver \u00e0 une temp\u00e9rature ne d\u00e9passant pas 30 \u00baC, \u00e0 l&rsquo;abri de la lumi\u00e8re.<\/li>\n<\/ul>\n<h5><strong>Pr\u00e9sentations:<\/strong><\/h5>\n<p>Flacon de 240, 500 et 1000 mL.<\/p>\n<h5>N \u00b0 d\u2019inscription ICA: 9405-MV<\/h5>\n","protected":false},"excerpt":{"rendered":"<h5>Shampoing UV pour chiens et chats.<\/h5>\n","protected":false},"featured_media":951,"comment_status":"open","ping_status":"closed","template":"","meta":{"_locale":"fr_FR","_original_post":"http:\/\/figa.com.co\/v2\/?post_type=product&p=950","_joinchat":[]},"product_brand":[],"product_cat":[81],"product_tag":[40,48,54],"class_list":{"0":"post-5551","1":"product","2":"type-product","3":"status-publish","4":"has-post-thumbnail","6":"product_cat-limpieza-belleza","7":"product_tag-compania-animales","8":"product_tag-gatos","9":"product_tag-perros","10":"fr-FR","12":"first","13":"instock","14":"shipping-taxable","15":"product-type-simple"},"_links":{"self":[{"href":"https:\/\/figa.com.co\/wp-json\/wp\/v2\/product\/5551","targetHints":{"allow":["GET"]}}],"collection":[{"href":"https:\/\/figa.com.co\/wp-json\/wp\/v2\/product"}],"about":[{"href":"https:\/\/figa.com.co\/wp-json\/wp\/v2\/types\/product"}],"replies":[{"embeddable":true,"href":"https:\/\/figa.com.co\/wp-json\/wp\/v2\/comments?post=5551"}],"version-history":[{"count":4,"href":"https:\/\/figa.com.co\/wp-json\/wp\/v2\/product\/5551\/revisions"}],"predecessor-version":[{"id":6478,"href":"https:\/\/figa.com.co\/wp-json\/wp\/v2\/product\/5551\/revisions\/6478"}],"wp:featuredmedia":[{"embeddable":true,"href":"https:\/\/figa.com.co\/wp-json\/wp\/v2\/media\/951"}],"wp:attachment":[{"href":"https:\/\/figa.com.co\/wp-json\/wp\/v2\/media?parent=5551"}],"wp:term":[{"taxonomy":"product_brand","embeddable":true,"href":"https:\/\/figa.com.co\/wp-json\/wp\/v2\/product_brand?post=5551"},{"taxonomy":"product_cat","embeddable":true,"href":"https:\/\/figa.com.co\/wp-json\/wp\/v2\/product_cat?post=5551"},{"taxonomy":"product_tag","embeddable":true,"href":"https:\/\/figa.com.co\/wp-json\/wp\/v2\/product_tag?post=5551"}],"curies":[{"name":"wp","href":"https:\/\/api.w.org\/{rel}","templated":true}]}}