{"id":5548,"date":"2023-09-19T21:28:35","date_gmt":"2023-09-19T21:28:35","guid":{"rendered":"https:\/\/figa.com.co\/?post_type=product&#038;p=5548"},"modified":"2025-09-19T03:50:04","modified_gmt":"2025-09-19T03:50:04","slug":"bloqpets-2","status":"publish","type":"product","link":"https:\/\/figa.com.co\/fr\/product\/bloqpets-2\/","title":{"rendered":"BLOQPETS"},"content":{"rendered":"<p>Pr\u00e9vient les dommages caus\u00e9s par l&rsquo;exposition aux rayons UV-B, prot\u00e9geant et maintenant la couleur naturelle du pelage des chiens. Id\u00e9al pour une utilisation chez les animaux qui ne peuvent pas utiliser l&rsquo;eau pour diff\u00e9rentes raisons, telles que : Animaux en p\u00e9riode de vaccination, animaux nouveau-n\u00e9s et chiots, animaux en convalescence, animaux malades, animaux g\u00e9riatriques. Pour les nettoyages partiels, \u00e9vitez les rhumes pendant les saisons froides, lors des voyages et les animaux qui ont peur de l&rsquo;eau.<\/p>\n<h5><strong>Composition garantie:<\/strong><\/h5>\n<p style=\"text-align: left;\">Chaque 100 ml de shampoing contient\u00a0:<br \/>\nD \u2013 PANTH\u00c9NOL, EXTRAIT D&rsquo;ALOE VERA, ALLANTO\u00cfNE, PARFUM DE NOIX DE COCO, GALAXOLYDE, ACIDE CITRIQUE, GLYC\u00c9RINE, LAURYL SULFATE DE SODIUM, CHLORURE DE CETRIMONIUM, LAURYL SACORCINATE DE SODIUM, SODIUM PCA, PROB\u00c9TAINE CAPB, ALCOOL D\u00c9SODORIS\u00c9, M\u00c9THYLPARAB\u00c8NE, PROPYLPAR\u00c8NE BENO, POLYQUATERNIUM 16 , CHLORURE DE CINNAMIDOPROPYLTRIMONIUM , POLYQUATERNIUM 7, ROUGE 40, COULEUR JAUNE NO 5, HYDROXYDE DE SODIUM, EAU PURIFI\u00c9E.<\/p>\n<h5><strong>Esp\u00e8ces pour lesquelles il est recommand\u00e9:<\/strong><\/h5>\n<p>Chiens.<\/p>\n<h5><strong>Voie d&rsquo;administration:<\/strong><\/h5>\n<p>Utilisation topique.<\/p>\n<h5><strong>Mode d&#8217;emploi:<\/strong><\/h5>\n<ol>\n<li>Brisez le sceau de s\u00e9curit\u00e9.<\/li>\n<li>Appliquer la mousse dans le sens oppos\u00e9 de la pousse des cheveux et la r\u00e9partir avec les deux mains, frotter le produit uniform\u00e9ment sur la couche capillaire.<\/li>\n<li>Avec une serviette s\u00e8che et propre, retirer l&rsquo;exc\u00e9dent de produit (chez les animaux au pelage tr\u00e8s sale, utiliser une serviette semi-humide).<\/li>\n<li>Enfin, brossez les poils de l&rsquo;animal.<\/li>\n<\/ol>\n<h5><strong>Pr\u00e9cautions:<\/strong><\/h5>\n<ul>\n<li>Ce n&rsquo;est pas un produit dermatologique, ce n&rsquo;est pas une cr\u00e8me solaire.<\/li>\n<li>Eviter tout contact avec les yeux et les muqueuses.<\/li>\n<li>Cesser l&rsquo;utilisation en cas d&rsquo;irritation ou d&rsquo;inflammation de la peau.<\/li>\n<li>Conserver \u00e0 une temp\u00e9rature ne d\u00e9passant pas 30\u00b0C.<\/li>\n<\/ul>\n<h5><strong>Pr\u00e9sentations:<\/strong><\/h5>\n<p>Flacon de 200 mL.<\/p>\n<h5>N \u00b0 d\u2019inscription ICA:\u00a010140-MV<\/h5>\n<p>&nbsp;<\/p>\n","protected":false},"excerpt":{"rendered":"<h5>Shampoing moussant sec UV<\/h5>\n","protected":false},"featured_media":953,"comment_status":"open","ping_status":"closed","template":"","meta":{"_locale":"fr_FR","_original_post":"http:\/\/figa.com.co\/v2\/?post_type=product&p=952","_joinchat":[]},"product_brand":[],"product_cat":[81],"product_tag":[40,54],"class_list":{"0":"post-5548","1":"product","2":"type-product","3":"status-publish","4":"has-post-thumbnail","6":"product_cat-limpieza-belleza","7":"product_tag-compania-animales","8":"product_tag-perros","9":"fr-FR","11":"first","12":"instock","13":"shipping-taxable","14":"product-type-simple"},"_links":{"self":[{"href":"https:\/\/figa.com.co\/wp-json\/wp\/v2\/product\/5548","targetHints":{"allow":["GET"]}}],"collection":[{"href":"https:\/\/figa.com.co\/wp-json\/wp\/v2\/product"}],"about":[{"href":"https:\/\/figa.com.co\/wp-json\/wp\/v2\/types\/product"}],"replies":[{"embeddable":true,"href":"https:\/\/figa.com.co\/wp-json\/wp\/v2\/comments?post=5548"}],"version-history":[{"count":2,"href":"https:\/\/figa.com.co\/wp-json\/wp\/v2\/product\/5548\/revisions"}],"predecessor-version":[{"id":5550,"href":"https:\/\/figa.com.co\/wp-json\/wp\/v2\/product\/5548\/revisions\/5550"}],"wp:featuredmedia":[{"embeddable":true,"href":"https:\/\/figa.com.co\/wp-json\/wp\/v2\/media\/953"}],"wp:attachment":[{"href":"https:\/\/figa.com.co\/wp-json\/wp\/v2\/media?parent=5548"}],"wp:term":[{"taxonomy":"product_brand","embeddable":true,"href":"https:\/\/figa.com.co\/wp-json\/wp\/v2\/product_brand?post=5548"},{"taxonomy":"product_cat","embeddable":true,"href":"https:\/\/figa.com.co\/wp-json\/wp\/v2\/product_cat?post=5548"},{"taxonomy":"product_tag","embeddable":true,"href":"https:\/\/figa.com.co\/wp-json\/wp\/v2\/product_tag?post=5548"}],"curies":[{"name":"wp","href":"https:\/\/api.w.org\/{rel}","templated":true}]}}