{"id":5545,"date":"2023-09-19T21:16:08","date_gmt":"2023-09-19T21:16:08","guid":{"rendered":"https:\/\/figa.com.co\/?post_type=product&#038;p=5545"},"modified":"2024-01-04T14:09:27","modified_gmt":"2024-01-04T14:09:27","slug":"allcan-senior-2","status":"publish","type":"product","link":"https:\/\/figa.com.co\/fr\/product\/allcan-senior-2\/","title":{"rendered":"ALLCAN SENIOR"},"content":{"rendered":"<p>Compl\u00e9ment alimentaire pour chiens et chats \u00e2g\u00e9s. Sa teneur en Om\u00e9gas 3, 6 et 9 contribue \u00e0 am\u00e9liorer la qualit\u00e9 de la peau et du pelage.<\/p>\n<p>ALLCAN SENIOR est enrichi en Chondro\u00eftine et Glucosamine.<\/p>\n<h5><strong>Composition garantie:<\/strong><\/h5>\n<p>Chaque 100 mL d\u2019ALLCAN SENIOR contient:<\/p>\n<ul>\n<li>Vitamine A 57630 UI<\/li>\n<li>Vitamine D3 1050 UI<\/li>\n<li>Vitamine E 126 UI<\/li>\n<li>Vitamine B6 31,5 mg<\/li>\n<li>Biotine 105 \u00b5g<\/li>\n<li>Nicotinamide 400 mg<\/li>\n<li>Zinc 133 mg<\/li>\n<li>S\u00e9l\u00e9nium 161 \u00b5g<\/li>\n<li>Choline 373 mg<\/li>\n<li>Aloe Vera 100 mg<\/li>\n<li>Chondro\u00eftine 300 mg<\/li>\n<li>Glucosamine 400 mg<\/li>\n<li>S-Ad\u00e9nosyl-L-M\u00e9thionine 30 mg<\/li>\n<li>Acide linol\u00e9ique 24566 mg<\/li>\n<li>Acide arachidonique 49 mg<\/li>\n<li>Acide linol\u00e9nique 3656 mg<\/li>\n<li>Acide ol\u00e9ique 12145 mg<\/li>\n<li>Excipients q. s. p. 100 mL<\/li>\n<\/ul>\n<h5><strong>Ingr\u00e9dients:<\/strong><\/h5>\n<p>Palmitate de vitamine A, chlorhydrate de pyridoxine de vitamine B6, vitamine D3, ac\u00e9tate de vitamine E alpha tocoph\u00e9rol, biotine, nicotinamide, chlorure de choline, s\u00e9l\u00e9nite de sodium, chlorure de zinc, S-ad\u00e9nosyl-L-m\u00e9thionine, sulfate de chondro\u00eftine, sulfate de D-glucosamine, extrait d&rsquo;aloe vera , huile de soja, huile de sacha inchi, acide citrique, alcool \u00e9thylique, butylhydroxytolu\u00e8ne, propyl\u00e8ne glycol, l\u00e9cithine de soja, hydroxyde de sodium, monool\u00e9ate de sorbitan, polysorbate 20, ar\u00f4me d&rsquo;agneau, saccharine sodique, eau purifi\u00e9e.<\/p>\n<h5><strong>Esp\u00e8ces pour lesquelles il est recommand\u00e9:<\/strong><\/h5>\n<p>Chiens et chats.<\/p>\n<h5><strong>Voie d&rsquo;administration: <\/strong><\/h5>\n<p>Administrer par voie orale en m\u00e9lange avec de la nourriture ou directement dans la bouche de l&rsquo;animal.<\/p>\n<h5><strong>Montant de l&rsquo;approvisionnement quotidien:<\/strong><\/h5>\n<ul>\n<li><strong>Chiens:<\/strong> Donner 2,5 ml d&rsquo;ALLCAN SENIOR par 10 kg de poids une fois par jour.<\/li>\n<li><strong>Chats:<\/strong> Donner 2,5 ml d&rsquo;ALLCAN SENIOR par 5 kg de poids une fois par jour.<\/li>\n<\/ul>\n<p style=\"padding-left: 40px;\">Le produit est livr\u00e9 avec une tasse \u00e0 mesurer pour une administration facile.<\/p>\n<h5><strong>Pr\u00e9cautions:<\/strong><\/h5>\n<ul>\n<li>Agiter vigoureusement avant chaque administration.<\/li>\n<li>A conserver dans un endroit frais et sec \u00e0 l&rsquo;abri de la lumi\u00e8re.<\/li>\n<\/ul>\n<h5>N\u00b0 d&rsquo;enregistrement ICA\u00a0: 12790-SL<\/h5>\n","protected":false},"excerpt":{"rendered":"<h5>Compl\u00e9ment alimentaire pour chiens et chats \u00e2g\u00e9s<\/h5>\n","protected":false},"featured_media":6606,"comment_status":"open","ping_status":"closed","template":"","meta":{"_locale":"fr_FR","_original_post":"http:\/\/figa.com.co\/v2\/?post_type=product&p=948","_joinchat":[]},"product_brand":[],"product_cat":[76,84],"product_tag":[40,48,54],"class_list":{"0":"post-5545","1":"product","2":"type-product","3":"status-publish","4":"has-post-thumbnail","6":"product_cat-vitaminas-minerales-suplementos","7":"product_cat-suplementos-vitaminicos-y-alimenticios","8":"product_tag-compania-animales","9":"product_tag-gatos","10":"product_tag-perros","11":"fr-FR","13":"first","14":"instock","15":"shipping-taxable","16":"product-type-simple"},"_links":{"self":[{"href":"https:\/\/figa.com.co\/wp-json\/wp\/v2\/product\/5545","targetHints":{"allow":["GET"]}}],"collection":[{"href":"https:\/\/figa.com.co\/wp-json\/wp\/v2\/product"}],"about":[{"href":"https:\/\/figa.com.co\/wp-json\/wp\/v2\/types\/product"}],"replies":[{"embeddable":true,"href":"https:\/\/figa.com.co\/wp-json\/wp\/v2\/comments?post=5545"}],"version-history":[{"count":1,"href":"https:\/\/figa.com.co\/wp-json\/wp\/v2\/product\/5545\/revisions"}],"predecessor-version":[{"id":5546,"href":"https:\/\/figa.com.co\/wp-json\/wp\/v2\/product\/5545\/revisions\/5546"}],"wp:featuredmedia":[{"embeddable":true,"href":"https:\/\/figa.com.co\/wp-json\/wp\/v2\/media\/6606"}],"wp:attachment":[{"href":"https:\/\/figa.com.co\/wp-json\/wp\/v2\/media?parent=5545"}],"wp:term":[{"taxonomy":"product_brand","embeddable":true,"href":"https:\/\/figa.com.co\/wp-json\/wp\/v2\/product_brand?post=5545"},{"taxonomy":"product_cat","embeddable":true,"href":"https:\/\/figa.com.co\/wp-json\/wp\/v2\/product_cat?post=5545"},{"taxonomy":"product_tag","embeddable":true,"href":"https:\/\/figa.com.co\/wp-json\/wp\/v2\/product_tag?post=5545"}],"curies":[{"name":"wp","href":"https:\/\/api.w.org\/{rel}","templated":true}]}}