{"id":5149,"date":"2023-02-28T19:04:30","date_gmt":"2023-02-28T19:04:30","guid":{"rendered":"https:\/\/figa.com.co\/?post_type=product&#038;p=5149"},"modified":"2023-02-28T19:05:12","modified_gmt":"2023-02-28T19:05:12","slug":"bovigan-2","status":"publish","type":"product","link":"https:\/\/figa.com.co\/fr\/product\/bovigan-2\/","title":{"rendered":"BOVIGAN"},"content":{"rendered":"<p>Indiqu\u00e9 pour le contr\u00f4le et le traitement du parasitisme interne produit par <em>Haemonchus sp., Ostertagia sp., Trichostrongylus sp., Bunostomum sp., Nematodirus sp., Neoascaris sp., Chabertia sp., Cooperia sp., Oesophagostomum sp., Strongyloides sp.<\/em> et <em>Dictyocaulus sp.<\/em>.<\/p>\n<h5><strong>Composition garantie\u00a0:<\/strong><\/h5>\n<p>Chaque mL de solution injectable contient\u00a0:<\/p>\n<ul>\n<li>Chlorhydrate de l\u00e9vamisole 150\u00a0mg<\/li>\n<li>Excipients c.s.p. 1mL<\/li>\n<\/ul>\n<h5><strong>Esp\u00e8ces pour lesquelles il est recommand\u00e9\u00a0:<\/strong><\/h5>\n<p>Bovins, porcs, moutons et ch\u00e8vres.<\/p>\n<h5><strong>Voie d&rsquo;administration\u00a0:<\/strong><\/h5>\n<p>Intramusculaire ou sous-cutan\u00e9.<\/p>\n<h5><strong>Posologie\u00a0:<\/strong><\/h5>\n<p>Chez les bovins, porcins, ovins et caprins 5\u00a0mg\/kg de poids vif. En pratique 1 ml pour 30 kg de poids vif.<\/p>\n<h5><strong>Heure de la retraite\u00a0:<\/strong><\/h5>\n<ul>\n<li><strong>Les animaux trait\u00e9s ne doivent pas \u00eatre abattus pour la consommation humaine avant 3\u00a0jours apr\u00e8s la fin du traitement.<\/strong><\/li>\n<li><strong>Le lait produit pendant le traitement et 24\u00a0heures apr\u00e8s la fin du traitement ne doit pas \u00eatre destin\u00e9 \u00e0 la consommation humaine.<\/strong><\/li>\n<\/ul>\n<h5><strong>Pr\u00e9cautions\u00a0:<\/strong><\/h5>\n<ul>\n<li>Conserver en dessous de 30\u00a0\u00b0C.<\/li>\n<li>Ne pas appliquer plus de 10\u00a0ml par site d&rsquo;application.<\/li>\n<li>Ne pas soumettre les animaux \u00e0 un exercice prolong\u00e9 avant ou apr\u00e8s le traitement.<\/li>\n<\/ul>\n<h5><strong>Pr\u00e9sentation\u00a0:<\/strong><\/h5>\n<p>Flacon pour 20, 100, 250 et 500 ml.<\/p>\n<h5><strong>N \u00b0 d&rsquo;inscription ICA:<\/strong> 2822-DB<\/h5>\n","protected":false},"excerpt":{"rendered":"<h5>Anthelminthique \u00e0 spectroscopie large<\/h5>\n","protected":false},"featured_media":5144,"comment_status":"open","ping_status":"closed","template":"","meta":{"_locale":"fr_FR","_original_post":"http:\/\/box5653.temp.domains\/~zambran7\/figa\/?post_type=product&p=390","_joinchat":[]},"product_brand":[],"product_cat":[62,63,64],"product_tag":[39,41,44,46,45],"class_list":{"0":"post-5149","1":"product","2":"type-product","3":"status-publish","4":"has-post-thumbnail","6":"product_cat-antiparasitarios","7":"product_cat-internos-antiparasitarios","8":"product_cat-internos-antiparasitarios-inyectables","9":"product_tag-animales-produccion","10":"product_tag-bovinos","11":"product_tag-caprinos","12":"product_tag-ovinos","13":"product_tag-porcinos","14":"fr-FR","16":"first","17":"instock","18":"shipping-taxable","19":"product-type-simple"},"_links":{"self":[{"href":"https:\/\/figa.com.co\/wp-json\/wp\/v2\/product\/5149","targetHints":{"allow":["GET"]}}],"collection":[{"href":"https:\/\/figa.com.co\/wp-json\/wp\/v2\/product"}],"about":[{"href":"https:\/\/figa.com.co\/wp-json\/wp\/v2\/types\/product"}],"replies":[{"embeddable":true,"href":"https:\/\/figa.com.co\/wp-json\/wp\/v2\/comments?post=5149"}],"version-history":[{"count":0,"href":"https:\/\/figa.com.co\/wp-json\/wp\/v2\/product\/5149\/revisions"}],"wp:featuredmedia":[{"embeddable":true,"href":"https:\/\/figa.com.co\/wp-json\/wp\/v2\/media\/5144"}],"wp:attachment":[{"href":"https:\/\/figa.com.co\/wp-json\/wp\/v2\/media?parent=5149"}],"wp:term":[{"taxonomy":"product_brand","embeddable":true,"href":"https:\/\/figa.com.co\/wp-json\/wp\/v2\/product_brand?post=5149"},{"taxonomy":"product_cat","embeddable":true,"href":"https:\/\/figa.com.co\/wp-json\/wp\/v2\/product_cat?post=5149"},{"taxonomy":"product_tag","embeddable":true,"href":"https:\/\/figa.com.co\/wp-json\/wp\/v2\/product_tag?post=5149"}],"curies":[{"name":"wp","href":"https:\/\/api.w.org\/{rel}","templated":true}]}}