{"id":4907,"date":"2023-01-18T15:25:51","date_gmt":"2023-01-18T15:25:51","guid":{"rendered":"https:\/\/figa.com.co\/?post_type=product&#038;p=4907"},"modified":"2023-12-30T16:07:41","modified_gmt":"2023-12-30T16:07:41","slug":"trimefi","status":"publish","type":"product","link":"https:\/\/figa.com.co\/fr\/product\/trimefi\/","title":{"rendered":"TRIMEFI"},"content":{"rendered":"<p>Indiqu\u00e9 pour le traitement des maladies d&rsquo;origine bact\u00e9rienne chez les bovins, ovins, porcins et \u00e9quins. En g\u00e9n\u00e9ral, pour le traitement des processus infectieux provoqu\u00e9s par des germes pathog\u00e8nes sensibles \u00e0 l&rsquo;association tels que : <em>Escherichia coli, Haemophilus sp., Fusobacterium sp., Pasteurella sp., Shigella sp., Actinobacillus sp., Actinomyces sp., Aerobacter sp., Staphylococcus sp., Streptococcus sp., Corynebacterium sp., Campylobacter sp., Klebsiella sp., Bordetella sp. <\/em><\/p>\n<h5><strong>Composition garantie\u00a0:<\/strong><\/h5>\n<p>Chaque mL de suspension injectable contient\u00a0:<\/p>\n<ul>\n<li>Sulfadiazine sodique 400\u00a0mg(\u00c9quivalent \u00e0 367,7\u00a0mg de sulfadiazine base)<\/li>\n<li>Trim\u00e9thoprime micronis\u00e9 80\u00a0mg<\/li>\n<li>Excipients c.s.p. 1mL<\/li>\n<\/ul>\n<h5><strong>Esp\u00e8ces pour lesquelles il est recommand\u00e9\u00a0:<\/strong><\/h5>\n<p>Bovins, moutons, porcs et chevaux.<\/p>\n<h5><strong>Voie d&rsquo;administration\u00a0:<\/strong><\/h5>\n<p>Il doit \u00eatre utilis\u00e9 exclusivement par voie intramusculaire.<\/p>\n<h5><strong>Posologie\u00a0:<\/strong><\/h5>\n<p>1 mL de TRIMEFI par 30 kg de poids vif par jour pendant 3 \u00e0 5 jours.<\/p>\n<h5><strong>D\u00e9lai de retrait:<\/strong><\/h5>\n<ul>\n<li><strong>Les animaux trait\u00e9s ne doivent pas \u00eatre abattus pour la consommation humaine avant 10\u00a0jours apr\u00e8s la fin du traitement<\/strong><\/li>\n<li><strong>Le lait produit pendant le traitement et jusqu&rsquo;\u00e0 72\u00a0heures apr\u00e8s la fin du traitement ne doit pas \u00eatre destin\u00e9 \u00e0 la consommation humaine.<\/strong><\/li>\n<\/ul>\n<h5><strong>Pr\u00e9cautions\u00a0:<\/strong><\/h5>\n<ul>\n<li>Ne pas appliquer par voie intraveineuse.<\/li>\n<li>Hypersensibilit\u00e9 individuelle aux composants du produit.<\/li>\n<li>Conserver \u00e0 une temp\u00e9rature inf\u00e9rieure \u00e0 30 \u00b0C, \u00e0 l&rsquo;abri de la lumi\u00e8re.<\/li>\n<li>Agitez le produit avant utilisation.<\/li>\n<\/ul>\n<h5><strong>Pr\u00e9sentation\u00a0:<\/strong><\/h5>\n<p>Flacon pour 10, 20, 50, 100 et 250 mL.<\/p>\n<h5><strong>Reg. N\u00b0 ICA\u00a0:<\/strong> 7940-MV<\/h5>\n","protected":false},"excerpt":{"rendered":"<h5>Antimicrobien \u00e0 large spectre<\/h5>\n","protected":false},"featured_media":5445,"comment_status":"open","ping_status":"closed","template":"","meta":{"_locale":"fr_FR","_original_post":"http:\/\/box5653.temp.domains\/~zambran7\/figa\/product\/trimefi\/","_joinchat":[]},"product_brand":[],"product_cat":[73],"product_tag":[39,41,43,46,45],"class_list":{"0":"post-4907","1":"product","2":"type-product","3":"status-publish","4":"has-post-thumbnail","6":"product_cat-antibioticos-inyectables","7":"product_tag-animales-produccion","8":"product_tag-bovinos","9":"product_tag-equinos","10":"product_tag-ovinos","11":"product_tag-porcinos","12":"fr-FR","14":"first","15":"instock","16":"shipping-taxable","17":"product-type-simple"},"_links":{"self":[{"href":"https:\/\/figa.com.co\/wp-json\/wp\/v2\/product\/4907","targetHints":{"allow":["GET"]}}],"collection":[{"href":"https:\/\/figa.com.co\/wp-json\/wp\/v2\/product"}],"about":[{"href":"https:\/\/figa.com.co\/wp-json\/wp\/v2\/types\/product"}],"replies":[{"embeddable":true,"href":"https:\/\/figa.com.co\/wp-json\/wp\/v2\/comments?post=4907"}],"version-history":[{"count":2,"href":"https:\/\/figa.com.co\/wp-json\/wp\/v2\/product\/4907\/revisions"}],"predecessor-version":[{"id":6566,"href":"https:\/\/figa.com.co\/wp-json\/wp\/v2\/product\/4907\/revisions\/6566"}],"wp:featuredmedia":[{"embeddable":true,"href":"https:\/\/figa.com.co\/wp-json\/wp\/v2\/media\/5445"}],"wp:attachment":[{"href":"https:\/\/figa.com.co\/wp-json\/wp\/v2\/media?parent=4907"}],"wp:term":[{"taxonomy":"product_brand","embeddable":true,"href":"https:\/\/figa.com.co\/wp-json\/wp\/v2\/product_brand?post=4907"},{"taxonomy":"product_cat","embeddable":true,"href":"https:\/\/figa.com.co\/wp-json\/wp\/v2\/product_cat?post=4907"},{"taxonomy":"product_tag","embeddable":true,"href":"https:\/\/figa.com.co\/wp-json\/wp\/v2\/product_tag?post=4907"}],"curies":[{"name":"wp","href":"https:\/\/api.w.org\/{rel}","templated":true}]}}