{"id":4905,"date":"2023-01-18T15:25:52","date_gmt":"2023-01-18T15:25:52","guid":{"rendered":"https:\/\/figa.com.co\/?post_type=product&#038;p=4905"},"modified":"2023-12-26T15:19:34","modified_gmt":"2023-12-26T15:19:34","slug":"dolofeno","status":"publish","type":"product","link":"https:\/\/figa.com.co\/fr\/product\/dolofeno\/","title":{"rendered":"DOLOFENO"},"content":{"rendered":"<p>Il est indiqu\u00e9 comme analg\u00e9sique, anti-inflammatoire et antipyr\u00e9tique dans les processus musculo-squelettiques et ost\u00e9o-articulaires non infectieux.<\/p>\n<h5><strong>Composition garantie:<\/strong><\/h5>\n<p>Chaque mL de solution injectable contient\u00a0:<\/p>\n<ul>\n<li>K\u00e9toprof\u00e8ne 100mg<\/li>\n<li>Excipients c.s.p. 1mL<\/li>\n<\/ul>\n<h5><strong>Esp\u00e8ces pour lesquelles il est recommand\u00e9:<\/strong><\/h5>\n<p>Bovins, chevaux, porcs et chiens.<\/p>\n<h5><strong>Voie d&rsquo;administration:<\/strong><\/h5>\n<p>Voie intramusculaire, intraveineuse ou sous-cutan\u00e9e.<\/p>\n<h5><strong>Posologie:<\/strong><\/h5>\n<ul>\n<li><strong>Bovins\u00a0:<\/strong> Par voie intramusculaire ou intraveineuse une dose de 3 mg\/kg de poids vif, en pratique 3 mL\/100 kg de poids vif pendant 3 \u00e0 5 jours.<\/li>\n<li><strong>\u00c9quins\u00a0:<\/strong> Voie intraveineuse \u00e0 la dose de 2,2 mg\/kg de poids corporel, en pratique 1 mL\/45 kg de poids corporel pendant 3 \u00e0 5 jours.<\/li>\n<li><strong>Porcs\u00a0:<\/strong> Par voie intramusculaire une dose de 3 mg\/kg de poids vif, en pratique 3 mL\/100 kg de poids vif pendant 3 \u00e0 5 jours.<\/li>\n<li><strong>Chiens\u00a0:<\/strong> Voie intramusculaire, intraveineuse ou sous-cutan\u00e9e une dose de 2 mg\/kg de poids corporel, en pratique 0,5 mL\/25 kg de poids corporel.<\/li>\n<\/ul>\n<p>Autres doses et fr\u00e9quences d&rsquo;application selon les crit\u00e8res du V\u00e9t\u00e9rinaire.<\/p>\n<h5><strong>D\u00e9lai de retrait:<\/strong><\/h5>\n<ul>\n<li><strong>Les animaux trait\u00e9s ne doivent pas \u00eatre abattus pour la consommation humaine avant 4\u00a0jours apr\u00e8s la fin du traitement.<\/strong><\/li>\n<li><strong>Il n&rsquo;y a pas de temps d&rsquo;attente dans le lait.<\/strong><\/li>\n<\/ul>\n<h5><strong>Pr\u00e9cautions:<\/strong><\/h5>\n<ul>\n<li>Hypersensibilit\u00e9 aux composants de la formule.<\/li>\n<li>Ne pas associer \u00e0 d&rsquo;autres AINS, corticost\u00e9ro\u00efdes, diur\u00e9tiques ou anticoagulants.<\/li>\n<li>Ne pas utiliser chez les patients souffrant d&rsquo;insuffisance r\u00e9nale ou d&rsquo;ulc\u00e8res gastriques.<\/li>\n<li>Conserver en dessous de 30\u00a0\u00b0C, \u00e0 l&rsquo;abri du soleil.<\/li>\n<\/ul>\n<h5><strong>Pr\u00e9sentation:<\/strong><\/h5>\n<p>Flacon pour 10, 20, 50, 100 et 250 ml.<\/p>\n<h5><strong>Reg. N\u00b0 ICA\u00a0:<\/strong> 7792-MV<\/h5>\n","protected":false},"excerpt":{"rendered":"<h5>Anti-inflammatoire, antalgique et antipyr\u00e9tique<\/h5>\n","protected":false},"featured_media":4253,"comment_status":"open","ping_status":"closed","template":"","meta":{"_locale":"fr_FR","_original_post":"http:\/\/box5653.temp.domains\/~zambran7\/figa\/product\/dolofeno\/","_joinchat":[]},"product_brand":[],"product_cat":[72],"product_tag":[40,39,41,43,54,45],"class_list":{"0":"post-4905","1":"product","2":"type-product","3":"status-publish","4":"has-post-thumbnail","6":"product_cat-aine-aines-inyectables","7":"product_tag-compania-animales","8":"product_tag-animales-produccion","9":"product_tag-bovinos","10":"product_tag-equinos","11":"product_tag-perros","12":"product_tag-porcinos","13":"fr-FR","15":"first","16":"instock","17":"shipping-taxable","18":"product-type-simple"},"_links":{"self":[{"href":"https:\/\/figa.com.co\/wp-json\/wp\/v2\/product\/4905","targetHints":{"allow":["GET"]}}],"collection":[{"href":"https:\/\/figa.com.co\/wp-json\/wp\/v2\/product"}],"about":[{"href":"https:\/\/figa.com.co\/wp-json\/wp\/v2\/types\/product"}],"replies":[{"embeddable":true,"href":"https:\/\/figa.com.co\/wp-json\/wp\/v2\/comments?post=4905"}],"version-history":[{"count":3,"href":"https:\/\/figa.com.co\/wp-json\/wp\/v2\/product\/4905\/revisions"}],"predecessor-version":[{"id":6410,"href":"https:\/\/figa.com.co\/wp-json\/wp\/v2\/product\/4905\/revisions\/6410"}],"wp:featuredmedia":[{"embeddable":true,"href":"https:\/\/figa.com.co\/wp-json\/wp\/v2\/media\/4253"}],"wp:attachment":[{"href":"https:\/\/figa.com.co\/wp-json\/wp\/v2\/media?parent=4905"}],"wp:term":[{"taxonomy":"product_brand","embeddable":true,"href":"https:\/\/figa.com.co\/wp-json\/wp\/v2\/product_brand?post=4905"},{"taxonomy":"product_cat","embeddable":true,"href":"https:\/\/figa.com.co\/wp-json\/wp\/v2\/product_cat?post=4905"},{"taxonomy":"product_tag","embeddable":true,"href":"https:\/\/figa.com.co\/wp-json\/wp\/v2\/product_tag?post=4905"}],"curies":[{"name":"wp","href":"https:\/\/api.w.org\/{rel}","templated":true}]}}