{"id":4904,"date":"2023-01-18T15:25:52","date_gmt":"2023-01-18T15:25:52","guid":{"rendered":"https:\/\/figa.com.co\/?post_type=product&#038;p=4904"},"modified":"2023-12-28T16:09:57","modified_gmt":"2023-12-28T16:09:57","slug":"oxifiga-200-l-a","status":"publish","type":"product","link":"https:\/\/figa.com.co\/fr\/product\/oxifiga-200-l-a\/","title":{"rendered":"OXIFIGA 200 L.A."},"content":{"rendered":"<p>Pour le traitement des infections caus\u00e9es par les micro-organismes suivants dans les maladies suivantes\u00a0:<\/p>\n<p><strong>Bovins, ovins, caprins et porcins\u00a0:<\/strong><\/p>\n<ul>\n<li><em>Anaplasma sp., Rickettsia sp., Streptococcus sp.<\/em>. (mammite, m\u00e9trite, endom\u00e9trite, pneumonie).<\/li>\n<li><em>Clostridium sp.<\/em> (charbon symptomatique, t\u00e9tanos, ent\u00e9rotox\u00e9mie, \u0153d\u00e8me malin).<\/li>\n<li><em>Escherichia coli<\/em> (ent\u00e9rite bact\u00e9rienne).<\/li>\n<li><em>Pasteurella sp.<\/em> (septic\u00e9mie h\u00e9morragique, fi\u00e8vre des transports, pneumonie).<\/li>\n<li><em>Leptospira sp., Campylobacter sp.<\/em> (vibriose bovine, dysenterie).<\/li>\n<li><em>Listeria sp., Hexamitia sp., Haemophilus sp.<\/em> (pneumonie, rhinite).<\/li>\n<li><em>Bacteroides sp. <\/em>(n\u00e9crobacillose).<\/li>\n<li><em>Shigella sp.<\/em><\/li>\n<\/ul>\n<p><strong>Porc\u00a0:<\/strong> syndrome MMA (mastite, m\u00e9trite, agalactie), ent\u00e9rite bact\u00e9rienne (diarrh\u00e9e principalement due \u00e0 <em>E. coli<\/em>). infections respiratoires caus\u00e9es par <em>Pasteurella multocida, Haemophilus sp., Bordetella sp., Mycoplasma sp.,<\/em> infections post-chirurgicales, abc\u00e8s, dermatite, arthrite, mammite, <em>Staphylococcus sp., Streptococcus sp.&lt; \/em&gt; et <em>Leptospira sp.<\/em><\/em><\/p>\n<p><strong>Volaille\u00a0:<\/strong> <em>Escherichia coli<\/em> et <em>Mycoplasma gallisepticum<\/em> (maladie respiratoire chronique), <em>Haemophilus paragallinarum<\/em> (coryza), Pasteurellose (chol\u00e9ra aviaire), <em>Pasteurella multocida,<\/em> Colibacillose.<\/p>\n<h5><strong>Composition garantie:<\/strong><\/h5>\n<p>Chaque mL de solution injectable contient\u00a0:<\/p>\n<ul>\n<li>Oxyt\u00e9tracycline base 200 mg<\/li>\n<li>Excipients c.s.p. 1mL<\/li>\n<\/ul>\n<h5><strong>Esp\u00e8ces pour lesquelles il est recommand\u00e9:<\/strong><\/h5>\n<p>Bovins, ovins, caprins, porcins et volailles.<\/p>\n<h5><strong>Voie d&rsquo;administration:<\/strong><\/h5>\n<ul>\n<li><strong>Bovins, ovins, caprins, porcins\u00a0:<\/strong> Voie intramusculaire profonde.<\/li>\n<li><strong>Volaille\u00a0:<\/strong> voie sous-cutan\u00e9e.<\/li>\n<\/ul>\n<h5><strong>Dosage:<\/strong><\/h5>\n<ul>\n<li><strong>Bovins, ovins, caprins et porcins\u00a0: <\/strong> 20\u00a0mg d&rsquo;oxyt\u00e9tracycline par kg de poids. En pratique, appliquer 1 mL d&rsquo;Oxifiga 200 L.A. pour 10 kg de poids vif tous les 4 \u00e0 5 jours.<\/li>\n<\/ul>\n<p style=\"padding-left: 40px;\">Les doses maximales sur un m\u00eame site sont\u00a0: Bovins 10\u00a0mL\u00a0; porcs, moutons et ch\u00e8vres 5 mL.<\/p>\n<ul>\n<li><strong>Volaille\u00a0: <\/strong> appliquer 50\u00a0mg d&rsquo;oxyt\u00e9tracycline par kg de poids. En pratique, appliquer 0,25 mL d&rsquo;Oxifiga 200 L.A. par kg de poids.<\/li>\n<\/ul>\n<h5><strong>D\u00e9lai de retrait:<\/strong><\/h5>\n<ul>\n<li><strong>Les animaux trait\u00e9s ne doivent pas \u00eatre abattus pour la consommation humaine avant 21\u00a0jours apr\u00e8s la fin du traitement.<\/strong><\/li>\n<li><strong>Le lait produit pendant le traitement et 6\u00a0jours apr\u00e8s la fin du traitement ne doit pas \u00eatre destin\u00e9 \u00e0 la consommation humaine.<\/strong><\/li>\n<\/ul>\n<h5><strong>Pr\u00e9cautions:<\/strong><\/h5>\n<ul>\n<li>Ne pas utiliser chez les oiseaux pondeurs dont les \u0153ufs sont destin\u00e9s \u00e0 la consommation humaine.<\/li>\n<li>Conserver en dessous de 30\u00a0\u00b0C.<\/li>\n<\/ul>\n<h5><strong>Pr\u00e9sentations:<\/strong><\/h5>\n<p>Flacons de 10, 20, 50, 100, 200, 250 et 500 mL.<\/p>\n<h5><strong>Reg. N\u00b0 ICA\u00a0:<\/strong> 7460-MV<\/h5>\n","protected":false},"excerpt":{"rendered":"<p>Antibiotique \u00e0 large spectre<\/p>\n","protected":false},"featured_media":6457,"comment_status":"open","ping_status":"closed","template":"","meta":{"_locale":"fr_FR","_original_post":"http:\/\/box5653.temp.domains\/~zambran7\/figa\/product\/oxifiga-200-l-a\/","_joinchat":[]},"product_brand":[],"product_cat":[73],"product_tag":[39,47,41,44,46,45],"class_list":{"0":"post-4904","1":"product","2":"type-product","3":"status-publish","4":"has-post-thumbnail","6":"product_cat-antibioticos-inyectables","7":"product_tag-animales-produccion","8":"product_tag-aves","9":"product_tag-bovinos","10":"product_tag-caprinos","11":"product_tag-ovinos","12":"product_tag-porcinos","13":"fr-FR","15":"first","16":"instock","17":"shipping-taxable","18":"product-type-simple"},"_links":{"self":[{"href":"https:\/\/figa.com.co\/wp-json\/wp\/v2\/product\/4904","targetHints":{"allow":["GET"]}}],"collection":[{"href":"https:\/\/figa.com.co\/wp-json\/wp\/v2\/product"}],"about":[{"href":"https:\/\/figa.com.co\/wp-json\/wp\/v2\/types\/product"}],"replies":[{"embeddable":true,"href":"https:\/\/figa.com.co\/wp-json\/wp\/v2\/comments?post=4904"}],"version-history":[{"count":2,"href":"https:\/\/figa.com.co\/wp-json\/wp\/v2\/product\/4904\/revisions"}],"predecessor-version":[{"id":6133,"href":"https:\/\/figa.com.co\/wp-json\/wp\/v2\/product\/4904\/revisions\/6133"}],"wp:featuredmedia":[{"embeddable":true,"href":"https:\/\/figa.com.co\/wp-json\/wp\/v2\/media\/6457"}],"wp:attachment":[{"href":"https:\/\/figa.com.co\/wp-json\/wp\/v2\/media?parent=4904"}],"wp:term":[{"taxonomy":"product_brand","embeddable":true,"href":"https:\/\/figa.com.co\/wp-json\/wp\/v2\/product_brand?post=4904"},{"taxonomy":"product_cat","embeddable":true,"href":"https:\/\/figa.com.co\/wp-json\/wp\/v2\/product_cat?post=4904"},{"taxonomy":"product_tag","embeddable":true,"href":"https:\/\/figa.com.co\/wp-json\/wp\/v2\/product_tag?post=4904"}],"curies":[{"name":"wp","href":"https:\/\/api.w.org\/{rel}","templated":true}]}}