{"id":4903,"date":"2023-01-18T15:25:52","date_gmt":"2023-01-18T15:25:52","guid":{"rendered":"https:\/\/figa.com.co\/?post_type=product&#038;p=4903"},"modified":"2023-12-30T16:29:56","modified_gmt":"2023-12-30T16:29:56","slug":"zenol-1","status":"publish","type":"product","link":"https:\/\/figa.com.co\/fr\/product\/zenol-1\/","title":{"rendered":"ZENOL 1%"},"content":{"rendered":"<p>Il est indiqu\u00e9 chez les bovins comme promoteur de prise de poids gr\u00e2ce \u00e0 son effet anabolisant non st\u00e9ro\u00efdien. Dans les veaux sevr\u00e9s, les bouvillons d&rsquo;engraissement et les vaches de r\u00e9forme pour am\u00e9liorer le taux de gain de poids et une alimentation efficace.<\/p>\n<h5><strong>Composition garantie\u00a0:<\/strong><\/h5>\n<p>Chaque mL de solution injectable contient\u00a0:<\/p>\n<ul>\n<li>Z\u00e9ranol 10mg<\/li>\n<li>Excipients c.s.p. 1mL<\/li>\n<\/ul>\n<h5><strong>Esp\u00e8ces pour lesquelles il est recommand\u00e9\u00a0:<\/strong><\/h5>\n<p>B\u00e9tail.<\/p>\n<h5><strong>Voie d&rsquo;administration\u00a0:<\/strong><\/h5>\n<p>Administrer par voie sous-cutan\u00e9e.<\/p>\n<h5><strong>Posologie\u00a0:<\/strong><\/h5>\n<p>Administrez 200\u00a0\u03bcg de Zeranol pour chaque kg de poids corporel\u00a0; En pratique, appliquer 1 mL de ZENOL 1% pour 50 kg de poids vif.<\/p>\n<h5><strong>D\u00e9lai de retrait:<\/strong><\/h5>\n<ul>\n<li><strong>Aucun d\u00e9lai d&rsquo;attente pour la viande.<\/strong><\/li>\n<li><strong>Ne pas administrer aux vaches en lactation ou gestantes.<\/strong><\/li>\n<\/ul>\n<h5><strong>Pr\u00e9cautions\u00a0:<\/strong><\/h5>\n<ul>\n<li>Ne pas administrer aux animaux destin\u00e9s \u00e0 la reproduction.<\/li>\n<li>Administrer par voie sous-cutan\u00e9e uniquement.<\/li>\n<li>Ne pas appliquer plus de 10\u00a0ml par site d&rsquo;application.<\/li>\n<li>Ne pas r\u00e9utiliser les contenants, ni verser leur contenu dans des sources d&rsquo;eau pour la consommation humaine ou animale.<\/li>\n<li>Conserver en dessous de 30\u00a0\u00b0C.<\/li>\n<\/ul>\n<h5><strong>Pr\u00e9sentation<\/strong>\u00a0:<\/h5>\n<p>Flacon pour 20, 50, 100, 250, 500 et 1000 mL.<\/p>\n<h5><strong>Reg. N\u00b0 ICA\u00a0:<\/strong> 8506-MV<\/h5>\n","protected":false},"excerpt":{"rendered":"<h5>Anabolisant \u00e0 longue dur\u00e9e d&rsquo;action<\/h5>\n","protected":false},"featured_media":2722,"comment_status":"open","ping_status":"closed","template":"","meta":{"_locale":"fr_FR","_original_post":"http:\/\/box5653.temp.domains\/~zambran7\/figa\/product\/zenol-1\/","_joinchat":[]},"product_brand":[],"product_cat":[75],"product_tag":[39,41],"class_list":{"0":"post-4903","1":"product","2":"type-product","3":"status-publish","4":"has-post-thumbnail","6":"product_cat-promotor-metabolicos","7":"product_tag-animales-produccion","8":"product_tag-bovinos","9":"fr-FR","11":"first","12":"instock","13":"shipping-taxable","14":"product-type-simple"},"_links":{"self":[{"href":"https:\/\/figa.com.co\/wp-json\/wp\/v2\/product\/4903","targetHints":{"allow":["GET"]}}],"collection":[{"href":"https:\/\/figa.com.co\/wp-json\/wp\/v2\/product"}],"about":[{"href":"https:\/\/figa.com.co\/wp-json\/wp\/v2\/types\/product"}],"replies":[{"embeddable":true,"href":"https:\/\/figa.com.co\/wp-json\/wp\/v2\/comments?post=4903"}],"version-history":[{"count":2,"href":"https:\/\/figa.com.co\/wp-json\/wp\/v2\/product\/4903\/revisions"}],"predecessor-version":[{"id":6575,"href":"https:\/\/figa.com.co\/wp-json\/wp\/v2\/product\/4903\/revisions\/6575"}],"wp:featuredmedia":[{"embeddable":true,"href":"https:\/\/figa.com.co\/wp-json\/wp\/v2\/media\/2722"}],"wp:attachment":[{"href":"https:\/\/figa.com.co\/wp-json\/wp\/v2\/media?parent=4903"}],"wp:term":[{"taxonomy":"product_brand","embeddable":true,"href":"https:\/\/figa.com.co\/wp-json\/wp\/v2\/product_brand?post=4903"},{"taxonomy":"product_cat","embeddable":true,"href":"https:\/\/figa.com.co\/wp-json\/wp\/v2\/product_cat?post=4903"},{"taxonomy":"product_tag","embeddable":true,"href":"https:\/\/figa.com.co\/wp-json\/wp\/v2\/product_tag?post=4903"}],"curies":[{"name":"wp","href":"https:\/\/api.w.org\/{rel}","templated":true}]}}