{"id":4902,"date":"2023-01-18T15:25:52","date_gmt":"2023-01-18T15:25:52","guid":{"rendered":"https:\/\/figa.com.co\/?post_type=product&#038;p=4902"},"modified":"2023-12-28T15:23:11","modified_gmt":"2023-12-28T15:23:11","slug":"incremax","status":"publish","type":"product","link":"https:\/\/figa.com.co\/fr\/product\/incremax\/","title":{"rendered":"INCREMAX"},"content":{"rendered":"<p>Adjuvant dans le traitement des carences des substances pr\u00e9sentes dans la composition du produit et dans le traitement des maladies infectieuses et parasitaires.<\/p>\n<p>Sa formulation apporte tous les acides amin\u00e9s essentiels au bon fonctionnement de l&rsquo;organisme.<\/p>\n<ul>\n<li><strong>Acides amin\u00e9s essentiels<\/strong>\u00a0: Ils ne sont pas fabriqu\u00e9s par l&rsquo;organisme (Phanylalanine, Leucine, Isoleucine, Lysine, M\u00e9thionine, Thr\u00e9onine, Tryptophane et Valine)\u00a0; pendant la phase de croissance (Arginine et Histidine).<\/li>\n<li><strong>Acides amin\u00e9s non essentiels<\/strong>\u00a0: Ils sont synth\u00e9tis\u00e9s par l&rsquo;organisme (Alanine, Cyst\u00e9ine, Glycine, Proline, S\u00e9rine, Tyrosine, Acide aspartique, Glutamate).<\/li>\n<\/ul>\n<h5><strong>Composition garantie\u00a0:<\/strong><\/h5>\n<p>Chaque 100\u00a0mL de solution injectable contient\u00a0:<\/p>\n<ul>\n<li><strong>Vitamines<\/strong>\u00a0:\n<ul>\n<li>Palmitate de vitamine A 1200000 UI<\/li>\n<li>Vitamine D3 2000000 UI<\/li>\n<li>Vitamine E (ac\u00e9tate de tocoph\u00e9rol) 100 UI<\/li>\n<li>Thiamine HCL 10\u00a0mg<\/li>\n<li>Rivoflavine 5 Phosphate 5 mg<\/li>\n<li>pyridoxine HCL 10 mg<\/li>\n<li>Nicotinamide 150\u00a0mg<\/li>\n<li>Cyanocobalamine 5\u00a0000\u00a0mcg<\/li>\n<\/ul>\n<\/li>\n<\/ul>\n<ul>\n<li><strong>Acides amin\u00e9s<\/strong>\u00a0:\n<ul>\n<li>L-Leucine 210\u00a0mg<\/li>\n<li>Isoleucine 50mg<\/li>\n<li>L-Lysine HCL 1000 mg<\/li>\n<li>DL \u2013 M\u00e9thionine 210 mg<\/li>\n<li>Ph\u00e9nylalanine 50\u00a0mg<\/li>\n<li>L \u2013 Thr\u00e9onine 1,25 mg<\/li>\n<li>L \u2013 Tryptophane 50 mg<\/li>\n<li>L \u2013 Valine 200 mg<\/li>\n<li>Glycine 420\u00a0mg<\/li>\n<li>Glutamate monosodique 420 mg<\/li>\n<li>L \u2013 Arginine 200 mg<\/li>\n<li>L \u2013\u00a0Histidine 210\u00a0mg<\/li>\n<li>Acide aspartique 200mg<\/li>\n<li>S\u00e9rine 100\u00a0mg<\/li>\n<li>Thr\u00e9onine 200\u00a0mg<\/li>\n<li>Alanine 100\u00a0mg<\/li>\n<li>Proline 100\u00a0mg<\/li>\n<li>Tyrosine 30\u00a0mg<\/li>\n<li>Cyst\u00e9ine 50\u00a0mg<\/li>\n<\/ul>\n<\/li>\n<\/ul>\n<ul>\n<li><strong>\u00c9lectrolytes<\/strong>\u00a0:\n<ul>\n<li>Chlorure de sodium 50\u00a0mg<\/li>\n<li>Iodure de potassium 15\u00a0mg<\/li>\n<li>Chlorure de Magn\u00e9sium 210mg<\/li>\n<\/ul>\n<\/li>\n<\/ul>\n<ul>\n<li><strong>Min\u00e9raux<\/strong>\u00a0:\n<ul>\n<li>Chlorure de zinc 10\u00a0mg<\/li>\n<li>Sulfate de cuivre 2 mg<\/li>\n<li>Sulfate de cobalt 13\u00a0mg<\/li>\n<li>Hypophosphite de Calcium 1500 mg<\/li>\n<\/ul>\n<\/li>\n<\/ul>\n<ul>\n<li><b>Acides gras<\/b>\u00a0:\n<ul>\n<li>Acide ol\u00e9ique 7,50 mg<\/li>\n<\/ul>\n<\/li>\n<\/ul>\n<h5><strong>Esp\u00e8ces pour lesquelles il est recommand\u00e9\u00a0:<\/strong><\/h5>\n<p>Bovins, porcs, moutons et ch\u00e8vres.<\/p>\n<h5><strong>Voie d&rsquo;administration\u00a0:<\/strong><\/h5>\n<p>Administrer par voie sous-cutan\u00e9e.<\/p>\n<h5><strong>Posologie\u00a0:<\/strong><\/h5>\n<ul>\n<li><strong>Bovins\u00a0: <\/strong> 1 ml par 50 kg de poids vif.<\/li>\n<li><strong>Porcs, ovins et caprins\u00a0: <\/strong> 1 ml par 20 kg de poids vif.<\/li>\n<\/ul>\n<h5><strong>Pr\u00e9cautions\u00a0:<\/strong><\/h5>\n<ul>\n<li>Hypersensibilit\u00e9 aux composants de la formulation.<\/li>\n<li>Appliquer uniquement par voie sous-cutan\u00e9e.<\/li>\n<li>Conserver \u00e0 une temp\u00e9rature inf\u00e9rieure \u00e0 30 \u00b0C, \u00e0 l&rsquo;abri du soleil.<\/li>\n<\/ul>\n<h5><strong>Pr\u00e9sentation\u00a0:<\/strong><\/h5>\n<p>Flacon pour 10, 20, 50, 100, 200, 250, 500 et 1000 ml.<\/p>\n<h5><strong>Reg. N\u00b0 ICA\u00a0: <\/strong>7998-MV<\/h5>\n","protected":false},"excerpt":{"rendered":"<h4>Booster m\u00e9tabolique non hormonal avec de la vitamine A<\/h4>\n","protected":false},"featured_media":863,"comment_status":"open","ping_status":"closed","template":"","meta":{"_locale":"fr_FR","_original_post":"http:\/\/box5653.temp.domains\/~zambran7\/figa\/product\/incremax\/","_joinchat":[]},"product_brand":[],"product_cat":[78],"product_tag":[39,41,44,46,45],"class_list":{"0":"post-4902","1":"product","2":"type-product","3":"status-publish","4":"has-post-thumbnail","6":"product_cat-soluciones-inyectables","7":"product_tag-animales-produccion","8":"product_tag-bovinos","9":"product_tag-caprinos","10":"product_tag-ovinos","11":"product_tag-porcinos","12":"fr-FR","14":"first","15":"instock","16":"shipping-taxable","17":"product-type-simple"},"_links":{"self":[{"href":"https:\/\/figa.com.co\/wp-json\/wp\/v2\/product\/4902","targetHints":{"allow":["GET"]}}],"collection":[{"href":"https:\/\/figa.com.co\/wp-json\/wp\/v2\/product"}],"about":[{"href":"https:\/\/figa.com.co\/wp-json\/wp\/v2\/types\/product"}],"replies":[{"embeddable":true,"href":"https:\/\/figa.com.co\/wp-json\/wp\/v2\/comments?post=4902"}],"version-history":[{"count":3,"href":"https:\/\/figa.com.co\/wp-json\/wp\/v2\/product\/4902\/revisions"}],"predecessor-version":[{"id":6453,"href":"https:\/\/figa.com.co\/wp-json\/wp\/v2\/product\/4902\/revisions\/6453"}],"wp:featuredmedia":[{"embeddable":true,"href":"https:\/\/figa.com.co\/wp-json\/wp\/v2\/media\/863"}],"wp:attachment":[{"href":"https:\/\/figa.com.co\/wp-json\/wp\/v2\/media?parent=4902"}],"wp:term":[{"taxonomy":"product_brand","embeddable":true,"href":"https:\/\/figa.com.co\/wp-json\/wp\/v2\/product_brand?post=4902"},{"taxonomy":"product_cat","embeddable":true,"href":"https:\/\/figa.com.co\/wp-json\/wp\/v2\/product_cat?post=4902"},{"taxonomy":"product_tag","embeddable":true,"href":"https:\/\/figa.com.co\/wp-json\/wp\/v2\/product_tag?post=4902"}],"curies":[{"name":"wp","href":"https:\/\/api.w.org\/{rel}","templated":true}]}}