{"id":4900,"date":"2023-01-18T15:25:53","date_gmt":"2023-01-18T15:25:53","guid":{"rendered":"https:\/\/figa.com.co\/?post_type=product&#038;p=4900"},"modified":"2023-05-26T16:59:49","modified_gmt":"2023-05-26T16:59:49","slug":"fosfolamina-se","status":"publish","type":"product","link":"https:\/\/figa.com.co\/fr\/product\/fosfolamina-se\/","title":{"rendered":"FOSFOLAMINA Se"},"content":{"rendered":"<p>Adjuvant dans le traitement des troubles de la reproduction li\u00e9s \u00e0 des carences des \u00e9l\u00e9ments pr\u00e9sents dans la composition.<\/p>\n<p><strong>Propri\u00e9t\u00e9s g\u00e9n\u00e9rales<\/strong>\u00a0: agit comme un adjuvant dans les carences en phosphore, s\u00e9l\u00e9nium, zinc, iode et vitamine B12, li\u00e9es \u00e0 des troubles de la reproduction tels que\u00a0:<\/p>\n<ul>\n<li><strong>Chez les femmes<\/strong>\u00a0: faible fertilit\u00e9 due \u00e0 des chaleurs supprim\u00e9es ou irr\u00e9guli\u00e8res, troubles du processus de reproduction des chaleurs \u00e0 l&rsquo;accouchement et \u00e0 la lactation.<\/li>\n<li><strong>Chez les hommes<\/strong>\u00a0: diminution de la libido, faible qualit\u00e9 du sperme, troubles de la spermatogen\u00e8se, alt\u00e9rations de la formation de l&rsquo;h\u00e9moglobine.<\/li>\n<\/ul>\n<p><strong>Propri\u00e9t\u00e9s de sa composition<\/strong>\u00a0:<\/p>\n<ul>\n<li><strong>Phosphore<\/strong>\u00a0: important dans les processus m\u00e9taboliques et reproductifs des animaux. Sa carence est li\u00e9e \u00e0 la st\u00e9rilit\u00e9 et \u00e0 la maturit\u00e9 sexuelle retard\u00e9e.<\/li>\n<li><strong>S\u00e9l\u00e9nium<\/strong>\u00a0: Maintient l&rsquo;int\u00e9grit\u00e9 des tissus et des agents antioxydants. Sa carence chez les hommes et les femmes est la cause de l&rsquo;infertilit\u00e9 et de la d\u00e9g\u00e9n\u00e9rescence musculaire<\/li>\n<li><strong>Vitamine B12<\/strong>\u00a0: responsable de la maturation des globules rouges, utilis\u00e9e dans le traitement de l&rsquo;an\u00e9mie.<\/li>\n<li><strong>Iode<\/strong>\u00a0: Sensibilise l&rsquo;ovaire \u00e0 l&rsquo;action des gonadotrophines, stimule la production d&rsquo;hormones thyro\u00efdiennes T3 et T4 pour les processus de reproduction. Sa carence entra\u00eene une diminution de la libido et une faible production d&rsquo;hormones sexuelles.<\/li>\n<li><strong>Zinc<\/strong>\u00a0: stimule la maturation folliculaire, am\u00e9liore le taux de conception et participe aux processus enzymatiques de formation de l&rsquo;ADN. Sa carence affecte les processus m\u00e9taboliques et reproductifs.<\/li>\n<\/ul>\n<h5><strong>Composition garantie\u00a0:<\/strong><\/h5>\n<p>Chaque mL de solution injectable contient\u00a0:<\/p>\n<ul>\n<li>Phosphorylcholamine 120\u00a0mg(\u00e9quivalent \u00e0 26\u00a0mg de phosphore)<\/li>\n<li>Sulfate de zinc heptahydrat\u00e9 15 mg(\u00e9quivalent \u00e0 3,4\u00a0mg de zinc)<\/li>\n<li>Iodure de potassium 20\u00a0mg(\u00e9quivalent \u00e0 15\u00a0mg d&rsquo;iode)<\/li>\n<li>S\u00e9l\u00e9nite de sodium 0,34 mg(\u00e9quivalent \u00e0 0,1\u00a0mg de s\u00e9l\u00e9nium)<\/li>\n<li>Vitamine B12 (cyanocobalamine) 50\u00a0\u00b5g<\/li>\n<li>Excipients c.s.p. 1mL<\/li>\n<\/ul>\n<h5><strong>Esp\u00e8ces pour lesquelles il est recommand\u00e9\u00a0:<\/strong><\/h5>\n<p>Bovins, chevaux, porcs, moutons, ch\u00e8vres et chiens.<\/p>\n<h5><strong>Voie d&rsquo;administration\u00a0:<\/strong><\/h5>\n<p>Profond\u00e9ment intramusculaire\u00a0; ou perfusion intraveineuse lente.<\/p>\n<h5><strong>Dosage et mode d&#8217;emploi\u00a0:<\/strong><\/h5>\n<p>Appliquer 1 ml par 20 kg de poids vif.<\/p>\n<h5><strong>Heure de la retraite\u00a0:<\/strong><\/h5>\n<p><strong>Il ne n\u00e9cessite pas de temps de retrait dans la viande ou le lait.<\/strong><\/p>\n<h5><strong>Pr\u00e9cautions\u00a0:<\/strong><\/h5>\n<ul>\n<li>Conserver \u00e0 une temp\u00e9rature inf\u00e9rieure \u00e0 30\u00a0\u00b0C, \u00e0 l&rsquo;abri de la lumi\u00e8re.<\/li>\n<li>Ne pas appliquer plus de 10 ml par site d&rsquo;injection, il peut y avoir une l\u00e9g\u00e8re inflammation qui dispara\u00eet avec le temps.<\/li>\n<li>Ne pas appliquer directement par voie intraveineuse, uniquement en perfusion et lentement.<\/li>\n<li>Hypersensibilit\u00e9 individuelle aux composants du produit.<\/li>\n<\/ul>\n<h5><strong>Pr\u00e9sentation\u00a0:<\/strong><\/h5>\n<p>Bouteille pour 20, 50, 100, 250 et 500 ml.<\/p>\n<h5><strong>Reg. N\u00b0 ICA\u00a0:<\/strong> 7946-MV<\/h5>\n<p>&nbsp;<\/p>\n","protected":false},"excerpt":{"rendered":"<h5>Taux de f\u00e9condit\u00e9, de reproduction et de natalit\u00e9 chez les hommes et les femmes<\/h5>\n","protected":false},"featured_media":4644,"comment_status":"open","ping_status":"closed","template":"","meta":{"_locale":"fr_FR","_original_post":"http:\/\/box5653.temp.domains\/~zambran7\/figa\/product\/fosfolamina-se\/","_joinchat":[]},"product_brand":[],"product_cat":[78],"product_tag":[40,39,41,44,43,46,54,45],"class_list":{"0":"post-4900","1":"product","2":"type-product","3":"status-publish","4":"has-post-thumbnail","6":"product_cat-soluciones-inyectables","7":"product_tag-compania-animales","8":"product_tag-animales-produccion","9":"product_tag-bovinos","10":"product_tag-caprinos","11":"product_tag-equinos","12":"product_tag-ovinos","13":"product_tag-perros","14":"product_tag-porcinos","15":"fr-FR","17":"first","18":"instock","19":"shipping-taxable","20":"product-type-simple"},"_links":{"self":[{"href":"https:\/\/figa.com.co\/wp-json\/wp\/v2\/product\/4900","targetHints":{"allow":["GET"]}}],"collection":[{"href":"https:\/\/figa.com.co\/wp-json\/wp\/v2\/product"}],"about":[{"href":"https:\/\/figa.com.co\/wp-json\/wp\/v2\/types\/product"}],"replies":[{"embeddable":true,"href":"https:\/\/figa.com.co\/wp-json\/wp\/v2\/comments?post=4900"}],"version-history":[{"count":0,"href":"https:\/\/figa.com.co\/wp-json\/wp\/v2\/product\/4900\/revisions"}],"wp:featuredmedia":[{"embeddable":true,"href":"https:\/\/figa.com.co\/wp-json\/wp\/v2\/media\/4644"}],"wp:attachment":[{"href":"https:\/\/figa.com.co\/wp-json\/wp\/v2\/media?parent=4900"}],"wp:term":[{"taxonomy":"product_brand","embeddable":true,"href":"https:\/\/figa.com.co\/wp-json\/wp\/v2\/product_brand?post=4900"},{"taxonomy":"product_cat","embeddable":true,"href":"https:\/\/figa.com.co\/wp-json\/wp\/v2\/product_cat?post=4900"},{"taxonomy":"product_tag","embeddable":true,"href":"https:\/\/figa.com.co\/wp-json\/wp\/v2\/product_tag?post=4900"}],"curies":[{"name":"wp","href":"https:\/\/api.w.org\/{rel}","templated":true}]}}