{"id":4898,"date":"2023-01-18T15:25:54","date_gmt":"2023-01-18T15:25:54","guid":{"rendered":"https:\/\/figa.com.co\/?post_type=product&#038;p=4898"},"modified":"2024-01-04T21:49:16","modified_gmt":"2024-01-04T21:49:16","slug":"calfigan","status":"publish","type":"product","link":"https:\/\/figa.com.co\/fr\/product\/calfigan\/","title":{"rendered":"CALFIGAN"},"content":{"rendered":"<p>Indiqu\u00e9 pour le traitement des maladies li\u00e9es au m\u00e9tabolisme du calcium, du magn\u00e9sium, du phosphore et du dextrose, importantes pendant la grossesse et en d\u00e9but de lactation : fi\u00e8vre de lait, c\u00e9tose ou ac\u00e9ton\u00e9mie, rachitisme, ost\u00e9omalacie, t\u00e9tanie des gramin\u00e9es et \u00e9clampsie puerp\u00e9rale ; ainsi que dans les d\u00e9sordres m\u00e9taboliques g\u00e9n\u00e9raux, li\u00e9s aux carences des min\u00e9raux pr\u00e9sents dans sa composition.<\/p>\n<h5><strong>Composition garantie:<\/strong><\/h5>\n<p>Chaque 100\u00a0mL de solution injectable contient\u00a0:<\/p>\n<ul>\n<li>Chlorure de calcium 2H<sub>2<\/sub>O 7,35\u00a0g(\u00e9quivalent calcium 2 g)<\/li>\n<li>Hydroxyde de magn\u00e9sium 1,68\u00a0g(\u00c9quivalent en magn\u00e9sium 0,70 g)<\/li>\n<li>Acide hypophosphoreux 2,05 g(\u00c9quivalent phosphore 0,96 g)<\/li>\n<li>Dextrose anhydre 16,50 g<\/li>\n<li>Excipients c.s.p. 100 mL<\/li>\n<\/ul>\n<h5><strong>Esp\u00e8ces pour lesquelles il est recommand\u00e9:<\/strong><\/h5>\n<p>Bovins, chevaux, moutons, ch\u00e8vres, porcs et chiens.<\/p>\n<h5><strong>Voie d&rsquo;administration\u00a0:<\/strong><\/h5>\n<p>Intraveineuse lente (IV), sous-cutan\u00e9e (SC), intrap\u00e9riton\u00e9ale (IP).<\/p>\n<h5><strong>Posologie: <\/strong><\/h5>\n<ul>\n<li><strong>Bovins<\/strong> et <strong>\u00e9quid\u00e9s<\/strong>\u00a0: appliquer 100 \u00e0 150\u00a0mL\/100\u00a0kg par voie intraveineuse lente (IV).<\/li>\n<li><strong>Ovins, caprins<\/strong> et <strong>porcins<\/strong>\u00a0: appliquer 10 \u00e0 15\u00a0mL\/10\u00a0kg par voie intraveineuse lente (IV).<\/li>\n<li><strong>Chiens\u00a0:<\/strong> Administrer 5 \u00e0 10\u00a0mL par voie intraveineuse lente (IV), sous-cutan\u00e9e (SC) et intrap\u00e9riton\u00e9ale (IP).<\/li>\n<\/ul>\n<p>Autres doses et fr\u00e9quences d&rsquo;application, selon les crit\u00e8res du V\u00e9t\u00e9rinaire.<\/p>\n<h5><strong>D\u00e9lai de retrait:<br \/>\n<\/strong><\/h5>\n<p><strong>Il n&rsquo;a pas de temps d&rsquo;attente dans la viande ou le lait.<\/strong><\/p>\n<h5><strong>Pr\u00e9cautions\u00a0:<\/strong><\/h5>\n<ul>\n<li>Une fois la bouteille entam\u00e9e, son contenu doit \u00eatre enti\u00e8rement consomm\u00e9 dans les 24 heures au plus tard\u00a0; jeter l&rsquo;exc\u00e8s de liquide.<\/li>\n<li>Conserver \u00e0 une temp\u00e9rature inf\u00e9rieure \u00e0 30 \u00b0C, \u00e0 l&rsquo;abri du soleil.<\/li>\n<\/ul>\n<h5><strong>Pr\u00e9sentation:<\/strong><\/h5>\n<p>Flacon pour 100, 250, 500 et 1000 mL.<\/p>\n<h5><strong>Reg. N\u00b0 ICA\u00a0:<\/strong> 8561-MV<\/h5>\n","protected":false},"excerpt":{"rendered":"<h5>Remin\u00e9ralisant<\/h5>\n","protected":false},"featured_media":6609,"comment_status":"open","ping_status":"closed","template":"","meta":{"_locale":"fr_FR","_original_post":"http:\/\/box5653.temp.domains\/~zambran7\/figa\/product\/calfigan\/","_joinchat":[]},"product_brand":[],"product_cat":[76,77],"product_tag":[40,39,41,44,43,46,54,45],"class_list":{"0":"post-4898","1":"product","2":"type-product","3":"status-publish","4":"has-post-thumbnail","6":"product_cat-vitaminas-minerales-suplementos","7":"product_cat-soluciones-intravenosas","8":"product_tag-compania-animales","9":"product_tag-animales-produccion","10":"product_tag-bovinos","11":"product_tag-caprinos","12":"product_tag-equinos","13":"product_tag-ovinos","14":"product_tag-perros","15":"product_tag-porcinos","16":"fr-FR","18":"first","19":"instock","20":"shipping-taxable","21":"product-type-simple"},"_links":{"self":[{"href":"https:\/\/figa.com.co\/wp-json\/wp\/v2\/product\/4898","targetHints":{"allow":["GET"]}}],"collection":[{"href":"https:\/\/figa.com.co\/wp-json\/wp\/v2\/product"}],"about":[{"href":"https:\/\/figa.com.co\/wp-json\/wp\/v2\/types\/product"}],"replies":[{"embeddable":true,"href":"https:\/\/figa.com.co\/wp-json\/wp\/v2\/comments?post=4898"}],"version-history":[{"count":5,"href":"https:\/\/figa.com.co\/wp-json\/wp\/v2\/product\/4898\/revisions"}],"predecessor-version":[{"id":6402,"href":"https:\/\/figa.com.co\/wp-json\/wp\/v2\/product\/4898\/revisions\/6402"}],"wp:featuredmedia":[{"embeddable":true,"href":"https:\/\/figa.com.co\/wp-json\/wp\/v2\/media\/6609"}],"wp:attachment":[{"href":"https:\/\/figa.com.co\/wp-json\/wp\/v2\/media?parent=4898"}],"wp:term":[{"taxonomy":"product_brand","embeddable":true,"href":"https:\/\/figa.com.co\/wp-json\/wp\/v2\/product_brand?post=4898"},{"taxonomy":"product_cat","embeddable":true,"href":"https:\/\/figa.com.co\/wp-json\/wp\/v2\/product_cat?post=4898"},{"taxonomy":"product_tag","embeddable":true,"href":"https:\/\/figa.com.co\/wp-json\/wp\/v2\/product_tag?post=4898"}],"curies":[{"name":"wp","href":"https:\/\/api.w.org\/{rel}","templated":true}]}}