{"id":4897,"date":"2023-01-18T15:25:54","date_gmt":"2023-01-18T15:25:54","guid":{"rendered":"https:\/\/figa.com.co\/?post_type=product&#038;p=4897"},"modified":"2023-11-23T17:43:39","modified_gmt":"2023-11-23T17:43:39","slug":"ricofigal-15","status":"publish","type":"product","link":"https:\/\/figa.com.co\/fr\/product\/ricofigal-15\/","title":{"rendered":"RICOFIGAL 15%"},"content":{"rendered":"<p>Indiqu\u00e9 pour le traitement et le contr\u00f4le du parasitisme pulmonaire, gastro-intestinal et h\u00e9patique caus\u00e9 par\u00a0: <em>Dictyocaulus viviparus<\/em> (pulmonaire), <em> Trichostrongylus sp., Haemonchus placei, Cooperia sp., Ostertagia ostertagi, Oesophagostomum radiatum, Oesophagostomum venulosum, Bunostomum phlebotomum<\/em> et <em>Fasciola hepatica.<\/em><\/p>\n<h5><strong>Composition garantie:<\/strong><\/h5>\n<p>Chaque 100\u00a0mL de solution injectable contient\u00a0:<\/p>\n<ul>\n<li>Sulfoxyde d&rsquo;Albendazole (Ricobendazole) 15g<\/li>\n<li>Excipients c.s.p. 100\u00a0ml<\/li>\n<\/ul>\n<h5><strong>Esp\u00e8ces pour lesquelles il est recommand\u00e9:<\/strong><\/h5>\n<p>B\u00e9tail.<\/p>\n<h5><strong>Voie d&rsquo;administration:<\/strong><\/h5>\n<p>Administrer par voie sous-cutan\u00e9e.<\/p>\n<h5><strong>Dosage:<\/strong><\/h5>\n<p>Administrer 3,75 mg de Ricobendazole par kg de poids corporel\u00a0; En pratique, 1 mL de RICOFIGAL 15% pour 40 kg de poids vif.<br \/>\nEn cas de<em> Fasciola hepatica<\/em> et d&rsquo;ostertagiase inhib\u00e9e, administrer 7,5 mg de Ricobendazole par kg de poids corporel\u00a0; En pratique, 1 mL de RICOFIGAL 15% pour 20 kg de poids vif.<\/p>\n<ul>\n<li>Posologie pour les parasites gastro-intestinaux et pulmonaires :<\/li>\n<\/ul>\n<table style=\"width: 100%; border-collapse: collapse; border-color: #b0b0b0; background-color: #d1d1d1; height: 12px;\">\n<tbody>\n<tr style=\"height: 2px;\">\n<td style=\"width: 2px; height: 2px; text-align: center;\"><strong>mL<\/strong><\/td>\n<td style=\"width: 2px; height: 2px; text-align: center;\">1<\/td>\n<td style=\"width: 2px; height: 2px; text-align: center;\">2<\/td>\n<td style=\"width: 2px; height: 2px; text-align: center;\">3<\/td>\n<td style=\"width: 2px; height: 2px; text-align: center;\">4<\/td>\n<td style=\"width: 2px; height: 2px; text-align: center;\">5<\/td>\n<td style=\"width: 2px; height: 2px; text-align: center;\">6<\/td>\n<td style=\"width: 2px; height: 2px; text-align: center;\">7<\/td>\n<td style=\"width: 2px; height: 2px; text-align: center;\">8<\/td>\n<td style=\"width: 2px; height: 2px; text-align: center;\">9<\/td>\n<td style=\"width: 2px; height: 2px; text-align: center;\">10<\/td>\n<\/tr>\n<tr style=\"height: 10px;\">\n<td style=\"width: 2px; height: 10px; text-align: center;\"><strong>kg<\/strong><\/td>\n<td style=\"width: 2px; height: 10px; text-align: center;\">40<\/td>\n<td style=\"width: 2px; height: 10px; text-align: center;\">80<\/td>\n<td style=\"width: 2px; height: 10px; text-align: center;\">120<\/td>\n<td style=\"width: 2px; height: 10px; text-align: center;\">160<\/td>\n<td style=\"width: 2px; height: 10px; text-align: center;\">200<\/td>\n<td style=\"width: 2px; height: 10px; text-align: center;\">240<\/td>\n<td style=\"width: 2px; height: 10px; text-align: center;\">280<\/td>\n<td style=\"width: 2px; height: 10px; text-align: center;\">320<\/td>\n<td style=\"width: 2px; height: 10px; text-align: center;\">360<\/td>\n<td style=\"width: 2px; height: 10px; text-align: center;\">400<\/td>\n<\/tr>\n<\/tbody>\n<\/table>\n<ul>\n<li>Posologie pour les parasites <em>Fasciola hepatica<\/em> et Ostertagia inhib\u00e9s:<\/li>\n<\/ul>\n<table style=\"width: 100%; border-collapse: collapse; border-color: #b0b0b0; background-color: #d1d1d1; height: 12px;\">\n<tbody>\n<tr style=\"height: 2px;\">\n<td style=\"width: 2px; height: 2px; text-align: center;\"><strong>mL<\/strong><\/td>\n<td style=\"width: 2px; height: 2px; text-align: center;\">2<\/td>\n<td style=\"width: 2px; height: 2px; text-align: center;\">4<\/td>\n<td style=\"width: 2px; height: 2px; text-align: center;\">6<\/td>\n<td style=\"width: 2px; height: 2px; text-align: center;\">8<\/td>\n<td style=\"width: 2px; height: 2px; text-align: center;\">10<\/td>\n<td style=\"width: 2px; height: 2px; text-align: center;\">12<\/td>\n<td style=\"width: 2px; height: 2px; text-align: center;\">14<\/td>\n<td style=\"width: 2px; height: 2px; text-align: center;\">16<\/td>\n<td style=\"width: 2px; height: 2px; text-align: center;\">18<\/td>\n<td style=\"width: 2px; height: 2px; text-align: center;\">20<\/td>\n<\/tr>\n<tr style=\"height: 10px;\">\n<td style=\"width: 2px; height: 10px; text-align: center;\"><strong>kg<\/strong><\/td>\n<td style=\"width: 2px; height: 10px; text-align: center;\">40<\/td>\n<td style=\"width: 2px; height: 10px; text-align: center;\">80<\/td>\n<td style=\"width: 2px; height: 10px; text-align: center;\">120<\/td>\n<td style=\"width: 2px; height: 10px; text-align: center;\">160<\/td>\n<td style=\"width: 2px; height: 10px; text-align: center;\">200<\/td>\n<td style=\"width: 2px; height: 10px; text-align: center;\">240<\/td>\n<td style=\"width: 2px; height: 10px; text-align: center;\">280<\/td>\n<td style=\"width: 2px; height: 10px; text-align: center;\">320<\/td>\n<td style=\"width: 2px; height: 10px; text-align: center;\">360<\/td>\n<td style=\"width: 2px; height: 10px; text-align: center;\">400<\/td>\n<\/tr>\n<\/tbody>\n<\/table>\n<h5><strong>D\u00e9lai de retrait:<\/strong><\/h5>\n<ul>\n<li><strong>Les animaux trait\u00e9s ne doivent pas \u00eatre abattus pour la consommation humaine avant 35\u00a0jours apr\u00e8s la fin du traitement.<\/strong><\/li>\n<li><strong>Le lait produit pendant le traitement et 96 heures apr\u00e8s la fin du traitement ne doit pas \u00eatre destin\u00e9 \u00e0 la consommation humaine.<\/strong><\/li>\n<\/ul>\n<h5><strong>Pr\u00e9cautions:<\/strong><\/h5>\n<ul>\n<li>Administrer par voie sous-cutan\u00e9e uniquement.<\/li>\n<li>Ne pas appliquer le produit dans les 45 premiers jours de grossesse.<\/li>\n<li>Ne pas appliquer plus de 10\u00a0ml par site d&rsquo;injection.<\/li>\n<li>Ne pas r\u00e9utiliser les contenants, ni verser leur contenu dans des sources d&rsquo;eau pour la consommation humaine ou animale.<\/li>\n<li>Conserver en dessous de 30\u00a0\u00b0C.<\/li>\n<\/ul>\n<h5><strong>Pr\u00e9sentation<\/strong>:<\/h5>\n<p>Flacon de 20, 50, 100, 250, 500 et 1000 ml.<\/p>\n<h5><strong>N\u00b0 d&rsquo;enregistrement ICA:<\/strong> 8672-MV<\/h5>\n","protected":false},"excerpt":{"rendered":"<p>Vermifuge injectable<\/p>\n","protected":false},"featured_media":5368,"comment_status":"open","ping_status":"closed","template":"","meta":{"_locale":"fr_FR","_original_post":"http:\/\/box5653.temp.domains\/~zambran7\/figa\/product\/ricofigal-15\/","_joinchat":[]},"product_brand":[],"product_cat":[64],"product_tag":[39,41],"class_list":{"0":"post-4897","1":"product","2":"type-product","3":"status-publish","4":"has-post-thumbnail","6":"product_cat-internos-antiparasitarios-inyectables","7":"product_tag-animales-produccion","8":"product_tag-bovinos","9":"fr-FR","11":"first","12":"instock","13":"shipping-taxable","14":"product-type-simple"},"_links":{"self":[{"href":"https:\/\/figa.com.co\/wp-json\/wp\/v2\/product\/4897","targetHints":{"allow":["GET"]}}],"collection":[{"href":"https:\/\/figa.com.co\/wp-json\/wp\/v2\/product"}],"about":[{"href":"https:\/\/figa.com.co\/wp-json\/wp\/v2\/types\/product"}],"replies":[{"embeddable":true,"href":"https:\/\/figa.com.co\/wp-json\/wp\/v2\/comments?post=4897"}],"version-history":[{"count":2,"href":"https:\/\/figa.com.co\/wp-json\/wp\/v2\/product\/4897\/revisions"}],"predecessor-version":[{"id":6144,"href":"https:\/\/figa.com.co\/wp-json\/wp\/v2\/product\/4897\/revisions\/6144"}],"wp:featuredmedia":[{"embeddable":true,"href":"https:\/\/figa.com.co\/wp-json\/wp\/v2\/media\/5368"}],"wp:attachment":[{"href":"https:\/\/figa.com.co\/wp-json\/wp\/v2\/media?parent=4897"}],"wp:term":[{"taxonomy":"product_brand","embeddable":true,"href":"https:\/\/figa.com.co\/wp-json\/wp\/v2\/product_brand?post=4897"},{"taxonomy":"product_cat","embeddable":true,"href":"https:\/\/figa.com.co\/wp-json\/wp\/v2\/product_cat?post=4897"},{"taxonomy":"product_tag","embeddable":true,"href":"https:\/\/figa.com.co\/wp-json\/wp\/v2\/product_tag?post=4897"}],"curies":[{"name":"wp","href":"https:\/\/api.w.org\/{rel}","templated":true}]}}