{"id":4896,"date":"2023-01-18T15:25:55","date_gmt":"2023-01-18T15:25:55","guid":{"rendered":"https:\/\/figa.com.co\/?post_type=product&#038;p=4896"},"modified":"2023-12-28T14:45:43","modified_gmt":"2023-12-28T14:45:43","slug":"hidrolive","status":"publish","type":"product","link":"https:\/\/figa.com.co\/fr\/product\/hidrolive\/","title":{"rendered":"HIDROLIVE"},"content":{"rendered":"<p>Combinaison ad\u00e9quate en concentrations th\u00e9rapeutiques de 18 acides amin\u00e9s essentiels et non essentiels d&rsquo;origine v\u00e9g\u00e9tale, SAMe, vitamines du complexe B, Dextrose, Min\u00e9raux et Electrolytes indiqu\u00e9 pour le traitement des carences des \u00e9l\u00e9ments pr\u00e9sents dans sa composition, malnutrition, d\u00e9shydratation, ac\u00e9ton\u00e9mie, hypoglyc\u00e9mie et comme adjuvant pour l&rsquo;an\u00e9mie de causes multiples, les maladies infectieuses et parasitaires et pour la r\u00e9cup\u00e9ration des animaux qui ont subi des interventions chirurgicales et des h\u00e9morragies.<\/p>\n<h5><strong>Composition garantie:<\/strong><\/h5>\n<p>Chaque 100 mL de solution injectable st\u00e9rile contient:<\/p>\n<ul>\n<li>Chlorhydrate de pyridoxine 10\u00a0mg<\/li>\n<li>Thiamine HCl 5 mg<\/li>\n<li>Riboflavine 5-phosphate sodique 10 mg<\/li>\n<li>Nicotinamide 300\u00a0mg<\/li>\n<li>Cyanocobalamine 2mg<\/li>\n<li>D-panth\u00e9nol 10\u00a0mg<\/li>\n<li>S-ad\u00e9nosyl-L-m\u00e9thionine (SAMe) 600\u00a0mg<\/li>\n<li>Dextrose 10\u00a0000\u00a0mg<\/li>\n<li>Glutamate monosodique 5mg<\/li>\n<li>L-Lysine HCl 50 mg<\/li>\n<li>L-M\u00e9thionine 50\u00a0mg<\/li>\n<\/ul>\n<p>Concentr\u00e9 d&rsquo;acides amin\u00e9s 500 mg (Fournit : L-Arginine 3 mg, Glycine 3 mg, L-Histidine 1 mg, L-Leucine 3 mg, L-Tryptophane 1 mg, L-Valine 2 mg, L-isoleucine 2 mg, L -Ph\u00e9nylalanine 3 mg, Acide aspartique 9 mg, S\u00e9rine 4 mg, Thr\u00e9onine 2 mg, Alanine 6 mg, Proline 4 mg, Tyrosine 1,5 mg, L-Cyst\u00e9ine 0,5 mg, Acide glutamique 14,5 mg, L-Lysine 3,5 mg, L -M\u00e9thionine 0,75 mg).<\/p>\n<ul>\n<li>Chlorure de choline (50\u00a0%) 200\u00a0mg<\/li>\n<li>Chlorure de Magn\u00e9sium 6 H2O 85mg(Fournit 10,1\u00a0mg de magn\u00e9sium)<\/li>\n<li>Chlorure de sodium 700\u00a0mg(Fournit 275,2\u00a0mg de sodium)<\/li>\n<li>Chlorure de calcium 30\u00a0mg(Fournit 10,8\u00a0mg de calcium)<\/li>\n<li>Chlorure de potassium 50\u00a0mg<\/li>\n<li>Fournit 26,2\u00a0mg de potassium)<\/li>\n<li>Excipients c.s.p. 100 mL<\/li>\n<\/ul>\n<h5><strong>Esp\u00e8ces pour lesquelles il est recommand\u00e9:<\/strong><\/h5>\n<p>Bovins, moutons, ch\u00e8vres, chevaux, porcs, chiens et chats.<\/p>\n<h5><strong>Dosage:<\/strong><\/h5>\n<table style=\"height: 170px; width: 100%; border-collapse: collapse; border-color: #b8b8b8; background-color: #d6d6d6;\">\n<tbody>\n<tr style=\"height: 24px;\">\n<th style=\"width: 34.5291%; height: 48px; vertical-align: middle; text-align: center;\" rowspan=\"2\">Poids des animaux<\/th>\n<td style=\"width: 20.7014%; height: 48px; vertical-align: middle; text-align: center;\" rowspan=\"2\"><strong>ESP\u00c8CES<\/strong><\/td>\n<td style=\"width: 10.9819%; height: 48px; vertical-align: middle; text-align: center;\" rowspan=\"2\"><strong>AGE<\/strong><\/td>\n<td style=\"width: 33.7876%; height: 24px; text-align: center;\" colspan=\"2\"><strong>DOSE QUOTIDIENNE (mL)<\/strong><\/td>\n<\/tr>\n<tr style=\"height: 24px;\">\n<td style=\"width: 17.8958%; height: 24px; text-align: center;\"><strong>Voie IV<\/strong><\/td>\n<td style=\"width: 15.8918%; height: 24px; text-align: center;\"><strong>V\u00eda SC, IP<\/strong><\/td>\n<\/tr>\n<tr style=\"height: 24px;\">\n<td style=\"width: 34.5291%; height: 24px; vertical-align: middle; text-align: center;\"><strong>GRAND (400 &#8211; 800 kg)<\/strong><\/td>\n<td style=\"width: 20.7014%; height: 24px; vertical-align: middle; text-align: center;\">Bovins et chevaux<\/td>\n<td style=\"width: 10.9819%; height: 24px; vertical-align: middle; text-align: center;\">Adultes<\/td>\n<td style=\"width: 17.8958%; height: 24px; vertical-align: middle; text-align: center;\">500 &#8211; 2000<\/td>\n<td style=\"width: 15.8918%; height: 24px; vertical-align: middle; text-align: center;\">100 &#8211; 300<\/td>\n<\/tr>\n<tr style=\"height: 24px;\">\n<td style=\"width: 34.5291%; height: 50px; vertical-align: middle; text-align: center;\" rowspan=\"2\"><strong>MOITI\u00c9 (100 &#8211; 400 kg)<\/strong><\/td>\n<td style=\"width: 20.7014%; height: 26px; vertical-align: middle; text-align: center;\">Bovins et chevaux<\/td>\n<td style=\"width: 10.9819%; height: 26px; vertical-align: middle; text-align: center;\">J\u00f3venes<\/td>\n<td style=\"width: 17.8958%; height: 50px; vertical-align: middle; text-align: center;\" rowspan=\"2\">100 &#8211; 500<\/td>\n<td style=\"width: 15.8918%; height: 50px; vertical-align: middle; text-align: center;\" rowspan=\"2\">20 &#8211; 100<\/td>\n<\/tr>\n<tr style=\"height: 24px;\">\n<td style=\"width: 20.7014%; height: 24px; vertical-align: middle; text-align: center;\">Porcs, moutons et ch\u00e8vres<\/td>\n<td style=\"width: 10.9819%; height: 24px; vertical-align: middle; text-align: center;\">Adultes<\/td>\n<\/tr>\n<tr style=\"height: 24px;\">\n<td style=\"width: 34.5291%; height: 48px; vertical-align: middle; text-align: center;\" rowspan=\"2\"><strong>PETIT (5 &#8211; 100 kg)<\/strong><\/td>\n<td style=\"width: 20.7014%; height: 24px; vertical-align: middle; text-align: center;\">Porcs, moutons et ch\u00e8vres<\/td>\n<td style=\"width: 10.9819%; height: 24px; vertical-align: middle; text-align: center;\">J\u00f3venes<\/td>\n<td style=\"width: 17.8958%; height: 48px; vertical-align: middle; text-align: center;\" rowspan=\"2\">20 &#8211; 100<\/td>\n<td style=\"width: 15.8918%; height: 48px; vertical-align: middle; text-align: center;\" rowspan=\"2\">5 &#8211; 20<\/td>\n<\/tr>\n<tr style=\"height: 24px;\">\n<td style=\"width: 20.7014%; height: 24px; vertical-align: middle; text-align: center;\">Chiens et chats<\/td>\n<td style=\"width: 10.9819%; height: 24px; vertical-align: middle; text-align: center;\">Adultes<\/td>\n<\/tr>\n<\/tbody>\n<\/table>\n<h5><strong>Voie d&rsquo;administration:<\/strong><\/h5>\n<ul>\n<li>Intraveineuse lente (IV), sous-cutan\u00e9e (SC) et intrap\u00e9riton\u00e9ale (IP).<\/li>\n<li>Chez les chevaux, il est recommand\u00e9 de n&rsquo;utiliser que la voie intraveineuse.<\/li>\n<\/ul>\n<h5><strong>D\u00e9lai de retrait:<\/strong><\/h5>\n<p><strong>Il ne n\u00e9cessite pas de temps de retrait.<\/strong><\/p>\n<h5><strong>Pr\u00e9cautions:<\/strong><\/h5>\n<ul>\n<li>Ne pas m\u00e9langer avec d&rsquo;autres m\u00e9dicaments.<\/li>\n<li>Une fois la bouteille d\u00e9marr\u00e9e, son contenu doit \u00eatre enti\u00e8rement consomm\u00e9 dans un d\u00e9lai maximum de 24 heures, en \u00e9liminant l&rsquo;exc\u00e8s de liquide.<\/li>\n<li>La possibilit\u00e9 de pr\u00e9senter des r\u00e9actions anaphylactiques est tr\u00e8s faible puisque le produit ne contient pas de tensioactifs.<\/li>\n<li>Son utilisation n&rsquo;est pas recommand\u00e9e chez les animaux hyperexcit\u00e9s en raison du risque de mort subite lorsque le calcium est administr\u00e9 par voie intraveineuse.<\/li>\n<li>L&rsquo;innocuit\u00e9 du m\u00e9dicament n&rsquo;a pas \u00e9t\u00e9 d\u00e9montr\u00e9e pendant la grossesse et l&rsquo;allaitement ; il doit \u00eatre utilis\u00e9 apr\u00e8s l&rsquo;\u00e9valuation b\u00e9n\u00e9fice\/risque r\u00e9alis\u00e9e par le v\u00e9t\u00e9rinaire.<\/li>\n<li>Il ne doit pas \u00eatre administr\u00e9 avec des glycosides cardiotoniques en raison du risque d&rsquo;arythmie, des bloqueurs neuromusculaires, des m\u00e9thylxanthines, des diur\u00e9tiques, du sulfate de magn\u00e9sium et des antimicrobiens tels que les t\u00e9tracyclines ou les aminosides.<\/li>\n<li>A conserver \u00e0 une temp\u00e9rature inf\u00e9rieure \u00e0 30 \u00b0C, \u00e0 l&rsquo;abri du soleil.<\/li>\n<\/ul>\n<h5><strong>Contre-indications:<\/strong><\/h5>\n<ul>\n<li>Hypersensibilit\u00e9 aux composants de la formulation.<\/li>\n<li>Le produit ne pr\u00e9sente pas d&rsquo;effets secondaires s&rsquo;il est utilis\u00e9 correctement.<\/li>\n<li>Ne pas utiliser chez les animaux pr\u00e9sentant une hyperglyc\u00e9mie, une hypercalc\u00e9mie, une hyperkali\u00e9mie, une hypernatr\u00e9mie, une hypermagn\u00e9s\u00e9mie, une hypocalc\u00e9mie idiopathique (poulains), une lithiase calcique, une calcinose bovine ou des petits ruminants, des animaux pr\u00e9sentant une atteinte du myocarde, un bloc cardiaque, une insuffisance r\u00e9nale chronique, une insuffisance h\u00e9patique s\u00e9v\u00e8re, une intol\u00e9rance au glucose. ou des bovins pr\u00e9sentant des processus septic\u00e9miques en cas de mammite aigu\u00eb.<\/li>\n<\/ul>\n<h5><strong>Pr\u00e9sentation:<\/strong><\/h5>\n<p>Flacon pour 50, 100, 250, 500 et 1000 mL. Bo\u00eete de 4 flacons de 100 mL.<\/p>\n<h5><strong>N\u00b0 d&rsquo;enregistrement ICA:<\/strong> 8775-MV<\/h5>\n","protected":false},"excerpt":{"rendered":"<h5>Acides amin\u00e9s + Dextrose + Min\u00e9raux + Vitamines<\/h5>\n","protected":false},"featured_media":5360,"comment_status":"open","ping_status":"closed","template":"","meta":{"_locale":"fr_FR","_original_post":"http:\/\/box5653.temp.domains\/~zambran7\/figa\/product\/hidrolive\/","_joinchat":[]},"product_brand":[],"product_cat":[77],"product_tag":[40,39,41,44,43,48,46,54,45],"class_list":{"0":"post-4896","1":"product","2":"type-product","3":"status-publish","4":"has-post-thumbnail","6":"product_cat-soluciones-intravenosas","7":"product_tag-compania-animales","8":"product_tag-animales-produccion","9":"product_tag-bovinos","10":"product_tag-caprinos","11":"product_tag-equinos","12":"product_tag-gatos","13":"product_tag-ovinos","14":"product_tag-perros","15":"product_tag-porcinos","16":"fr-FR","18":"first","19":"instock","20":"shipping-taxable","21":"product-type-simple"},"_links":{"self":[{"href":"https:\/\/figa.com.co\/wp-json\/wp\/v2\/product\/4896","targetHints":{"allow":["GET"]}}],"collection":[{"href":"https:\/\/figa.com.co\/wp-json\/wp\/v2\/product"}],"about":[{"href":"https:\/\/figa.com.co\/wp-json\/wp\/v2\/types\/product"}],"replies":[{"embeddable":true,"href":"https:\/\/figa.com.co\/wp-json\/wp\/v2\/comments?post=4896"}],"version-history":[{"count":6,"href":"https:\/\/figa.com.co\/wp-json\/wp\/v2\/product\/4896\/revisions"}],"predecessor-version":[{"id":6440,"href":"https:\/\/figa.com.co\/wp-json\/wp\/v2\/product\/4896\/revisions\/6440"}],"wp:featuredmedia":[{"embeddable":true,"href":"https:\/\/figa.com.co\/wp-json\/wp\/v2\/media\/5360"}],"wp:attachment":[{"href":"https:\/\/figa.com.co\/wp-json\/wp\/v2\/media?parent=4896"}],"wp:term":[{"taxonomy":"product_brand","embeddable":true,"href":"https:\/\/figa.com.co\/wp-json\/wp\/v2\/product_brand?post=4896"},{"taxonomy":"product_cat","embeddable":true,"href":"https:\/\/figa.com.co\/wp-json\/wp\/v2\/product_cat?post=4896"},{"taxonomy":"product_tag","embeddable":true,"href":"https:\/\/figa.com.co\/wp-json\/wp\/v2\/product_tag?post=4896"}],"curies":[{"name":"wp","href":"https:\/\/api.w.org\/{rel}","templated":true}]}}