{"id":4895,"date":"2023-01-18T15:25:55","date_gmt":"2023-01-18T15:25:55","guid":{"rendered":"https:\/\/figa.com.co\/?post_type=product&#038;p=4895"},"modified":"2023-12-29T17:48:05","modified_gmt":"2023-12-29T17:48:05","slug":"figazol-25","status":"publish","type":"product","link":"https:\/\/figa.com.co\/fr\/product\/figazol-25\/","title":{"rendered":"FIGAZOL 25%"},"content":{"rendered":"<p>Utilis\u00e9 dans le contr\u00f4le et le traitement des helminthiases produites par des parasites gastro-intestinaux.<\/p>\n<p>Chez les <strong>bovins, ovins <\/strong>et <strong>caprins<\/strong>\u00a0:<\/p>\n<ul>\n<li><strong>Parasite gastro-intestinal\u00a0:<\/strong> <em>Bunostomum sp., Trichostrongylus sp., Nematodirus sp., Trichuris sp., Chabertia sp., Cooperia sp., Oesophagostomum radiatum, Haemonchus sp., Ostertagia ostertagi , Strongyloides sp., Neoascaris sp., Moniezia sp.<\/em><\/li>\n<li><strong>Parasites pulmonaires\u00a0:<\/strong> <em>Dictyocaulus viviparus.<\/em><\/li>\n<\/ul>\n<p>Chez <strong>porcs<\/strong>\u00a0: Il agit sur les infestations produites par\u00a0: <em>Hyostrongylus sp., Ascaris suum, Oesophagostomum radiatum, Trichuris sp., Metastrongylus sp.<\/em><\/p>\n<p>Chez <strong>\u00e9quid\u00e9s\u00a0:<\/strong> <em>Il agit sur les infestations produites par\u00a0: Strongylus vulgaris, Oxyuris sp., Parascaris equorum, Strongyloides sp.<\/em><\/p>\n<p>Chez <strong>les chiens\u00a0:<\/strong> il agit sur les infestations caus\u00e9es par\u00a0: <em>Toxocara canis, Uncinaria sp., Ancylostoma sp., Trichuris sp., Taenia sp., Capillaria sp., Ascaris sp.&lt;\/em &gt;<\/em><\/p>\n<h5><strong>Composition garantie\u00a0:<\/strong><\/h5>\n<p>Chaque mL de suspension buvable contient\u00a0:<\/p>\n<ul>\n<li>Fenbendazole micronis\u00e9 250 mg<\/li>\n<li>Excipients q.s.p 1 mL<\/li>\n<\/ul>\n<h5><strong>Esp\u00e8ces pour lesquelles il est recommand\u00e9\u00a0:<\/strong><\/h5>\n<p>Bovins, moutons, ch\u00e8vres, porcs, chevaux et chiens.<\/p>\n<h5><strong>Voie d&rsquo;administration\u00a0:<\/strong><\/h5>\n<ul>\n<li><strong>Bovins\u00a0:<\/strong> voie orale ou intraruminale.<\/li>\n<li><strong>Ovins, caprins, porcins, chevaux et chiens\u00a0:<\/strong> Voie orale.<\/li>\n<\/ul>\n<h5><strong>Posologie\u00a0:<\/strong><\/h5>\n<ul>\n<li>Chez les <strong>bovins, ovins, caprins et porcins<\/strong>\u00a0: 5\u00a0mg de Fenbendazole \/ kg de poids vif. En pratique, 1 mL de FIGAZOL 25% pour 50 kg de poids vif.<\/li>\n<li>Chez les <strong>\u00e9quid\u00e9s<\/strong>\u00a0: 7,5 mg de Fenbendazole \/ kg de poids vif. En pratique, 3 mL de FIGAZOL 25% pour 100 kg de poids vif.<\/li>\n<li>Chez les <strong>chiens<\/strong>\u00a0: 50 mg de Fenbendazole \/ kg de poids corporel. En pratique, 1 mL de FIGAZOL 25% pour 5 kg de poids vif.<\/li>\n<\/ul>\n<h5><strong>D\u00e9lai de retrait:<\/strong><\/h5>\n<ul>\n<li><strong>Les animaux trait\u00e9s ne doivent pas \u00eatre abattus pour la consommation humaine avant 11\u00a0jours apr\u00e8s la fin du traitement.<\/strong><\/li>\n<li><strong>Le lait produit pendant le traitement et 96 heures apr\u00e8s la fin du traitement ne doit pas \u00eatre destin\u00e9 \u00e0 la consommation humaine.<\/strong><\/li>\n<\/ul>\n<h5><strong>Pr\u00e9cautions\u00a0:<\/strong><\/h5>\n<ul>\n<li>Bien agiter avant utilisation.<\/li>\n<li>Conserver \u00e0 une temp\u00e9rature inf\u00e9rieure \u00e0 30\u00b0C, \u00e0 l&rsquo;abri du soleil.<\/li>\n<\/ul>\n<h5><strong>Pr\u00e9sentation\u00a0:<\/strong><\/h5>\n<p>Seringue pour 20 mL &#8211; Flacon pour 100, 250, 500, 1000, 2000 mL.<\/p>\n<p><strong>N\u00b0 d&rsquo;enregistrement ICA: 7649-MV<\/strong><\/p>\n<p>&nbsp;<\/p>\n","protected":false},"excerpt":{"rendered":"<h5>Antiparasitaire \u00e0 usage oral<\/h5>\n","protected":false},"featured_media":4611,"comment_status":"open","ping_status":"closed","template":"","meta":{"_locale":"fr_FR","_original_post":"http:\/\/box5653.temp.domains\/~zambran7\/figa\/product\/figazol-25\/","_joinchat":[]},"product_brand":[],"product_cat":[62,63,83],"product_tag":[40,39,41,44,43,46,54,45],"class_list":{"0":"post-4895","1":"product","2":"type-product","3":"status-publish","4":"has-post-thumbnail","6":"product_cat-antiparasitarios","7":"product_cat-internos-antiparasitarios","8":"product_cat-orales","9":"product_tag-compania-animales","10":"product_tag-animales-produccion","11":"product_tag-bovinos","12":"product_tag-caprinos","13":"product_tag-equinos","14":"product_tag-ovinos","15":"product_tag-perros","16":"product_tag-porcinos","17":"fr-FR","19":"first","20":"instock","21":"shipping-taxable","22":"product-type-simple"},"_links":{"self":[{"href":"https:\/\/figa.com.co\/wp-json\/wp\/v2\/product\/4895","targetHints":{"allow":["GET"]}}],"collection":[{"href":"https:\/\/figa.com.co\/wp-json\/wp\/v2\/product"}],"about":[{"href":"https:\/\/figa.com.co\/wp-json\/wp\/v2\/types\/product"}],"replies":[{"embeddable":true,"href":"https:\/\/figa.com.co\/wp-json\/wp\/v2\/comments?post=4895"}],"version-history":[{"count":3,"href":"https:\/\/figa.com.co\/wp-json\/wp\/v2\/product\/4895\/revisions"}],"predecessor-version":[{"id":6498,"href":"https:\/\/figa.com.co\/wp-json\/wp\/v2\/product\/4895\/revisions\/6498"}],"wp:featuredmedia":[{"embeddable":true,"href":"https:\/\/figa.com.co\/wp-json\/wp\/v2\/media\/4611"}],"wp:attachment":[{"href":"https:\/\/figa.com.co\/wp-json\/wp\/v2\/media?parent=4895"}],"wp:term":[{"taxonomy":"product_brand","embeddable":true,"href":"https:\/\/figa.com.co\/wp-json\/wp\/v2\/product_brand?post=4895"},{"taxonomy":"product_cat","embeddable":true,"href":"https:\/\/figa.com.co\/wp-json\/wp\/v2\/product_cat?post=4895"},{"taxonomy":"product_tag","embeddable":true,"href":"https:\/\/figa.com.co\/wp-json\/wp\/v2\/product_tag?post=4895"}],"curies":[{"name":"wp","href":"https:\/\/api.w.org\/{rel}","templated":true}]}}