{"id":4893,"date":"2023-01-18T15:25:56","date_gmt":"2023-01-18T15:25:56","guid":{"rendered":"https:\/\/figa.com.co\/?post_type=product&#038;p=4893"},"modified":"2023-05-26T13:02:15","modified_gmt":"2023-05-26T13:02:15","slug":"figamax-1","status":"publish","type":"product","link":"https:\/\/figa.com.co\/fr\/product\/figamax-1\/","title":{"rendered":"FIGAMAX 1%"},"content":{"rendered":"<p>Indiqu\u00e9 pour le contr\u00f4le des parasites internes et externes (n\u00e9matodes gastro-intestinaux et pulmonaires; nuches, poux, myiase et acariens de la gale). Aide \u00e0 contr\u00f4ler la tique <em>Rhipicephalus microplus <\/em>et la mouche \u00e0 aubes.<\/p>\n<h5><strong>Composition garantie\u00a0:<\/strong><\/h5>\n<p>Chaque mL de solution injectable contient\u00a0:<\/p>\n<ul>\n<li>Doramectine 10\u00a0mg<\/li>\n<li>Excipients c.s.p. 1mL<\/li>\n<\/ul>\n<h5><strong>Esp\u00e8ces pour lesquelles il est recommand\u00e9\u00a0:<\/strong><\/h5>\n<p>Bovins, ovins et porcins.<\/p>\n<h5><strong>Voie d&rsquo;administration\u00a0:<\/strong><\/h5>\n<ul>\n<li><strong>Bovins et ovins\u00a0:<\/strong> Voie intramusculaire ou sous-cutan\u00e9e.<\/li>\n<li><strong>Porcs\u00a0:<\/strong> Voie intramusculaire dans la r\u00e9gion du cou.<\/li>\n<\/ul>\n<h5><strong>Posologie\u00a0:<\/strong><\/h5>\n<ul>\n<li>Chez <strong>bovins<\/strong> et <strong>ovins<\/strong>\u00a0: 1\u00a0mL\/50\u00a0kg (\u00e9quivalent \u00e0 200\u00a0\u00b5g\/kg), par voie sous-cutan\u00e9e. Pour le traitement de la gale par <em>Psoroptes ovis<\/em> chez les ovins\u00a0: 1\u00a0mL \/ 33\u00a0kg, voie SC.<\/li>\n<li>Chez les <strong>porcs<\/strong>\u00a0: 1\u00a0mL \/ 33\u00a0kg (\u00e9quivalent \u00e0 300\u00a0\u00b5g\/kg), par voie IM dans la r\u00e9gion du cou.<\/li>\n<\/ul>\n<p style=\"padding-left: 40px;\">Il n&rsquo;est pas recommand\u00e9 d&rsquo;appliquer plus de 10\u00a0mL de FIGAMAX 1\u00a0% au m\u00eame endroit, pour des doses plus importantes, divisez-le et appliquez-le en deux points diff\u00e9rents.&lt;\/p &gt;<\/p>\n<h5><strong>Persistance\u00a0:<\/strong><\/h5>\n<p>FIGAMAX 1% prot\u00e8ge des r\u00e9infestations parasitaires pendant les p\u00e9riodes suivantes selon le type de parasite :<\/p>\n<ul>\n<li>Parasite interne\u00a0: <em>Cooperia oncophora<\/em> pendant 42\u00a0jours\u00a0; <em>Ostertagia ostertagi<\/em> pendant 49\u00a0jours\u00a0; <em>Haemonchus placei<\/em> pendant 42 jours\u00a0; <em>Oesophagostomum radiatum<\/em> pendant 40\u00a0jours\u00a0; <em>Dictyocaulus viviparus<\/em> pendant 53 jours.<\/li>\n<li>Parasite externe\u00a0: <em>Dermatobia hominis<\/em> (nuche) pendant 140\u00a0jours\u00a0; <em>Cochliomyia hominivorax<\/em> (myiase) pendant 42\u00a0jours\u00a0; <em>Psoroptes communis<\/em> pendant 42 jours.<\/li>\n<\/ul>\n<h5><strong>Heure de la retraite\u00a0:<\/strong><\/h5>\n<ul>\n<li><strong>Les animaux trait\u00e9s ne doivent pas \u00eatre abattus pour la consommation humaine avant 50\u00a0jours apr\u00e8s la fin du traitement.<\/strong><\/li>\n<li><strong>Ne pas administrer aux vaches ou brebis produisant du lait destin\u00e9 \u00e0 la consommation humaine ou \u00e0 l&rsquo;industrialisation ou 60 jours avant le v\u00ealage.<\/strong><\/li>\n<\/ul>\n<h5><strong>Pr\u00e9cautions\u00a0:<\/strong><\/h5>\n<ul>\n<li>Ne pas appliquer par voie intraveineuse, uniquement par voie intramusculaire ou sous-cutan\u00e9e.<\/li>\n<li>Ne pas administrer aux vaches ou moutons en production laiti\u00e8re destin\u00e9e \u00e0 la consommation humaine ou \u00e0 l&rsquo;industrialisation.<\/li>\n<li>Ne pas administrer aux animaux en mauvais \u00e9tat g\u00e9n\u00e9ral, en \u00e9tat f\u00e9brile ou en situation de stress intense.<\/li>\n<li>Ne pas m\u00e9langer dans la m\u00eame seringue ou r\u00e9cipient avec toute autre substance autre que le produit.<\/li>\n<li>Ne r\u00e9utilisez pas les conteneurs, eux ou tout r\u00e9sidu ne doivent pas \u00eatre d\u00e9vers\u00e9s dans des sources d&rsquo;eau pour la consommation humaine ou animale, ils doivent \u00eatre \u00e9limin\u00e9s correctement. Il convient de noter que la doramectine sous forme libre affecte les poissons et autres organismes aquatiques.<\/li>\n<li>Conserver en dessous de 30\u00a0\u00b0C et \u00e0 l&rsquo;abri de la lumi\u00e8re directe du soleil.<\/li>\n<\/ul>\n<h5><strong>Pr\u00e9sentation\u00a0:<\/strong><\/h5>\n<p>Flacon pour 10, 50, 100, 250, 500 et 1000 ml.<\/p>\n<h5><strong>Reg. N\u00b0 ICA\u00a0:<\/strong> 8245-MV<\/h5>\n<p>&nbsp;<\/p>\n","protected":false},"excerpt":{"rendered":"<h5>Endectocide injectable<\/h5>\n","protected":false},"featured_media":4464,"comment_status":"open","ping_status":"closed","template":"","meta":{"_locale":"fr_FR","_original_post":"http:\/\/box5653.temp.domains\/~zambran7\/figa\/product\/figamax-1\/","_joinchat":[]},"product_brand":[],"product_cat":[66,67,63,64,65,68],"product_tag":[39,41,46,45],"class_list":{"0":"post-4893","1":"product","2":"type-product","3":"status-publish","4":"has-post-thumbnail","6":"product_cat-externos-antiparasitarios","7":"product_cat-externos-antiparasitarios-inyectables","8":"product_cat-internos-antiparasitarios","9":"product_cat-internos-antiparasitarios-inyectables","10":"product_cat-internos-externos-antiparasitarios-inyectables","11":"product_cat-internos-externos-antiparasitarios-inyectables-internos-externos-antiparasitarios-inyectables","12":"product_tag-animales-produccion","13":"product_tag-bovinos","14":"product_tag-ovinos","15":"product_tag-porcinos","16":"fr-FR","18":"first","19":"instock","20":"shipping-taxable","21":"product-type-simple"},"_links":{"self":[{"href":"https:\/\/figa.com.co\/wp-json\/wp\/v2\/product\/4893","targetHints":{"allow":["GET"]}}],"collection":[{"href":"https:\/\/figa.com.co\/wp-json\/wp\/v2\/product"}],"about":[{"href":"https:\/\/figa.com.co\/wp-json\/wp\/v2\/types\/product"}],"replies":[{"embeddable":true,"href":"https:\/\/figa.com.co\/wp-json\/wp\/v2\/comments?post=4893"}],"version-history":[{"count":0,"href":"https:\/\/figa.com.co\/wp-json\/wp\/v2\/product\/4893\/revisions"}],"wp:featuredmedia":[{"embeddable":true,"href":"https:\/\/figa.com.co\/wp-json\/wp\/v2\/media\/4464"}],"wp:attachment":[{"href":"https:\/\/figa.com.co\/wp-json\/wp\/v2\/media?parent=4893"}],"wp:term":[{"taxonomy":"product_brand","embeddable":true,"href":"https:\/\/figa.com.co\/wp-json\/wp\/v2\/product_brand?post=4893"},{"taxonomy":"product_cat","embeddable":true,"href":"https:\/\/figa.com.co\/wp-json\/wp\/v2\/product_cat?post=4893"},{"taxonomy":"product_tag","embeddable":true,"href":"https:\/\/figa.com.co\/wp-json\/wp\/v2\/product_tag?post=4893"}],"curies":[{"name":"wp","href":"https:\/\/api.w.org\/{rel}","templated":true}]}}