{"id":4892,"date":"2023-01-18T15:25:56","date_gmt":"2023-01-18T15:25:56","guid":{"rendered":"https:\/\/figa.com.co\/?post_type=product&#038;p=4892"},"modified":"2023-01-18T15:48:30","modified_gmt":"2023-01-18T15:48:30","slug":"fizuril-5-suspension","status":"publish","type":"product","link":"https:\/\/figa.com.co\/fr\/product\/fizuril-5-suspension\/","title":{"rendered":"FIZURIL 5%"},"content":{"rendered":"<p>Indiqu\u00e9 pour le contr\u00f4le et le traitement de la coccidiose caus\u00e9e par <em>Eimeria bovis, E. zuernii, E. alabamensis<\/em> et <em>Isospora suis.<\/em><\/p>\n<h5><strong>Composition garantie\u00a0:<\/strong><\/h5>\n<p>Chaque 100\u00a0mL de suspension buvable contient\u00a0:<\/p>\n<ul>\n<li>Toltrazuril 5g<\/li>\n<li>Excipients c.s.p. 100\u00a0ml<\/li>\n<\/ul>\n<h5><strong>Esp\u00e8ces pour lesquelles il est recommand\u00e9\u00a0:<\/strong><\/h5>\n<p>Bovins et porcs.<\/p>\n<h5><strong>Voie d&rsquo;administration\u00a0:<\/strong><\/h5>\n<p>Voie orale.<\/p>\n<h5><strong>Posologie\u00a0:<\/strong><\/h5>\n<ul>\n<li><strong>Bovins\u00a0:<\/strong> administrer une dose unique de 15 mg de Toltrazuril\/kg de poids vif, en pratique 3 mL (60 gouttes) de FIZURIL 5% pour 10 kg de poids vif.< \/ li>\n<li><strong>Porcs\u00a0:<\/strong> donner une dose orale unique entre 3 et 5\u00a0jours de vie\u00a0: 20\u00a0mg de Toltrazuril\/kg de poids corporel, en pratique 4\u00a0mL (80\u00a0gouttes) de FIZURIL 5\u00a0% par 10\u00a0kg de poids vif.<\/li>\n<\/ul>\n<p>Autres doses et fr\u00e9quence d&rsquo;administration \u00e0 la discr\u00e9tion du v\u00e9t\u00e9rinaire.<\/p>\n<h5><strong>Heure de la retraite\u00a0:<\/strong><\/h5>\n<ul>\n<li><strong>Bovins\u00a0: les animaux trait\u00e9s ne doivent pas \u00eatre abattus pour la consommation humaine avant 63\u00a0jours apr\u00e8s la fin du traitement.<\/strong><\/li>\n<li><strong>Porcelets\u00a0: les animaux trait\u00e9s ne doivent pas \u00eatre abattus pour la consommation humaine avant 77\u00a0jours apr\u00e8s la fin du traitement.<\/strong><\/li>\n<li><strong>Ne pas administrer aux vaches produisant du lait destin\u00e9 \u00e0 la consommation humaine.<\/strong><\/li>\n<\/ul>\n<h5><strong>Pr\u00e9cautions\u00a0:<\/strong><\/h5>\n<ul>\n<li>Ne pas r\u00e9utiliser les contenants, ni verser leur contenu dans des sources d&rsquo;eau destin\u00e9es \u00e0 la consommation humaine ou animale (ruisseaux, lacs ou rivi\u00e8res).<\/li>\n<li>Conserver en dessous de 30\u00a0\u00b0C.<\/li>\n<li>Agitez le produit avant utilisation.<\/li>\n<\/ul>\n<h5><strong>Pr\u00e9sentation\u00a0:<\/strong><\/h5>\n<p>Flacon pour 120, 250, 500, 1000 et 5000 ml et flacon compte-gouttes pour 10 ml.<\/p>\n<h5><strong>Reg. N\u00b0 ICA\u00a0:<\/strong> 9064-MV<\/h5>\n<p>&nbsp;<\/p>\n","protected":false},"excerpt":{"rendered":"<h5>Coccidicide en suspension<\/h5>\n","protected":false},"featured_media":4642,"comment_status":"open","ping_status":"closed","template":"","meta":{"_locale":"fr_FR","_original_post":"http:\/\/box5653.temp.domains\/~zambran7\/figa\/?post_type=product&amp;p=397","_joinchat":[]},"product_brand":[],"product_cat":[71],"product_tag":[39,41,45],"class_list":{"0":"post-4892","1":"product","2":"type-product","3":"status-publish","4":"has-post-thumbnail","6":"product_cat-anticoccidiales-coccidicina","7":"product_tag-animales-produccion","8":"product_tag-bovinos","9":"product_tag-porcinos","10":"fr-FR","12":"first","13":"instock","14":"shipping-taxable","15":"product-type-simple"},"_links":{"self":[{"href":"https:\/\/figa.com.co\/wp-json\/wp\/v2\/product\/4892","targetHints":{"allow":["GET"]}}],"collection":[{"href":"https:\/\/figa.com.co\/wp-json\/wp\/v2\/product"}],"about":[{"href":"https:\/\/figa.com.co\/wp-json\/wp\/v2\/types\/product"}],"replies":[{"embeddable":true,"href":"https:\/\/figa.com.co\/wp-json\/wp\/v2\/comments?post=4892"}],"version-history":[{"count":0,"href":"https:\/\/figa.com.co\/wp-json\/wp\/v2\/product\/4892\/revisions"}],"wp:featuredmedia":[{"embeddable":true,"href":"https:\/\/figa.com.co\/wp-json\/wp\/v2\/media\/4642"}],"wp:attachment":[{"href":"https:\/\/figa.com.co\/wp-json\/wp\/v2\/media?parent=4892"}],"wp:term":[{"taxonomy":"product_brand","embeddable":true,"href":"https:\/\/figa.com.co\/wp-json\/wp\/v2\/product_brand?post=4892"},{"taxonomy":"product_cat","embeddable":true,"href":"https:\/\/figa.com.co\/wp-json\/wp\/v2\/product_cat?post=4892"},{"taxonomy":"product_tag","embeddable":true,"href":"https:\/\/figa.com.co\/wp-json\/wp\/v2\/product_tag?post=4892"}],"curies":[{"name":"wp","href":"https:\/\/api.w.org\/{rel}","templated":true}]}}