{"id":4890,"date":"2023-01-18T15:25:57","date_gmt":"2023-01-18T15:25:57","guid":{"rendered":"https:\/\/figa.com.co\/?post_type=product&#038;p=4890"},"modified":"2023-01-18T15:48:28","modified_gmt":"2023-01-18T15:48:28","slug":"tickzuron-2-5-pour-on","status":"publish","type":"product","link":"https:\/\/figa.com.co\/fr\/product\/tickzuron-2-5-pour-on\/","title":{"rendered":"TICKZURON"},"content":{"rendered":"<p>C&rsquo;est un inhibiteur du d\u00e9veloppement des tiques \u00e0 action syst\u00e9mique. Lorsqu&rsquo;il est appliqu\u00e9 sur le dos de l&rsquo;animal, il est absorb\u00e9 et d\u00e9pos\u00e9 dans la graisse, puis il est lentement lib\u00e9r\u00e9 dans la circulation sanguine, prot\u00e9geant les animaux pendant des p\u00e9riodes prolong\u00e9es.<\/p>\n<p>Les populations de tiques r\u00e9sistantes aux amidines, aux organophosphates ou aux pyr\u00e9thro\u00efdes sont susceptibles d&rsquo;\u00eatre affect\u00e9es par TICKZURON Pour On.<\/p>\n<p>Il est indiqu\u00e9 pour le contr\u00f4le des tiques d&rsquo;un seul h\u00f4te &#8211; <em>Rhipicephalus (Boophilus) microplus<\/em> &#8211; chez les bovins d&rsquo;engraissement et d&rsquo;\u00e9levage.<\/p>\n<h5><strong>Composition garantie\u00a0:<\/strong><\/h5>\n<p>Chaque mL de TICKZURON contient\u00a0:<\/p>\n<ul>\n<li>Fluazuron 25 mg<\/li>\n<li>Excipients q.s.p 1 mL<\/li>\n<\/ul>\n<h5><strong>Esp\u00e8ces pour lesquelles il est recommand\u00e9\u00a0:<\/strong><\/h5>\n<p>B\u00e9tail.<\/p>\n<h5><strong>Voie d&rsquo;administration\u00a0:<\/strong><\/h5>\n<p>\u00c9picutan\u00e9, (Pour On) appliqu\u00e9 sur le dos de l&rsquo;animal, en 2 bandes parall\u00e8les le long de la ligne m\u00e9diane, du garrot \u00e0 la base de la queue, \u00e0 l&rsquo;aide du flacon doseur.<\/p>\n<h5><strong>Posologie\u00a0:<\/strong><\/h5>\n<p>La dose recommand\u00e9e est de 2,5 mg de Fluazuron \/ kg de poids corporel, en pratique appliquer 5 mL de TICKZURON Pour On pour 50 kg de poids.<\/p>\n<p>Faire 3 \u00e0 4 applications par an selon le degr\u00e9 d&rsquo;incidence des tiques et le type d&rsquo;\u00e9levage.<\/p>\n<h5><strong>Heure de la retraite\u00a0:<\/strong><\/h5>\n<ul>\n<li><strong>Les animaux trait\u00e9s ne doivent pas \u00eatre abattus pour la consommation humaine avant 42\u00a0jours apr\u00e8s la fin du traitement.<\/strong><\/li>\n<li><strong>Ne pas administrer aux vaches produisant du lait destin\u00e9 \u00e0 la consommation humaine.<\/strong><\/li>\n<\/ul>\n<h5><strong>Pr\u00e9sentation\u00a0:<\/strong><\/h5>\n<p>Bouteille pour 250, 500, 1000 et 5000 mL.<\/p>\n<h5><strong>Reg. N\u00b0 ICA\u00a0:<\/strong> 8587-MV<\/h5>\n","protected":false},"excerpt":{"rendered":"<p>Tueur de tiques, inhibiteur de chitine<\/p>\n","protected":false},"featured_media":941,"comment_status":"open","ping_status":"closed","template":"","meta":{"_locale":"fr_FR","_original_post":"http:\/\/box5653.temp.domains\/~zambran7\/figa\/?post_type=product&amp;p=393","_joinchat":[]},"product_brand":[],"product_cat":[70],"product_tag":[39,41],"class_list":{"0":"post-4890","1":"product","2":"type-product","3":"status-publish","4":"has-post-thumbnail","6":"product_cat-externos-antiparasitarios-pour-on","7":"product_tag-animales-produccion","8":"product_tag-bovinos","9":"fr-FR","11":"first","12":"instock","13":"shipping-taxable","14":"product-type-simple"},"_links":{"self":[{"href":"https:\/\/figa.com.co\/wp-json\/wp\/v2\/product\/4890","targetHints":{"allow":["GET"]}}],"collection":[{"href":"https:\/\/figa.com.co\/wp-json\/wp\/v2\/product"}],"about":[{"href":"https:\/\/figa.com.co\/wp-json\/wp\/v2\/types\/product"}],"replies":[{"embeddable":true,"href":"https:\/\/figa.com.co\/wp-json\/wp\/v2\/comments?post=4890"}],"version-history":[{"count":0,"href":"https:\/\/figa.com.co\/wp-json\/wp\/v2\/product\/4890\/revisions"}],"wp:featuredmedia":[{"embeddable":true,"href":"https:\/\/figa.com.co\/wp-json\/wp\/v2\/media\/941"}],"wp:attachment":[{"href":"https:\/\/figa.com.co\/wp-json\/wp\/v2\/media?parent=4890"}],"wp:term":[{"taxonomy":"product_brand","embeddable":true,"href":"https:\/\/figa.com.co\/wp-json\/wp\/v2\/product_brand?post=4890"},{"taxonomy":"product_cat","embeddable":true,"href":"https:\/\/figa.com.co\/wp-json\/wp\/v2\/product_cat?post=4890"},{"taxonomy":"product_tag","embeddable":true,"href":"https:\/\/figa.com.co\/wp-json\/wp\/v2\/product_tag?post=4890"}],"curies":[{"name":"wp","href":"https:\/\/api.w.org\/{rel}","templated":true}]}}