{"id":4886,"date":"2023-01-18T15:26:57","date_gmt":"2023-01-18T15:26:57","guid":{"rendered":"https:\/\/figa.com.co\/?post_type=product&#038;p=4886"},"modified":"2023-12-26T15:25:32","modified_gmt":"2023-12-26T15:25:32","slug":"doxifig","status":"publish","type":"product","link":"https:\/\/figa.com.co\/fr\/product\/doxifig\/","title":{"rendered":"DOXIFIG"},"content":{"rendered":"<p>Indiqu\u00e9 pour le traitement de maladies telles que : Bartonellose, pneumonie et bronchopneumonie, pharyngite, trach\u00e9ite, amygdalite, otite, bronchite et sinusite, infections g\u00e9nito-urinaires : m\u00e9trite et cystite, leptospirose, borr\u00e9liose (maladie de Lyme), Erlichiose, toxoplasmose, t\u00e9tanos, brucellose, infections gastro-intestinales et diarrh\u00e9es, otites, pyodermites profondes et superficielles, abc\u00e8s, furoncles, cellulite, pr\u00e9vention des infections post-op\u00e9ratoires ou traitement des plaies infect\u00e9es, infections articulaires, p\u00e9riostite, gingivite, arthrose.<\/p>\n<h5><strong>Composition garantie:<\/strong><\/h5>\n<p>Chaque mL de solution buvable contient\u00a0:<\/p>\n<ul>\n<li>Hyclate de Doxycycline 57,7 mg(\u00c9quivalent \u00e0 Doxycycline base 50 mg)<\/li>\n<li>Excipients c.s.p. 1mL<\/li>\n<\/ul>\n<h5><strong>Esp\u00e8ces pour lesquelles il est recommand\u00e9:<\/strong><\/h5>\n<p>Chiens et chats.<\/p>\n<h5><strong>Voie d&rsquo;administration:<\/strong><\/h5>\n<p>Administrer uniquement par voie orale, avec de la nourriture ou imm\u00e9diatement apr\u00e8s le repas.<\/p>\n<h5><strong>Posologie:<\/strong><\/h5>\n<p>Administrer par voie orale \u00e0 une dose m\u00e9dicale de 5 \u00e0 10 mg\/kg toutes les 12 heures pendant 7 \u00e0 14 jours, en pratique administrer une dose de 1 \u00e0 2 mL de DOXIFIG pour 10 kilos de poids vif ou \u00e0 la discr\u00e9tion du V\u00e9t\u00e9rinaire.<\/p>\n<p>Pour le traitement de la Bartonellose canine, Bartonellose F\u00e9line, Brucellose, Leptospirose, Toxoplasmose et Erlichiose, administrer par voie orale une dose m\u00e9dicale de 10 mg\/kg toutes les 12 \u00e0 24 heures pendant 14 \u00e0 30 jours, en pratique administrer une dose de 1 mL de DOXIFIG pour chaque tranche de 5 kilos de poids vif ou \u00e0 la discr\u00e9tion du v\u00e9t\u00e9rinaire.<\/p>\n<h5><strong>Contre-indications:<\/strong><\/h5>\n<ul>\n<li>Chez les animaux pr\u00e9sentant une hypersensibilit\u00e9 aux antibiotiques du groupe des t\u00e9tracyclines.<\/li>\n<li>Ne pas administrer aux femmes enceintes, les t\u00e9tracyclines peuvent retarder le d\u00e9veloppement du squelette f\u0153tal, provoquer des malformations osseuses et une coloration ind\u00e9sirable (jaune) des dents de lait des f\u0153tus et des nouveau-n\u00e9s. Il ne doit \u00eatre utilis\u00e9 qu&rsquo;au cours de la derni\u00e8re moiti\u00e9 de la grossesse lorsque les avantages l&#8217;emportent sur les risques pour le f\u0153tus.<\/li>\n<li>Ne pas administrer aux nouveau-n\u00e9s (chiots et chatons).<\/li>\n<li>En raison d&rsquo;interactions m\u00e9dicamenteuses, ne pas administrer simultan\u00e9ment avec des antiacides oraux, du sous-salicylate de bismuth, de la pectine de kaolin, du fer oral, des p\u00e9nicillines, de la ph\u00e9nyto\u00efne et du ph\u00e9nobarbital.<\/li>\n<\/ul>\n<h5><strong>Pr\u00e9cautions et avertissements:<\/strong><\/h5>\n<ul>\n<li>Administrer oralement uniquement.<\/li>\n<li>Un surdosage peut provoquer des troubles gastro-intestinaux (vomissements, diarrh\u00e9e, gastrite et anorexie).<\/li>\n<li>L&rsquo;administration orale de DOXIFIG peut \u00eatre associ\u00e9e \u00e0 des naus\u00e9es et des vomissements. Pour att\u00e9nuer ces effets, il doit \u00eatre administr\u00e9 avec de la nourriture ou imm\u00e9diatement apr\u00e8s le repas.<\/li>\n<li>Conserver \u00e0 une temp\u00e9rature inf\u00e9rieure \u00e0 30 \u00b0C, \u00e0 l&rsquo;abri du soleil.<\/li>\n<\/ul>\n<h5><strong>Pr\u00e9sentation:<\/strong><\/h5>\n<p>Flacon pour 30, 60 et 120 ml. Avec seringue doseuse.<\/p>\n<h5><strong>Reg. N\u00b0 ICA\u00a0:<\/strong> 9521-MV<\/h5>\n","protected":false},"excerpt":{"rendered":"<h5>Antimicrobien \u00e0 large spectre<\/h5>\n","protected":false},"featured_media":3731,"comment_status":"open","ping_status":"closed","template":"","meta":{"_locale":"fr_FR","_original_post":"http:\/\/box5653.temp.domains\/~zambran7\/figa\/product\/doxifig\/","_joinchat":[]},"product_brand":[],"product_cat":[80],"product_tag":[40,48,54],"class_list":{"0":"post-4886","1":"product","2":"type-product","3":"status-publish","4":"has-post-thumbnail","6":"product_cat-clinicos-medicados-pets","7":"product_tag-compania-animales","8":"product_tag-gatos","9":"product_tag-perros","10":"fr-FR","12":"first","13":"instock","14":"shipping-taxable","15":"product-type-simple"},"_links":{"self":[{"href":"https:\/\/figa.com.co\/wp-json\/wp\/v2\/product\/4886","targetHints":{"allow":["GET"]}}],"collection":[{"href":"https:\/\/figa.com.co\/wp-json\/wp\/v2\/product"}],"about":[{"href":"https:\/\/figa.com.co\/wp-json\/wp\/v2\/types\/product"}],"replies":[{"embeddable":true,"href":"https:\/\/figa.com.co\/wp-json\/wp\/v2\/comments?post=4886"}],"version-history":[{"count":3,"href":"https:\/\/figa.com.co\/wp-json\/wp\/v2\/product\/4886\/revisions"}],"predecessor-version":[{"id":6415,"href":"https:\/\/figa.com.co\/wp-json\/wp\/v2\/product\/4886\/revisions\/6415"}],"wp:featuredmedia":[{"embeddable":true,"href":"https:\/\/figa.com.co\/wp-json\/wp\/v2\/media\/3731"}],"wp:attachment":[{"href":"https:\/\/figa.com.co\/wp-json\/wp\/v2\/media?parent=4886"}],"wp:term":[{"taxonomy":"product_brand","embeddable":true,"href":"https:\/\/figa.com.co\/wp-json\/wp\/v2\/product_brand?post=4886"},{"taxonomy":"product_cat","embeddable":true,"href":"https:\/\/figa.com.co\/wp-json\/wp\/v2\/product_cat?post=4886"},{"taxonomy":"product_tag","embeddable":true,"href":"https:\/\/figa.com.co\/wp-json\/wp\/v2\/product_tag?post=4886"}],"curies":[{"name":"wp","href":"https:\/\/api.w.org\/{rel}","templated":true}]}}