{"id":4884,"date":"2023-01-18T15:26:57","date_gmt":"2023-01-18T15:26:57","guid":{"rendered":"https:\/\/figa.com.co\/?post_type=product&#038;p=4884"},"modified":"2023-11-23T15:08:04","modified_gmt":"2023-11-23T15:08:04","slug":"figatil","status":"publish","type":"product","link":"https:\/\/figa.com.co\/fr\/product\/figatil\/","title":{"rendered":"FIGATIL"},"content":{"rendered":"<p>Chez les volailles (poulets de chair, poulets d&rsquo;\u00e9levage et reproducteurs), pour le traitement de <em>Pasteurella sp.<\/em> Pour le contr\u00f4le et le traitement des infections caus\u00e9es par <em>Mycoplasma gallisepticum, Mycoplasma synoviae.<\/em><\/p>\n<h5><strong>Composition garantie\u00a0:<\/strong><\/h5>\n<p>Chaque mL de solution buvable contient\u00a0:<\/p>\n<ul>\n<li>Tilmicosine base 250 mg<\/li>\n<li>Excipients c.s.p. 1mL<\/li>\n<\/ul>\n<h5><strong>Esp\u00e8ces pour lesquelles il est recommand\u00e9\u00a0:<\/strong><\/h5>\n<p>Oiseaux.<\/p>\n<h5><strong>Voie d&rsquo;administration\u00a0:<\/strong><\/h5>\n<p>Voie orale. Administrer dans l&rsquo;eau potable.<\/p>\n<h5>Dosage:<\/h5>\n<p>Administrer une dose quotidienne de 15 \u00e0 20 mg de tilmicosine\/kg de poids corporel.<\/p>\n<p>En pratique, diluer 0,3 mL de FIGATIL par litre d&rsquo;eau, ce qui \u00e9quivaut \u00e0 75 mg de Tilmicosine\/litre (75 ppm) pendant 3 jours cons\u00e9cutifs.<\/p>\n<p>Flacon compte-gouttes : apporter 1 mL (20 gouttes) de FIGATIL pour 13 \u00e0 17 kg de poids vif dans l&rsquo;eau de boisson.<\/p>\n<table>\n<tbody>\n<tr>\n<td style=\"text-align: center; vertical-align: middle;\" colspan=\"8\">\n<h6>POSOLOGIE CHEZ LES POUSSIN<\/h6>\n<\/td>\n<\/tr>\n<tr>\n<td style=\"text-align: center; vertical-align: middle;\"><strong>Nombre de poussins<\/strong><\/td>\n<td style=\"text-align: center; vertical-align: middle;\">500<\/td>\n<td style=\"text-align: center; vertical-align: middle;\">1000<\/td>\n<td style=\"text-align: center; vertical-align: middle;\">1500<\/td>\n<td style=\"text-align: center; vertical-align: middle;\">2000<\/td>\n<td style=\"text-align: center; vertical-align: middle;\">4000<\/td>\n<td style=\"text-align: center; vertical-align: middle;\">6000<\/td>\n<td style=\"text-align: center; vertical-align: middle;\">8000<\/td>\n<\/tr>\n<tr>\n<td style=\"text-align: center; vertical-align: middle;\"><strong>FIGATIL<\/strong><\/p>\n<p><strong>mL\/jour<\/strong><\/td>\n<td style=\"text-align: center; vertical-align: middle;\">4 mL<\/td>\n<td style=\"text-align: center; vertical-align: middle;\">8 mL<\/td>\n<td style=\"text-align: center; vertical-align: middle;\">12 mL<\/td>\n<td style=\"text-align: center; vertical-align: middle;\">16 mL<\/td>\n<td style=\"text-align: center; vertical-align: middle;\">32 mL<\/td>\n<td style=\"text-align: center; vertical-align: middle;\">48 mL<\/td>\n<td style=\"text-align: center; vertical-align: middle;\">64 mL<\/td>\n<\/tr>\n<\/tbody>\n<\/table>\n<p>&nbsp;<\/p>\n<table style=\"width: 41.9627%; height: 282px;\">\n<tbody>\n<tr style=\"height: 66px;\">\n<td style=\"text-align: center; vertical-align: middle; width: 97.0588%; height: 66px;\" colspan=\"7\" width=\"370\">\n<h6>POSOLOGIE CHEZ LES POULETS<\/h6>\n<\/td>\n<\/tr>\n<tr style=\"height: 48px;\">\n<td style=\"text-align: center; vertical-align: middle; width: 97.0588%; height: 48px;\" colspan=\"7\" width=\"370\"><strong>FIGATIL 25% Dose quotidienne en mL (15 \u2013 20 mg\/kg)<\/strong><\/td>\n<\/tr>\n<tr style=\"height: 24px;\">\n<td style=\"text-align: center; vertical-align: middle; width: 22.549%; height: 48px;\" rowspan=\"2\" width=\"89\"><strong>N\u00b0 d&rsquo;oiseaux<\/strong><\/td>\n<td style=\"text-align: center; vertical-align: middle; width: 74.5098%; height: 24px;\" colspan=\"6\" width=\"281\"><strong>Poids de l&rsquo;oiseau (Kilos)<\/strong><\/td>\n<\/tr>\n<tr style=\"height: 24px;\">\n<td style=\"text-align: center; vertical-align: middle; width: 12.5%; height: 24px;\" width=\"47\"><strong>0,30<\/strong><\/td>\n<td style=\"text-align: center; vertical-align: middle; width: 12.5%; height: 24px;\" width=\"47\"><strong>0,40<\/strong><\/td>\n<td style=\"text-align: center; vertical-align: middle; width: 12.5%; height: 24px;\" width=\"47\"><strong>0,50<\/strong><\/td>\n<td style=\"text-align: center; vertical-align: middle; width: 12.5%; height: 24px;\" width=\"47\"><strong>0,60<\/strong><\/td>\n<td style=\"text-align: center; vertical-align: middle; width: 12.5%; height: 24px;\" width=\"47\"><strong>0,70<\/strong><\/td>\n<td style=\"text-align: center; vertical-align: middle; width: 12.0098%; height: 24px;\" width=\"45\"><strong>0,80<\/strong><\/td>\n<\/tr>\n<tr style=\"height: 24px;\">\n<td style=\"text-align: center; vertical-align: middle; width: 22.549%; height: 24px;\" width=\"89\"><strong><em>500<\/em><\/strong><\/td>\n<td style=\"text-align: center; vertical-align: middle; width: 12.5%; height: 24px;\" width=\"47\">9<\/td>\n<td style=\"text-align: center; vertical-align: middle; width: 12.5%; height: 24px;\" width=\"47\">12<\/td>\n<td style=\"text-align: center; vertical-align: middle; width: 12.5%; height: 24px;\" width=\"47\">15<\/td>\n<td style=\"text-align: center; vertical-align: middle; width: 12.5%; height: 24px;\" width=\"47\">18<\/td>\n<td style=\"text-align: center; vertical-align: middle; width: 12.5%; height: 24px;\" width=\"47\">21<\/td>\n<td style=\"text-align: center; vertical-align: middle; width: 12.0098%; height: 24px;\" width=\"45\">24<\/td>\n<\/tr>\n<tr style=\"height: 24px;\">\n<td style=\"text-align: center; vertical-align: middle; width: 22.549%; height: 24px;\" width=\"89\"><strong><em>1000<\/em><\/strong><\/td>\n<td style=\"text-align: center; vertical-align: middle; width: 12.5%; height: 24px;\" width=\"47\">18<\/td>\n<td style=\"text-align: center; vertical-align: middle; width: 12.5%; height: 24px;\" width=\"47\">24<\/td>\n<td style=\"text-align: center; vertical-align: middle; width: 12.5%; height: 24px;\" width=\"47\">30<\/td>\n<td style=\"text-align: center; vertical-align: middle; width: 12.5%; height: 24px;\" width=\"47\">36<\/td>\n<td style=\"text-align: center; vertical-align: middle; width: 12.5%; height: 24px;\" width=\"47\">42<\/td>\n<td style=\"text-align: center; vertical-align: middle; width: 12.0098%; height: 24px;\" width=\"45\">48<\/td>\n<\/tr>\n<tr style=\"height: 24px;\">\n<td style=\"text-align: center; vertical-align: middle; width: 22.549%; height: 24px;\" width=\"89\"><strong><em>1500<\/em><\/strong><\/td>\n<td style=\"text-align: center; vertical-align: middle; width: 12.5%; height: 24px;\" width=\"47\">27<\/td>\n<td style=\"text-align: center; vertical-align: middle; width: 12.5%; height: 24px;\" width=\"47\">36<\/td>\n<td style=\"text-align: center; vertical-align: middle; width: 12.5%; height: 24px;\" width=\"47\">45<\/td>\n<td style=\"text-align: center; vertical-align: middle; width: 12.5%; height: 24px;\" width=\"47\">54<\/td>\n<td style=\"text-align: center; vertical-align: middle; width: 12.5%; height: 24px;\" width=\"47\">63<\/td>\n<td style=\"text-align: center; vertical-align: middle; width: 12.0098%; height: 24px;\" width=\"45\">72<\/td>\n<\/tr>\n<tr style=\"height: 24px;\">\n<td style=\"text-align: center; vertical-align: middle; width: 22.549%; height: 24px;\" width=\"89\"><strong><em>2000<\/em><\/strong><\/td>\n<td style=\"text-align: center; vertical-align: middle; width: 12.5%; height: 24px;\" width=\"47\">36<\/td>\n<td style=\"text-align: center; vertical-align: middle; width: 12.5%; height: 24px;\" width=\"47\">48<\/td>\n<td style=\"text-align: center; vertical-align: middle; width: 12.5%; height: 24px;\" width=\"47\">60<\/td>\n<td style=\"text-align: center; vertical-align: middle; width: 12.5%; height: 24px;\" width=\"47\">72<\/td>\n<td style=\"text-align: center; vertical-align: middle; width: 12.5%; height: 24px;\" width=\"47\">84<\/td>\n<td style=\"text-align: center; vertical-align: middle; width: 12.0098%; height: 24px;\" width=\"45\">96<\/td>\n<\/tr>\n<tr style=\"height: 24px;\">\n<td style=\"text-align: center; vertical-align: middle; width: 22.549%; height: 24px;\" width=\"89\"><strong><em>4000<\/em><\/strong><\/td>\n<td style=\"text-align: center; vertical-align: middle; width: 12.5%; height: 24px;\" width=\"47\">72<\/td>\n<td style=\"text-align: center; vertical-align: middle; width: 12.5%; height: 24px;\" width=\"47\">96<\/td>\n<td style=\"text-align: center; vertical-align: middle; width: 12.5%; height: 24px;\" width=\"47\">120<\/td>\n<td style=\"text-align: center; vertical-align: middle; width: 12.5%; height: 24px;\" width=\"47\">144<\/td>\n<td style=\"text-align: center; vertical-align: middle; width: 12.5%; height: 24px;\" width=\"47\">168<\/td>\n<td style=\"text-align: center; vertical-align: middle; width: 12.0098%; height: 24px;\" width=\"45\">192<\/td>\n<\/tr>\n<\/tbody>\n<\/table>\n<h5><strong>Contre-indications\u00a0:<\/strong><\/h5>\n<p>La solution \u00e0 administrer doit \u00eatre pr\u00e9par\u00e9e quotidiennement.<\/p>\n<h5><strong>Pr\u00e9cautions\u00a0:<\/strong><\/h5>\n<ul>\n<li>Pour usage oral uniquement, ne pas injecter.<\/li>\n<li>Utiliser des v\u00eatements adapt\u00e9s (combinaison, gants et lunettes) pour manipuler le produit.<\/li>\n<li>Interdire aux \u00e9quid\u00e9s l&rsquo;acc\u00e8s \u00e0 l&rsquo;eau m\u00e9dicamenteuse.<\/li>\n<li>\u00c9viter l&rsquo;exposition directe du produit au soleil.<\/li>\n<li>Le contact avec la peau peut provoquer une irritation ou une sensibilisation.<\/li>\n<li>Apr\u00e8s ouverture consommer le produit dans les 3 mois<\/li>\n<li>Conserver en dessous de 30\u00a0\u00b0C, \u00e0 l&rsquo;abri du soleil.<\/li>\n<\/ul>\n<h5><strong>Heure de la retraite\u00a0:<\/strong><\/h5>\n<ul>\n<li><strong>Les animaux trait\u00e9s ne doivent pas \u00eatre abattus pour la consommation humaine avant 7\u00a0jours apr\u00e8s la fin du traitement.<\/strong><\/li>\n<li><strong>Ne pas administrer aux oiseaux pondeurs dont les \u0153ufs sont destin\u00e9s \u00e0 la consommation humaine.<\/strong><\/li>\n<\/ul>\n<h5><strong>Pr\u00e9sentation\u00a0:<\/strong><\/h5>\n<p>Flacon de 10, 120, 240, 500 et 1000 mL, bo\u00eete de 12 flacons compte-gouttes de 10 mL, bo\u00eete de 15 flacons compte-gouttes de 10 mL.<\/p>\n<p><strong>N\u00b0 d&rsquo;enregistrement ICA: 9404-MV<\/strong><\/p>\n<p>&nbsp;<\/p>\n","protected":false},"excerpt":{"rendered":"<h5>Antibiotique bact\u00e9ricide et bact\u00e9riostatique<\/h5>\n","protected":false},"featured_media":807,"comment_status":"open","ping_status":"closed","template":"","meta":{"_locale":"fr_FR","_original_post":"http:\/\/box5653.temp.domains\/~zambran7\/figa\/product\/figatil\/","_joinchat":[]},"product_brand":[],"product_cat":[73],"product_tag":[39,47],"class_list":{"0":"post-4884","1":"product","2":"type-product","3":"status-publish","4":"has-post-thumbnail","6":"product_cat-antibioticos-inyectables","7":"product_tag-animales-produccion","8":"product_tag-aves","9":"fr-FR","11":"first","12":"instock","13":"shipping-taxable","14":"product-type-simple"},"_links":{"self":[{"href":"https:\/\/figa.com.co\/wp-json\/wp\/v2\/product\/4884","targetHints":{"allow":["GET"]}}],"collection":[{"href":"https:\/\/figa.com.co\/wp-json\/wp\/v2\/product"}],"about":[{"href":"https:\/\/figa.com.co\/wp-json\/wp\/v2\/types\/product"}],"replies":[{"embeddable":true,"href":"https:\/\/figa.com.co\/wp-json\/wp\/v2\/comments?post=4884"}],"version-history":[{"count":3,"href":"https:\/\/figa.com.co\/wp-json\/wp\/v2\/product\/4884\/revisions"}],"predecessor-version":[{"id":6084,"href":"https:\/\/figa.com.co\/wp-json\/wp\/v2\/product\/4884\/revisions\/6084"}],"wp:featuredmedia":[{"embeddable":true,"href":"https:\/\/figa.com.co\/wp-json\/wp\/v2\/media\/807"}],"wp:attachment":[{"href":"https:\/\/figa.com.co\/wp-json\/wp\/v2\/media?parent=4884"}],"wp:term":[{"taxonomy":"product_brand","embeddable":true,"href":"https:\/\/figa.com.co\/wp-json\/wp\/v2\/product_brand?post=4884"},{"taxonomy":"product_cat","embeddable":true,"href":"https:\/\/figa.com.co\/wp-json\/wp\/v2\/product_cat?post=4884"},{"taxonomy":"product_tag","embeddable":true,"href":"https:\/\/figa.com.co\/wp-json\/wp\/v2\/product_tag?post=4884"}],"curies":[{"name":"wp","href":"https:\/\/api.w.org\/{rel}","templated":true}]}}