{"id":4882,"date":"2023-01-18T15:26:58","date_gmt":"2023-01-18T15:26:58","guid":{"rendered":"https:\/\/figa.com.co\/?post_type=product&#038;p=4882"},"modified":"2023-12-29T20:25:09","modified_gmt":"2023-12-29T20:25:09","slug":"masleg-s","status":"publish","type":"product","link":"https:\/\/figa.com.co\/fr\/product\/masleg-s\/","title":{"rendered":"MASLEG S"},"content":{"rendered":"<p>Antimastitique pour la p\u00e9riode de s\u00e9chage indiqu\u00e9 pour la pr\u00e9vention et le traitement optimal de la mammite clinique et subclinique, avec une plus grande adh\u00e9rence, diffusion et persistance des antibiotiques dans le tissu intramammaire, ainsi que leur r\u00e9cup\u00e9ration efficace\u00a0; gr\u00e2ce aux excipients pr\u00e9sents dans sa formulation, tels que la Vitamine E, l&rsquo;Huile de Canime, le DMSO et des min\u00e9raux tels que le S\u00e9l\u00e9nium et le Zinc, qui am\u00e9liorent la r\u00e9ponse immunitaire des tissus.<\/p>\n<h5><strong>Composition garantie:<\/strong><\/h5>\n<p>Chaque seringue de 10\u00a0g de suspension intramammaire contient\u00a0:<\/p>\n<ul>\n<li>Lincomycine HCl 220 mg<\/li>\n<\/ul>\n<p>(200 mg d&rsquo;\u00e9quivalent lincomycine base)<\/p>\n<ul>\n<li>Sulfate de n\u00e9omycine 740 mg<\/li>\n<\/ul>\n<p>(\u00c9quivalent en N\u00e9omycine base 500 mg)<\/p>\n<ul>\n<li>Excipients q.s.p 10 g<\/li>\n<\/ul>\n<h5><strong>Esp\u00e8ces pour lesquelles il est recommand\u00e9: <\/strong><\/h5>\n<p>B\u00e9tail.<\/p>\n<h5><strong>Voie d&rsquo;administration:<\/strong><\/h5>\n<p>Voie intramammaire.<\/p>\n<h5><strong>Dosage:<\/strong><\/h5>\n<p>Le dernier jour de lactation, traire abondamment, nettoyer les trayons\u00a0; faire une antisepsie et les s\u00e9cher. Appliquer la totalit\u00e9 du contenu de la seringue (10 g) par quartier en introduisant la premi\u00e8re partie de la canule dans le conduit trayeur. Faire un l\u00e9ger massage ascendant, pour assurer la diffusion du m\u00e9dicament.<\/p>\n<h5><strong>D\u00e9lai de retrait:<\/strong><\/h5>\n<ul>\n<li><strong>Les animaux trait\u00e9s ne doivent pas \u00eatre abattus pour la consommation humaine avant 50 jours apr\u00e8s la fin du traitement.<\/strong><\/li>\n<li><strong>Le lait produit 96 heures apr\u00e8s la naissance ne doit pas \u00eatre donn\u00e9 \u00e0 la consommation humaine. Ne pas administrer aux vaches en lactation, ni dans les 50 jours pr\u00e9c\u00e9dant le v\u00ealage.<\/strong><\/li>\n<\/ul>\n<h5><strong>Pr\u00e9cautions:<\/strong><\/h5>\n<p>Conserver dans un endroit frais et sec, \u00e0 une temp\u00e9rature inf\u00e9rieure \u00e0 25 \u00b0C et \u00e0 l&rsquo;abri du soleil.<\/p>\n<h5><strong>Pr\u00e9sentation<\/strong>:<\/h5>\n<p>Seringues de 10 g en bo\u00eetes de 4, 12, 20 et 40 unit\u00e9s.<\/p>\n<h5><strong>Reg. N\u00b0 ICA\u00a0:<\/strong> 8723-MV<\/h5>\n","protected":false},"excerpt":{"rendered":"<p>Antimastitique pour p\u00e9riode s\u00e8che<\/p>\n","protected":false},"featured_media":4251,"comment_status":"open","ping_status":"closed","template":"","meta":{"_locale":"fr_FR","_original_post":"http:\/\/box5653.temp.domains\/~zambran7\/figa\/product\/masleg-s\/","_joinchat":[]},"product_brand":[],"product_cat":[74],"product_tag":[39,41],"class_list":{"0":"post-4882","1":"product","2":"type-product","3":"status-publish","4":"has-post-thumbnail","6":"product_cat-antimastiticos-intramamarios","7":"product_tag-animales-produccion","8":"product_tag-bovinos","9":"fr-FR","11":"first","12":"instock","13":"shipping-taxable","14":"product-type-simple"},"_links":{"self":[{"href":"https:\/\/figa.com.co\/wp-json\/wp\/v2\/product\/4882","targetHints":{"allow":["GET"]}}],"collection":[{"href":"https:\/\/figa.com.co\/wp-json\/wp\/v2\/product"}],"about":[{"href":"https:\/\/figa.com.co\/wp-json\/wp\/v2\/types\/product"}],"replies":[{"embeddable":true,"href":"https:\/\/figa.com.co\/wp-json\/wp\/v2\/comments?post=4882"}],"version-history":[{"count":4,"href":"https:\/\/figa.com.co\/wp-json\/wp\/v2\/product\/4882\/revisions"}],"predecessor-version":[{"id":6531,"href":"https:\/\/figa.com.co\/wp-json\/wp\/v2\/product\/4882\/revisions\/6531"}],"wp:featuredmedia":[{"embeddable":true,"href":"https:\/\/figa.com.co\/wp-json\/wp\/v2\/media\/4251"}],"wp:attachment":[{"href":"https:\/\/figa.com.co\/wp-json\/wp\/v2\/media?parent=4882"}],"wp:term":[{"taxonomy":"product_brand","embeddable":true,"href":"https:\/\/figa.com.co\/wp-json\/wp\/v2\/product_brand?post=4882"},{"taxonomy":"product_cat","embeddable":true,"href":"https:\/\/figa.com.co\/wp-json\/wp\/v2\/product_cat?post=4882"},{"taxonomy":"product_tag","embeddable":true,"href":"https:\/\/figa.com.co\/wp-json\/wp\/v2\/product_tag?post=4882"}],"curies":[{"name":"wp","href":"https:\/\/api.w.org\/{rel}","templated":true}]}}