{"id":4881,"date":"2023-01-18T15:26:58","date_gmt":"2023-01-18T15:26:58","guid":{"rendered":"https:\/\/figa.com.co\/?post_type=product&#038;p=4881"},"modified":"2023-01-18T15:48:18","modified_gmt":"2023-01-18T15:48:18","slug":"masleg-l","status":"publish","type":"product","link":"https:\/\/figa.com.co\/fr\/product\/masleg-l\/","title":{"rendered":"MASLEG L"},"content":{"rendered":"<p>Indiqu\u00e9 pour le traitement de la mammite clinique et subclinique pendant la p\u00e9riode de lactation, caus\u00e9e par\u00a0: <em>Corynebacterium sp., Streptococcus sp., Staphylococcus sp., Escherichia coli, Proteus sp., Klebsiella sp., Mycoplasma sp.<\/ em><\/p>\n<p>Masleg L est compos\u00e9 de deux antibiotiques \u00e0 action synergique bact\u00e9ricide \u00e0 large spectre, la spiramycine et la n\u00e9omycine, avec un anti-inflammatoire glucocortico\u00efde de synth\u00e8se tel que la prednisolone\u00a0; \u00e0 des concentrations th\u00e9rapeutiques, pour le traitement des mammites pendant l&rsquo;allaitement.<\/p>\n<h5><strong>Composition garantie\u00a0:<\/strong><\/h5>\n<p>Chaque seringue pour 10\u00a0mL de solution intramammaire contient\u00a0:<\/p>\n<ul>\n<li>Adipate de spiramycine 294\u00a0mg\n<p>(\u00c9quivalent en Spiramycine base 250 mg)<\/li>\n<li>Sulfate de n\u00e9omycine 296\u00a0mg\n<p>(\u00c9quivalent en n\u00e9omycine base 200 mg)<\/li>\n<li>Pr\u00e9dnisolone phosphate sodique 6,8\u00a0mg\n<p>(\u00c9quivalent en prednisolone base 5 mg)<\/li>\n<li>Excipients q.s.p 10 mL<\/li>\n<\/ul>\n<h5><strong>Voie d&rsquo;administration<\/strong>\u00a0:<\/h5>\n<p>Intramammaire.<\/p>\n<h5><strong>Posologie<\/strong>\u00a0:<\/h5>\n<p>Traitez soigneusement, nettoyez, d\u00e9sinfectez et s\u00e9chez le trayon du quartier atteint\u00a0; Perfuser tout le contenu de la seringue (10 ml) en introduisant la premi\u00e8re partie de la canule dans le conduit du mamelon. Faire un l\u00e9ger massage ascendant, pour assurer la diffusion du m\u00e9dicament. R\u00e9p\u00e9ter l&rsquo;application \u00e0 la fin de chacune des traites suivantes jusqu&rsquo;\u00e0 compl\u00e9ter 3 \u00e0 5 applications\u00a0; ou \u00e0 la discr\u00e9tion du v\u00e9t\u00e9rinaire.<\/p>\n<h5><strong>Heure de la retraite\u00a0:<\/strong><\/h5>\n<ul>\n<li><strong>Les animaux trait\u00e9s ne doivent pas \u00eatre abattus pour la consommation humaine avant 16\u00a0jours apr\u00e8s la fin du traitement. <\/strong><\/li>\n<li><strong>Le lait produit pendant le traitement et 120\u00a0heures apr\u00e8s la fin du traitement ne doit pas \u00eatre destin\u00e9 \u00e0 la consommation humaine.<\/strong><\/li>\n<\/ul>\n<h5><strong>Pr\u00e9cautions\u00a0:<\/strong><\/h5>\n<ul>\n<li>Ne pas administrer pendant le dernier tiers de la grossesse.<\/li>\n<li>Conserver dans un endroit frais et sec en dessous de 25\u00a0\u00b0C \u00e0 l&rsquo;abri de la lumi\u00e8re du soleil.<\/li>\n<\/ul>\n<h5><strong>Pr\u00e9sentation<\/strong>\u00a0:<\/h5>\n<p>Seringues x 10 mL en bo\u00eetes x 4, 12, 20 et seau de 40 unit\u00e9s.<\/p>\n<h5><strong>Reg. N\u00b0 ICA\u00a0:<\/strong> 8430-MV<\/h5>\n<p>&nbsp;<\/p>\n","protected":false},"excerpt":{"rendered":"<h5>Antimastitique pour la p\u00e9riode de lactation<\/h5>\n","protected":false},"featured_media":4250,"comment_status":"open","ping_status":"closed","template":"","meta":{"_locale":"fr_FR","_original_post":"http:\/\/box5653.temp.domains\/~zambran7\/figa\/product\/masleg-l\/","_joinchat":[]},"product_brand":[],"product_cat":[74],"product_tag":[39,41],"class_list":{"0":"post-4881","1":"product","2":"type-product","3":"status-publish","4":"has-post-thumbnail","6":"product_cat-antimastiticos-intramamarios","7":"product_tag-animales-produccion","8":"product_tag-bovinos","9":"fr-FR","11":"first","12":"instock","13":"shipping-taxable","14":"product-type-simple"},"_links":{"self":[{"href":"https:\/\/figa.com.co\/wp-json\/wp\/v2\/product\/4881","targetHints":{"allow":["GET"]}}],"collection":[{"href":"https:\/\/figa.com.co\/wp-json\/wp\/v2\/product"}],"about":[{"href":"https:\/\/figa.com.co\/wp-json\/wp\/v2\/types\/product"}],"replies":[{"embeddable":true,"href":"https:\/\/figa.com.co\/wp-json\/wp\/v2\/comments?post=4881"}],"version-history":[{"count":1,"href":"https:\/\/figa.com.co\/wp-json\/wp\/v2\/product\/4881\/revisions"}],"predecessor-version":[{"id":6526,"href":"https:\/\/figa.com.co\/wp-json\/wp\/v2\/product\/4881\/revisions\/6526"}],"wp:featuredmedia":[{"embeddable":true,"href":"https:\/\/figa.com.co\/wp-json\/wp\/v2\/media\/4250"}],"wp:attachment":[{"href":"https:\/\/figa.com.co\/wp-json\/wp\/v2\/media?parent=4881"}],"wp:term":[{"taxonomy":"product_brand","embeddable":true,"href":"https:\/\/figa.com.co\/wp-json\/wp\/v2\/product_brand?post=4881"},{"taxonomy":"product_cat","embeddable":true,"href":"https:\/\/figa.com.co\/wp-json\/wp\/v2\/product_cat?post=4881"},{"taxonomy":"product_tag","embeddable":true,"href":"https:\/\/figa.com.co\/wp-json\/wp\/v2\/product_tag?post=4881"}],"curies":[{"name":"wp","href":"https:\/\/api.w.org\/{rel}","templated":true}]}}