{"id":4879,"date":"2023-01-18T15:26:59","date_gmt":"2023-01-18T15:26:59","guid":{"rendered":"https:\/\/figa.com.co\/?post_type=product&#038;p=4879"},"modified":"2023-12-28T14:17:34","modified_gmt":"2023-12-28T14:17:34","slug":"fifenicol","status":"publish","type":"product","link":"https:\/\/figa.com.co\/fr\/product\/fifenicol\/","title":{"rendered":"FIFENICOL"},"content":{"rendered":"<p>Solution injectable contenant du (Florf\u00e9nicol), qui est un antibiotique synth\u00e9tique \u00e0 large spectre actif contre les bact\u00e9ries gram-positives et gram-n\u00e9gatives.<\/p>\n<p>El (Florf\u00e9nicol) agit en inhibant la synth\u00e8se des prot\u00e9ines bact\u00e9riennes, au niveau des ribosomes.<\/p>\n<h5><strong>Indications<\/strong>\u00a0:<\/h5>\n<ul>\n<li>Chez les <strong>bovins<\/strong> pour le traitement de\u00a0:\n<ul>\n<li>Complexe respiratoire bovin caus\u00e9 par\u00a0: <em>Pasteurella multocida, Mannheimia (Pasteurella haemolytica), Haemophilus somnus.<\/em><\/li>\n<li>M\u00e9trite\u00a0: <em>Corynebacterium pyogenes.<\/em><\/li>\n<li>Gastro-ent\u00e9rite infectieuse caus\u00e9e par\u00a0: <em>Escherichia coli, Salmonella sp..<\/em><\/li>\n<li>Dermatite infectieuse caus\u00e9e par\u00a0: <em>Fusobacterium necrophorum, Bacteroides melaninogenicus.<\/em><\/li>\n<\/ul>\n<\/li>\n<\/ul>\n<ul>\n<li>Chez les <strong>porcs<\/strong> pour le traitement de\u00a0:\n<ul>\n<li>Pneumonie, pleuropneumonie et rhinite caus\u00e9es par\u00a0: <em>Mycoplasma sp, Pasteurella multocida, Haemophilus parasuis, Bordetella bronchiseptica, Actinobacillus pleuropneumoniae.<\/em><\/li>\n<li>Gastro-ent\u00e9rite infectieuse caus\u00e9e par\u00a0: <em>Escherichia coli, Salmonella sp..<\/em><\/li>\n<\/ul>\n<\/li>\n<\/ul>\n<h5><strong>Composition garantie\u00a0:<\/strong><\/h5>\n<p>Chaque mL de solution injectable contient\u00a0:<\/p>\n<ul>\n<li>Florf\u00e9nicol 300 mg<\/li>\n<li>Excipients c.s.p. 1mL<\/li>\n<\/ul>\n<h5><strong>Voie d&rsquo;administration\u00a0:<\/strong><\/h5>\n<p>Voie intramusculaire.<\/p>\n<h5><strong>Posologie\u00a0: <\/strong><\/h5>\n<ul>\n<li><strong>Bovins\u00a0:<\/strong> administrer 20 mg de Florf\u00e9nicol par kg de poids vif, en pratique appliquer 1 mL de FIFENICOL par 15 kg, renouveler la dose au bout de 48 heures.<\/li>\n<li><strong>Porcs\u00a0:<\/strong> administrer 15 mg de Florf\u00e9nicol par kg de poids vif, en pratique appliquer 1 mL de FIFENICOL par 20 kg, r\u00e9p\u00e9ter la dose apr\u00e8s 48 heures.<\/li>\n<\/ul>\n<h5><strong>Heure de la retraite\u00a0:<\/strong><\/h5>\n<ul>\n<li><strong>Les animaux trait\u00e9s ne doivent pas \u00eatre abattus pour la consommation humaine avant 36\u00a0jours apr\u00e8s la fin du traitement.<\/strong><\/li>\n<li><strong>Ne pas administrer aux vaches dont le lait est destin\u00e9 \u00e0 la consommation humaine.<\/strong><\/li>\n<\/ul>\n<h5><strong>Pr\u00e9cautions\u00a0:<\/strong><\/h5>\n<ul>\n<li>Hypersensibilit\u00e9 aux composants du produit.<\/li>\n<li>Ne pas appliquer plus de 20\u00a0mL chez les bovins et pas plus de 3\u00a0mL par site d&rsquo;injection chez les porcs.<\/li>\n<li>Conserver en dessous de 30\u00a0\u00b0C.<\/li>\n<\/ul>\n<h5><strong>Pr\u00e9sentation\u00a0:<\/strong><\/h5>\n<p>Flacons de 50, 100 et 250 mL.<\/p>\n<h5><strong>Reg. N\u00b0 ICA\u00a0:<\/strong> 8492-MV<\/h5>\n","protected":false},"excerpt":{"rendered":"<h5>Antibiotique \u00e0 large spectre<\/h5>\n","protected":false},"featured_media":6423,"comment_status":"open","ping_status":"closed","template":"","meta":{"_locale":"fr_FR","_original_post":"http:\/\/box5653.temp.domains\/~zambran7\/figa\/product\/fifenicol\/","_joinchat":[]},"product_brand":[],"product_cat":[73],"product_tag":[39,41,45],"class_list":{"0":"post-4879","1":"product","2":"type-product","3":"status-publish","4":"has-post-thumbnail","6":"product_cat-antibioticos-inyectables","7":"product_tag-animales-produccion","8":"product_tag-bovinos","9":"product_tag-porcinos","10":"fr-FR","12":"first","13":"instock","14":"shipping-taxable","15":"product-type-simple"},"_links":{"self":[{"href":"https:\/\/figa.com.co\/wp-json\/wp\/v2\/product\/4879","targetHints":{"allow":["GET"]}}],"collection":[{"href":"https:\/\/figa.com.co\/wp-json\/wp\/v2\/product"}],"about":[{"href":"https:\/\/figa.com.co\/wp-json\/wp\/v2\/types\/product"}],"replies":[{"embeddable":true,"href":"https:\/\/figa.com.co\/wp-json\/wp\/v2\/comments?post=4879"}],"version-history":[{"count":2,"href":"https:\/\/figa.com.co\/wp-json\/wp\/v2\/product\/4879\/revisions"}],"predecessor-version":[{"id":6429,"href":"https:\/\/figa.com.co\/wp-json\/wp\/v2\/product\/4879\/revisions\/6429"}],"wp:featuredmedia":[{"embeddable":true,"href":"https:\/\/figa.com.co\/wp-json\/wp\/v2\/media\/6423"}],"wp:attachment":[{"href":"https:\/\/figa.com.co\/wp-json\/wp\/v2\/media?parent=4879"}],"wp:term":[{"taxonomy":"product_brand","embeddable":true,"href":"https:\/\/figa.com.co\/wp-json\/wp\/v2\/product_brand?post=4879"},{"taxonomy":"product_cat","embeddable":true,"href":"https:\/\/figa.com.co\/wp-json\/wp\/v2\/product_cat?post=4879"},{"taxonomy":"product_tag","embeddable":true,"href":"https:\/\/figa.com.co\/wp-json\/wp\/v2\/product_tag?post=4879"}],"curies":[{"name":"wp","href":"https:\/\/api.w.org\/{rel}","templated":true}]}}