{"id":4878,"date":"2023-01-18T15:26:59","date_gmt":"2023-01-18T15:26:59","guid":{"rendered":"https:\/\/figa.com.co\/?post_type=product&#038;p=4878"},"modified":"2024-01-03T13:50:01","modified_gmt":"2024-01-03T13:50:01","slug":"nutrifig","status":"publish","type":"product","link":"https:\/\/figa.com.co\/fr\/product\/nutrifig\/","title":{"rendered":"NUTRIFIG"},"content":{"rendered":"<p>Il agit comme adjuvant dans le traitement : des carences des \u00e9l\u00e9ments pr\u00e9sents dans la composition, des maladies infectieuses et parasitaires.<\/p>\n<h5><strong>Composition garantie:<\/strong><\/h5>\n<p>Chaque 100\u00a0mL de solution injectable st\u00e9rile contient\u00a0:<\/p>\n<p>Ingr\u00e9dients actifs\u00a0:<\/p>\n<ul>\n<li>Pyridoxine 300\u00a0mg<\/li>\n<li>Nicotinamide 400\u00a0mg<\/li>\n<li>Thiamine HCl 10 mg<\/li>\n<li>Riboflavine 5-phosphate sodique 5 mg<\/li>\n<li>Cyanocobalamine 1mg<\/li>\n<li>D-Panth\u00e9nol 15\u00a0mg<\/li>\n<li>S-ad\u00e9nosyl-L-m\u00e9thionine (SAMe) 50\u00a0mg<\/li>\n<li>Glutamate monosodique 30\u00a0mg<\/li>\n<li>L-Lysine HCl 1000 mg<\/li>\n<li>DL-M\u00e9thionine 250 mg<\/li>\n<li>Concentr\u00e9 d&rsquo;acides amin\u00e9s\u00a0: 30\u00a0000\u00a0mg<\/li>\n<\/ul>\n<p style=\"padding-left: 40px;\">Fournit\u00a0: (L-Arginine 180 mg, Glycine 180 mg, L-Histidine 60 mg, L-Leucine 180 mg, L-Tryptophane 60 mg, L-Valine 120 mg, L-Isoleucine 120 mg, L-Ph\u00e9nylalanine 180 mg, Acide aspartique 540 mg, L-S\u00e9rine 270 mg, L-Thr\u00e9onine 150 mg, L-Alanine 360 \u200b\u200b\u200b\u200bmg, L-Proline 240 mg, L-Tyrosine 90 mg , Cyst\u00e9ine 30 mg, Acide glutamique 870 mg, L-M\u00e9thionine 45 mg, L-Lysine 210 mg)<\/p>\n<ul>\n<li>Chlorure de sodium 50\u00a0mg(Fournit 19\u00a0mg de sodium)<\/li>\n<li>Chlorure de magn\u00e9sium 6H<span style=\"font-size: 8pt;\">2<\/span>O 651\u00a0mg(Fournit 78\u00a0mg de magn\u00e9sium)<\/li>\n<li>Chlorure de zinc 20\u00a0mg(Fournit 10\u00a0mg de zinc)<\/li>\n<li>Sulfate de cuivre 5H<span style=\"font-size: 8pt;\">2<\/span>O 19\u00a0mg(Fournit 5\u00a0mg de cuivre)<\/li>\n<li>Sulfate de cobalt 7H<span style=\"font-size: 8pt;\">2<\/span>O 20\u00a0mg(Fournit 4\u00a0mg de cobalt)<\/li>\n<li>Iodure de potassium 15\u00a0mg(Fournit 11\u00a0mg d&rsquo;iode)<\/li>\n<li>Phosphate monosodique 1600mg(Fournit 413\u00a0mg de phosphore)<\/li>\n<li>Excipients c.s.p. 100 mL<\/li>\n<\/ul>\n<h5><strong>Esp\u00e8ces pour lesquelles il est recommand\u00e9:<\/strong><\/h5>\n<p>Bovins, porcs, moutons, ch\u00e8vres et chevaux.<\/p>\n<h5><strong>Dosage:<\/strong><\/h5>\n<ul>\n<li><strong>Bovins: <\/strong> 1 ml par 50 kg de poids vif.<\/li>\n<li><strong>Porcs, ovins et caprins: <\/strong> 1 ml par 20 kg de poids vif.<\/li>\n<li><strong>\u00c9quins:<\/strong> 1 ml par 50 kg de poids vif.<\/li>\n<\/ul>\n<h5><strong>Voie d&rsquo;administration:<\/strong><\/h5>\n<ul>\n<li>Appliquer par voie sous-cutan\u00e9e ou intramusculaire profonde.<\/li>\n<li>Chez le cheval, utiliser exclusivement la voie intramusculaire.<\/li>\n<\/ul>\n<h5><strong>Pr\u00e9cautions:<\/strong><\/h5>\n<ul>\n<li>Ne pas appliquer par voie intraveineuse.<\/li>\n<li>Le produit ne contient pas de surfactants, substances associ\u00e9es \u00e0 la pr\u00e9sentation de r\u00e9actions anaphylactiques.<\/li>\n<li>Conserver \u00e0 une temp\u00e9rature inf\u00e9rieure \u00e0 30\u00b0C, \u00e0 l&rsquo;abri du soleil.<\/li>\n<\/ul>\n<h5><strong>Contre-indications:<\/strong><\/h5>\n<ul>\n<li>Hypersensibilit\u00e9 aux composants de la formulation.<\/li>\n<li>Le produit n&rsquo;a aucun effet secondaire s&rsquo;il est utilis\u00e9 correctement.<\/li>\n<\/ul>\n<h5><strong>Pr\u00e9sentations:<\/strong><\/h5>\n<p>Flacons de 10, 20, 50, 100, 250, 500 et 1000 mL.<\/p>\n<h5><strong>Reg. N\u00b0 ICA\u00a0:<\/strong> 8778-MV<\/h5>\n","protected":false},"excerpt":{"rendered":"<p>Activateur m\u00e9tabolique<\/p>\n","protected":false},"featured_media":6605,"comment_status":"open","ping_status":"closed","template":"","meta":{"_locale":"fr_FR","_original_post":"http:\/\/box5653.temp.domains\/~zambran7\/figa\/product\/nutrifig\/","_joinchat":[]},"product_brand":[],"product_cat":[78],"product_tag":[39,41,44,43,46,45],"class_list":{"0":"post-4878","1":"product","2":"type-product","3":"status-publish","4":"has-post-thumbnail","6":"product_cat-soluciones-inyectables","7":"product_tag-animales-produccion","8":"product_tag-bovinos","9":"product_tag-caprinos","10":"product_tag-equinos","11":"product_tag-ovinos","12":"product_tag-porcinos","13":"fr-FR","15":"first","16":"instock","17":"shipping-taxable","18":"product-type-simple"},"_links":{"self":[{"href":"https:\/\/figa.com.co\/wp-json\/wp\/v2\/product\/4878","targetHints":{"allow":["GET"]}}],"collection":[{"href":"https:\/\/figa.com.co\/wp-json\/wp\/v2\/product"}],"about":[{"href":"https:\/\/figa.com.co\/wp-json\/wp\/v2\/types\/product"}],"replies":[{"embeddable":true,"href":"https:\/\/figa.com.co\/wp-json\/wp\/v2\/comments?post=4878"}],"version-history":[{"count":5,"href":"https:\/\/figa.com.co\/wp-json\/wp\/v2\/product\/4878\/revisions"}],"predecessor-version":[{"id":6547,"href":"https:\/\/figa.com.co\/wp-json\/wp\/v2\/product\/4878\/revisions\/6547"}],"wp:featuredmedia":[{"embeddable":true,"href":"https:\/\/figa.com.co\/wp-json\/wp\/v2\/media\/6605"}],"wp:attachment":[{"href":"https:\/\/figa.com.co\/wp-json\/wp\/v2\/media?parent=4878"}],"wp:term":[{"taxonomy":"product_brand","embeddable":true,"href":"https:\/\/figa.com.co\/wp-json\/wp\/v2\/product_brand?post=4878"},{"taxonomy":"product_cat","embeddable":true,"href":"https:\/\/figa.com.co\/wp-json\/wp\/v2\/product_cat?post=4878"},{"taxonomy":"product_tag","embeddable":true,"href":"https:\/\/figa.com.co\/wp-json\/wp\/v2\/product_tag?post=4878"}],"curies":[{"name":"wp","href":"https:\/\/api.w.org\/{rel}","templated":true}]}}