{"id":4877,"date":"2023-01-18T15:27:00","date_gmt":"2023-01-18T15:27:00","guid":{"rendered":"https:\/\/figa.com.co\/?post_type=product&#038;p=4877"},"modified":"2023-09-20T16:41:08","modified_gmt":"2023-09-20T16:41:08","slug":"fizerol","status":"publish","type":"product","link":"https:\/\/figa.com.co\/fr\/product\/fizerol\/","title":{"rendered":"FIZEROL"},"content":{"rendered":"<p>Indiqu\u00e9 pour l&rsquo;engraissement des bouvillons et des vaches de r\u00e9forme pour am\u00e9liorer l&rsquo;efficacit\u00e9 alimentaire et pour le traitement et le contr\u00f4le des parasites internes et externes.<\/p>\n<p>1. <strong>Parasite interne\u00a0:<\/strong> FIZEROL pour le contr\u00f4le et le traitement des stades adultes et larvaires de\u00a0:<\/p>\n<ul>\n<li><strong>Vers pulmonaires\u00a0:<\/strong> <em>Dictyocaulus viviparus<\/em> (sous ses formes adulte, larvaire et inhib\u00e9e).<\/li>\n<li><strong>Parasite gastro-intestinal\u00a0:<\/strong> tel que <em>Ostertagia ostertagi, Cooperia sp., Haemonchus placei, Trichostrongylus colubriformis, Trichostrongylus axei, Nematodirus sp., Trichuris ovis, Strongyloides papillosus, Toxocara vitulorum.&lt; \/em&gt;<\/em><\/li>\n<\/ul>\n<p>2. <strong>Parasite externe\u00a0:<\/strong> FIZEROL est efficace pour contr\u00f4ler et traiter\u00a0:<\/p>\n<ul>\n<li><strong>Nuit\u00a0:<\/strong> <em>Dermatobia hominis<\/em>.<\/li>\n<li><strong>Poux suceurs\u00a0:<\/strong> <em>Linognathus sp., Haematopinus sp.<\/em> et <em>Solenopotes sp.<\/em><\/li>\n<li><strong>Acariens de la gale\u00a0:<\/strong> <em>Psoroptes communis var. bovis<\/em> et <em>ovis, Sarcoptes scabiei var. bovis.<\/em><\/li>\n<li><strong>Myiase caus\u00e9e par des larves<\/strong> de <em>Cochliomyia hominivorax.<\/em><\/li>\n<li>Aide au contr\u00f4le des <strong>tiques<\/strong>\u00a0: <em>Rhipicephalus (Boophilus) microplus.<\/em><\/li>\n<\/ul>\n<h5><strong>Composition garantie\u00a0:<\/strong><\/h5>\n<p>Chaque mL de solution injectable contient\u00a0:<\/p>\n<ul>\n<li>Ivermectine 10\u00a0mg<\/li>\n<li>Z\u00e9ranol 10mg<\/li>\n<li>Excipients q.s.p. 1mL<\/li>\n<\/ul>\n<h5><strong>Esp\u00e8ces pour lesquelles il est recommand\u00e9\u00a0:<\/strong><\/h5>\n<p>Bovins.<\/p>\n<h5><strong>Posologie et voie d&rsquo;administration\u00a0:<\/strong><\/h5>\n<p>\u00c9quivalent \u00e0 200\u00a0\u03bcg d&rsquo;ivermectine et 200\u00a0\u03bcg de z\u00e9ranol par kg de poids corporel. En pratique, 1 mL de FIZEROL pour 50 kg de poids corporel, administr\u00e9 par voie sous-cutan\u00e9e uniquement.<\/p>\n<table style=\"width: 77.8274%; border-collapse: collapse; border-style: solid; border-color: #d4d4d4; background-color: #f0f0f0; height: 48px;\">\n<tbody>\n<tr style=\"height: 24px;\">\n<td style=\"width: 320.35px; height: 24px;\">Limites de poids (kg)<\/td>\n<td style=\"width: 61.425px; text-align: center; height: 24px;\">50<\/td>\n<td style=\"width: 62.3125px; text-align: center; height: 24px;\">100<\/td>\n<td style=\"width: 69.8125px; text-align: center; height: 24px;\">200<\/td>\n<td style=\"width: 70.6375px; text-align: center; height: 24px;\">300<\/td>\n<td style=\"width: 74.2625px; text-align: center; height: 24px;\">400<\/td>\n<td style=\"width: 77.275px; text-align: center; height: 24px;\">500<\/td>\n<\/tr>\n<tr style=\"height: 24px;\">\n<td style=\"width: 320.35px; height: 24px;\">Dose (mL)<\/td>\n<td style=\"width: 61.425px; text-align: center; height: 24px;\">1<\/td>\n<td style=\"width: 62.3125px; text-align: center; height: 24px;\">2<\/td>\n<td style=\"width: 69.8125px; text-align: center; height: 24px;\">4<\/td>\n<td style=\"width: 70.6375px; text-align: center; height: 24px;\">6<\/td>\n<td style=\"width: 74.2625px; text-align: center; height: 24px;\">8<\/td>\n<td style=\"width: 77.275px; text-align: center; height: 24px;\">10<\/td>\n<\/tr>\n<\/tbody>\n<\/table>\n<p><strong>Heure de retrait\u00a0: <\/strong><\/p>\n<ul>\n<li><strong>Les bovins trait\u00e9s ne doivent pas \u00eatre abattus pour la consommation humaine avant 28\u00a0jours apr\u00e8s la fin du traitement. <\/strong><\/li>\n<li><strong>Ne pas utiliser chez les animaux destin\u00e9s \u00e0 la reproduction. <\/strong><\/li>\n<li><strong>Ne pas utiliser chez les vaches produisant du lait destin\u00e9 \u00e0 la consommation humaine.<\/strong><\/li>\n<\/ul>\n<p><strong>Pr\u00e9cautions\u00a0:<\/strong><\/p>\n<ul>\n<li>Ne pas appliquer FIZEROL par voie intramusculaire ou intraveineuse<\/li>\n<li>\u00c9viter les manipulations excessives de l&rsquo;animal lors de l&rsquo;application du produit, car cela r\u00e9duit le risque d&rsquo;infections respiratoires en<\/li>\n<li>immunosuppression caus\u00e9e par le stress d&rsquo;une manipulation prolong\u00e9e.<\/li>\n<li>Ne pas utiliser chez les animaux de moins de 4 semaines.<\/li>\n<li>Conserver dans un endroit frais et sec \u00e0 l&rsquo;abri du soleil.<\/li>\n<\/ul>\n<p><strong>Pr\u00e9sentation\u00a0:<\/strong>Flacon pour 5, 10, 20, 30, 50, 100, 250, 500 et 1000 mL.<\/p>\n<p><strong>N\u00b0 d&rsquo;enregistrement ICA: 7648-MV<\/strong><\/p>\n","protected":false},"excerpt":{"rendered":"<h5>H\u00e9moparasiticide et antian\u00e9mique<\/h5>\n","protected":false},"featured_media":4255,"comment_status":"open","ping_status":"closed","template":"","meta":{"_locale":"fr_FR","_original_post":"http:\/\/box5653.temp.domains\/~zambran7\/figa\/product\/fizerol\/","_joinchat":[]},"product_brand":[],"product_cat":[67,64,68],"product_tag":[39,41],"class_list":{"0":"post-4877","1":"product","2":"type-product","3":"status-publish","4":"has-post-thumbnail","6":"product_cat-externos-antiparasitarios-inyectables","7":"product_cat-internos-antiparasitarios-inyectables","8":"product_cat-internos-externos-antiparasitarios-inyectables-internos-externos-antiparasitarios-inyectables","9":"product_tag-animales-produccion","10":"product_tag-bovinos","11":"fr-FR","13":"first","14":"instock","15":"shipping-taxable","16":"product-type-simple"},"_links":{"self":[{"href":"https:\/\/figa.com.co\/wp-json\/wp\/v2\/product\/4877","targetHints":{"allow":["GET"]}}],"collection":[{"href":"https:\/\/figa.com.co\/wp-json\/wp\/v2\/product"}],"about":[{"href":"https:\/\/figa.com.co\/wp-json\/wp\/v2\/types\/product"}],"replies":[{"embeddable":true,"href":"https:\/\/figa.com.co\/wp-json\/wp\/v2\/comments?post=4877"}],"version-history":[{"count":2,"href":"https:\/\/figa.com.co\/wp-json\/wp\/v2\/product\/4877\/revisions"}],"predecessor-version":[{"id":5586,"href":"https:\/\/figa.com.co\/wp-json\/wp\/v2\/product\/4877\/revisions\/5586"}],"wp:featuredmedia":[{"embeddable":true,"href":"https:\/\/figa.com.co\/wp-json\/wp\/v2\/media\/4255"}],"wp:attachment":[{"href":"https:\/\/figa.com.co\/wp-json\/wp\/v2\/media?parent=4877"}],"wp:term":[{"taxonomy":"product_brand","embeddable":true,"href":"https:\/\/figa.com.co\/wp-json\/wp\/v2\/product_brand?post=4877"},{"taxonomy":"product_cat","embeddable":true,"href":"https:\/\/figa.com.co\/wp-json\/wp\/v2\/product_cat?post=4877"},{"taxonomy":"product_tag","embeddable":true,"href":"https:\/\/figa.com.co\/wp-json\/wp\/v2\/product_tag?post=4877"}],"curies":[{"name":"wp","href":"https:\/\/api.w.org\/{rel}","templated":true}]}}