{"id":4876,"date":"2023-01-18T15:27:00","date_gmt":"2023-01-18T15:27:00","guid":{"rendered":"https:\/\/figa.com.co\/?post_type=product&#038;p=4876"},"modified":"2023-12-29T20:13:13","modified_gmt":"2023-12-29T20:13:13","slug":"hemofig-b12","status":"publish","type":"product","link":"https:\/\/figa.com.co\/fr\/product\/hemofig-b12\/","title":{"rendered":"HEMOFIG B12"},"content":{"rendered":"<p>Synergie entre l&rsquo;activit\u00e9 antiprotozoaire du diac\u00e9turate de diminac\u00e8ne, avec l&rsquo;antibiotique Oxyt\u00e9tracycline pour le contr\u00f4le des infections opportunistes ou r\u00e9currentes, un agent antian\u00e9mique tel que la Vitamine B12 et l&rsquo;antipyrine pour le contr\u00f4le de la fi\u00e8vre.<\/p>\n<p>Indiqu\u00e9 pour le contr\u00f4le et le traitement de l&rsquo;anaplasmose (<em>Anaplasma sp.<\/em>), de la bab\u00e9siose (<em>Babesia bigemina, B. bovis, B. equi, B. caballi, B. ovis, B. canis<\/em>) et de la trypanosomose (<em>Trypanosoma evansi, T. vivax<\/em>).<\/p>\n<h5><strong>Composition garantie\u00a0:<\/strong><\/h5>\n<p>Chaque mL de solution injectable contient\u00a0:<\/p>\n<ul>\n<li>Oxyt\u00e9tracycline base 100 mg<\/li>\n<li>Diac\u00e9turate de diminaz\u00e8ne 43\u00a0mg<\/li>\n<li>Antipyrine 175\u00a0mg<\/li>\n<li>Vitamine B12 40\u00a0\u03bcg<\/li>\n<li>Excipients c.s.p. 1mL<\/li>\n<\/ul>\n<h5><strong>Esp\u00e8ces pour lesquelles il est recommand\u00e9\u00a0:<\/strong><\/h5>\n<p>Bovins, chevaux, chiens, moutons et ch\u00e8vres.<\/p>\n<h5><strong>Posologie\u00a0:<\/strong><\/h5>\n<p>Appliquer exclusivement par voie intramusculaire \u00e0 la dose de 1 mL d&rsquo;Hemofig B12 pour 13 kg de poids en une seule application. Dans les zones \u00e0 forte incidence, ou selon les cas cliniques, r\u00e9p\u00e9ter le traitement \u00e0 la discr\u00e9tion du V\u00e9t\u00e9rinaire.<\/p>\n<p>La dose requise par kg de poids corporel est de 3,3\u00a0mg de diac\u00e9turate de diminaz\u00e8ne, 7,7\u00a0mg d&rsquo;oxyt\u00e9tracycline, 13,4\u00a0mg d&rsquo;antipyrine et 3\u00a0\u03bcg de cyanocobalamine (vitamine B12).<\/p>\n<h5><strong>Heure de la retraite\u00a0:<\/strong><\/h5>\n<ul>\n<li><strong>Les animaux trait\u00e9s ne doivent pas \u00eatre abattus pour la consommation humaine avant 21\u00a0jours apr\u00e8s la fin du traitement.<\/strong><\/li>\n<li><strong>Le lait produit pendant le traitement et 6\u00a0jours apr\u00e8s la fin du traitement ne doit pas \u00eatre destin\u00e9 \u00e0 la consommation humaine.<\/strong><\/li>\n<\/ul>\n<h5><strong>Pr\u00e9cautions\u00a0:<\/strong><\/h5>\n<ul>\n<li>Il ne doit pas \u00eatre appliqu\u00e9 par voie intraveineuse\u00a0; son application peut provoquer une hypotension.<\/li>\n<li>Ne pas appliquer plus de 10\u00a0ml par site d&rsquo;injection.<\/li>\n<li>Les chiens sont sensibles aux effets secondaires du diac\u00e9turate donc ne pas utiliser de doses sup\u00e9rieures \u00e0 10 mg\/kg (\u00c9quivalent \u00e0 3 fois la dose recommand\u00e9e). Les signes d&rsquo;intoxication apparaissent 24 heures apr\u00e8s l&rsquo;administration et sont de type nerveux, pr\u00e9sentant une hyperesth\u00e9sie, un opisthotonos et des convulsions.<\/li>\n<li>Les sympt\u00f4mes disparaissent avec un traitement symptomatique.<\/li>\n<li>Chez les chevaux, divisez la dose et appliquez-la toutes les 1 \u00e0 2 heures pour \u00e9viter des sympt\u00f4mes similaires \u00e0 des coliques.<\/li>\n<li>Conserver \u00e0 une temp\u00e9rature inf\u00e9rieure \u00e0 30\u00b0C, \u00e0 l&rsquo;abri du soleil.<\/li>\n<\/ul>\n<h5><strong>Pr\u00e9sentation\u00a0:<\/strong><\/h5>\n<p>Flacon pour 30, 50, 100, 250 et 500 ml.<\/p>\n<h5><strong>Reg. N\u00b0 ICA\u00a0:<\/strong> 8220-MV<\/h5>\n","protected":false},"excerpt":{"rendered":"<h5>H\u00e9moparasiticide et antian\u00e9mique<\/h5>\n","protected":false},"featured_media":5222,"comment_status":"open","ping_status":"closed","template":"","meta":{"_locale":"fr_FR","_original_post":"http:\/\/box5653.temp.domains\/~zambran7\/figa\/product\/hemofig-b12\/","_joinchat":[]},"product_brand":[],"product_cat":[69],"product_tag":[40,39,41,44,43,46,54],"class_list":{"0":"post-4876","1":"product","2":"type-product","3":"status-publish","4":"has-post-thumbnail","6":"product_cat-internos-antiparasitarios-hemoparasitisidas","7":"product_tag-compania-animales","8":"product_tag-animales-produccion","9":"product_tag-bovinos","10":"product_tag-caprinos","11":"product_tag-equinos","12":"product_tag-ovinos","13":"product_tag-perros","14":"fr-FR","16":"first","17":"instock","18":"shipping-taxable","19":"product-type-simple"},"_links":{"self":[{"href":"https:\/\/figa.com.co\/wp-json\/wp\/v2\/product\/4876","targetHints":{"allow":["GET"]}}],"collection":[{"href":"https:\/\/figa.com.co\/wp-json\/wp\/v2\/product"}],"about":[{"href":"https:\/\/figa.com.co\/wp-json\/wp\/v2\/types\/product"}],"replies":[{"embeddable":true,"href":"https:\/\/figa.com.co\/wp-json\/wp\/v2\/comments?post=4876"}],"version-history":[{"count":3,"href":"https:\/\/figa.com.co\/wp-json\/wp\/v2\/product\/4876\/revisions"}],"predecessor-version":[{"id":6523,"href":"https:\/\/figa.com.co\/wp-json\/wp\/v2\/product\/4876\/revisions\/6523"}],"wp:featuredmedia":[{"embeddable":true,"href":"https:\/\/figa.com.co\/wp-json\/wp\/v2\/media\/5222"}],"wp:attachment":[{"href":"https:\/\/figa.com.co\/wp-json\/wp\/v2\/media?parent=4876"}],"wp:term":[{"taxonomy":"product_brand","embeddable":true,"href":"https:\/\/figa.com.co\/wp-json\/wp\/v2\/product_brand?post=4876"},{"taxonomy":"product_cat","embeddable":true,"href":"https:\/\/figa.com.co\/wp-json\/wp\/v2\/product_cat?post=4876"},{"taxonomy":"product_tag","embeddable":true,"href":"https:\/\/figa.com.co\/wp-json\/wp\/v2\/product_tag?post=4876"}],"curies":[{"name":"wp","href":"https:\/\/api.w.org\/{rel}","templated":true}]}}