{"id":4875,"date":"2023-01-18T15:27:00","date_gmt":"2023-01-18T15:27:00","guid":{"rendered":"https:\/\/figa.com.co\/?post_type=product&#038;p=4875"},"modified":"2023-12-28T15:18:31","modified_gmt":"2023-12-28T15:18:31","slug":"iverfiga-3-15","status":"publish","type":"product","link":"https:\/\/figa.com.co\/fr\/product\/iverfiga-3-15\/","title":{"rendered":"IVERFIGA 3,15% L.A."},"content":{"rendered":"<div class=\"art-postcontent clearfix\">\n<p>Antiparasitaire endectocide \u00e0 action prolong\u00e9e, indiqu\u00e9 pour le traitement et le contr\u00f4le des n\u00e9matodes gastro-intestinaux, des parasites pulmonaires, de la nuche, des poux, des acariens de la gale, des tiques et de la myiase.<\/p>\n<p>Chez les bovins pour le traitement et le contr\u00f4le de:<\/p>\n<ul>\n<li>Parasites gastro-intestinaux: <em>Ostertagia ostertagi<\/em> (y compris sa forme inhib\u00e9e), <em>O. lyrata, Haemonchus placei, Mecistocirrus digitatus<\/em> (adultes), <em>Trichostrongylus axei, T. colubriformis, Cooperia oncophora, Cooperia punctata, C. pectinata, Bunostomum phlebotomum<\/em> (adultes et L4), <em>Oesophagostomum radiatum, Nematodirus helvetianus<\/em> (adultes), <em>N. spathiger<\/em> (adultes), <em>Strongyloides papillosus<\/em> (adultes), <em>Toxocara vitulorum<\/em> (adultes).<\/li>\n<li>Parasite pulmonaire: <em>Dictyocaulus viviparus<\/em> (adultes et larves).<\/li>\n<li>Autres n\u00e9matodes:<em> Parafilaria bovicola, Thelazia sp.<\/em> (Adultes).<\/li>\n<li>Parasites externes: Nuche: <em>Dermatobia hominis, Hypoderma bovis.<\/em> Poux suceurs:<em> Linognathus vituli, Haematopinus eurysternus, Solenopotes capillatus<\/em>. Poux broyeurs: aide au contr\u00f4le de <em>Damalinia bovis<\/em>. Acariens de la gale:<em> Psoroptes comunis var. bovis, Sarcoptes scabiei var. bovis<\/em> et aide au contr\u00f4le de<em> Chorioptes bovis<\/em>. Myiase: <em>Cochliomyia hominivorax.<\/em> Tiques: <em>Rhipicephalus microplus.<\/em><\/li>\n<\/ul>\n<h5><strong>Composition garantie:<\/strong><\/h5>\n<p>Chaque mL de solution injectable contient\u00a0:<\/p>\n<ul>\n<li>Ivermectine 31,5 mg<\/li>\n<li>Excipients c.s.p. 1 mL<\/li>\n<\/ul>\n<h5><strong>Esp\u00e8ces pour lesquelles il est recommand\u00e9:<\/strong><\/h5>\n<p>Bovins (veaux, bouvillons\/g\u00e9nisses, taureaux\/vaches non allaitantes).<\/p>\n<h5><strong>Voie d&rsquo;administration:<\/strong><\/h5>\n<p>Sous-cutan\u00e9 uniquement. \u00c0 l&rsquo;aide d&rsquo;une aiguille de calibre 16.<\/p>\n<h5><strong>Dosage:<\/strong><\/h5>\n<p>Chez les bovins 630 \u00b5g d&rsquo;ivermectine\/kg de poids vif. En pratique, 1 mL d&rsquo;IVERFIGA 3,15% L.A. pour 50 kg de poids vif.<\/p>\n<table style=\"width: 100%; border-collapse: collapse; border-color: #b5b3b3; background-color: #d1d1d1; height: 192px;\">\n<tbody>\n<tr style=\"height: 24px;\">\n<td style=\"width: 100%; text-align: center; height: 24px;\" colspan=\"2\"><strong>TABLEAU DE POSOLOGIE<\/strong><\/td>\n<\/tr>\n<tr style=\"height: 24px;\">\n<td style=\"width: 50%; vertical-align: middle; text-align: center; height: 24px;\"><strong>Limites de poids (kg)<\/strong><\/td>\n<td style=\"width: 50%; vertical-align: middle; text-align: center; height: 24px;\"><strong>Dose (mL)<\/strong><\/td>\n<\/tr>\n<tr style=\"height: 24px;\">\n<td style=\"width: 50%; vertical-align: middle; text-align: center; height: 24px;\">Hasta 50<\/td>\n<td style=\"width: 50%; vertical-align: middle; text-align: center; height: 24px;\">1<\/td>\n<\/tr>\n<tr style=\"height: 24px;\">\n<td style=\"width: 50%; vertical-align: middle; text-align: center; height: 24px;\">50 a 100<\/td>\n<td style=\"width: 50%; vertical-align: middle; text-align: center; height: 24px;\">2<\/td>\n<\/tr>\n<tr style=\"height: 24px;\">\n<td style=\"width: 50%; vertical-align: middle; text-align: center; height: 24px;\">101 a 150<\/td>\n<td style=\"width: 50%; vertical-align: middle; text-align: center; height: 24px;\">3<\/td>\n<\/tr>\n<tr style=\"height: 24px;\">\n<td style=\"width: 50%; vertical-align: middle; text-align: center; height: 24px;\">151 a 200<\/td>\n<td style=\"width: 50%; vertical-align: middle; text-align: center; height: 24px;\">4<\/td>\n<\/tr>\n<tr style=\"height: 24px;\">\n<td style=\"width: 50%; vertical-align: middle; text-align: center; height: 24px;\">201 a 250<\/td>\n<td style=\"width: 50%; vertical-align: middle; text-align: center; height: 24px;\">5<\/td>\n<\/tr>\n<tr style=\"height: 24px;\">\n<td style=\"width: 50%; vertical-align: middle; text-align: center; height: 24px;\">251 a 300<\/td>\n<td style=\"width: 50%; vertical-align: middle; text-align: center; height: 24px;\">6<\/td>\n<\/tr>\n<\/tbody>\n<\/table>\n<h5><strong>D\u00e9lai de retrait:<\/strong><\/h5>\n<ul>\n<li><strong>Les animaux trait\u00e9s ne doivent pas \u00eatre abattus pour la consommation humaine avant 122 jours apr\u00e8s la fin du traitement.<\/strong><\/li>\n<li><strong>Ne pas administrer aux vaches produisant du lait destin\u00e9 \u00e0 la consommation humaine, ni dans les 122 jours pr\u00e9c\u00e9dant le v\u00ealage.<\/strong><\/li>\n<\/ul>\n<h5><strong>Persistance:<\/strong><\/h5>\n<p>IVERFIGA 3,15% L.A. contribue au contr\u00f4le de la r\u00e9infestation des parasites suivants: <em>Haemonchus placei, Trichostrongylus axei<\/em> et <em>Cooperia sp.<\/em> pendant 42 jours ; <em>Ostertagia ostertagi<\/em> et <em>Oesophagostomum radiatum<\/em> pendant 49 jours; <em>Dictyocaulus viviparus<\/em> pendant 63 jours; tiques du genre <em>Rhipicephalus microplus<\/em> pendant 75 jours; <em>Psoroptes communis var bovis<\/em> pendant 56 jours; <em>Dermatobia hominis<\/em> (nuche ou torsalo) pendant 140 jours, pendant cette p\u00e9riode le nombre de l\u00e9sions observ\u00e9es aura une r\u00e9duction de plus de 90% par rapport au contr\u00f4le sans traitement.<\/p>\n<h5><strong>Pr\u00e9cautions:<\/strong><\/h5>\n<ul>\n<li>Ne pas appliquer par voie intraveineuse.<\/li>\n<li>Ne pas appliquer plus de 10 ml par site d&rsquo;injection.<\/li>\n<li>Ne pas r\u00e9utiliser les contenants, ni verser leur contenu dans des sources d&rsquo;eau destin\u00e9es \u00e0 la consommation humaine ou animale (ruisseaux, lacs ou rivi\u00e8res).<\/li>\n<li>Conserver \u00e0 une temp\u00e9rature inf\u00e9rieure \u00e0 30 \u00b0C, \u00e0 l&rsquo;abri du soleil.<\/li>\n<\/ul>\n<h5><strong>Avertissements:<\/strong><\/h5>\n<ul>\n<li>Ne pas utiliser chez les vaches proches du v\u00ealage ou de la reproduction, compte tenu de la sensibilit\u00e9 des nouveau-n\u00e9s \u00e0 l&rsquo;ivermectine.<\/li>\n<li>Ne pas administrer aux veaux de moins de trois mois, car des alt\u00e9rations du SNC et des l\u00e9sions de l&rsquo;\u0153sophage pourraient en r\u00e9sulter.<\/li>\n<\/ul>\n<h5><strong>Interactions m\u00e9dicamenteuses\u00a0:<\/strong><\/h5>\n<p>L&rsquo;utilisation concomitante d&rsquo;agonistes du GABA, tels que les barbituriques et les benzodiaz\u00e9pines, n&rsquo;est pas recommand\u00e9e en raison de la potentialisation de leurs effets.<\/p>\n<h5><strong>Pr\u00e9sentation:<\/strong><\/h5>\n<p>Flacons de 2, 5, 10, 20, 30, 50, 100, 200, 250, 500, 1000 et 2000 mL.<\/p>\n<h5>N\u00b0 d&rsquo;enregistrement ICA : 7388-MV<\/h5>\n<\/div>\n","protected":false},"excerpt":{"rendered":"<h5>Antiparasitaire injectable<\/h5>\n","protected":false},"featured_media":4256,"comment_status":"open","ping_status":"closed","template":"","meta":{"_locale":"fr_FR","_original_post":"http:\/\/box5653.temp.domains\/~zambran7\/figa\/product\/iverfiga-3-15\/","_joinchat":[]},"product_brand":[],"product_cat":[68],"product_tag":[39,41],"class_list":{"0":"post-4875","1":"product","2":"type-product","3":"status-publish","4":"has-post-thumbnail","6":"product_cat-internos-externos-antiparasitarios-inyectables-internos-externos-antiparasitarios-inyectables","7":"product_tag-animales-produccion","8":"product_tag-bovinos","9":"fr-FR","11":"first","12":"instock","13":"shipping-taxable","14":"product-type-simple"},"_links":{"self":[{"href":"https:\/\/figa.com.co\/wp-json\/wp\/v2\/product\/4875","targetHints":{"allow":["GET"]}}],"collection":[{"href":"https:\/\/figa.com.co\/wp-json\/wp\/v2\/product"}],"about":[{"href":"https:\/\/figa.com.co\/wp-json\/wp\/v2\/types\/product"}],"replies":[{"embeddable":true,"href":"https:\/\/figa.com.co\/wp-json\/wp\/v2\/comments?post=4875"}],"version-history":[{"count":2,"href":"https:\/\/figa.com.co\/wp-json\/wp\/v2\/product\/4875\/revisions"}],"predecessor-version":[{"id":6112,"href":"https:\/\/figa.com.co\/wp-json\/wp\/v2\/product\/4875\/revisions\/6112"}],"wp:featuredmedia":[{"embeddable":true,"href":"https:\/\/figa.com.co\/wp-json\/wp\/v2\/media\/4256"}],"wp:attachment":[{"href":"https:\/\/figa.com.co\/wp-json\/wp\/v2\/media?parent=4875"}],"wp:term":[{"taxonomy":"product_brand","embeddable":true,"href":"https:\/\/figa.com.co\/wp-json\/wp\/v2\/product_brand?post=4875"},{"taxonomy":"product_cat","embeddable":true,"href":"https:\/\/figa.com.co\/wp-json\/wp\/v2\/product_cat?post=4875"},{"taxonomy":"product_tag","embeddable":true,"href":"https:\/\/figa.com.co\/wp-json\/wp\/v2\/product_tag?post=4875"}],"curies":[{"name":"wp","href":"https:\/\/api.w.org\/{rel}","templated":true}]}}