{"id":4874,"date":"2023-01-18T15:27:01","date_gmt":"2023-01-18T15:27:01","guid":{"rendered":"https:\/\/figa.com.co\/?post_type=product&#038;p=4874"},"modified":"2023-12-28T15:10:38","modified_gmt":"2023-12-28T15:10:38","slug":"iverfiga-1","status":"publish","type":"product","link":"https:\/\/figa.com.co\/fr\/product\/iverfiga-1\/","title":{"rendered":"IVERFIGA 1%"},"content":{"rendered":"<p>Antiparasitaire endectocide \u00e0 action prolong\u00e9e indiqu\u00e9 pour le traitement et le contr\u00f4le des n\u00e9matodes gastro-intestinaux, des parasites pulmonaires, de la nuche, des poux, des acariens de la gale, des tiques et de la myiase.<\/p>\n<ul>\n<li>Chez les bovins\u00a0:\n<ul>\n<li>Parasites gastro-intestinaux : <em>Ostertagia sp., Haemonchus sp., Trichostrongylus sp., Oesophagostomum sp., Cooperia sp., Bunostomum phlebotomum, Nematodirus sp.<\/em> (formes adultes et larvaires au quatri\u00e8me stade), <em>Strongyloides papillosus<\/em> (adultes),<em> Toxocara vitulorum<\/em> (adultes).<\/li>\n<li>Parasites pulmonaires : <em>Dictyocaulus viviparus<\/em> (forme adulte et forme larvaire au quatri\u00e8me stade).<\/li>\n<li>Autres n\u00e9matodes : <em>Parafilaria bovicultuelle, Thelazia sp.<\/em> (Adultes).<\/li>\n<li>Parasites externes :<br \/>\nNuche : produite par <em>Dermatobia hominis.<\/em><br \/>\nPoux : <em>Linognathus vituli, Haematopinus eurysternus, Solenopotes capillatus<\/em> et aide au contr\u00f4le de <em>Damalinia bovis<\/em>.<br \/>\nAcariens de la gale\u00a0: <em>Psoroptes communis var. bovis.<\/em><br \/>\nTiques : aide au contr\u00f4le de <em>Rhipicephalus microplus.<\/em><br \/>\nMyiase : contr\u00f4le de la myiase produite par les larves des mouches <em>Cochliomyia hominivorax.<\/em><\/li>\n<\/ul>\n<\/li>\n<li>Chez les porcs\u00a0:\n<ul>\n<li>Parasites gastro-intestinaux : <em>Ascaris suum<\/em> (formes adultes et larvaires au quatri\u00e8me stade), <em>Hyostrongylus rubidus<\/em> (formes adultes et larvaires au quatri\u00e8me stade), <em>Oesophagostomum sp.<\/em> (formes adultes et larvaires au quatri\u00e8me stade), <em>Strongyloides ransomi<\/em> (adultes),<em> Trichuris suis<\/em> (adultes).<\/li>\n<li>Parasites pulmonaires : <em>Metastrongylus sp.<\/em> (Adultes).<\/li>\n<li>Parasites r\u00e9naux : <em>Stephanurus dentatus<\/em> (formes adultes et larvaires au quatri\u00e8me stade).<\/li>\n<li>Parasites externes :<br \/>\nPoux : <em>Haematopinus suis<\/em>.<br \/>\nAcariens de la gale\u00a0: <em>Sarcoptes scabiei var. suis.<\/em><\/li>\n<\/ul>\n<\/li>\n<\/ul>\n<h5><strong>Composition garantie\u00a0:<\/strong><\/h5>\n<p>Chaque mL de solution injectable contient\u00a0:<\/p>\n<ul>\n<li>Ivermectine 10\u00a0mg<\/li>\n<li>Excipients c.s.p. 1mL<\/li>\n<\/ul>\n<h5><strong>Esp\u00e8ces pour lesquelles il est recommand\u00e9\u00a0:<\/strong><\/h5>\n<p>Bovins et porcs.<\/p>\n<h5><strong>Voie d&rsquo;administration\u00a0:<\/strong><\/h5>\n<p>Sous-cutan\u00e9 uniquement. Utilisation d&rsquo;une aiguille de calibre 16, d&rsquo;un \u00e9quipement st\u00e9rile et de proc\u00e9dures aseptiques.<\/p>\n<h5>Dosage:<\/h5>\n<ul>\n<li><strong>Bovins<\/strong>:<\/li>\n<\/ul>\n<table style=\"height: 192px; width: 100%; border-collapse: collapse; border-color: #b8b8b8; background-color: #d1d1d1;\">\n<tbody>\n<tr style=\"height: 48px;\">\n<td style=\"width: 33.3333%; vertical-align: middle; text-align: center; height: 48px;\"><strong>Limite de poids des animaux (kg)<\/strong><\/td>\n<td style=\"width: 33.3333%; vertical-align: middle; text-align: center; height: 48px;\"><strong>Volume de dose en cc ou mL<\/strong><\/td>\n<td style=\"width: 33.3333%; vertical-align: middle; text-align: center; height: 48px;\"><strong>Total d&rsquo;animaux trait\u00e9s avec des contenants de 500 mL<\/strong><\/td>\n<\/tr>\n<tr style=\"height: 24px;\">\n<td style=\"width: 33.3333%; vertical-align: middle; text-align: center; height: 24px;\">Hasta 50<\/td>\n<td style=\"width: 33.3333%; vertical-align: middle; text-align: center; height: 24px;\">1<\/td>\n<td style=\"width: 33.3333%; vertical-align: middle; text-align: center; height: 24px;\">500<\/td>\n<\/tr>\n<tr style=\"height: 24px;\">\n<td style=\"width: 33.3333%; vertical-align: middle; text-align: center; height: 24px;\">100<\/td>\n<td style=\"width: 33.3333%; vertical-align: middle; text-align: center; height: 24px;\">2<\/td>\n<td style=\"width: 33.3333%; vertical-align: middle; text-align: center; height: 24px;\">250<\/td>\n<\/tr>\n<tr style=\"height: 24px;\">\n<td style=\"width: 33.3333%; vertical-align: middle; text-align: center; height: 24px;\">150<\/td>\n<td style=\"width: 33.3333%; vertical-align: middle; text-align: center; height: 24px;\">3<\/td>\n<td style=\"width: 33.3333%; vertical-align: middle; text-align: center; height: 24px;\">166<\/td>\n<\/tr>\n<tr style=\"height: 24px;\">\n<td style=\"width: 33.3333%; vertical-align: middle; text-align: center; height: 24px;\">200<\/td>\n<td style=\"width: 33.3333%; vertical-align: middle; text-align: center; height: 24px;\">4<\/td>\n<td style=\"width: 33.3333%; vertical-align: middle; text-align: center; height: 24px;\">125<\/td>\n<\/tr>\n<tr style=\"height: 24px;\">\n<td style=\"width: 33.3333%; vertical-align: middle; text-align: center; height: 24px;\">250<\/td>\n<td style=\"width: 33.3333%; vertical-align: middle; text-align: center; height: 24px;\">5<\/td>\n<td style=\"width: 33.3333%; vertical-align: middle; text-align: center; height: 24px;\">100<\/td>\n<\/tr>\n<tr style=\"height: 24px;\">\n<td style=\"width: 33.3333%; vertical-align: middle; text-align: center; height: 24px;\">300<\/td>\n<td style=\"width: 33.3333%; vertical-align: middle; text-align: center; height: 24px;\">6<\/td>\n<td style=\"width: 33.3333%; vertical-align: middle; text-align: center; height: 24px;\">83<\/td>\n<\/tr>\n<\/tbody>\n<\/table>\n<ul>\n<li><strong>Porcs<\/strong>:<\/li>\n<\/ul>\n<table style=\"width: 100%; border-collapse: collapse; border-color: #b8b8b8; background-color: #d1d1d1;\">\n<tbody>\n<tr>\n<td style=\"width: 33.3333%; vertical-align: middle; text-align: center;\"><strong>Limite de poids des animaux (kg)<\/strong><\/td>\n<td style=\"width: 33.3333%; vertical-align: middle; text-align: center;\"><strong>Volume de dose en cc ou mL<\/strong><\/td>\n<td style=\"width: 33.3333%; vertical-align: middle; text-align: center;\"><strong>Total d&rsquo;animaux trait\u00e9s avec des contenants de 500 mL<\/strong><\/td>\n<\/tr>\n<tr>\n<td style=\"width: 33.3333%; vertical-align: middle; text-align: center;\">Hasta 8<\/td>\n<td style=\"width: 33.3333%; vertical-align: middle; text-align: center;\">0,25<\/td>\n<td style=\"width: 33.3333%; vertical-align: middle; text-align: center;\">2000<\/td>\n<\/tr>\n<tr>\n<td style=\"width: 33.3333%; vertical-align: middle; text-align: center;\">9 a 16<\/td>\n<td style=\"width: 33.3333%; vertical-align: middle; text-align: center;\">0,50<\/td>\n<td style=\"width: 33.3333%; vertical-align: middle; text-align: center;\">1000<\/td>\n<\/tr>\n<tr>\n<td style=\"width: 33.3333%; vertical-align: middle; text-align: center;\">17 a 33<\/td>\n<td style=\"width: 33.3333%; vertical-align: middle; text-align: center;\">1<\/td>\n<td style=\"width: 33.3333%; vertical-align: middle; text-align: center;\">500<\/td>\n<\/tr>\n<tr>\n<td style=\"width: 33.3333%; vertical-align: middle; text-align: center;\">34 a 50<\/td>\n<td style=\"width: 33.3333%; vertical-align: middle; text-align: center;\">1,5<\/td>\n<td style=\"width: 33.3333%; vertical-align: middle; text-align: center;\">333<\/td>\n<\/tr>\n<tr>\n<td style=\"width: 33.3333%; vertical-align: middle; text-align: center;\">51 a 66<\/td>\n<td style=\"width: 33.3333%; vertical-align: middle; text-align: center;\">2<\/td>\n<td style=\"width: 33.3333%; vertical-align: middle; text-align: center;\">250<\/td>\n<\/tr>\n<tr>\n<td style=\"width: 33.3333%; vertical-align: middle; text-align: center;\">67 a 83<\/td>\n<td style=\"width: 33.3333%; vertical-align: middle; text-align: center;\">2,5<\/td>\n<td style=\"width: 33.3333%; vertical-align: middle; text-align: center;\">200<\/td>\n<\/tr>\n<\/tbody>\n<\/table>\n<h5><strong>D\u00e9lai de retrait:<\/strong><\/h5>\n<ul>\n<li><strong>Les bovins trait\u00e9s ne doivent pas \u00eatre abattus pour la consommation humaine avant 28\u00a0jours apr\u00e8s la fin du traitement.<\/strong><\/li>\n<li><strong>Ne pas administrer aux bovins produisant du lait destin\u00e9 \u00e0 la consommation humaine, ni dans les 28 jours pr\u00e9c\u00e9dant le v\u00ealage.<\/strong><\/li>\n<li><strong>Les porcs trait\u00e9s ne doivent pas \u00eatre abattus pour la consommation humaine avant 28 jours apr\u00e8s la fin du traitement.<\/strong><\/li>\n<\/ul>\n<h5><strong>Pr\u00e9cautions:<\/strong><\/h5>\n<ul>\n<li>Ne pas appliquer IVERFIGA 1\u00a0% par voie intramusculaire ou intraveineuse.<\/li>\n<li>Ne pas r\u00e9utiliser les contenants, ni verser leur contenu dans des sources d&rsquo;eau destin\u00e9es \u00e0 la consommation humaine ou animale (ruisseaux, lacs ou rivi\u00e8res).<\/li>\n<li>Conserver \u00e0 une temp\u00e9rature inf\u00e9rieure \u00e0 30 \u00b0C, \u00e0 l&rsquo;abri du soleil.<\/li>\n<\/ul>\n<h5><strong>Pr\u00e9sentation<\/strong>:<\/h5>\n<p>Flacon pour 2, 5, 10, 20, 30, 50, 100, 200, 250, 500 et 1000 ml.<\/p>\n<h5><strong>Reg. N\u00b0 ICA\u00a0:<\/strong> 7464-MV<\/h5>\n","protected":false},"excerpt":{"rendered":"<h5>Antiparasitaire injectable<\/h5>\n","protected":false},"featured_media":6442,"comment_status":"open","ping_status":"closed","template":"","meta":{"_locale":"fr_FR","_original_post":"http:\/\/box5653.temp.domains\/~zambran7\/figa\/product\/iverfiga-1\/","_joinchat":[]},"product_brand":[],"product_cat":[68],"product_tag":[39,41,45],"class_list":{"0":"post-4874","1":"product","2":"type-product","3":"status-publish","4":"has-post-thumbnail","6":"product_cat-internos-externos-antiparasitarios-inyectables-internos-externos-antiparasitarios-inyectables","7":"product_tag-animales-produccion","8":"product_tag-bovinos","9":"product_tag-porcinos","10":"fr-FR","12":"first","13":"instock","14":"shipping-taxable","15":"product-type-simple"},"_links":{"self":[{"href":"https:\/\/figa.com.co\/wp-json\/wp\/v2\/product\/4874","targetHints":{"allow":["GET"]}}],"collection":[{"href":"https:\/\/figa.com.co\/wp-json\/wp\/v2\/product"}],"about":[{"href":"https:\/\/figa.com.co\/wp-json\/wp\/v2\/types\/product"}],"replies":[{"embeddable":true,"href":"https:\/\/figa.com.co\/wp-json\/wp\/v2\/comments?post=4874"}],"version-history":[{"count":4,"href":"https:\/\/figa.com.co\/wp-json\/wp\/v2\/product\/4874\/revisions"}],"predecessor-version":[{"id":6445,"href":"https:\/\/figa.com.co\/wp-json\/wp\/v2\/product\/4874\/revisions\/6445"}],"wp:featuredmedia":[{"embeddable":true,"href":"https:\/\/figa.com.co\/wp-json\/wp\/v2\/media\/6442"}],"wp:attachment":[{"href":"https:\/\/figa.com.co\/wp-json\/wp\/v2\/media?parent=4874"}],"wp:term":[{"taxonomy":"product_brand","embeddable":true,"href":"https:\/\/figa.com.co\/wp-json\/wp\/v2\/product_brand?post=4874"},{"taxonomy":"product_cat","embeddable":true,"href":"https:\/\/figa.com.co\/wp-json\/wp\/v2\/product_cat?post=4874"},{"taxonomy":"product_tag","embeddable":true,"href":"https:\/\/figa.com.co\/wp-json\/wp\/v2\/product_tag?post=4874"}],"curies":[{"name":"wp","href":"https:\/\/api.w.org\/{rel}","templated":true}]}}