{"id":4873,"date":"2023-01-18T15:27:01","date_gmt":"2023-01-18T15:27:01","guid":{"rendered":"https:\/\/figa.com.co\/?post_type=product&#038;p=4873"},"modified":"2023-01-18T15:59:14","modified_gmt":"2023-01-18T15:59:14","slug":"figapets-salsa-para-mascotas","status":"publish","type":"product","link":"https:\/\/figa.com.co\/fr\/product\/figapets-salsa-para-mascotas\/","title":{"rendered":"SAUCE FIGAPETS POUR ANIMAUX DE COMPAGNIE (VIANDE)"},"content":{"rendered":"<p>Sauce aromatisante \u00e0 ajouter \u00e0 l&rsquo;alimentation des chiens et chats de toutes races. Am\u00e9liore la saveur de la nourriture de votre animal de compagnie, ce qui facilite la consommation de nourriture s\u00e8che.<\/p>\n<h5><strong>Composition garantie\u00a0:<\/strong><\/h5>\n<p>Chaque 100\u00a0mL de SAUCE POUR ANIMAUX Figapets contient\u00a0:<\/p>\n<ul>\n<li>Prot\u00e9ines minimales 2\u00a0%<\/li>\n<li>Excipients q.s.p 100 mL<\/li>\n<\/ul>\n<h5><strong>Ingr\u00e9dients\u00a0: <\/strong><\/h5>\n<p>Prot\u00e9ines animales hydrolys\u00e9es, Gomme xanthane, L\u00e9gumes d\u00e9shydrat\u00e9s (paprika, carotte, coriandre), Chlorure de sodium, Bisulfite de sodium, Sorbate de potassium, Acide citrique, Chlorure de potassium, Benzoate de sodium, Ar\u00f4me de viande (identique naturel), Colorant caramel, Dim\u00e9thyl polysiloxane, Camomille Extrait, Extrait de Calendula.<\/p>\n<h5><strong>Esp\u00e8ces pour lesquelles il est recommand\u00e9\u00a0:<\/strong><\/h5>\n<p>Chiens et chats.<\/p>\n<h5><strong>Voie d&rsquo;administration\u00a0:<\/strong><\/h5>\n<p>Administrer oralement.<\/p>\n<h5><strong>Approvisionnement quotidien\u00a0:<\/strong><\/h5>\n<p>Ajoutez 15 \u00e0 20 grammes (1 cuill\u00e8re \u00e0 soupe) pour chaque demi-tasse d&rsquo;aliment concentr\u00e9.<\/p>\n<h5><strong>Pr\u00e9cautions\u00a0:<\/strong><\/h5>\n<ul>\n<li>Agitez avant chaque administration.<\/li>\n<li>Ne d\u00e9passez pas votre consommation.<\/li>\n<li>Administrer oralement uniquement.<\/li>\n<li>Conserver dans un endroit frais et sec \u00e0 l&rsquo;abri de la lumi\u00e8re \u00e0 une temp\u00e9rature ne d\u00e9passant pas 30\u00a0\u00b0C.<\/li>\n<\/ul>\n<h5><strong>Pr\u00e9sentation\u00a0:<\/strong><\/h5>\n<p>Flacon pour 200 et 375 ml.<\/p>\n<h5><strong>Reg. I CA. N\u00b0\u00a0:<\/strong> 13134-AL<\/h5>\n<p>&nbsp;<\/p>\n","protected":false},"excerpt":{"rendered":"<h5>Additif alimentaire nutritionnel<\/h5>\n","protected":false},"featured_media":959,"comment_status":"open","ping_status":"closed","template":"","meta":{"_locale":"fr_FR","_original_post":"http:\/\/figa.com.co\/v2\/?post_type=product&amp;p=958","_joinchat":[]},"product_brand":[],"product_cat":[84],"product_tag":[40,48,54],"class_list":{"0":"post-4873","1":"product","2":"type-product","3":"status-publish","4":"has-post-thumbnail","6":"product_cat-suplementos-vitaminicos-y-alimenticios","7":"product_tag-compania-animales","8":"product_tag-gatos","9":"product_tag-perros","10":"fr-FR","12":"first","13":"instock","14":"shipping-taxable","15":"product-type-simple"},"_links":{"self":[{"href":"https:\/\/figa.com.co\/wp-json\/wp\/v2\/product\/4873","targetHints":{"allow":["GET"]}}],"collection":[{"href":"https:\/\/figa.com.co\/wp-json\/wp\/v2\/product"}],"about":[{"href":"https:\/\/figa.com.co\/wp-json\/wp\/v2\/types\/product"}],"replies":[{"embeddable":true,"href":"https:\/\/figa.com.co\/wp-json\/wp\/v2\/comments?post=4873"}],"version-history":[{"count":0,"href":"https:\/\/figa.com.co\/wp-json\/wp\/v2\/product\/4873\/revisions"}],"wp:featuredmedia":[{"embeddable":true,"href":"https:\/\/figa.com.co\/wp-json\/wp\/v2\/media\/959"}],"wp:attachment":[{"href":"https:\/\/figa.com.co\/wp-json\/wp\/v2\/media?parent=4873"}],"wp:term":[{"taxonomy":"product_brand","embeddable":true,"href":"https:\/\/figa.com.co\/wp-json\/wp\/v2\/product_brand?post=4873"},{"taxonomy":"product_cat","embeddable":true,"href":"https:\/\/figa.com.co\/wp-json\/wp\/v2\/product_cat?post=4873"},{"taxonomy":"product_tag","embeddable":true,"href":"https:\/\/figa.com.co\/wp-json\/wp\/v2\/product_tag?post=4873"}],"curies":[{"name":"wp","href":"https:\/\/api.w.org\/{rel}","templated":true}]}}