{"id":4867,"date":"2023-01-18T15:26:27","date_gmt":"2023-01-18T15:26:27","guid":{"rendered":"https:\/\/figa.com.co\/?post_type=product&#038;p=4867"},"modified":"2023-01-18T16:01:23","modified_gmt":"2023-01-18T16:01:23","slug":"allcan","status":"publish","type":"product","link":"https:\/\/figa.com.co\/fr\/product\/allcan\/","title":{"rendered":"Suppl\u00e9ment nutritionnel ALLCAN"},"content":{"rendered":"<p>Compl\u00e9ment alimentaire \u00e0 base d&rsquo;om\u00e9ga 3, om\u00e9ga 6 et om\u00e9ga 9 pour chiens et chats de tous \u00e2ges.<\/p>\n<h5><strong>Composition garantie\u00a0:<\/strong><\/h5>\n<p>Chaque 100\u00a0mL d&rsquo;ALLCAN contient\u00a0:<\/p>\n<ul>\n<li>Vitamine A 57800 UI<\/li>\n<li>Vitamine B6 31,5\u00a0mg<\/li>\n<li>Vitamine D3 1050 UI<\/li>\n<li>Vitamine E 126 UI<\/li>\n<li>Biotine 105\u00a0\u03bcg<\/li>\n<li>Nicotinamide 400\u00a0mg<\/li>\n<li>Choline 340\u00a0mg<\/li>\n<li>S\u00e9l\u00e9nium 161\u00a0\u00b5g<\/li>\n<li>Zinc 133mg<\/li>\n<li>S-ad\u00e9nosyl-L-m\u00e9thionine 30\u00a0mg<\/li>\n<li>Acide Linol\u00e9ique 40273 mg<\/li>\n<li>Acide arachidonique 80mg<\/li>\n<li>Acide Linol\u00e9nique 5833 mg<\/li>\n<li>Acide ol\u00e9ique 18845 mg<\/li>\n<li>Excipients c.s.p. 100\u00a0ml<\/li>\n<\/ul>\n<h5><strong>Ingr\u00e9dients\u00a0:<\/strong><\/h5>\n<p>Palmitate de vitamine A, chlorhydrate de pyridoxine de vitamine B6, vitamine D3, ac\u00e9tate de vitamine E alpha tocoph\u00e9rol, biotine, nicotinamide, chlorure de choline, s\u00e9l\u00e9nite de sodium, chlorure de zinc, S-ad\u00e9nosyl-L-m\u00e9thionine, huile de soja, huile de sacha inchi, acide citrique, butyl hydroxytolu\u00e8ne, propyl\u00e8ne glycol, hydroxyde de sodium, monool\u00e9ate de sorbitan, polysorbate 20, ar\u00f4me beurre, eau purifi\u00e9e.<\/p>\n<h5><strong>Esp\u00e8ces pour lesquelles il est recommand\u00e9\u00a0:<\/strong><\/h5>\n<p>Chiens et chats.<\/p>\n<h5><strong>Voie d&rsquo;administration\u00a0:<\/strong><\/h5>\n<p>Administrer par voie orale m\u00e9lang\u00e9 \u00e0 de la nourriture ou directement dans la bouche de l&rsquo;animal.<\/p>\n<h5><strong>Approvisionnement quotidien\u00a0:<\/strong><\/h5>\n<ul>\n<li><strong>Chiens\u00a0: <\/strong> Donnez 2,5\u00a0mL d&rsquo;ALLCAN une fois par jour pour chaque tranche de 10\u00a0kg de poids. Chez les femelles gestantes ou allaitantes\u00a0: 7,5\u00a0mL par 10\u00a0kg de poids vif.<\/li>\n<li><strong>Chats\u00a0:<\/strong> Donnez 2,5\u00a0mL d&rsquo;ALLCAN une fois par jour pour chaque tranche de 5\u00a0kg de poids. Chez les femelles gestantes ou allaitantes\u00a0: 5\u00a0mL.<\/li>\n<\/ul>\n<p style=\"padding-left: 40px;\">Le produit est livr\u00e9 avec une tasse \u00e0 mesurer pour une administration facile.<\/p>\n<h5><strong>Pr\u00e9cautions\u00a0:<\/strong><\/h5>\n<ul>\n<li>Agiter vigoureusement avant chaque administration.<\/li>\n<li>Conserver dans un endroit frais, sec et \u00e0 l&rsquo;abri de la lumi\u00e8re.<\/li>\n<\/ul>\n<h5><strong>Pr\u00e9sentation\u00a0:<\/strong><\/h5>\n<p>Bouteille pour 60, 120, 250, 400, 1000 et 2000 mL.<\/p>\n<h5><strong>Reg. N\u00b0 ICA\u00a0:<\/strong> 12789-SL<\/h5>\n","protected":false},"excerpt":{"rendered":"<h5>Compl\u00e9ment alimentaire pour chiens et chats.<\/h5>\n","protected":false},"featured_media":1179,"comment_status":"open","ping_status":"closed","template":"","meta":{"_locale":"fr_FR","_original_post":"http:\/\/figa.com.co\/v2\/?post_type=product&amp;p=946","_joinchat":[]},"product_brand":[],"product_cat":[76,84],"product_tag":[40,48,54],"class_list":{"0":"post-4867","1":"product","2":"type-product","3":"status-publish","4":"has-post-thumbnail","6":"product_cat-vitaminas-minerales-suplementos","7":"product_cat-suplementos-vitaminicos-y-alimenticios","8":"product_tag-compania-animales","9":"product_tag-gatos","10":"product_tag-perros","11":"fr-FR","13":"first","14":"instock","15":"shipping-taxable","16":"product-type-simple"},"_links":{"self":[{"href":"https:\/\/figa.com.co\/wp-json\/wp\/v2\/product\/4867","targetHints":{"allow":["GET"]}}],"collection":[{"href":"https:\/\/figa.com.co\/wp-json\/wp\/v2\/product"}],"about":[{"href":"https:\/\/figa.com.co\/wp-json\/wp\/v2\/types\/product"}],"replies":[{"embeddable":true,"href":"https:\/\/figa.com.co\/wp-json\/wp\/v2\/comments?post=4867"}],"version-history":[{"count":0,"href":"https:\/\/figa.com.co\/wp-json\/wp\/v2\/product\/4867\/revisions"}],"wp:featuredmedia":[{"embeddable":true,"href":"https:\/\/figa.com.co\/wp-json\/wp\/v2\/media\/1179"}],"wp:attachment":[{"href":"https:\/\/figa.com.co\/wp-json\/wp\/v2\/media?parent=4867"}],"wp:term":[{"taxonomy":"product_brand","embeddable":true,"href":"https:\/\/figa.com.co\/wp-json\/wp\/v2\/product_brand?post=4867"},{"taxonomy":"product_cat","embeddable":true,"href":"https:\/\/figa.com.co\/wp-json\/wp\/v2\/product_cat?post=4867"},{"taxonomy":"product_tag","embeddable":true,"href":"https:\/\/figa.com.co\/wp-json\/wp\/v2\/product_tag?post=4867"}],"curies":[{"name":"wp","href":"https:\/\/api.w.org\/{rel}","templated":true}]}}