{"id":4866,"date":"2023-01-18T15:26:27","date_gmt":"2023-01-18T15:26:27","guid":{"rendered":"https:\/\/figa.com.co\/?post_type=product&#038;p=4866"},"modified":"2023-07-11T19:43:46","modified_gmt":"2023-07-11T19:43:46","slug":"oxifiga-50","status":"publish","type":"product","link":"https:\/\/figa.com.co\/fr\/product\/oxifiga-50\/","title":{"rendered":"OXIFIGA 50"},"content":{"rendered":"<p>Indiqu\u00e9 pour le traitement des maladies infectieuses caus\u00e9es par des micro-organismes sensibles aux t\u00e9tracyclines tels que\u00a0: <em>Anaplasma sp., Rickettsia sp., Streptococcus sp., E. coli, Pasteurella sp., Haemophilus sp., Leptospira sp., Shigella sp. , Campylobacter sp., Listeria sp.<\/em><\/p>\n<p><strong>Composition garantie\u00a0:<\/strong><\/p>\n<p>Chaque mL de solution injectable contient\u00a0:<\/p>\n<ul>\n<li>Chlorhydrate d&rsquo;oxyt\u00e9tracycline 50\u00a0mg<\/li>\n<li>Excipients c.s.p. 1mL<\/li>\n<\/ul>\n<p><strong>Esp\u00e8ces pour lesquelles il est recommand\u00e9\u00a0:<\/strong><\/p>\n<p>Bovins, chevaux, porcs, moutons, ch\u00e8vres, chiens, chats et oiseaux.<\/p>\n<p><strong>Voie d&rsquo;administration\u00a0:<\/strong><\/p>\n<p>Voie intramusculaire profonde, sous-cutan\u00e9e et intraveineuse.<\/p>\n<p><strong>Posologie\u00a0:<\/strong><\/p>\n<ul>\n<li>La dose recommand\u00e9e est de 10 ml d&rsquo;Oxifiga 50 par 100 kg de poids (5 mg\/kg).<\/li>\n<li>Dans l&rsquo;anaplasmose 10 mL d&rsquo;Oxifiga 50 pour 50 kg de poids (10 mg\/kg).<\/li>\n<li>Chez les petits animaux, appliquer 2 mL d&rsquo;Oxifiga 50 pour 10 kg de poids (10 mg\/kg).<\/li>\n<\/ul>\n<p style=\"padding-left: 40px;\">R\u00e9p\u00e9ter les doses pr\u00e9c\u00e9dentes toutes les 12 \u00e0 24 heures pendant 4 \u00e0 5 jours cons\u00e9cutifs, selon les crit\u00e8res du V\u00e9t\u00e9rinaire.<\/p>\n<ul>\n<li><strong>Volaille\u00a0:<\/strong> 1 mL d&rsquo;Oxyfig 50 par kg de poids vif.<\/li>\n<\/ul>\n<p><strong>Pr\u00e9cautions\u00a0:<\/strong><\/p>\n<ul>\n<li>Conserver dans un endroit frais, sec et \u00e0 l&rsquo;abri de la lumi\u00e8re.<\/li>\n<li>Hypersensibilit\u00e9 individuelle aux composants du produit.<\/li>\n<\/ul>\n<p><strong>Heure de retrait\u00a0:<\/strong><\/p>\n<ul>\n<li><strong>Les animaux trait\u00e9s ne doivent pas \u00eatre abattus pour la consommation humaine avant 21\u00a0jours apr\u00e8s la fin du traitement.<\/strong><\/li>\n<li><strong>Le lait produit pendant le traitement et 6\u00a0jours apr\u00e8s la fin du traitement ne doit pas \u00eatre destin\u00e9 \u00e0 la consommation humaine.<\/strong><\/li>\n<li><strong>Ne pas utiliser chez les pondeuses produisant des \u0153ufs destin\u00e9s \u00e0 la consommation humaine.<\/strong><\/li>\n<\/ul>\n<p><strong>Pr\u00e9sentation<\/strong>\u00a0: Flacon de 10, 20, 50, 100, 200, 250 et 500 ml.<\/p>\n<p><strong>Reg. N\u00b0 ICA\u00a0:<\/strong> 7941-MV<\/p>\n","protected":false},"excerpt":{"rendered":"<p>antibiotique \u00e0 large spectre<\/p>\n","protected":false},"featured_media":5369,"comment_status":"open","ping_status":"closed","template":"","meta":{"_locale":"fr_FR","_original_post":"http:\/\/box5653.temp.domains\/~zambran7\/figa\/?post_type=product&amp;p=400","_joinchat":[]},"product_brand":[],"product_cat":[73],"product_tag":[40,39,47,41,44,43,48,46,54,45],"class_list":{"0":"post-4866","1":"product","2":"type-product","3":"status-publish","4":"has-post-thumbnail","6":"product_cat-antibioticos-inyectables","7":"product_tag-compania-animales","8":"product_tag-animales-produccion","9":"product_tag-aves","10":"product_tag-bovinos","11":"product_tag-caprinos","12":"product_tag-equinos","13":"product_tag-gatos","14":"product_tag-ovinos","15":"product_tag-perros","16":"product_tag-porcinos","17":"fr-FR","19":"first","20":"instock","21":"shipping-taxable","22":"product-type-simple"},"_links":{"self":[{"href":"https:\/\/figa.com.co\/wp-json\/wp\/v2\/product\/4866","targetHints":{"allow":["GET"]}}],"collection":[{"href":"https:\/\/figa.com.co\/wp-json\/wp\/v2\/product"}],"about":[{"href":"https:\/\/figa.com.co\/wp-json\/wp\/v2\/types\/product"}],"replies":[{"embeddable":true,"href":"https:\/\/figa.com.co\/wp-json\/wp\/v2\/comments?post=4866"}],"version-history":[{"count":0,"href":"https:\/\/figa.com.co\/wp-json\/wp\/v2\/product\/4866\/revisions"}],"wp:featuredmedia":[{"embeddable":true,"href":"https:\/\/figa.com.co\/wp-json\/wp\/v2\/media\/5369"}],"wp:attachment":[{"href":"https:\/\/figa.com.co\/wp-json\/wp\/v2\/media?parent=4866"}],"wp:term":[{"taxonomy":"product_brand","embeddable":true,"href":"https:\/\/figa.com.co\/wp-json\/wp\/v2\/product_brand?post=4866"},{"taxonomy":"product_cat","embeddable":true,"href":"https:\/\/figa.com.co\/wp-json\/wp\/v2\/product_cat?post=4866"},{"taxonomy":"product_tag","embeddable":true,"href":"https:\/\/figa.com.co\/wp-json\/wp\/v2\/product_tag?post=4866"}],"curies":[{"name":"wp","href":"https:\/\/api.w.org\/{rel}","templated":true}]}}