{"id":4863,"date":"2023-01-18T15:26:28","date_gmt":"2023-01-18T15:26:28","guid":{"rendered":"https:\/\/figa.com.co\/?post_type=product&#038;p=4863"},"modified":"2023-01-18T15:47:59","modified_gmt":"2023-01-18T15:47:59","slug":"vitamina-k-c","status":"publish","type":"product","link":"https:\/\/figa.com.co\/fr\/product\/vitamina-k-c\/","title":{"rendered":"VITAMINA K + C"},"content":{"rendered":"<p>Indiqu\u00e9 pour le traitement des processus h\u00e9morragiques caus\u00e9s par une carence ou une diminution des niveaux de vitamine K et en cas d&#8217;empoisonnement par des agents anticoagulants \u00e0 action prolong\u00e9e tels que les rodenticides. Comme adjuvant dans le traitement des processus h\u00e9morragiques post-chirurgicaux, dans la coccidiose et autres maladies parasitaires, notamment dues aux h\u00e9moparasites. Utile dans les maladies qui pr\u00e9sentent des sympt\u00f4mes ou des syndromes h\u00e9morragiques tels que l&rsquo;h\u00e9maturie.<\/p>\n<h5><strong>Composition garantie\u00a0:<\/strong><\/h5>\n<p>Chaque mL de solution injectable contient\u00a0:<\/p>\n<ul>\n<li>Vitamine K3 (sous forme de bisulfite de sodium de m\u00e9nadione) 20\u00a0mg<\/li>\n<li>Vitamine C 20mg<\/li>\n<li>Excipients c.s.p. 1mL<\/li>\n<\/ul>\n<h5><strong>Esp\u00e8ces pour lesquelles il est recommand\u00e9\u00a0:<\/strong><\/h5>\n<p>Bovins, chevaux, porcs, moutons, ch\u00e8vres, chiens et chats.<\/p>\n<h5><strong>Voie d&rsquo;administration\u00a0:<\/strong><\/h5>\n<p>Administrer par voie intramusculaire, intraveineuse ou sous-cutan\u00e9e.<\/p>\n<h5><strong>Posologie\u00a0:<\/strong><\/h5>\n<p>Administrez 1 mg de vitamine K par kg de poids corporel. Concr\u00e8tement g\u00e9rer en :<\/p>\n<ul>\n<li><strong>Bovins et chevaux\u00a0:<\/strong> 20\u00a0mL \/ 400\u00a0kg<\/li>\n<li><strong>Veaux et poulains\u00a0:<\/strong> 5 ml \/ 100 kg<\/li>\n<li><strong>Porcs, moutons et ch\u00e8vres\u00a0:<\/strong> 2 ml \/ 40 kg<\/li>\n<li><strong>Chiens et chats\u00a0:<\/strong> 0,5 ml \/ 10 kg<\/li>\n<\/ul>\n<h5><strong>Pr\u00e9cautions\u00a0:<\/strong><\/h5>\n<p>Conserver \u00e0 une temp\u00e9rature ne d\u00e9passant pas 30\u00a0\u00b0C.<\/p>\n<h5><strong>Heure de la retraite\u00a0:<\/strong><\/h5>\n<p><strong>Il n&rsquo;y a pas de temps de retrait.<\/strong><\/p>\n<h5><strong>Pr\u00e9sentation\u00a0:<\/strong><\/h5>\n<p>Flacon de 50 mL et carton de 12 flacons de 20 mL.<\/p>\n<h5><strong>Reg. N\u00b0 ICA\u00a0:<\/strong> 10331-MV<\/h5>\n","protected":false},"excerpt":{"rendered":"<h5>Adjuvant dans le traitement et le contr\u00f4le des saignements<\/h5>\n","protected":false},"featured_media":1081,"comment_status":"open","ping_status":"closed","template":"","meta":{"_locale":"fr_FR","_original_post":"http:\/\/figa.com.co\/v2\/?post_type=product&amp;p=1080","_joinchat":[]},"product_brand":[],"product_cat":[78],"product_tag":[40,39,41,44,43,48,46,54,45],"class_list":{"0":"post-4863","1":"product","2":"type-product","3":"status-publish","4":"has-post-thumbnail","6":"product_cat-soluciones-inyectables","7":"product_tag-compania-animales","8":"product_tag-animales-produccion","9":"product_tag-bovinos","10":"product_tag-caprinos","11":"product_tag-equinos","12":"product_tag-gatos","13":"product_tag-ovinos","14":"product_tag-perros","15":"product_tag-porcinos","16":"fr-FR","18":"first","19":"instock","20":"shipping-taxable","21":"product-type-simple"},"_links":{"self":[{"href":"https:\/\/figa.com.co\/wp-json\/wp\/v2\/product\/4863","targetHints":{"allow":["GET"]}}],"collection":[{"href":"https:\/\/figa.com.co\/wp-json\/wp\/v2\/product"}],"about":[{"href":"https:\/\/figa.com.co\/wp-json\/wp\/v2\/types\/product"}],"replies":[{"embeddable":true,"href":"https:\/\/figa.com.co\/wp-json\/wp\/v2\/comments?post=4863"}],"version-history":[{"count":0,"href":"https:\/\/figa.com.co\/wp-json\/wp\/v2\/product\/4863\/revisions"}],"wp:featuredmedia":[{"embeddable":true,"href":"https:\/\/figa.com.co\/wp-json\/wp\/v2\/media\/1081"}],"wp:attachment":[{"href":"https:\/\/figa.com.co\/wp-json\/wp\/v2\/media?parent=4863"}],"wp:term":[{"taxonomy":"product_brand","embeddable":true,"href":"https:\/\/figa.com.co\/wp-json\/wp\/v2\/product_brand?post=4863"},{"taxonomy":"product_cat","embeddable":true,"href":"https:\/\/figa.com.co\/wp-json\/wp\/v2\/product_cat?post=4863"},{"taxonomy":"product_tag","embeddable":true,"href":"https:\/\/figa.com.co\/wp-json\/wp\/v2\/product_tag?post=4863"}],"curies":[{"name":"wp","href":"https:\/\/api.w.org\/{rel}","templated":true}]}}