{"id":4862,"date":"2023-01-18T15:26:28","date_gmt":"2023-01-18T15:26:28","guid":{"rendered":"https:\/\/figa.com.co\/?post_type=product&#038;p=4862"},"modified":"2023-01-18T15:47:58","modified_gmt":"2023-01-18T15:47:58","slug":"tulaxxin","status":"publish","type":"product","link":"https:\/\/figa.com.co\/fr\/product\/tulaxxin\/","title":{"rendered":"TULAXXIN"},"content":{"rendered":"<p>Indiqu\u00e9 pour le traitement de la maladie respiratoire bovine (MRB) associ\u00e9e \u00e0 <em>Mannheimia haemolytica, Pasteurella multocida, Histophilus somni<\/em> et <em>Mycoplasma bovis<\/em> sensible \u00e0 la tulathromycine.<\/p>\n<p>Chez le porc pour le traitement de la maladie respiratoire du porc (PRD) associ\u00e9e \u00e0 <em>Actinobacillus pleuropneumoniae, Pasteurella multocida, Bordetella bronchiseptica<\/em> et <em>Haemophilus parasuis.<\/em><\/p>\n<h5><strong>Composition garantie\u00a0:<\/strong><\/h5>\n<p>Chaque mL de solution injectable contient\u00a0:<\/p>\n<ul>\n<li>Tulathromycine 100\u00a0mg<\/li>\n<li>Excipients c.s.p. 1mL<\/li>\n<\/ul>\n<h5><strong>Esp\u00e8ces pour lesquelles il est recommand\u00e9\u00a0:<\/strong><\/h5>\n<p>Bovins et porcs.<\/p>\n<h5><strong>Voie d&rsquo;administration\u00a0:<\/strong><\/h5>\n<ul>\n<li><strong>Porcs\u00a0:<\/strong> Intramusculaire.<\/li>\n<li><strong>Bovins\u00a0:<\/strong> sous-cutan\u00e9.<\/li>\n<\/ul>\n<h5><strong>Posologie\u00a0:<\/strong><\/h5>\n<p>Pour toute maladie respiratoire, il est recommand\u00e9 de traiter les animaux aux stades pr\u00e9coces de la maladie et d&rsquo;\u00e9valuer la r\u00e9ponse au traitement dans les 48 heures suivant l&rsquo;injection. Si les manifestations de la maladie respiratoire persistent ou augmentent, ou si une r\u00e9cidive survient, le traitement doit \u00eatre modifi\u00e9, en utilisant un autre antibiotique sur la base des tests de sensibilit\u00e9 et poursuivi jusqu&rsquo;\u00e0 la disparition des manifestations cliniques.<\/p>\n<h5><strong>Contre-indications\u00a0:<\/strong><\/h5>\n<ul>\n<li>Ne pas utiliser chez les animaux pr\u00e9sentant une hypersensibilit\u00e9 aux antibiotiques macrolides<\/li>\n<li>Ne pas utiliser le produit simultan\u00e9ment avec d&rsquo;autres macrolides ou lincosamides.<\/li>\n<li>Ne pas administrer aux animaux en lactation.<\/li>\n<li>Ne pas utiliser chez les animaux produisant du lait destin\u00e9 \u00e0 la consommation humaine.<\/li>\n<\/ul>\n<h5><strong>Heure de la retraite\u00a0:<\/strong><\/h5>\n<ul>\n<li><strong>Les bovins trait\u00e9s ne doivent pas \u00eatre abattus pour la consommation humaine avant 21\u00a0jours apr\u00e8s la fin du traitement. <\/strong><\/li>\n<li><strong>Le produit ne doit pas \u00eatre administr\u00e9 aux vaches produisant du lait destin\u00e9 \u00e0 la consommation humaine, ni dans les deux derniers mois pr\u00e9c\u00e9dant le v\u00ealage. <\/strong><\/li>\n<li><strong>Les porcs trait\u00e9s ne doivent pas \u00eatre abattus pour la consommation humaine avant 7\u00a0jours apr\u00e8s la fin du traitement.<\/strong><\/li>\n<\/ul>\n<h5><strong>Pr\u00e9cautions pour l&rsquo;\u00e9pice cible\u00a0:<\/strong><\/h5>\n<ul>\n<li>Ne pas administrer par voie intraveineuse.<\/li>\n<li>Ouverture et utilisation imm\u00e9diates.<\/li>\n<li>Ne pas administrer deux mois avant le v\u00ealage.<\/li>\n<li>L&rsquo;administration sous-cutan\u00e9e provoque fr\u00e9quemment une douleur passag\u00e8re et un gonflement local au site d&rsquo;injection.<\/li>\n<li>L&rsquo;utilisation de la tulathromycine doit \u00eatre bas\u00e9e sur des tests de sensibilit\u00e9 aux bact\u00e9ries isol\u00e9es de l&rsquo;animal.<\/li>\n<li><strong>Bovins\u00a0:<\/strong> Ne pas appliquer un volume sup\u00e9rieur \u00e0 7,5\u00a0mL par site d&rsquo;injection.<\/li>\n<li><strong>Porcs\u00a0:<\/strong> Ne pas appliquer un volume sup\u00e9rieur \u00e0 2\u00a0mL par site d&rsquo;injection, la dose doit \u00eatre fractionn\u00e9e.<\/li>\n<\/ul>\n<h5><strong>Pr\u00e9cautions pour ceux qui manipulent le m\u00e9dicament\u00a0:<\/strong><\/h5>\n<ul>\n<li>La tulathromycine provoque une irritation des yeux. En cas d&rsquo;exposition accidentelle, laver imm\u00e9diatement \u00e0 l&rsquo;eau.<\/li>\n<li>Il est recommand\u00e9 de se laver les mains apr\u00e8s utilisation.<\/li>\n<\/ul>\n<h5><strong>Conditions de stockage\u00a0:<\/strong><\/h5>\n<p>Conserver \u00e0 une temp\u00e9rature ne d\u00e9passant pas 30\u00a0\u00b0C. dans un endroit sec et frais.<\/p>\n<h5><strong>Pr\u00e9sentation\u00a0:<\/strong><\/h5>\n<p>Flacon pour 20, 50, 100, 250 et 500 ml.<\/p>\n<h5><strong>Reg. N\u00b0 ICA\u00a0:<\/strong> 10713-MV<\/h5>\n","protected":false},"excerpt":{"rendered":"<h5>Antibiotique nouvelle g\u00e9n\u00e9ration<\/h5>\n","protected":false},"featured_media":978,"comment_status":"open","ping_status":"closed","template":"","meta":{"_locale":"fr_FR","_original_post":"http:\/\/figa.com.co\/v2\/?post_type=product&amp;p=977","_joinchat":[]},"product_brand":[],"product_cat":[73],"product_tag":[39,41,45],"class_list":{"0":"post-4862","1":"product","2":"type-product","3":"status-publish","4":"has-post-thumbnail","6":"product_cat-antibioticos-inyectables","7":"product_tag-animales-produccion","8":"product_tag-bovinos","9":"product_tag-porcinos","10":"fr-FR","12":"first","13":"instock","14":"shipping-taxable","15":"product-type-simple"},"_links":{"self":[{"href":"https:\/\/figa.com.co\/wp-json\/wp\/v2\/product\/4862","targetHints":{"allow":["GET"]}}],"collection":[{"href":"https:\/\/figa.com.co\/wp-json\/wp\/v2\/product"}],"about":[{"href":"https:\/\/figa.com.co\/wp-json\/wp\/v2\/types\/product"}],"replies":[{"embeddable":true,"href":"https:\/\/figa.com.co\/wp-json\/wp\/v2\/comments?post=4862"}],"version-history":[{"count":0,"href":"https:\/\/figa.com.co\/wp-json\/wp\/v2\/product\/4862\/revisions"}],"wp:featuredmedia":[{"embeddable":true,"href":"https:\/\/figa.com.co\/wp-json\/wp\/v2\/media\/978"}],"wp:attachment":[{"href":"https:\/\/figa.com.co\/wp-json\/wp\/v2\/media?parent=4862"}],"wp:term":[{"taxonomy":"product_brand","embeddable":true,"href":"https:\/\/figa.com.co\/wp-json\/wp\/v2\/product_brand?post=4862"},{"taxonomy":"product_cat","embeddable":true,"href":"https:\/\/figa.com.co\/wp-json\/wp\/v2\/product_cat?post=4862"},{"taxonomy":"product_tag","embeddable":true,"href":"https:\/\/figa.com.co\/wp-json\/wp\/v2\/product_tag?post=4862"}],"curies":[{"name":"wp","href":"https:\/\/api.w.org\/{rel}","templated":true}]}}