{"id":4860,"date":"2023-01-18T15:26:29","date_gmt":"2023-01-18T15:26:29","guid":{"rendered":"https:\/\/figa.com.co\/?post_type=product&#038;p=4860"},"modified":"2023-01-18T15:47:55","modified_gmt":"2023-01-18T15:47:55","slug":"sensipets","status":"publish","type":"product","link":"https:\/\/figa.com.co\/fr\/product\/sensipets\/","title":{"rendered":"SENSIPETS"},"content":{"rendered":"<p>Indiqu\u00e9 pour les soins de la peau et du pelage, en particulier les animaux \u00e0 peau sensible et \u00e0 pr\u00e9disposition allergique.<\/p>\n<h5>Composition garantie\u00a0:<\/h5>\n<p>Chaque 100\u00a0mL de solution contient\u00a0:<\/p>\n<p>EAU PURIFI\u00c9E, SULFATE D&rsquo;\u00c9THER LAURYLIQUE DE SODIUM, DI\u00c9THANOLAMINE D&rsquo;ACIDE GRAS DE COCO, SULFATE D&rsquo;\u00c9THER D&rsquo;ALCOOL GRAS, PROPYL\u00c8NE GLYCOL, B\u00c9TA\u00cfNE, TRI\u00c9THANOLAMINE, ALCOOL ST\u00c9ARYLIQUE, CHLORURE DE C\u00c9TRIMONIUM, COPOLYM\u00c8RE D&rsquo;ACRYLATE, EDTA DISODIQUE, PARFUM POUR GAR\u00c7ONS, MONOOL\u00c9THYL\u00c8NE 20) SORBITAN-, ANTI-IRRITANIQUE NANOVECTEUR HYDRATANT-CONDITIONNANT, M\u00c9THYLPARAB\u00c8NE, ACIDE CITRIQUE, PARFUM DE NOIX DE COCO, PROPYLPARAB\u00c8NE, MICA ET DIOXYDE DE TITANE.<\/p>\n<h5>Esp\u00e8ces pour lesquelles il est recommand\u00e9\u00a0:<\/h5>\n<p>Chiens et chats.<\/p>\n<h5>Voie d&rsquo;administration\u00a0:<\/h5>\n<p>Usage topique.<\/p>\n<h5>Comment utiliser\u00a0:<\/h5>\n<ol>\n<li>Humidifiez correctement la peau et le pelage de l&rsquo;animal.<\/li>\n<li>Appliquez une quantit\u00e9 appropri\u00e9e de SENSIPETS, en frottant jusqu&rsquo;\u00e0 ce que de la mousse apparaisse.<\/li>\n<li>Rincer abondamment \u00e0 l&rsquo;eau et si n\u00e9cessaire r\u00e9p\u00e9ter la proc\u00e9dure.<\/li>\n<li>S\u00e9cher et brosser l&rsquo;animal.<\/li>\n<\/ol>\n<h5>Pr\u00e9cautions et avertissements\u00a0:<\/h5>\n<ul>\n<li>\u00c9viter tout contact avec les yeux et les muqueuses.<\/li>\n<li>Cesser l&rsquo;utilisation en cas d&rsquo;irritation ou d&rsquo;inflammation de la peau.<\/li>\n<li>Conserver dans un endroit frais, \u00e0 l&rsquo;abri de la lumi\u00e8re.<\/li>\n<li>Consultez votre v\u00e9t\u00e9rinaire.<\/li>\n<\/ul>\n<h5>Pr\u00e9sentation\u00a0:<\/h5>\n<p>Bouteille pour 240, 500 et 1000 mL.<\/p>\n<h5>R\u00e9g. I CA. N\u00b0\u00a0: 9776-MV<\/h5>\n","protected":false},"excerpt":{"rendered":"<p>Shampooing pour peaux sensibles.<\/p>\n","protected":false},"featured_media":973,"comment_status":"open","ping_status":"closed","template":"","meta":{"_locale":"fr_FR","_original_post":"http:\/\/figa.com.co\/v2\/?post_type=product&amp;p=972","_joinchat":[]},"product_brand":[],"product_cat":[81],"product_tag":[40,48,54],"class_list":{"0":"post-4860","1":"product","2":"type-product","3":"status-publish","4":"has-post-thumbnail","6":"product_cat-limpieza-belleza","7":"product_tag-compania-animales","8":"product_tag-gatos","9":"product_tag-perros","10":"fr-FR","12":"first","13":"instock","14":"shipping-taxable","15":"product-type-simple"},"_links":{"self":[{"href":"https:\/\/figa.com.co\/wp-json\/wp\/v2\/product\/4860","targetHints":{"allow":["GET"]}}],"collection":[{"href":"https:\/\/figa.com.co\/wp-json\/wp\/v2\/product"}],"about":[{"href":"https:\/\/figa.com.co\/wp-json\/wp\/v2\/types\/product"}],"replies":[{"embeddable":true,"href":"https:\/\/figa.com.co\/wp-json\/wp\/v2\/comments?post=4860"}],"version-history":[{"count":0,"href":"https:\/\/figa.com.co\/wp-json\/wp\/v2\/product\/4860\/revisions"}],"wp:featuredmedia":[{"embeddable":true,"href":"https:\/\/figa.com.co\/wp-json\/wp\/v2\/media\/973"}],"wp:attachment":[{"href":"https:\/\/figa.com.co\/wp-json\/wp\/v2\/media?parent=4860"}],"wp:term":[{"taxonomy":"product_brand","embeddable":true,"href":"https:\/\/figa.com.co\/wp-json\/wp\/v2\/product_brand?post=4860"},{"taxonomy":"product_cat","embeddable":true,"href":"https:\/\/figa.com.co\/wp-json\/wp\/v2\/product_cat?post=4860"},{"taxonomy":"product_tag","embeddable":true,"href":"https:\/\/figa.com.co\/wp-json\/wp\/v2\/product_tag?post=4860"}],"curies":[{"name":"wp","href":"https:\/\/api.w.org\/{rel}","templated":true}]}}