{"id":4858,"date":"2023-01-18T15:26:30","date_gmt":"2023-01-18T15:26:30","guid":{"rendered":"https:\/\/figa.com.co\/?post_type=product&#038;p=4858"},"modified":"2023-01-18T15:47:52","modified_gmt":"2023-01-18T15:47:52","slug":"nomordere","status":"publish","type":"product","link":"https:\/\/figa.com.co\/fr\/product\/nomordere\/","title":{"rendered":"NOMORDER\u00c9"},"content":{"rendered":"<p>Indiqu\u00e9 pour les animaux domestiques (jeunes chiens et chats) afin de prot\u00e9ger les objets m\u00e9nagers tels que chaussures, v\u00eatements, meubles, accessoires, etc., des dommages caus\u00e9s par les morsures.<\/p>\n<p><strong>Composition garantie\u00a0:<\/strong><\/p>\n<p>Chaque 100\u00a0mL de bouillie contient\u00a0:<\/p>\n<ul>\n<li>Benzoate de d\u00e9natonium 0,50\u00a0g<\/li>\n<li>Excipients c.s.p. 100\u00a0ml<\/li>\n<\/ul>\n<p><strong>Esp\u00e8ces pour lesquelles il est recommand\u00e9\u00a0:<\/strong><\/p>\n<p>Chiens et chats.<\/p>\n<p><strong>Recommandations d&rsquo;utilisation\u00a0:<\/strong><\/p>\n<ul>\n<li>Appliquez NOMORDER\u00c9 \u00e0 une distance de 15 \u00e0 20 centim\u00e8tres sur toute surface ou objet que vous souhaitez prot\u00e9ger puis laissez s\u00e9cher.<\/li>\n<li>Appliquer quotidiennement jusqu&rsquo;\u00e0 ce que le comportement ind\u00e9sirable disparaisse.<\/li>\n<\/ul>\n<p><strong>Pr\u00e9cautions et avertissements\u00a0:<\/strong><\/p>\n<p>En cas de contact accidentel avec les yeux, rincez-les \u00e0 l&rsquo;eau pendant 15 minutes. Si l&rsquo;irritation persiste, consulter un m\u00e9decin. En cas d&rsquo;ingestion ou d&rsquo;inhalation, le go\u00fbt amer dispara\u00eetra.<\/p>\n<p><strong>Pr\u00e9sentations\u00a0:<\/strong> Flacons de 60, 120 et 240 ml.<\/p>\n<p><strong>Reg. I CA. N\u00b0\u00a0:<\/strong> 9466-MV<\/p>\n","protected":false},"excerpt":{"rendered":"<p>modificateur de comportement.<\/p>\n","protected":false},"featured_media":969,"comment_status":"open","ping_status":"closed","template":"","meta":{"_locale":"fr_FR","_original_post":"http:\/\/figa.com.co\/v2\/?post_type=product&amp;p=968","_joinchat":[]},"product_brand":[],"product_cat":[82],"product_tag":[40,48,54],"class_list":{"0":"post-4858","1":"product","2":"type-product","3":"status-publish","4":"has-post-thumbnail","6":"product_cat-modificador-conducta-pets","7":"product_tag-compania-animales","8":"product_tag-gatos","9":"product_tag-perros","10":"fr-FR","12":"first","13":"instock","14":"shipping-taxable","15":"product-type-simple"},"_links":{"self":[{"href":"https:\/\/figa.com.co\/wp-json\/wp\/v2\/product\/4858","targetHints":{"allow":["GET"]}}],"collection":[{"href":"https:\/\/figa.com.co\/wp-json\/wp\/v2\/product"}],"about":[{"href":"https:\/\/figa.com.co\/wp-json\/wp\/v2\/types\/product"}],"replies":[{"embeddable":true,"href":"https:\/\/figa.com.co\/wp-json\/wp\/v2\/comments?post=4858"}],"version-history":[{"count":0,"href":"https:\/\/figa.com.co\/wp-json\/wp\/v2\/product\/4858\/revisions"}],"wp:featuredmedia":[{"embeddable":true,"href":"https:\/\/figa.com.co\/wp-json\/wp\/v2\/media\/969"}],"wp:attachment":[{"href":"https:\/\/figa.com.co\/wp-json\/wp\/v2\/media?parent=4858"}],"wp:term":[{"taxonomy":"product_brand","embeddable":true,"href":"https:\/\/figa.com.co\/wp-json\/wp\/v2\/product_brand?post=4858"},{"taxonomy":"product_cat","embeddable":true,"href":"https:\/\/figa.com.co\/wp-json\/wp\/v2\/product_cat?post=4858"},{"taxonomy":"product_tag","embeddable":true,"href":"https:\/\/figa.com.co\/wp-json\/wp\/v2\/product_tag?post=4858"}],"curies":[{"name":"wp","href":"https:\/\/api.w.org\/{rel}","templated":true}]}}