{"id":4855,"date":"2023-01-18T15:26:31","date_gmt":"2023-01-18T15:26:31","guid":{"rendered":"https:\/\/figa.com.co\/?post_type=product&#038;p=4855"},"modified":"2025-09-19T03:50:51","modified_gmt":"2025-09-19T03:50:51","slug":"figtector","status":"publish","type":"product","link":"https:\/\/figa.com.co\/fr\/product\/figtector\/","title":{"rendered":"FIGTECTOR"},"content":{"rendered":"<p>Chez les chiens et les chats comme antiseptique \u00e0 utiliser sur une peau intacte.<\/p>\n<h5><strong>Composition garantie\u00a0:<\/strong><\/h5>\n<p>Chaque 100\u00a0mL de solution topique contient\u00a0:<\/p>\n<ul>\n<li>Chlorure de benzalkonium 0,10\u00a0g<\/li>\n<li>Extrait d&rsquo;aloe vera 0,20 g<\/li>\n<li>Excipients q.s.p 100 mL<\/li>\n<\/ul>\n<h5><strong>Voie d&rsquo;administration\u00a0:<\/strong><\/h5>\n<p>Route th\u00e9matique.<\/p>\n<h5><strong>Comment utiliser\u00a0:<\/strong><\/h5>\n<p>Humiditer la peau, le pelage et le bout des doigts, appliquer sur une peau intacte, par pulv\u00e9risation ou application directe, il faut l&rsquo;appliquer en appuyant sur la valve doseuse \u00e0 une distance de 5 \u00e0 10 centim\u00e8tres 2 \u00e0 3 fois, ne pas utiliser de s\u00e9choir ou d&rsquo;\u00e9l\u00e9ments tels que serviettes pour acc\u00e9l\u00e9rer le s\u00e9chage .<\/p>\n<h5><strong>Pr\u00e9cautions et avertissements\u00a0:<\/strong><\/h5>\n<ul>\n<li>Ne pas utiliser sur une peau irrit\u00e9e, ab\u00eem\u00e9e ou bless\u00e9e. \u00c9viter tout contact avec les yeux, les oreilles et la cavit\u00e9 buccale.<\/li>\n<li>En cas d&rsquo;ingestion accidentelle de l&rsquo;animal, emmener le patient chez le v\u00e9t\u00e9rinaire. En cas d&rsquo;ingestion par une personne, consultez imm\u00e9diatement un m\u00e9decin et montrez-lui cette \u00e9tiquette.<\/li>\n<li>En cas de contact accidentel avec les yeux, rincer \u00e0 l&rsquo;eau. Si l&rsquo;irritation persiste, consultez un m\u00e9decin.<\/li>\n<li>Conserver en dessous de 30\u00a0\u00b0C.<\/li>\n<\/ul>\n<h5><strong>Pr\u00e9sentation\u00a0:<\/strong><\/h5>\n<p>Bouteille pour 250 et 750 ml.<\/p>\n<h5><strong>Reg. N\u00b0 ICA\u00a0:<\/strong> 10580-MV<\/h5>\n","protected":false},"excerpt":{"rendered":"<h5>Antiseptique pour les pattes et le corps<\/h5>\n","protected":false},"featured_media":3026,"comment_status":"open","ping_status":"closed","template":"","meta":{"_locale":"fr_FR","_original_post":"http:\/\/figa.com.co\/v2\/?post_type=product&amp;p=960","_joinchat":[]},"product_brand":[],"product_cat":[79],"product_tag":[40,48,54],"class_list":{"0":"post-4855","1":"product","2":"type-product","3":"status-publish","4":"has-post-thumbnail","6":"product_cat-antiseptico-spray","7":"product_tag-compania-animales","8":"product_tag-gatos","9":"product_tag-perros","10":"fr-FR","12":"first","13":"instock","14":"shipping-taxable","15":"product-type-simple"},"_links":{"self":[{"href":"https:\/\/figa.com.co\/wp-json\/wp\/v2\/product\/4855","targetHints":{"allow":["GET"]}}],"collection":[{"href":"https:\/\/figa.com.co\/wp-json\/wp\/v2\/product"}],"about":[{"href":"https:\/\/figa.com.co\/wp-json\/wp\/v2\/types\/product"}],"replies":[{"embeddable":true,"href":"https:\/\/figa.com.co\/wp-json\/wp\/v2\/comments?post=4855"}],"version-history":[{"count":0,"href":"https:\/\/figa.com.co\/wp-json\/wp\/v2\/product\/4855\/revisions"}],"wp:featuredmedia":[{"embeddable":true,"href":"https:\/\/figa.com.co\/wp-json\/wp\/v2\/media\/3026"}],"wp:attachment":[{"href":"https:\/\/figa.com.co\/wp-json\/wp\/v2\/media?parent=4855"}],"wp:term":[{"taxonomy":"product_brand","embeddable":true,"href":"https:\/\/figa.com.co\/wp-json\/wp\/v2\/product_brand?post=4855"},{"taxonomy":"product_cat","embeddable":true,"href":"https:\/\/figa.com.co\/wp-json\/wp\/v2\/product_cat?post=4855"},{"taxonomy":"product_tag","embeddable":true,"href":"https:\/\/figa.com.co\/wp-json\/wp\/v2\/product_tag?post=4855"}],"curies":[{"name":"wp","href":"https:\/\/api.w.org\/{rel}","templated":true}]}}