{"id":4853,"date":"2023-01-18T15:26:31","date_gmt":"2023-01-18T15:26:31","guid":{"rendered":"https:\/\/figa.com.co\/?post_type=product&#038;p=4853"},"modified":"2023-01-18T15:47:46","modified_gmt":"2023-01-18T15:47:46","slug":"trimefi-oral","status":"publish","type":"product","link":"https:\/\/figa.com.co\/fr\/product\/trimefi-oral\/","title":{"rendered":"TRIMEFI ORAL"},"content":{"rendered":"<h5><strong>Composition\u00a0:<\/strong><\/h5>\n<p>Chaque mL de suspension buvable contient\u00a0:<\/p>\n<p>Sulfadiazine sodique 400\u00a0mg<\/p>\n<p>(\u00c9quivalent en sulfadiazine base 367,7 mg)<\/p>\n<p>Trim\u00e9thoprime 80\u00a0mg<\/p>\n<p>Excipients c.s.p. 1mL<\/p>\n<h5><strong>Indications\u00a0:<\/strong><\/h5>\n<p>Chez les chiens et les chats pour le traitement des maladies infectieuses caus\u00e9es par <em>Escherichia coli, Proteus sp., Streptococcus sp., Staphylococcus sp., Nocardia sp., Isospora sp. <\/em>et<em>Eimeria sp.<\/em><\/p>\n<p>Chez les volailles (poulets de chair et oiseaux de remplacement), les bovins, les porcs et les chevaux pour le traitement des maladies infectieuses caus\u00e9es par\u00a0: <em>Haemophilus sp., Pasteurella sp.,<\/em> <em>Escherichia coli, Proteus sp. ., Streptococcus sp<\/em>.<\/p>\n<h5><strong>Esp\u00e8ces pour lesquelles il est recommand\u00e9\u00a0:<\/strong><\/h5>\n<p>Bovins, chevaux, porcs, chiens, chats et oiseaux (poulets de chair et oiseaux de remplacement).<\/p>\n<h5><strong>Voie d&rsquo;administration\u00a0:<\/strong><\/h5>\n<p>Voie orale.<\/p>\n<p>Chez <strong>volailles<\/strong> et <strong>porcs<\/strong>\u00a0: par voie orale dans l&rsquo;eau de boisson.<\/p>\n<h5><strong>Posologie\u00a0:<\/strong><\/h5>\n<p><strong>Bovins\u00a0: <\/strong>administrer 30 mg de trim\u00e9thoprime sulfadiazine par kg de poids vif, en pratique 3 mL de suspension buvable TRIMEFI par 50 kg de poids vif. Traitement toutes les 24 heures pendant une dur\u00e9e de 5 jours.<\/p>\n<p><strong>\u00c9quins\u00a0: <\/strong>administrer 30 mg de trim\u00e9thoprime sulfadiazine par kg de poids vif, en pratique 3 mL de suspension buvable TRIMEFI par 50 kg de poids, toutes les 24 heures pendant 5 jours.<\/p>\n<p><strong>Porcs\u00a0:<\/strong> administrer 48 mg de trim\u00e9thoprime sulfadiazine par kg de poids vif, en pratique 2 mL de suspension buvable TRIMEFI pour 16 kg de poids vif. Pour administrer dans l&rsquo;eau de boisson, diluer 20 mL de suspension buvable TRIMEFI pour 15 litres d&rsquo;eau par jour, traitement pendant 3 \u00e0 5 jours.<\/p>\n<p><strong>Chiens et chats\u00a0:<\/strong> administrer 30 mg de trim\u00e9thoprime sulfadiazine par kg de poids corporel, en pratique 1 mL de suspension buvable TRIMEFI par 16 kg de poids corporel. Traitement toutes les 24 heures pendant 5 jours.<\/p>\n<p>Pour traiter <em>Nocardia sp<\/em>. La dose est de 60 mg de trim\u00e9thoprime sulfadiazine par kg de poids corporel En pratique, administrer 2 mL de suspension buvable TRIMEFI pour 16 kg de poids.<\/p>\n<p><strong>Aves:<\/strong> administrar 25 mg de sulfadiazina trimetoprim por cada kg de peso vivo, en la pr\u00e1ctica disolver en el agua de bebida 1 mL de TRIMEFI suspensi\u00f3n oral por cada 2 &#8211; 3 litros de agua de acuerdo a l&rsquo;\u00e2ge. Traitement de 3 \u00e0 5 jours.<\/p>\n<h5><strong> <\/strong><strong>Heure de la retraite\u00a0:<\/strong><\/h5>\n<ul>\n<li><strong>Les oiseaux trait\u00e9s ne doivent pas \u00eatre abattus pour la consommation humaine avant 10\u00a0jours apr\u00e8s la fin du traitement. Les bovins trait\u00e9s ne doivent pas \u00eatre abattus pour la consommation humaine avant 10 jours apr\u00e8s la fin du traitement.<\/strong><\/li>\n<li><strong>Le lait produit pendant le traitement et 72\u00a0heures apr\u00e8s la fin du traitement ne doit pas \u00eatre destin\u00e9 \u00e0 la consommation humaine.<\/strong><\/li>\n<li><strong>Les porcs trait\u00e9s ne doivent pas \u00eatre abattus pour la consommation humaine avant 15\u00a0jours apr\u00e8s la fin du traitement.<\/strong><\/li>\n<li><strong>Ne pas administrer aux oiseaux dont les \u0153ufs sont destin\u00e9s \u00e0 la consommation humaine.<\/strong><\/li>\n<li><strong>Ne pas administrer aux chevaux destin\u00e9s \u00e0 la consommation humaine.<\/strong><\/li>\n<\/ul>\n<h5><strong>Pr\u00e9cautions\u00a0:<\/strong><\/h5>\n<ul>\n<li>Bien agiter avant utilisation.<\/li>\n<li>Ne pas utiliser chez les femmes enceintes.<\/li>\n<li>Ne pas utiliser chez les patients pr\u00e9sentant des l\u00e9sions h\u00e9patiques, des dyscrasies sanguines, une lithiase urinaire ou une hypersensibilit\u00e9 aux sulfamides.<\/li>\n<li>La co-administration d&rsquo;antiacides peut diminuer leur biodisponibilit\u00e9.<\/li>\n<li>Les chiens Doberman Pinscher sont plus sensibles aux effets secondaires que le m\u00e9dicament peut provoquer, comme la polyarthrite, l&rsquo;\u00e9ryth\u00e8me, la fi\u00e8vre et l&rsquo;an\u00e9mie.<\/li>\n<li>Peut provoquer une conjonctivite s\u00e8che chez les petites esp\u00e8ces.<\/li>\n<li>Dans les traitements de plus de 10\u00a0jours, une polyarthrite et de la fi\u00e8vre peuvent se d\u00e9velopper, qui s&rsquo;att\u00e9nuent \u00e0 l&rsquo;arr\u00eat du traitement.<\/li>\n<li>Porcs et volailles\u00a0: si une diminution de la consommation d&rsquo;eau des animaux malades est observ\u00e9e, reconsid\u00e9rer la voie d&rsquo;administration du traitement.<\/li>\n<li>Pour les \u00e9levages, il est recommand\u00e9 de r\u00e9aliser des antibiogrammes par culture\/antibiogramme avant administration.<\/li>\n<li>L&rsquo;administration concomitante avec des agents alpha-2 adr\u00e9nergiques ou des anesth\u00e9siques n&rsquo;est pas recommand\u00e9e.<\/li>\n<li>Conserver en dessous de 30\u00a0\u00b0C.<\/li>\n<\/ul>\n<p><strong> <\/strong><strong>Pr\u00e9sentations\u00a0: <\/strong> Flacon en PEHD pour 15, 30, 50, 60, 100, 250, 500 et 1000 mL.<\/p>\n<h5><strong>Reg. N\u00b0 ICA\u00a0: 9590-MV<\/strong><\/h5>\n","protected":false},"excerpt":{"rendered":"<p>Composition\u00a0: Chaque mL de suspension buvable contient\u00a0: Sulfadiazine sodique 400\u00a0mg (\u00c9quivalent en sulfadiazine base 367,7 mg) Trim\u00e9thoprime 80\u00a0mg Excipients c.s.p. 1mL Indications\u00a0: Chez les chiens et les chats pour le traitement des maladies infectieuses caus\u00e9es par Escherichia coli, Proteus sp., Streptococcus sp., Staphylococcus sp., Nocardia sp., Isospora sp. etEimeria sp. Chez les volailles (poulets de [&hellip;]<\/p>\n","protected":false},"featured_media":4787,"comment_status":"open","ping_status":"closed","template":"","meta":{"_locale":"fr_FR","_original_post":"https:\/\/figa.com.co\/?post_type=product&amp;p=4786","_joinchat":[]},"product_brand":[],"product_cat":[73,80],"product_tag":[],"class_list":{"0":"post-4853","1":"product","2":"type-product","3":"status-publish","4":"has-post-thumbnail","6":"product_cat-antibioticos-inyectables","7":"product_cat-clinicos-medicados-pets","8":"fr-FR","10":"first","11":"instock","12":"shipping-taxable","13":"product-type-simple"},"_links":{"self":[{"href":"https:\/\/figa.com.co\/wp-json\/wp\/v2\/product\/4853","targetHints":{"allow":["GET"]}}],"collection":[{"href":"https:\/\/figa.com.co\/wp-json\/wp\/v2\/product"}],"about":[{"href":"https:\/\/figa.com.co\/wp-json\/wp\/v2\/types\/product"}],"replies":[{"embeddable":true,"href":"https:\/\/figa.com.co\/wp-json\/wp\/v2\/comments?post=4853"}],"version-history":[{"count":0,"href":"https:\/\/figa.com.co\/wp-json\/wp\/v2\/product\/4853\/revisions"}],"wp:featuredmedia":[{"embeddable":true,"href":"https:\/\/figa.com.co\/wp-json\/wp\/v2\/media\/4787"}],"wp:attachment":[{"href":"https:\/\/figa.com.co\/wp-json\/wp\/v2\/media?parent=4853"}],"wp:term":[{"taxonomy":"product_brand","embeddable":true,"href":"https:\/\/figa.com.co\/wp-json\/wp\/v2\/product_brand?post=4853"},{"taxonomy":"product_cat","embeddable":true,"href":"https:\/\/figa.com.co\/wp-json\/wp\/v2\/product_cat?post=4853"},{"taxonomy":"product_tag","embeddable":true,"href":"https:\/\/figa.com.co\/wp-json\/wp\/v2\/product_tag?post=4853"}],"curies":[{"name":"wp","href":"https:\/\/api.w.org\/{rel}","templated":true}]}}