{"id":29158,"date":"2025-09-26T14:32:10","date_gmt":"2025-09-26T14:32:10","guid":{"rendered":"https:\/\/figa.com.co\/?post_type=product&#038;p=29158"},"modified":"2025-09-26T14:32:10","modified_gmt":"2025-09-26T14:32:10","slug":"2","status":"publish","type":"product","link":"https:\/\/figa.com.co\/fr\/product\/2\/","title":{"rendered":"RANUSPET"},"content":{"rendered":"<p>Colombie Reg. ICA N\u00b0 : 10252-MV<\/p>\n<p><strong>1. COMPOSITION GARANTIE :<\/strong><\/p>\n<p>Chaque 1 mL de solution orale contient :<br \/>\nRanitidine base 5,50 mg<br \/>\n(Sous forme de chlorhydrate de ranitidine 6,14 mg)<br \/>\nExcipient q.s.p. 1 mL<\/p>\n<p><strong>2. INDICATIONS :<\/strong><\/p>\n<p>Indiqu\u00e9 comme adjuvant dans le traitement des affections associ\u00e9es \u00e0 l\u2019hypers\u00e9cr\u00e9tion acide gastrique.<\/p>\n<p><strong>3. ESP\u00c8CES POUR LESQUELLES IL EST RECOMMAND\u00c9 :<\/strong><\/p>\n<p>Chiens et chats.<\/p>\n<p><strong>4. VOIE D\u2019ADMINISTRATION :<\/strong><\/p>\n<p>Voie orale uniquement.<\/p>\n<p><strong>5. POSOLOGIE :<\/strong><\/p>\n<ul>\n<li>Chez les chiens et les chats, administrer par voie orale 2 \u2013 4 mg\/kg de poids vif.<\/li>\n<li>En pratique, administrer 2 \u2013 4 mL du produit pour chaque 5 kg de poids vif, 2 \u2013 3 fois par jour.<\/li>\n<\/ul>\n<p><strong>6. PR\u00c9CAUTIONS :<\/strong><\/p>\n<ul>\n<li>Administrer uniquement par voie orale.<\/li>\n<li>Utiliser avec prudence chez les patients pr\u00e9sentant des troubles ou alt\u00e9rations r\u00e9nales.<\/li>\n<li>En cas de traitements prolong\u00e9s ou de fortes doses, surveiller les niveaux s\u00e9riques d\u2019ALT.<\/li>\n<li>Utiliser avec pr\u00e9caution chez les femelles gestantes ou en lactation.<\/li>\n<li>Conserver \u00e0 une temp\u00e9rature inf\u00e9rieure \u00e0 30 \u00baC, \u00e0 l\u2019abri de la lumi\u00e8re.<\/li>\n<\/ul>\n<p><strong>CONTRE-INDICATIONS :<\/strong><\/p>\n<p>Ne pas administrer aux patients pr\u00e9sentant une hypersensibilit\u00e9 au principe actif.<\/p>\n<p><strong>7. MENTIONS OBLIGATOIRES :<\/strong><\/p>\n<ul>\n<li>Tenir hors de port\u00e9e des enfants et des animaux domestiques.<\/li>\n<li>Vente sous prescription du M\u00e9decin V\u00e9t\u00e9rinaire.<\/li>\n<li>Consultez votre M\u00e9decin V\u00e9t\u00e9rinaire.<\/li>\n<li>L\u2019\u00e9limination finale des emballages vides ou contenant des r\u00e9sidus doit \u00eatre effectu\u00e9e conform\u00e9ment aux r\u00e9glementations environnementales en vigueur.<\/li>\n<li>Usage v\u00e9t\u00e9rinaire.<\/li>\n<\/ul>\n<p><strong>8. PR\u00c9SENTATIONS :<\/strong><\/p>\n<p>Enregistr\u00e9es : Flacon de 30, 60 et 120 mL.<\/p>\n","protected":false},"excerpt":{"rendered":"<p>Colombie Reg. ICA N\u00b0 : 10252-MV 1. COMPOSITION GARANTIE : Chaque 1 mL de solution orale contient : Ranitidine base 5,50 mg (Sous forme de chlorhydrate de ranitidine 6,14 mg) Excipient q.s.p. 1 mL 2. INDICATIONS : Indiqu\u00e9 comme adjuvant dans le traitement des affections associ\u00e9es \u00e0 l\u2019hypers\u00e9cr\u00e9tion acide gastrique. 3. ESP\u00c8CES POUR LESQUELLES IL [&hellip;]<\/p>\n","protected":false},"featured_media":29117,"comment_status":"open","ping_status":"closed","template":"","meta":{"_locale":"fr_FR","_original_post":"https:\/\/figa.com.co\/?post_type=product&p=29114","_joinchat":[]},"product_brand":[],"product_cat":[76],"product_tag":[],"class_list":{"0":"post-29158","1":"product","2":"type-product","3":"status-publish","4":"has-post-thumbnail","6":"product_cat-vitaminas-minerales-suplementos","7":"fr-FR","9":"first","10":"instock","11":"shipping-taxable","12":"product-type-simple"},"_links":{"self":[{"href":"https:\/\/figa.com.co\/wp-json\/wp\/v2\/product\/29158","targetHints":{"allow":["GET"]}}],"collection":[{"href":"https:\/\/figa.com.co\/wp-json\/wp\/v2\/product"}],"about":[{"href":"https:\/\/figa.com.co\/wp-json\/wp\/v2\/types\/product"}],"replies":[{"embeddable":true,"href":"https:\/\/figa.com.co\/wp-json\/wp\/v2\/comments?post=29158"}],"version-history":[{"count":1,"href":"https:\/\/figa.com.co\/wp-json\/wp\/v2\/product\/29158\/revisions"}],"predecessor-version":[{"id":29160,"href":"https:\/\/figa.com.co\/wp-json\/wp\/v2\/product\/29158\/revisions\/29160"}],"wp:featuredmedia":[{"embeddable":true,"href":"https:\/\/figa.com.co\/wp-json\/wp\/v2\/media\/29117"}],"wp:attachment":[{"href":"https:\/\/figa.com.co\/wp-json\/wp\/v2\/media?parent=29158"}],"wp:term":[{"taxonomy":"product_brand","embeddable":true,"href":"https:\/\/figa.com.co\/wp-json\/wp\/v2\/product_brand?post=29158"},{"taxonomy":"product_cat","embeddable":true,"href":"https:\/\/figa.com.co\/wp-json\/wp\/v2\/product_cat?post=29158"},{"taxonomy":"product_tag","embeddable":true,"href":"https:\/\/figa.com.co\/wp-json\/wp\/v2\/product_tag?post=29158"}],"curies":[{"name":"wp","href":"https:\/\/api.w.org\/{rel}","templated":true}]}}