{"id":29153,"date":"2025-09-26T14:28:36","date_gmt":"2025-09-26T14:28:36","guid":{"rendered":"https:\/\/figa.com.co\/?post_type=product&#038;p=29153"},"modified":"2025-09-26T14:28:36","modified_gmt":"2025-09-26T14:28:36","slug":"ring-cox","status":"publish","type":"product","link":"https:\/\/figa.com.co\/fr\/product\/ring-cox\/","title":{"rendered":"RING-COX"},"content":{"rendered":"<p><strong>SUPPRESSEUR DE S\u00c9CR\u00c9TION ACIDE + AINS<\/strong><\/p>\n<p>Colombie Reg. ICA N\u00b0 : 10310-MV<\/p>\n<p>1. COMPOSITION GARANTIE :<\/p>\n<p>Chaque mL de RING-COX contient :<br \/>\nFamotidine 5 mg<br \/>\nM\u00e9loxicam 1 mg<br \/>\nExcipient q.s.p. 1 mL<\/p>\n<p>2. INDICATIONS :<\/p>\n<ul>\n<li>RING-COX est indiqu\u00e9 chez les chiens pour le traitement de la douleur et de l\u2019inflammation aigu\u00ebs.<\/li>\n<li>Pour la pr\u00e9vention et le contr\u00f4le de la gastrite et des ulc\u00e8res gastriques associ\u00e9s au traitement par des analg\u00e9siques non st\u00e9ro\u00efdiens.<\/li>\n<\/ul>\n<p>3. ESP\u00c8CES POUR LESQUELLES IL EST RECOMMAND\u00c9 :<\/p>\n<p>Chiens.<\/p>\n<p>4. VOIE D\u2019ADMINISTRATION :<\/p>\n<p>Voie orale uniquement.<\/p>\n<p>5. POSOLOGIE :<\/p>\n<ul>\n<li>Administrer le premier jour une dose unique de 0,2 mg\/kg de poids vif (\u00e9quivalant \u00e0 1 mL\/5 kg).<\/li>\n<li>\u00c0 partir du deuxi\u00e8me jour du traitement, une dose de 0,1 mg\/kg de poids vif (\u00e9quivalant \u00e0 0,5 mL\/5 kg) est sugg\u00e9r\u00e9e, toutes les 24 heures pendant un maximum de 5 jours.<\/li>\n<li>La dur\u00e9e du traitement ne doit JAMAIS d\u00e9passer 5 jours.<\/li>\n<\/ul>\n<p>6. PR\u00c9CAUTIONS :<\/p>\n<ul>\n<li>Bien agiter avant emploi.<\/li>\n<li>Administrer uniquement par voie orale.<\/li>\n<li>Usage exclusif chez les chiens.<\/li>\n<li>La dose prescrite doit \u00eatre administr\u00e9e avec pr\u00e9cision.<\/li>\n<li>\u00c9valuer le rapport b\u00e9n\u00e9fice\/risque chez les patients ayant des ant\u00e9c\u00e9dents de maladie h\u00e9patique ou r\u00e9nale.<\/li>\n<li>Ne pas administrer aux patients atteints de troubles chroniques h\u00e9patiques ou r\u00e9naux.<\/li>\n<li>Lorsque le produit est administr\u00e9 avec l\u2019aliment, s\u2019assurer que la totalit\u00e9 du m\u00e9dicament est consomm\u00e9e.<\/li>\n<li>En cas d\u2019hypersensibilit\u00e9 ou d\u2019effets secondaires li\u00e9s \u00e0 l\u2019administration du produit, le traitement doit \u00eatre interrompu.<\/li>\n<li>Conserver \u00e0 une temp\u00e9rature inf\u00e9rieure \u00e0 30 \u00baC, \u00e0 l\u2019abri de la lumi\u00e8re.<\/li>\n<\/ul>\n<p>CONTRE-INDICATIONS :<\/p>\n<ul>\n<li>Ne pas administrer chez les chiens pr\u00e9sentant une hypersensibilit\u00e9 au m\u00e9dicament.<\/li>\n<li>Ne pas utiliser chez les animaux gestants, en lactation ou \u00e2g\u00e9s de moins de 6 semaines.<\/li>\n<\/ul>\n<p>7. MENTIONS OBLIGATOIRES :<\/p>\n<ul>\n<li>Vente sous prescription du M\u00e9decin V\u00e9t\u00e9rinaire.<\/li>\n<li>Consultez votre M\u00e9decin V\u00e9t\u00e9rinaire.<\/li>\n<li>Tenir hors de port\u00e9e des enfants et des animaux domestiques.<\/li>\n<li>L\u2019\u00e9limination finale des emballages vides ou contenant des r\u00e9sidus doit \u00eatre effectu\u00e9e conform\u00e9ment \u00e0 la r\u00e9glementation environnementale en vigueur.<\/li>\n<li>Usage v\u00e9t\u00e9rinaire.<\/li>\n<\/ul>\n<p>8. PR\u00c9SENTATIONS :<\/p>\n<p>Enregistr\u00e9es : Flacon de 15, 30, 60 ou 120 mL.<\/p>\n","protected":false},"excerpt":{"rendered":"<p>SUPPRESSEUR DE S\u00c9CR\u00c9TION ACIDE + AINS Colombie Reg. ICA N\u00b0 : 10310-MV 1. COMPOSITION GARANTIE : Chaque mL de RING-COX contient : Famotidine 5 mg M\u00e9loxicam 1 mg Excipient q.s.p. 1 mL 2. INDICATIONS : RING-COX est indiqu\u00e9 chez les chiens pour le traitement de la douleur et de l\u2019inflammation aigu\u00ebs. Pour la pr\u00e9vention et [&hellip;]<\/p>\n","protected":false},"featured_media":29122,"comment_status":"open","ping_status":"closed","template":"","meta":{"_locale":"fr_FR","_original_post":"https:\/\/figa.com.co\/?post_type=product&p=29121","_joinchat":[]},"product_brand":[],"product_cat":[80],"product_tag":[270],"class_list":{"0":"post-29153","1":"product","2":"type-product","3":"status-publish","4":"has-post-thumbnail","6":"product_cat-clinicos-medicados-pets","7":"product_tag-pets","8":"fr-FR","10":"first","11":"instock","12":"shipping-taxable","13":"product-type-simple"},"_links":{"self":[{"href":"https:\/\/figa.com.co\/wp-json\/wp\/v2\/product\/29153","targetHints":{"allow":["GET"]}}],"collection":[{"href":"https:\/\/figa.com.co\/wp-json\/wp\/v2\/product"}],"about":[{"href":"https:\/\/figa.com.co\/wp-json\/wp\/v2\/types\/product"}],"replies":[{"embeddable":true,"href":"https:\/\/figa.com.co\/wp-json\/wp\/v2\/comments?post=29153"}],"version-history":[{"count":1,"href":"https:\/\/figa.com.co\/wp-json\/wp\/v2\/product\/29153\/revisions"}],"predecessor-version":[{"id":29155,"href":"https:\/\/figa.com.co\/wp-json\/wp\/v2\/product\/29153\/revisions\/29155"}],"wp:featuredmedia":[{"embeddable":true,"href":"https:\/\/figa.com.co\/wp-json\/wp\/v2\/media\/29122"}],"wp:attachment":[{"href":"https:\/\/figa.com.co\/wp-json\/wp\/v2\/media?parent=29153"}],"wp:term":[{"taxonomy":"product_brand","embeddable":true,"href":"https:\/\/figa.com.co\/wp-json\/wp\/v2\/product_brand?post=29153"},{"taxonomy":"product_cat","embeddable":true,"href":"https:\/\/figa.com.co\/wp-json\/wp\/v2\/product_cat?post=29153"},{"taxonomy":"product_tag","embeddable":true,"href":"https:\/\/figa.com.co\/wp-json\/wp\/v2\/product_tag?post=29153"}],"curies":[{"name":"wp","href":"https:\/\/api.w.org\/{rel}","templated":true}]}}