{"id":4945,"date":"2023-01-18T19:49:16","date_gmt":"2023-01-18T19:49:16","guid":{"rendered":"https:\/\/figa.com.co\/?page_id=4945"},"modified":"2023-01-18T19:55:41","modified_gmt":"2023-01-18T19:55:41","slug":"contact","status":"publish","type":"page","link":"https:\/\/figa.com.co\/fr\/contact\/","title":{"rendered":"Contacter"},"content":{"rendered":"\t\t<div data-elementor-type=\"wp-page\" data-elementor-id=\"4945\" class=\"elementor elementor-4945\" data-elementor-post-type=\"page\">\n\t\t\t\t\t\t<section class=\"elementor-section elementor-top-section elementor-element elementor-element-727f591 elementor-section-boxed elementor-section-height-default elementor-section-height-default\" data-id=\"727f591\" data-element_type=\"section\">\n\t\t\t\t\t\t<div class=\"elementor-container elementor-column-gap-default\">\n\t\t\t\t\t<div class=\"elementor-column elementor-col-100 elementor-top-column elementor-element elementor-element-ab9fea1\" data-id=\"ab9fea1\" data-element_type=\"column\">\n\t\t\t<div class=\"elementor-widget-wrap elementor-element-populated\">\n\t\t\t\t\t\t<section class=\"elementor-section elementor-inner-section elementor-element elementor-element-c130271 elementor-section-height-min-height elementor-section-boxed elementor-section-height-default\" data-id=\"c130271\" data-element_type=\"section\">\n\t\t\t\t\t\t<div class=\"elementor-container elementor-column-gap-default\">\n\t\t\t\t\t<div class=\"elementor-column elementor-col-50 elementor-inner-column elementor-element elementor-element-0ee9e8a\" data-id=\"0ee9e8a\" data-element_type=\"column\">\n\t\t\t<div class=\"elementor-widget-wrap elementor-element-populated\">\n\t\t\t\t\t\t<div class=\"elementor-element elementor-element-df9bcaf elementor-widget elementor-widget-spacer\" data-id=\"df9bcaf\" data-element_type=\"widget\" data-widget_type=\"spacer.default\">\n\t\t\t\t<div class=\"elementor-widget-container\">\n\t\t\t\t\t\t\t<div class=\"elementor-spacer\">\n\t\t\t<div class=\"elementor-spacer-inner\"><\/div>\n\t\t<\/div>\n\t\t\t\t\t\t<\/div>\n\t\t\t\t<\/div>\n\t\t\t\t<div class=\"elementor-element elementor-element-39d518e elementor-widget elementor-widget-heading\" data-id=\"39d518e\" data-element_type=\"widget\" data-widget_type=\"heading.default\">\n\t\t\t\t<div class=\"elementor-widget-container\">\n\t\t\t\t\t<h2 class=\"elementor-heading-title elementor-size-default\">Contacter<\/h2>\t\t\t\t<\/div>\n\t\t\t\t<\/div>\n\t\t\t\t<div class=\"elementor-element elementor-element-d60acfd elementor-widget elementor-widget-text-editor\" data-id=\"d60acfd\" data-element_type=\"widget\" data-widget_type=\"text-editor.default\">\n\t\t\t\t<div class=\"elementor-widget-container\">\n\t\t\t\t\t\t\t\t\t<p>Laboratorios FIGA S.A. Il est situ\u00e9 dans la ville de Bogot\u00e1, Colombie \u00e0<strong> Cra 29a # 72-42<\/strong><\/p><p>Vous pouvez nous contacter par t\u00e9l\u00e9phone au <strong>+57 601 808 94 78<\/strong> par email \u00e0 <strong>servicioalcliente@figa.com.co<\/strong><\/p><p>Si vous le souhaitez, nous mettons \u00e9galement \u00e0 votre disposition le formulaire suivant.<\/p>\t\t\t\t\t\t\t\t<\/div>\n\t\t\t\t<\/div>\n\t\t\t\t\t<\/div>\n\t\t<\/div>\n\t\t\t\t<div class=\"elementor-column elementor-col-50 elementor-inner-column elementor-element elementor-element-d681238\" data-id=\"d681238\" data-element_type=\"column\">\n\t\t\t<div class=\"elementor-widget-wrap elementor-element-populated\">\n\t\t\t\t\t\t<div class=\"elementor-element elementor-element-b42239f elementor-widget elementor-widget-spacer\" data-id=\"b42239f\" data-element_type=\"widget\" data-widget_type=\"spacer.default\">\n\t\t\t\t<div class=\"elementor-widget-container\">\n\t\t\t\t\t\t\t<div class=\"elementor-spacer\">\n\t\t\t<div class=\"elementor-spacer-inner\"><\/div>\n\t\t<\/div>\n\t\t\t\t\t\t<\/div>\n\t\t\t\t<\/div>\n\t\t\t\t<div class=\"elementor-element elementor-element-b1b0888 elementor-button-align-stretch elementor-widget elementor-widget-form\" data-id=\"b1b0888\" data-element_type=\"widget\" data-settings=\"{&quot;step_next_label&quot;:&quot;Next&quot;,&quot;step_previous_label&quot;:&quot;Previous&quot;,&quot;step_type&quot;:&quot;number&quot;,&quot;button_width&quot;:&quot;100&quot;,&quot;step_icon_shape&quot;:&quot;circle&quot;}\" data-widget_type=\"form.default\">\n\t\t\t\t<div class=\"elementor-widget-container\">\n\t\t\t\t\t\t\t<form class=\"elementor-form\" method=\"post\" name=\"Contact us\" aria-label=\"Contact us\">\n\t\t\t<input type=\"hidden\" name=\"post_id\" value=\"4945\"\/>\n\t\t\t<input type=\"hidden\" name=\"form_id\" value=\"b1b0888\"\/>\n\t\t\t<input type=\"hidden\" name=\"referer_title\" value=\"Contacter - Figa S.A. | Medicamentos Veterinarios\" \/>\n\n\t\t\t\t\t\t\t<input type=\"hidden\" name=\"queried_id\" value=\"4945\"\/>\n\t\t\t\n\t\t\t<div class=\"elementor-form-fields-wrapper elementor-labels-above\">\n\t\t\t\t\t\t\t\t<div class=\"elementor-field-type-text elementor-field-group elementor-column elementor-field-group-name elementor-col-100\">\n\t\t\t\t\t\t\t\t\t\t\t\t\t<input size=\"1\" type=\"text\" name=\"form_fields[name]\" id=\"form-field-name\" class=\"elementor-field elementor-size-sm  elementor-field-textual\" placeholder=\"Nom\">\n\t\t\t\t\t\t\t\t\t\t\t<\/div>\n\t\t\t\t\t\t\t\t<div class=\"elementor-field-type-email elementor-field-group elementor-column elementor-field-group-email elementor-col-100 elementor-field-required\">\n\t\t\t\t\t\t\t\t\t\t\t\t\t<input size=\"1\" type=\"email\" name=\"form_fields[email]\" id=\"form-field-email\" class=\"elementor-field elementor-size-sm  elementor-field-textual\" placeholder=\"Email\" required=\"required\">\n\t\t\t\t\t\t\t\t\t\t\t<\/div>\n\t\t\t\t\t\t\t\t<div class=\"elementor-field-type-select elementor-field-group elementor-column elementor-field-group-field_26f693c elementor-col-100 elementor-field-required\">\n\t\t\t\t\t\t\t<div class=\"elementor-field elementor-select-wrapper remove-before \">\n\t\t\t<div class=\"select-caret-down-wrapper\">\n\t\t\t\t<i aria-hidden=\"true\" class=\"eicon-caret-down\"><\/i>\t\t\t<\/div>\n\t\t\t<select name=\"form_fields[field_26f693c]\" id=\"form-field-field_26f693c\" class=\"elementor-field-textual elementor-size-sm\" required=\"required\">\n\t\t\t\t\t\t\t\t\t<option value=\"Demande\">Demande<\/option>\n\t\t\t\t\t\t\t\t\t<option value=\"Suggestion\">Suggestion<\/option>\n\t\t\t\t\t\t\t\t\t<option value=\"Ventes\">Ventes<\/option>\n\t\t\t\t\t\t\t\t\t<option value=\"Plaindre\">Plaindre<\/option>\n\t\t\t\t\t\t\t<\/select>\n\t\t<\/div>\n\t\t\t\t\t\t<\/div>\n\t\t\t\t\t\t\t\t<div class=\"elementor-field-type-text elementor-field-group elementor-column elementor-field-group-field_af817e2 elementor-col-50 elementor-field-required\">\n\t\t\t\t\t\t\t\t\t\t\t\t\t<input size=\"1\" type=\"text\" name=\"form_fields[field_af817e2]\" id=\"form-field-field_af817e2\" class=\"elementor-field elementor-size-sm  elementor-field-textual\" placeholder=\"Pays ou ville\" required=\"required\">\n\t\t\t\t\t\t\t\t\t\t\t<\/div>\n\t\t\t\t\t\t\t\t<div class=\"elementor-field-type-text elementor-field-group elementor-column elementor-field-group-field_a359bb4 elementor-col-50\">\n\t\t\t\t\t\t\t\t\t\t\t\t\t<input size=\"1\" type=\"text\" name=\"form_fields[field_a359bb4]\" id=\"form-field-field_a359bb4\" class=\"elementor-field elementor-size-sm  elementor-field-textual\" placeholder=\"Soci\u00e9t\u00e9\">\n\t\t\t\t\t\t\t\t\t\t\t<\/div>\n\t\t\t\t\t\t\t\t<div class=\"elementor-field-type-textarea elementor-field-group elementor-column elementor-field-group-message elementor-col-100\">\n\t\t\t\t\t<textarea class=\"elementor-field-textual elementor-field  elementor-size-sm\" name=\"form_fields[message]\" id=\"form-field-message\" rows=\"4\" placeholder=\"Message\"><\/textarea>\t\t\t\t<\/div>\n\t\t\t\t\t\t\t\t<div class=\"elementor-field-group elementor-column elementor-field-type-submit elementor-col-100 e-form__buttons\">\n\t\t\t\t\t<button class=\"elementor-button elementor-size-sm\" type=\"submit\">\n\t\t\t\t\t\t<span class=\"elementor-button-content-wrapper\">\n\t\t\t\t\t\t\t\t\t\t\t\t\t\t\t\t\t\t\t\t\t\t<span class=\"elementor-button-text\">Envoyer<\/span>\n\t\t\t\t\t\t\t\t\t\t\t\t\t<\/span>\n\t\t\t\t\t<\/button>\n\t\t\t\t<\/div>\n\t\t\t<\/div>\n\t\t<\/form>\n\t\t\t\t\t\t<\/div>\n\t\t\t\t<\/div>\n\t\t\t\t\t<\/div>\n\t\t<\/div>\n\t\t\t\t\t<\/div>\n\t\t<\/section>\n\t\t\t\t\t<\/div>\n\t\t<\/div>\n\t\t\t\t\t<\/div>\n\t\t<\/section>\n\t\t\t\t<\/div>\n\t\t","protected":false},"excerpt":{"rendered":"<p>Contacter Laboratorios FIGA S.A. Il est situ\u00e9 dans la ville de Bogot\u00e1, Colombie \u00e0 Cra 29a # 72-42 Vous pouvez nous contacter par t\u00e9l\u00e9phone au +57 601 808 94 78 par email \u00e0 servicioalcliente@figa.com.co Si vous le souhaitez, nous mettons \u00e9galement \u00e0 votre disposition le formulaire suivant.<\/p>\n","protected":false},"author":1,"featured_media":0,"parent":0,"menu_order":4,"comment_status":"closed","ping_status":"closed","template":"elementor_header_footer","meta":{"_locale":"fr_FR","_original_post":"http:\/\/box5653.temp.domains\/~zambran7\/figa\/contacto\/","_joinchat":[],"footnotes":""},"class_list":["post-4945","page","type-page","status-publish","hentry","fr-FR"],"_links":{"self":[{"href":"https:\/\/figa.com.co\/wp-json\/wp\/v2\/pages\/4945","targetHints":{"allow":["GET"]}}],"collection":[{"href":"https:\/\/figa.com.co\/wp-json\/wp\/v2\/pages"}],"about":[{"href":"https:\/\/figa.com.co\/wp-json\/wp\/v2\/types\/page"}],"author":[{"embeddable":true,"href":"https:\/\/figa.com.co\/wp-json\/wp\/v2\/users\/1"}],"replies":[{"embeddable":true,"href":"https:\/\/figa.com.co\/wp-json\/wp\/v2\/comments?post=4945"}],"version-history":[{"count":4,"href":"https:\/\/figa.com.co\/wp-json\/wp\/v2\/pages\/4945\/revisions"}],"predecessor-version":[{"id":4951,"href":"https:\/\/figa.com.co\/wp-json\/wp\/v2\/pages\/4945\/revisions\/4951"}],"wp:attachment":[{"href":"https:\/\/figa.com.co\/wp-json\/wp\/v2\/media?parent=4945"}],"curies":[{"name":"wp","href":"https:\/\/api.w.org\/{rel}","templated":true}]}}