{"id":4929,"date":"2023-01-18T19:38:13","date_gmt":"2023-01-18T19:38:13","guid":{"rendered":"https:\/\/figa.com.co\/?page_id=4929"},"modified":"2023-01-18T20:23:23","modified_gmt":"2023-01-18T20:23:23","slug":"nacionales","status":"publish","type":"page","link":"https:\/\/figa.com.co\/fr\/nacionales\/","title":{"rendered":"Nationale"},"content":{"rendered":"\t\t<div data-elementor-type=\"wp-page\" data-elementor-id=\"4929\" class=\"elementor elementor-4929\" data-elementor-post-type=\"page\">\n\t\t\t\t\t\t<section class=\"elementor-section elementor-top-section elementor-element elementor-element-d5db688 elementor-section-boxed elementor-section-height-default elementor-section-height-default\" data-id=\"d5db688\" data-element_type=\"section\">\n\t\t\t\t\t\t<div class=\"elementor-container elementor-column-gap-default\">\n\t\t\t\t\t<div class=\"elementor-column elementor-col-100 elementor-top-column elementor-element elementor-element-e659acd\" data-id=\"e659acd\" data-element_type=\"column\">\n\t\t\t<div class=\"elementor-widget-wrap elementor-element-populated\">\n\t\t\t\t\t\t<div class=\"elementor-element elementor-element-4a1062f elementor-widget elementor-widget-heading\" data-id=\"4a1062f\" data-element_type=\"widget\" data-widget_type=\"heading.default\">\n\t\t\t\t<div class=\"elementor-widget-container\">\n\t\t\t\t\t<h2 class=\"elementor-heading-title elementor-size-default\">Nos distributeurs nationaux<\/h2>\t\t\t\t<\/div>\n\t\t\t\t<\/div>\n\t\t\t\t\t<\/div>\n\t\t<\/div>\n\t\t\t\t\t<\/div>\n\t\t<\/section>\n\t\t\t\t<section class=\"elementor-section elementor-top-section elementor-element elementor-element-26c2d71 elementor-section-boxed elementor-section-height-default elementor-section-height-default\" data-id=\"26c2d71\" data-element_type=\"section\">\n\t\t\t\t\t\t<div class=\"elementor-container elementor-column-gap-default\">\n\t\t\t\t\t<div class=\"elementor-column elementor-col-100 elementor-top-column elementor-element elementor-element-28d4c88\" data-id=\"28d4c88\" data-element_type=\"column\">\n\t\t\t<div class=\"elementor-widget-wrap elementor-element-populated\">\n\t\t\t\t\t\t<section class=\"elementor-section elementor-inner-section elementor-element elementor-element-4d8fe28 elementor-section-boxed elementor-section-height-default elementor-section-height-default\" data-id=\"4d8fe28\" data-element_type=\"section\">\n\t\t\t\t\t\t<div class=\"elementor-container elementor-column-gap-default\">\n\t\t\t\t\t<div class=\"elementor-column elementor-col-50 elementor-inner-column elementor-element elementor-element-a537798\" data-id=\"a537798\" data-element_type=\"column\">\n\t\t\t<div class=\"elementor-widget-wrap elementor-element-populated\">\n\t\t\t\t\t\t<div class=\"elementor-element elementor-element-ba95783 elementor-widget elementor-widget-image\" data-id=\"ba95783\" data-element_type=\"widget\" data-settings=\"{&quot;motion_fx_motion_fx_mouse&quot;:&quot;yes&quot;,&quot;motion_fx_tilt_effect&quot;:&quot;yes&quot;,&quot;motion_fx_tilt_speed&quot;:{&quot;unit&quot;:&quot;px&quot;,&quot;size&quot;:1,&quot;sizes&quot;:[]}}\" data-widget_type=\"image.default\">\n\t\t\t\t<div class=\"elementor-widget-container\">\n\t\t\t\t\t\t\t\t\t\t\t\t\t\t\t<img fetchpriority=\"high\" decoding=\"async\" width=\"753\" height=\"768\" src=\"https:\/\/figa.com.co\/v2\/wp-content\/uploads\/2021\/09\/nacionalll.jpg\" class=\"attachment-large size-large wp-image-3278\" alt=\"\" srcset=\"https:\/\/figa.com.co\/v2\/wp-content\/uploads\/2021\/09\/nacionalll.jpg 753w, https:\/\/figa.com.co\/v2\/wp-content\/uploads\/2021\/09\/nacionalll-294x300.jpg 294w, https:\/\/figa.com.co\/v2\/wp-content\/uploads\/2021\/09\/nacionalll-300x306.jpg 300w, https:\/\/figa.com.co\/v2\/wp-content\/uploads\/2021\/09\/nacionalll-600x612.jpg 600w\" sizes=\"(max-width: 753px) 100vw, 753px\" \/>\t\t\t\t\t\t\t\t\t\t\t\t\t\t\t<\/div>\n\t\t\t\t<\/div>\n\t\t\t\t\t<\/div>\n\t\t<\/div>\n\t\t\t\t<div class=\"elementor-column elementor-col-50 elementor-inner-column elementor-element elementor-element-06fb87d\" data-id=\"06fb87d\" data-element_type=\"column\">\n\t\t\t<div class=\"elementor-widget-wrap elementor-element-populated\">\n\t\t\t\t\t\t<div class=\"elementor-element elementor-element-bbbc6e5 elementor-widget elementor-widget-text-editor\" data-id=\"bbbc6e5\" data-element_type=\"widget\" data-widget_type=\"text-editor.default\">\n\t\t\t\t<div class=\"elementor-widget-container\">\n\t\t\t\t\t\t\t\t\t<p>Nous avons actuellement une large pr\u00e9sence sur le march\u00e9 au niveau national, nous sommes reconnus pour la qualit\u00e9 de nos produits et pour le d\u00e9veloppement de formules qui r\u00e9volutionnent le secteur v\u00e9t\u00e9rinaire.<\/p>\t\t\t\t\t\t\t\t<\/div>\n\t\t\t\t<\/div>\n\t\t\t\t<div class=\"elementor-element elementor-element-f1d77f3 dc-has-condition dc-condition-equal elementor-align-left elementor-widget elementor-widget-button\" data-id=\"f1d77f3\" data-element_type=\"widget\" data-widget_type=\"button.default\">\n\t\t\t\t<div class=\"elementor-widget-container\">\n\t\t\t\t\t\t\t\t\t<div class=\"elementor-button-wrapper\">\n\t\t\t\t\t<a class=\"elementor-button elementor-button-link elementor-size-sm elementor-animation-pulse-grow\" href=\"https:\/\/figa.com.co\/v2\/contacto\/\">\n\t\t\t\t\t\t<span class=\"elementor-button-content-wrapper\">\n\t\t\t\t\t\t<span class=\"elementor-button-icon\">\n\t\t\t\t<i aria-hidden=\"true\" class=\"far fa-comment-dots\"><\/i>\t\t\t<\/span>\n\t\t\t\t\t\t\t\t\t<span class=\"elementor-button-text\">Int\u00e9ress\u00e9 \u00e0 distribuer?<\/span>\n\t\t\t\t\t<\/span>\n\t\t\t\t\t<\/a>\n\t\t\t\t<\/div>\n\t\t\t\t\t\t\t\t<\/div>\n\t\t\t\t<\/div>\n\t\t\t\t\t<\/div>\n\t\t<\/div>\n\t\t\t\t\t<\/div>\n\t\t<\/section>\n\t\t\t\t\t<\/div>\n\t\t<\/div>\n\t\t\t\t\t<\/div>\n\t\t<\/section>\n\t\t\t\t<\/div>\n\t\t","protected":false},"excerpt":{"rendered":"<p>Nos distributeurs nationaux Nous avons actuellement une large pr\u00e9sence sur le march\u00e9 au niveau national, nous sommes reconnus pour la qualit\u00e9 de nos produits et pour le d\u00e9veloppement de formules qui r\u00e9volutionnent le secteur v\u00e9t\u00e9rinaire. Int\u00e9ress\u00e9 \u00e0 distribuer?<\/p>\n","protected":false},"author":1,"featured_media":0,"parent":0,"menu_order":0,"comment_status":"closed","ping_status":"closed","template":"elementor_header_footer","meta":{"_locale":"fr_FR","_original_post":"https:\/\/figa.com.co\/?page_id=2793","_joinchat":[],"footnotes":""},"class_list":["post-4929","page","type-page","status-publish","hentry","fr-FR"],"_links":{"self":[{"href":"https:\/\/figa.com.co\/wp-json\/wp\/v2\/pages\/4929","targetHints":{"allow":["GET"]}}],"collection":[{"href":"https:\/\/figa.com.co\/wp-json\/wp\/v2\/pages"}],"about":[{"href":"https:\/\/figa.com.co\/wp-json\/wp\/v2\/types\/page"}],"author":[{"embeddable":true,"href":"https:\/\/figa.com.co\/wp-json\/wp\/v2\/users\/1"}],"replies":[{"embeddable":true,"href":"https:\/\/figa.com.co\/wp-json\/wp\/v2\/comments?post=4929"}],"version-history":[{"count":5,"href":"https:\/\/figa.com.co\/wp-json\/wp\/v2\/pages\/4929\/revisions"}],"predecessor-version":[{"id":4996,"href":"https:\/\/figa.com.co\/wp-json\/wp\/v2\/pages\/4929\/revisions\/4996"}],"wp:attachment":[{"href":"https:\/\/figa.com.co\/wp-json\/wp\/v2\/media?parent=4929"}],"curies":[{"name":"wp","href":"https:\/\/api.w.org\/{rel}","templated":true}]}}