{"id":4911,"date":"2023-01-18T18:20:42","date_gmt":"2023-01-18T18:20:42","guid":{"rendered":"https:\/\/figa.com.co\/?page_id=4911"},"modified":"2023-12-30T14:47:47","modified_gmt":"2023-12-30T14:47:47","slug":"compania","status":"publish","type":"page","link":"https:\/\/figa.com.co\/fr\/compania\/","title":{"rendered":"La soci\u00e9t\u00e9"},"content":{"rendered":"\t\t<div data-elementor-type=\"wp-page\" data-elementor-id=\"4911\" class=\"elementor elementor-4911\" data-elementor-post-type=\"page\">\n\t\t\t\t\t\t<section class=\"elementor-section elementor-top-section elementor-element elementor-element-73cb1f3 elementor-section-boxed elementor-section-height-default elementor-section-height-default\" data-id=\"73cb1f3\" data-element_type=\"section\">\n\t\t\t\t\t\t<div class=\"elementor-container elementor-column-gap-default\">\n\t\t\t\t\t<div class=\"elementor-column elementor-col-100 elementor-top-column elementor-element elementor-element-37c328f\" data-id=\"37c328f\" data-element_type=\"column\">\n\t\t\t<div class=\"elementor-widget-wrap elementor-element-populated\">\n\t\t\t\t\t\t<div class=\"elementor-element elementor-element-642fa13 elementor-widget elementor-widget-heading\" data-id=\"642fa13\" data-element_type=\"widget\" data-widget_type=\"heading.default\">\n\t\t\t\t<div class=\"elementor-widget-container\">\n\t\t\t\t\t<h2 class=\"elementor-heading-title elementor-size-default\">GARANTIE ANIMALE INTERNATIONALE PHARMACEUTIQUE<\/h2>\t\t\t\t<\/div>\n\t\t\t\t<\/div>\n\t\t\t\t\t<\/div>\n\t\t<\/div>\n\t\t\t\t\t<\/div>\n\t\t<\/section>\n\t\t\t\t<section class=\"elementor-section elementor-top-section elementor-element elementor-element-538d204 elementor-section-boxed elementor-section-height-default elementor-section-height-default\" data-id=\"538d204\" data-element_type=\"section\">\n\t\t\t\t\t\t<div class=\"elementor-container elementor-column-gap-default\">\n\t\t\t\t\t<div class=\"elementor-column elementor-col-100 elementor-top-column elementor-element elementor-element-1ad7a3b\" data-id=\"1ad7a3b\" data-element_type=\"column\">\n\t\t\t<div class=\"elementor-widget-wrap elementor-element-populated\">\n\t\t\t\t\t\t<div class=\"elementor-element elementor-element-a5660a4 elementor-widget elementor-widget-text-editor\" data-id=\"a5660a4\" data-element_type=\"widget\" data-widget_type=\"text-editor.default\">\n\t\t\t\t<div class=\"elementor-widget-container\">\n\t\t\t\t\t\t\t\t\t<p>C&rsquo;est une entreprise ax\u00e9e sur la recherche, le d\u00e9veloppement, l&rsquo;innovation et la production de produits d&rsquo;\u00e9levage. Pour atteindre cet objectif, nous disposons d&rsquo;un laboratoire associ\u00e9 de base et de professionnels poss\u00e9dant des connaissances et une exp\u00e9rience approfondies.<br \/><br \/>Figa est une soci\u00e9t\u00e9 cr\u00e9\u00e9e dans le but de d\u00e9velopper, produire et commercialiser des produits v\u00e9t\u00e9rinaires pour r\u00e9pondre aux besoins du march\u00e9 de l&rsquo;\u00e9levage.<br \/><br \/>Il a \u00e9t\u00e9 cr\u00e9\u00e9 le 21 novembre 2005 dans la ville de Bogot\u00e1 par un groupe interdisciplinaire de professionnels ayant une connaissance approfondie du secteur de l&rsquo;\u00e9levage colombien et latino-am\u00e9ricain.<\/p>\t\t\t\t\t\t\t\t<\/div>\n\t\t\t\t<\/div>\n\t\t\t\t\t<\/div>\n\t\t<\/div>\n\t\t\t\t\t<\/div>\n\t\t<\/section>\n\t\t\t\t<section class=\"elementor-section elementor-top-section elementor-element elementor-element-b27b226 elementor-section-boxed elementor-section-height-default elementor-section-height-default\" data-id=\"b27b226\" data-element_type=\"section\">\n\t\t\t\t\t\t<div class=\"elementor-container elementor-column-gap-default\">\n\t\t\t\t\t<div class=\"elementor-column elementor-col-50 elementor-top-column elementor-element elementor-element-e5fdc71\" data-id=\"e5fdc71\" data-element_type=\"column\">\n\t\t\t<div class=\"elementor-widget-wrap elementor-element-populated\">\n\t\t\t\t\t\t<div class=\"elementor-element elementor-element-40af501 elementor-widget elementor-widget-image\" data-id=\"40af501\" data-element_type=\"widget\" data-widget_type=\"image.default\">\n\t\t\t\t<div class=\"elementor-widget-container\">\n\t\t\t\t\t\t\t\t\t\t\t\t\t\t\t<img decoding=\"async\" src=\"https:\/\/figa.com.co\/v2\/wp-content\/uploads\/2021\/06\/COMPANIA_Mesa-de-trabajo-1-copia.jpg\" title=\"COMPA\u00d1IA_Mesa de trabajo 1 copia\" alt=\"COMPA\u00d1IA_Mesa de trabajo 1 copia\" loading=\"lazy\" \/>\t\t\t\t\t\t\t\t\t\t\t\t\t\t\t<\/div>\n\t\t\t\t<\/div>\n\t\t\t\t<div class=\"elementor-element elementor-element-c908ff0 elementor-widget elementor-widget-text-editor\" data-id=\"c908ff0\" data-element_type=\"widget\" data-widget_type=\"text-editor.default\">\n\t\t\t\t<div class=\"elementor-widget-container\">\n\t\t\t\t\t\t\t\t\t<p style=\"text-align: center;\">Nous offrons sant\u00e9 et bien-\u00eatre, pour le monde animal.<\/p>\t\t\t\t\t\t\t\t<\/div>\n\t\t\t\t<\/div>\n\t\t\t\t\t<\/div>\n\t\t<\/div>\n\t\t\t\t<div class=\"elementor-column elementor-col-50 elementor-top-column elementor-element elementor-element-9b28f09\" data-id=\"9b28f09\" data-element_type=\"column\">\n\t\t\t<div class=\"elementor-widget-wrap elementor-element-populated\">\n\t\t\t\t\t\t<div class=\"elementor-element elementor-element-450d8aa elementor-widget elementor-widget-image\" data-id=\"450d8aa\" data-element_type=\"widget\" data-widget_type=\"image.default\">\n\t\t\t\t<div class=\"elementor-widget-container\">\n\t\t\t\t\t\t\t\t\t\t\t\t\t\t\t<img fetchpriority=\"high\" decoding=\"async\" width=\"800\" height=\"422\" src=\"https:\/\/figa.com.co\/v2\/wp-content\/uploads\/2021\/06\/COMPANIA_Mesa-de-trabajo-1-copia-2-1024x540.jpg\" class=\"attachment-large size-large wp-image-2255\" alt=\"\" srcset=\"https:\/\/figa.com.co\/v2\/wp-content\/uploads\/2021\/06\/COMPANIA_Mesa-de-trabajo-1-copia-2-1024x540.jpg 1024w, https:\/\/figa.com.co\/v2\/wp-content\/uploads\/2021\/06\/COMPANIA_Mesa-de-trabajo-1-copia-2-300x158.jpg 300w, https:\/\/figa.com.co\/v2\/wp-content\/uploads\/2021\/06\/COMPANIA_Mesa-de-trabajo-1-copia-2-768x405.jpg 768w, https:\/\/figa.com.co\/v2\/wp-content\/uploads\/2021\/06\/COMPANIA_Mesa-de-trabajo-1-copia-2-600x316.jpg 600w, https:\/\/figa.com.co\/v2\/wp-content\/uploads\/2021\/06\/COMPANIA_Mesa-de-trabajo-1-copia-2.jpg 1147w\" sizes=\"(max-width: 800px) 100vw, 800px\" \/>\t\t\t\t\t\t\t\t\t\t\t\t\t\t\t<\/div>\n\t\t\t\t<\/div>\n\t\t\t\t<div class=\"elementor-element elementor-element-d2db6bc elementor-widget elementor-widget-text-editor\" data-id=\"d2db6bc\" data-element_type=\"widget\" data-widget_type=\"text-editor.default\">\n\t\t\t\t<div class=\"elementor-widget-container\">\n\t\t\t\t\t\t\t\t\t<p style=\"text-align: center;\">Sant\u00e9 et bien-\u00eatre animal, sans fronti\u00e8res.<\/p>\t\t\t\t\t\t\t\t<\/div>\n\t\t\t\t<\/div>\n\t\t\t\t\t<\/div>\n\t\t<\/div>\n\t\t\t\t\t<\/div>\n\t\t<\/section>\n\t\t\t\t<section class=\"elementor-section elementor-top-section elementor-element elementor-element-ab137f9 elementor-section-boxed elementor-section-height-default elementor-section-height-default\" data-id=\"ab137f9\" data-element_type=\"section\">\n\t\t\t\t\t\t<div class=\"elementor-container elementor-column-gap-default\">\n\t\t\t\t\t<div class=\"elementor-column elementor-col-33 elementor-top-column elementor-element elementor-element-9948b84\" data-id=\"9948b84\" data-element_type=\"column\">\n\t\t\t<div class=\"elementor-widget-wrap elementor-element-populated\">\n\t\t\t\t\t\t<div class=\"elementor-element elementor-element-57c840c elementor-widget elementor-widget-image\" data-id=\"57c840c\" data-element_type=\"widget\" data-widget_type=\"image.default\">\n\t\t\t\t<div class=\"elementor-widget-container\">\n\t\t\t\t\t\t\t\t\t\t\t\t\t\t\t<img decoding=\"async\" width=\"800\" height=\"408\" src=\"https:\/\/figa.com.co\/v2\/wp-content\/uploads\/2021\/08\/COMPANIA_Mesa-de-trabajo-1-copia-6-1024x522.jpg\" class=\"attachment-large size-large wp-image-2718\" alt=\"\" srcset=\"https:\/\/figa.com.co\/v2\/wp-content\/uploads\/2021\/08\/COMPANIA_Mesa-de-trabajo-1-copia-6-1024x522.jpg 1024w, https:\/\/figa.com.co\/v2\/wp-content\/uploads\/2021\/08\/COMPANIA_Mesa-de-trabajo-1-copia-6-300x153.jpg 300w, https:\/\/figa.com.co\/v2\/wp-content\/uploads\/2021\/08\/COMPANIA_Mesa-de-trabajo-1-copia-6-768x392.jpg 768w, https:\/\/figa.com.co\/v2\/wp-content\/uploads\/2021\/08\/COMPANIA_Mesa-de-trabajo-1-copia-6-600x306.jpg 600w, https:\/\/figa.com.co\/v2\/wp-content\/uploads\/2021\/08\/COMPANIA_Mesa-de-trabajo-1-copia-6.jpg 1147w\" sizes=\"(max-width: 800px) 100vw, 800px\" \/>\t\t\t\t\t\t\t\t\t\t\t\t\t\t\t<\/div>\n\t\t\t\t<\/div>\n\t\t\t\t\t<\/div>\n\t\t<\/div>\n\t\t\t\t<div class=\"elementor-column elementor-col-33 elementor-top-column elementor-element elementor-element-cc700c0 elementor-hidden-mobile\" data-id=\"cc700c0\" data-element_type=\"column\">\n\t\t\t<div class=\"elementor-widget-wrap elementor-element-populated\">\n\t\t\t\t\t\t<div class=\"elementor-element elementor-element-1597851 elementor-view-default elementor-widget elementor-widget-icon\" data-id=\"1597851\" data-element_type=\"widget\" data-widget_type=\"icon.default\">\n\t\t\t\t<div class=\"elementor-widget-container\">\n\t\t\t\t\t\t\t<div class=\"elementor-icon-wrapper\">\n\t\t\t<div class=\"elementor-icon elementor-animation-grow\">\n\t\t\t<svg xmlns=\"http:\/\/www.w3.org\/2000\/svg\" id=\"Capa_1\" data-name=\"Capa 1\" viewBox=\"0 0 17.14 39.6\"><defs><style>.cls-1{fill:#c20e1a;fill-rule:evenodd;}<\/style><\/defs><polygon class=\"cls-1\" points=\"9.16 39.6 0 30.95 17.14 0 9.16 39.6\"><\/polygon><\/svg>\t\t\t<\/div>\n\t\t<\/div>\n\t\t\t\t\t\t<\/div>\n\t\t\t\t<\/div>\n\t\t\t\t<div class=\"elementor-element elementor-element-69b9b96 elementor-view-default elementor-widget elementor-widget-icon\" data-id=\"69b9b96\" data-element_type=\"widget\" data-widget_type=\"icon.default\">\n\t\t\t\t<div class=\"elementor-widget-container\">\n\t\t\t\t\t\t\t<div class=\"elementor-icon-wrapper\">\n\t\t\t<div class=\"elementor-icon elementor-animation-grow\">\n\t\t\t<svg xmlns=\"http:\/\/www.w3.org\/2000\/svg\" id=\"Capa_1\" data-name=\"Capa 1\" viewBox=\"0 0 17.14 39.6\"><defs><style>.cls-1{fill:#c20e1a;fill-rule:evenodd;}<\/style><\/defs><polygon class=\"cls-1\" points=\"9.16 39.6 0 30.95 17.14 0 9.16 39.6\"><\/polygon><\/svg>\t\t\t<\/div>\n\t\t<\/div>\n\t\t\t\t\t\t<\/div>\n\t\t\t\t<\/div>\n\t\t\t\t<div class=\"elementor-element elementor-element-ba77718 elementor-view-default elementor-widget elementor-widget-icon\" data-id=\"ba77718\" data-element_type=\"widget\" data-widget_type=\"icon.default\">\n\t\t\t\t<div class=\"elementor-widget-container\">\n\t\t\t\t\t\t\t<div class=\"elementor-icon-wrapper\">\n\t\t\t<div class=\"elementor-icon elementor-animation-grow\">\n\t\t\t<svg xmlns=\"http:\/\/www.w3.org\/2000\/svg\" id=\"Capa_1\" data-name=\"Capa 1\" viewBox=\"0 0 17.14 39.6\"><defs><style>.cls-1{fill:#c20e1a;fill-rule:evenodd;}<\/style><\/defs><polygon class=\"cls-1\" points=\"9.16 39.6 0 30.95 17.14 0 9.16 39.6\"><\/polygon><\/svg>\t\t\t<\/div>\n\t\t<\/div>\n\t\t\t\t\t\t<\/div>\n\t\t\t\t<\/div>\n\t\t\t\t<div class=\"elementor-element elementor-element-58d3e91 elementor-view-default elementor-widget elementor-widget-icon\" data-id=\"58d3e91\" data-element_type=\"widget\" data-widget_type=\"icon.default\">\n\t\t\t\t<div class=\"elementor-widget-container\">\n\t\t\t\t\t\t\t<div class=\"elementor-icon-wrapper\">\n\t\t\t<div class=\"elementor-icon elementor-animation-grow\">\n\t\t\t<svg xmlns=\"http:\/\/www.w3.org\/2000\/svg\" id=\"Capa_1\" data-name=\"Capa 1\" viewBox=\"0 0 17.14 39.6\"><defs><style>.cls-1{fill:#c20e1a;fill-rule:evenodd;}<\/style><\/defs><polygon class=\"cls-1\" points=\"9.16 39.6 0 30.95 17.14 0 9.16 39.6\"><\/polygon><\/svg>\t\t\t<\/div>\n\t\t<\/div>\n\t\t\t\t\t\t<\/div>\n\t\t\t\t<\/div>\n\t\t\t\t<div class=\"elementor-element elementor-element-a2ccd88 elementor-view-default elementor-widget elementor-widget-icon\" data-id=\"a2ccd88\" data-element_type=\"widget\" data-widget_type=\"icon.default\">\n\t\t\t\t<div class=\"elementor-widget-container\">\n\t\t\t\t\t\t\t<div class=\"elementor-icon-wrapper\">\n\t\t\t<div class=\"elementor-icon elementor-animation-grow\">\n\t\t\t<svg xmlns=\"http:\/\/www.w3.org\/2000\/svg\" id=\"Capa_1\" data-name=\"Capa 1\" viewBox=\"0 0 17.14 39.6\"><defs><style>.cls-1{fill:#c20e1a;fill-rule:evenodd;}<\/style><\/defs><polygon class=\"cls-1\" points=\"9.16 39.6 0 30.95 17.14 0 9.16 39.6\"><\/polygon><\/svg>\t\t\t<\/div>\n\t\t<\/div>\n\t\t\t\t\t\t<\/div>\n\t\t\t\t<\/div>\n\t\t\t\t<div class=\"elementor-element elementor-element-a3eec2b elementor-view-default elementor-widget elementor-widget-icon\" data-id=\"a3eec2b\" data-element_type=\"widget\" data-widget_type=\"icon.default\">\n\t\t\t\t<div class=\"elementor-widget-container\">\n\t\t\t\t\t\t\t<div class=\"elementor-icon-wrapper\">\n\t\t\t<div class=\"elementor-icon elementor-animation-grow\">\n\t\t\t<svg xmlns=\"http:\/\/www.w3.org\/2000\/svg\" id=\"Capa_1\" data-name=\"Capa 1\" viewBox=\"0 0 17.14 39.6\"><defs><style>.cls-1{fill:#c20e1a;fill-rule:evenodd;}<\/style><\/defs><polygon class=\"cls-1\" points=\"9.16 39.6 0 30.95 17.14 0 9.16 39.6\"><\/polygon><\/svg>\t\t\t<\/div>\n\t\t<\/div>\n\t\t\t\t\t\t<\/div>\n\t\t\t\t<\/div>\n\t\t\t\t\t<\/div>\n\t\t<\/div>\n\t\t\t\t<div class=\"elementor-column elementor-col-33 elementor-top-column elementor-element elementor-element-99cddf3\" data-id=\"99cddf3\" data-element_type=\"column\">\n\t\t\t<div class=\"elementor-widget-wrap elementor-element-populated\">\n\t\t\t\t\t\t<div class=\"elementor-element elementor-element-f6ad1d9 elementor-widget elementor-widget-text-editor\" data-id=\"f6ad1d9\" data-element_type=\"widget\" data-widget_type=\"text-editor.default\">\n\t\t\t\t<div class=\"elementor-widget-container\">\n\t\t\t\t\t\t\t\t\t<p><strong>Transparence<\/strong><\/p><p><strong>Engagement<\/strong><\/p><p><strong>R\u00e9solution<\/strong><\/p><p><strong>Professionnalisme<\/strong><\/p><p><strong>Sentiment d&rsquo;appartenance<\/strong><\/p><p><strong>Travail en \u00e9quipe<\/strong><\/p>\t\t\t\t\t\t\t\t<\/div>\n\t\t\t\t<\/div>\n\t\t\t\t\t<\/div>\n\t\t<\/div>\n\t\t\t\t\t<\/div>\n\t\t<\/section>\n\t\t\t\t<section class=\"elementor-section elementor-top-section elementor-element elementor-element-8f97d9f elementor-section-boxed elementor-section-height-default elementor-section-height-default\" data-id=\"8f97d9f\" data-element_type=\"section\">\n\t\t\t\t\t\t<div class=\"elementor-container elementor-column-gap-default\">\n\t\t\t\t\t<div class=\"elementor-column elementor-col-100 elementor-top-column elementor-element elementor-element-1d8f86a\" data-id=\"1d8f86a\" data-element_type=\"column\">\n\t\t\t<div class=\"elementor-widget-wrap elementor-element-populated\">\n\t\t\t\t\t\t<div class=\"elementor-element elementor-element-91f4c39 elementor-widget elementor-widget-heading\" data-id=\"91f4c39\" data-element_type=\"widget\" data-widget_type=\"heading.default\">\n\t\t\t\t<div class=\"elementor-widget-container\">\n\t\t\t\t\t<h2 class=\"elementor-heading-title elementor-size-default\">Alli\u00e9s strat\u00e9giques<\/h2>\t\t\t\t<\/div>\n\t\t\t\t<\/div>\n\t\t\t\t\t<\/div>\n\t\t<\/div>\n\t\t\t\t\t<\/div>\n\t\t<\/section>\n\t\t\t\t<section class=\"elementor-section elementor-top-section elementor-element elementor-element-ec20254 elementor-section-boxed elementor-section-height-default elementor-section-height-default\" data-id=\"ec20254\" data-element_type=\"section\">\n\t\t\t\t\t\t<div class=\"elementor-container elementor-column-gap-default\">\n\t\t\t\t\t<div class=\"elementor-column elementor-col-100 elementor-top-column elementor-element elementor-element-287f362\" data-id=\"287f362\" data-element_type=\"column\">\n\t\t\t<div class=\"elementor-widget-wrap elementor-element-populated\">\n\t\t\t\t\t\t<section class=\"elementor-section elementor-inner-section elementor-element elementor-element-46fdd43 elementor-section-boxed elementor-section-height-default elementor-section-height-default\" data-id=\"46fdd43\" data-element_type=\"section\">\n\t\t\t\t\t\t<div class=\"elementor-container elementor-column-gap-default\">\n\t\t\t\t\t<div class=\"elementor-column elementor-col-33 elementor-inner-column elementor-element elementor-element-0a7175d\" data-id=\"0a7175d\" data-element_type=\"column\">\n\t\t\t<div class=\"elementor-widget-wrap elementor-element-populated\">\n\t\t\t\t\t\t<div class=\"elementor-element elementor-element-a0f45d6 elementor-widget elementor-widget-image\" data-id=\"a0f45d6\" data-element_type=\"widget\" data-widget_type=\"image.default\">\n\t\t\t\t<div class=\"elementor-widget-container\">\n\t\t\t\t\t\t\t\t\t\t\t\t\t\t\t<img decoding=\"async\" width=\"282\" height=\"193\" src=\"https:\/\/figa.com.co\/v2\/wp-content\/uploads\/2021\/08\/FIDEPHARR.jpg\" class=\"attachment-medium size-medium wp-image-2969\" alt=\"\" \/>\t\t\t\t\t\t\t\t\t\t\t\t\t\t\t<\/div>\n\t\t\t\t<\/div>\n\t\t\t\t\t<\/div>\n\t\t<\/div>\n\t\t\t\t<div class=\"elementor-column elementor-col-33 elementor-inner-column elementor-element elementor-element-6c40407\" data-id=\"6c40407\" data-element_type=\"column\">\n\t\t\t<div class=\"elementor-widget-wrap elementor-element-populated\">\n\t\t\t\t\t\t<div class=\"elementor-element elementor-element-4133e4d elementor-widget elementor-widget-image\" data-id=\"4133e4d\" data-element_type=\"widget\" data-widget_type=\"image.default\">\n\t\t\t\t<div class=\"elementor-widget-container\">\n\t\t\t\t\t\t\t\t\t\t\t\t\t\t\t\t<a href=\"https:\/\/decno.com\/\">\n\t\t\t\t\t\t\t<img decoding=\"async\" src=\"https:\/\/figa.com.co\/v2\/wp-content\/uploads\/elementor\/thumbs\/DECNO-pc21mwwygp2tyw3qsxxrn6qhtdhmw53010v90nz4r4.jpg\" title=\"DECNO\" alt=\"DECNO\" loading=\"lazy\" \/>\t\t\t\t\t\t\t\t<\/a>\n\t\t\t\t\t\t\t\t\t\t\t\t\t\t\t<\/div>\n\t\t\t\t<\/div>\n\t\t\t\t\t<\/div>\n\t\t<\/div>\n\t\t\t\t<div class=\"elementor-column elementor-col-33 elementor-inner-column elementor-element elementor-element-1e49a96\" data-id=\"1e49a96\" data-element_type=\"column\">\n\t\t\t<div class=\"elementor-widget-wrap elementor-element-populated\">\n\t\t\t\t\t\t<div class=\"elementor-element elementor-element-4a0a7da elementor-widget elementor-widget-image\" data-id=\"4a0a7da\" data-element_type=\"widget\" data-widget_type=\"image.default\">\n\t\t\t\t<div class=\"elementor-widget-container\">\n\t\t\t\t\t\t\t\t\t\t\t\t\t\t\t<img loading=\"lazy\" decoding=\"async\" width=\"282\" height=\"193\" src=\"https:\/\/figa.com.co\/v2\/wp-content\/uploads\/2021\/09\/BITESA.jpg\" class=\"attachment-medium size-medium wp-image-3370\" alt=\"\" \/>\t\t\t\t\t\t\t\t\t\t\t\t\t\t\t<\/div>\n\t\t\t\t<\/div>\n\t\t\t\t\t<\/div>\n\t\t<\/div>\n\t\t\t\t\t<\/div>\n\t\t<\/section>\n\t\t\t\t\t<\/div>\n\t\t<\/div>\n\t\t\t\t\t<\/div>\n\t\t<\/section>\n\t\t\t\t<section class=\"elementor-section elementor-top-section elementor-element elementor-element-0797b50 elementor-section-boxed elementor-section-height-default elementor-section-height-default\" data-id=\"0797b50\" data-element_type=\"section\">\n\t\t\t\t\t\t<div class=\"elementor-container elementor-column-gap-default\">\n\t\t\t\t\t<div class=\"elementor-column elementor-col-100 elementor-top-column elementor-element elementor-element-f35b101\" data-id=\"f35b101\" data-element_type=\"column\">\n\t\t\t<div class=\"elementor-widget-wrap elementor-element-populated\">\n\t\t\t\t\t\t<section class=\"elementor-section elementor-inner-section elementor-element elementor-element-034aef0 elementor-section-boxed elementor-section-height-default elementor-section-height-default\" data-id=\"034aef0\" data-element_type=\"section\">\n\t\t\t\t\t\t<div class=\"elementor-container elementor-column-gap-default\">\n\t\t\t\t\t<div class=\"elementor-column elementor-col-100 elementor-inner-column elementor-element elementor-element-91b2a0e\" data-id=\"91b2a0e\" data-element_type=\"column\">\n\t\t\t<div class=\"elementor-widget-wrap elementor-element-populated\">\n\t\t\t\t\t\t<div class=\"elementor-element elementor-element-138de9a elementor-widget elementor-widget-text-editor\" data-id=\"138de9a\" data-element_type=\"widget\" data-widget_type=\"text-editor.default\">\n\t\t\t\t<div class=\"elementor-widget-container\">\n\t\t\t\t\t\t\t\t\t<p style=\"text-align: center;\">Gr\u00e2ce \u00e0 la gestion et \u00e0 l&rsquo;engagement de <span style=\"color: #15abd1;\"><strong>Laboratorios DECNO S.A.S.<\/strong><\/span>, actuellement Nous sommes l&rsquo;une des entreprises les plus positionn\u00e9es sur le march\u00e9 au niveau national et international, reconnue pour la qualit\u00e9 de nos produits et pour le d\u00e9veloppement de formules qui r\u00e9volutionnent le secteur v\u00e9t\u00e9rinaire.<\/p>\t\t\t\t\t\t\t\t<\/div>\n\t\t\t\t<\/div>\n\t\t\t\t\t<\/div>\n\t\t<\/div>\n\t\t\t\t\t<\/div>\n\t\t<\/section>\n\t\t\t\t\t<\/div>\n\t\t<\/div>\n\t\t\t\t\t<\/div>\n\t\t<\/section>\n\t\t\t\t<\/div>\n\t\t","protected":false},"excerpt":{"rendered":"<p>GARANTIE ANIMALE INTERNATIONALE PHARMACEUTIQUE C&rsquo;est une entreprise ax\u00e9e sur la recherche, le d\u00e9veloppement, l&rsquo;innovation et la production de produits d&rsquo;\u00e9levage. Pour atteindre cet objectif, nous disposons d&rsquo;un laboratoire associ\u00e9 de base et de professionnels poss\u00e9dant des connaissances et une exp\u00e9rience approfondies. Figa est une soci\u00e9t\u00e9 cr\u00e9\u00e9e dans le but de d\u00e9velopper, produire et commercialiser des [&hellip;]<\/p>\n","protected":false},"author":1,"featured_media":0,"parent":0,"menu_order":3,"comment_status":"closed","ping_status":"closed","template":"elementor_header_footer","meta":{"_locale":"fr_FR","_original_post":"http:\/\/box5653.temp.domains\/~zambran7\/figa\/compania\/","_joinchat":[],"footnotes":""},"class_list":["post-4911","page","type-page","status-publish","hentry","fr-FR"],"_links":{"self":[{"href":"https:\/\/figa.com.co\/wp-json\/wp\/v2\/pages\/4911","targetHints":{"allow":["GET"]}}],"collection":[{"href":"https:\/\/figa.com.co\/wp-json\/wp\/v2\/pages"}],"about":[{"href":"https:\/\/figa.com.co\/wp-json\/wp\/v2\/types\/page"}],"author":[{"embeddable":true,"href":"https:\/\/figa.com.co\/wp-json\/wp\/v2\/users\/1"}],"replies":[{"embeddable":true,"href":"https:\/\/figa.com.co\/wp-json\/wp\/v2\/comments?post=4911"}],"version-history":[{"count":22,"href":"https:\/\/figa.com.co\/wp-json\/wp\/v2\/pages\/4911\/revisions"}],"predecessor-version":[{"id":6538,"href":"https:\/\/figa.com.co\/wp-json\/wp\/v2\/pages\/4911\/revisions\/6538"}],"wp:attachment":[{"href":"https:\/\/figa.com.co\/wp-json\/wp\/v2\/media?parent=4911"}],"curies":[{"name":"wp","href":"https:\/\/api.w.org\/{rel}","templated":true}]}}