{"id":4909,"date":"2023-01-18T18:44:44","date_gmt":"2023-01-18T18:44:44","guid":{"rendered":"https:\/\/figa.com.co\/?page_id=4909"},"modified":"2024-05-22T14:40:37","modified_gmt":"2024-05-22T14:40:37","slug":"inicio","status":"publish","type":"page","link":"https:\/\/figa.com.co\/","title":{"rendered":"Accueil"},"content":{"rendered":"\t\t<div data-elementor-type=\"wp-page\" data-elementor-id=\"4909\" class=\"elementor elementor-4909\" data-elementor-post-type=\"page\">\n\t\t\t\t\t\t<section class=\"elementor-section elementor-top-section elementor-element elementor-element-02b1314 elementor-section-full_width elementor-section-height-default elementor-section-height-default\" data-id=\"02b1314\" data-element_type=\"section\">\n\t\t\t\t\t\t<div class=\"elementor-container elementor-column-gap-default\">\n\t\t\t\t\t<div class=\"elementor-column elementor-col-100 elementor-top-column elementor-element elementor-element-6af1227\" data-id=\"6af1227\" data-element_type=\"column\">\n\t\t\t<div class=\"elementor-widget-wrap elementor-element-populated\">\n\t\t\t\t\t\t<div class=\"elementor-element elementor-element-b039c7a elementor--h-position-right elementor--v-position-bottom elementor-hidden-phone elementor-hidden-tablet elementor-arrows-position-inside elementor-pagination-position-inside elementor-widget elementor-widget-slides\" data-id=\"b039c7a\" data-element_type=\"widget\" data-settings=\"{&quot;navigation&quot;:&quot;both&quot;,&quot;autoplay&quot;:&quot;yes&quot;,&quot;pause_on_hover&quot;:&quot;yes&quot;,&quot;pause_on_interaction&quot;:&quot;yes&quot;,&quot;autoplay_speed&quot;:5000,&quot;infinite&quot;:&quot;yes&quot;,&quot;transition&quot;:&quot;slide&quot;,&quot;transition_speed&quot;:500}\" data-widget_type=\"slides.default\">\n\t\t\t\t<div class=\"elementor-widget-container\">\n\t\t\t\t\t\t\t\t\t<div class=\"elementor-swiper\">\n\t\t\t\t\t<div class=\"elementor-slides-wrapper elementor-main-swiper swiper\" role=\"region\" aria-roledescription=\"carousel\" aria-label=\"Diapositives\" dir=\"ltr\" data-animation=\"fadeInUp\">\n\t\t\t\t<div class=\"swiper-wrapper elementor-slides\">\n\t\t\t\t\t\t\t\t\t\t<div class=\"elementor-repeater-item-02776c0 swiper-slide\" role=\"group\" aria-roledescription=\"slide\"><div class=\"swiper-slide-bg\" role=\"img\"><\/div><a class=\"swiper-slide-inner\" href=\"https:\/\/www.facebook.com\/FigaColombia\/videos\/386325784234306\"><div class=\"swiper-slide-contents\"><div class=\"elementor-slide-heading\">Vitamine K+C<\/div><div class=\"elementor-slide-description\">alli\u00e9 parfait dans le traitement et le contr\u00f4le des h\u00e9morragies, adapt\u00e9 \u00e0 toutes les esp\u00e8ces<\/div><div  class=\"elementor-button elementor-slide-button elementor-size-sm\">Cliquez ici<\/div><\/div><\/a><\/div>\t\t\t\t<\/div>\n\t\t\t\t\t\t\t<\/div>\n\t\t\t\t<\/div>\n\t\t\t\t\t\t\t\t<\/div>\n\t\t\t\t<\/div>\n\t\t\t\t<div class=\"elementor-element elementor-element-1382809 elementor--h-position-right elementor--v-position-bottom elementor-hidden-phone elementor-hidden-desktop elementor-arrows-position-inside elementor-pagination-position-inside elementor-widget elementor-widget-slides\" data-id=\"1382809\" data-element_type=\"widget\" data-settings=\"{&quot;navigation&quot;:&quot;both&quot;,&quot;autoplay&quot;:&quot;yes&quot;,&quot;pause_on_hover&quot;:&quot;yes&quot;,&quot;pause_on_interaction&quot;:&quot;yes&quot;,&quot;autoplay_speed&quot;:5000,&quot;infinite&quot;:&quot;yes&quot;,&quot;transition&quot;:&quot;slide&quot;,&quot;transition_speed&quot;:500}\" data-widget_type=\"slides.default\">\n\t\t\t\t<div class=\"elementor-widget-container\">\n\t\t\t\t\t\t\t\t\t<div class=\"elementor-swiper\">\n\t\t\t\t\t<div class=\"elementor-slides-wrapper elementor-main-swiper swiper\" role=\"region\" aria-roledescription=\"carousel\" aria-label=\"Diapositives\" dir=\"ltr\" data-animation=\"fadeInUp\">\n\t\t\t\t<div class=\"swiper-wrapper elementor-slides\">\n\t\t\t\t\t\t\t\t\t\t<div class=\"elementor-repeater-item-86b8a79 swiper-slide\" role=\"group\" aria-roledescription=\"slide\"><div class=\"swiper-slide-bg\" role=\"img\"><\/div><a class=\"swiper-slide-inner\" href=\"https:\/\/figa.com.co\/fr\/product\/figapets-salsa-para-mascotas-pollo\/\"><div class=\"swiper-slide-contents\"><div class=\"elementor-slide-heading\">FIGAPETS SALSA PARA MASCOTAS POLLO<\/div><div class=\"elementor-slide-description\">Compl\u00e9ment nutritionnel id\u00e9al pour les repas des chiens et des chats.<\/div><div  class=\"elementor-button elementor-slide-button elementor-size-sm\">Voir le produit<\/div><\/div><\/a><\/div><div class=\"elementor-repeater-item-416a950 swiper-slide\" role=\"group\" aria-roledescription=\"slide\"><div class=\"swiper-slide-bg\" role=\"img\"><\/div><a class=\"swiper-slide-inner\" href=\"https:\/\/figa.com.co\/fr\/product\/darkypets-2\/\"><div class=\"swiper-slide-contents\"><div class=\"elementor-slide-heading\">DARKYPETS<\/div><div class=\"elementor-slide-description\">Shampoing id\u00e9al pour chiens et chats \u00e0 fourrure fonc\u00e9e. \ud83d\udc36\ud83d\udc31<\/div><div  class=\"elementor-button elementor-slide-button elementor-size-sm\">VOIR LE PRODUIT<\/div><\/div><\/a><\/div><div class=\"elementor-repeater-item-32f57fb swiper-slide\" role=\"group\" aria-roledescription=\"slide\"><div class=\"swiper-slide-bg\" role=\"img\"><\/div><a class=\"swiper-slide-inner\" href=\"https:\/\/figa.com.co\/fr\/product\/nutrifig\/\"><div class=\"swiper-slide-contents\"><div class=\"elementor-slide-heading\">NUTRIFIG 250 mL<\/div><div class=\"elementor-slide-description\">Agit comme adjuvant dans le traitement de : carences des \u00e9l\u00e9ments pr\u00e9sents dans la composition, maladies infectieuses et parasitaires.<\/div><div  class=\"elementor-button elementor-slide-button elementor-size-sm\">Voir le produit<\/div><\/div><\/a><\/div>\t\t\t\t<\/div>\n\t\t\t\t\t\t\t\t\t\t\t\t\t\t\t<div class=\"elementor-swiper-button elementor-swiper-button-prev\" role=\"button\" tabindex=\"0\" aria-label=\"Diapositive pr\u00e9c\u00e9dente\">\n\t\t\t\t\t\t\t<i aria-hidden=\"true\" class=\"eicon-chevron-left\"><\/i>\t\t\t\t\t\t<\/div>\n\t\t\t\t\t\t<div class=\"elementor-swiper-button elementor-swiper-button-next\" role=\"button\" tabindex=\"0\" aria-label=\"Diapositive suivante\">\n\t\t\t\t\t\t\t<i aria-hidden=\"true\" class=\"eicon-chevron-right\"><\/i>\t\t\t\t\t\t<\/div>\n\t\t\t\t\t\t\t\t\t\t\t\t\t\t\t\t<div class=\"swiper-pagination\"><\/div>\n\t\t\t\t\t\t\t\t\t\t\t\t<\/div>\n\t\t\t\t<\/div>\n\t\t\t\t\t\t\t\t<\/div>\n\t\t\t\t<\/div>\n\t\t\t\t<div class=\"elementor-element elementor-element-a1d7366 elementor--h-position-right elementor--v-position-top elementor-hidden-desktop elementor-hidden-tablet elementor-pagination-position-inside elementor-widget elementor-widget-slides\" data-id=\"a1d7366\" data-element_type=\"widget\" data-settings=\"{&quot;navigation&quot;:&quot;dots&quot;,&quot;autoplay&quot;:&quot;yes&quot;,&quot;pause_on_hover&quot;:&quot;yes&quot;,&quot;pause_on_interaction&quot;:&quot;yes&quot;,&quot;autoplay_speed&quot;:5000,&quot;infinite&quot;:&quot;yes&quot;,&quot;transition&quot;:&quot;slide&quot;,&quot;transition_speed&quot;:500}\" data-widget_type=\"slides.default\">\n\t\t\t\t<div class=\"elementor-widget-container\">\n\t\t\t\t\t\t\t\t\t<div class=\"elementor-swiper\">\n\t\t\t\t\t<div class=\"elementor-slides-wrapper elementor-main-swiper swiper\" role=\"region\" aria-roledescription=\"carousel\" aria-label=\"Diapositives\" dir=\"ltr\" data-animation=\"fadeInUp\">\n\t\t\t\t<div class=\"swiper-wrapper elementor-slides\">\n\t\t\t\t\t\t\t\t\t\t<div class=\"elementor-repeater-item-af079d6 swiper-slide\" role=\"group\" aria-roledescription=\"slide\"><div class=\"swiper-slide-bg\" role=\"img\"><\/div><a class=\"swiper-slide-inner\" href=\"https:\/\/www.youtube.com\/watch?v=cnka9Dg8yH0&#038;t=26s\"><div class=\"swiper-slide-contents\"><div class=\"elementor-slide-heading\">VITAMINE K + C<\/div><div class=\"elementor-slide-description\">Alli\u00e9 parfait dans le traitement et le contr\u00f4le des h\u00e9morragies, adapt\u00e9 \u00e0 toutes les esp\u00e8ces.<\/div><div  class=\"elementor-button elementor-slide-button elementor-size-sm\">Voir en direct<\/div><\/div><\/a><\/div><div class=\"elementor-repeater-item-83fc41c swiper-slide\" role=\"group\" aria-roledescription=\"slide\"><div class=\"swiper-slide-bg\" role=\"img\"><\/div><a class=\"swiper-slide-inner\" href=\"https:\/\/www.youtube.com\/watch?v=XKQblI2r8d8&#038;t=25s\"><div class=\"swiper-slide-contents\"><div class=\"elementor-slide-heading\">PH\u00c9NICOL<\/div><div class=\"elementor-slide-description\">Antibiotique \u00e0 haut spectre qui inhibe le d\u00e9veloppement, la croissance et la multiplication des bact\u00e9ries Gram positives et n\u00e9gatives<\/div><div  class=\"elementor-button elementor-slide-button elementor-size-sm\">Voir en direct<\/div><\/div><\/a><\/div><div class=\"elementor-repeater-item-755ec8a swiper-slide\" role=\"group\" aria-roledescription=\"slide\"><div class=\"swiper-slide-bg\" role=\"img\"><\/div><a class=\"swiper-slide-inner\" href=\"https:\/\/www.youtube.com\/watch?v=vu9eb_QxAoE\"><div class=\"swiper-slide-contents\"><div class=\"elementor-slide-heading\">TILFIGAN 200<\/div><div class=\"elementor-slide-description\">Antimicrobien indiqu\u00e9 pour diverses infections bact\u00e9riennes sensibles \u00e0 la tylosine, qui affectent les bovins et les porcs.<\/div><div  class=\"elementor-button elementor-slide-button elementor-size-sm\">Voir en direct<\/div><\/div><\/a><\/div>\t\t\t\t<\/div>\n\t\t\t\t\t\t\t\t\t\t\t\t\t\t\t\t\t\t\t\t<div class=\"swiper-pagination\"><\/div>\n\t\t\t\t\t\t\t\t\t\t\t\t<\/div>\n\t\t\t\t<\/div>\n\t\t\t\t\t\t\t\t<\/div>\n\t\t\t\t<\/div>\n\t\t\t\t\t<\/div>\n\t\t<\/div>\n\t\t\t\t\t<\/div>\n\t\t<\/section>\n\t\t\t\t<section class=\"elementor-section elementor-top-section elementor-element elementor-element-a8f611a elementor-section-boxed elementor-section-height-default elementor-section-height-default\" data-id=\"a8f611a\" data-element_type=\"section\" data-settings=\"{&quot;background_background&quot;:&quot;classic&quot;}\">\n\t\t\t\t\t\t<div class=\"elementor-container elementor-column-gap-wider\">\n\t\t\t\t\t<div class=\"elementor-column elementor-col-50 elementor-top-column elementor-element elementor-element-fe96fdc\" data-id=\"fe96fdc\" data-element_type=\"column\">\n\t\t\t<div class=\"elementor-widget-wrap elementor-element-populated\">\n\t\t\t\t\t\t<div class=\"elementor-element elementor-element-70bde8a elementor-bg-transform elementor-bg-transform-zoom-out elementor-cta--skin-classic elementor-animated-content elementor-widget elementor-widget-call-to-action\" data-id=\"70bde8a\" data-element_type=\"widget\" data-widget_type=\"call-to-action.default\">\n\t\t\t\t<div class=\"elementor-widget-container\">\n\t\t\t\t\t\t\t<div class=\"elementor-cta\">\n\t\t\t\t\t\t\t<div class=\"elementor-cta__content\">\n\t\t\t\t\t\t\t\t\t<div class=\"elementor-content-item elementor-cta__content-item elementor-cta__image\">\n\t\t\t\t\t\t<img fetchpriority=\"high\" decoding=\"async\" width=\"768\" height=\"586\" src=\"https:\/\/figa.com.co\/v2\/wp-content\/uploads\/2023\/09\/Animales-de-produccion-1-768x586.jpg\" class=\"attachment-medium_large size-medium_large wp-image-5476\" alt=\"\" srcset=\"https:\/\/figa.com.co\/v2\/wp-content\/uploads\/2023\/09\/Animales-de-produccion-1-768x586.jpg 768w, https:\/\/figa.com.co\/v2\/wp-content\/uploads\/2023\/09\/Animales-de-produccion-1-300x229.jpg 300w, https:\/\/figa.com.co\/v2\/wp-content\/uploads\/2023\/09\/Animales-de-produccion-1-1024x781.jpg 1024w, https:\/\/figa.com.co\/v2\/wp-content\/uploads\/2023\/09\/Animales-de-produccion-1-600x458.jpg 600w, https:\/\/figa.com.co\/v2\/wp-content\/uploads\/2023\/09\/Animales-de-produccion-1.jpg 1114w\" sizes=\"(max-width: 768px) 100vw, 768px\" \/>\t\t\t\t\t<\/div>\n\t\t\t\t\n\t\t\t\t\t\t\t\t\t<h2 class=\"elementor-cta__title elementor-cta__content-item elementor-content-item\">\n\t\t\t\t\t\tAnimaux de production\t\t\t\t\t<\/h2>\n\t\t\t\t\n\t\t\t\t\t\t\t\t\t<div class=\"elementor-cta__description elementor-cta__content-item elementor-content-item\">\n\t\t\t\t\t\tConna\u00eetre les produits que nous avons disponibles\t\t\t\t\t<\/div>\n\t\t\t\t\n\t\t\t\t\t\t\t\t\t<div class=\"elementor-cta__button-wrapper elementor-cta__content-item elementor-content-item \">\n\t\t\t\t\t<a class=\"elementor-cta__button elementor-button elementor-size-\" href=\"https:\/\/figa.com.co\/fr\/product-tag\/animales-produccion\/\">\n\t\t\t\t\t\tVoir les produits\t\t\t\t\t<\/a>\n\t\t\t\t\t<\/div>\n\t\t\t\t\t\t\t<\/div>\n\t\t\t\t\t\t<\/div>\n\t\t\t\t\t\t<\/div>\n\t\t\t\t<\/div>\n\t\t\t\t\t<\/div>\n\t\t<\/div>\n\t\t\t\t<div class=\"elementor-column elementor-col-50 elementor-top-column elementor-element elementor-element-877ce9e\" data-id=\"877ce9e\" data-element_type=\"column\">\n\t\t\t<div class=\"elementor-widget-wrap elementor-element-populated\">\n\t\t\t\t\t\t<div class=\"elementor-element elementor-element-a45b4f5 elementor-cta--skin-classic elementor-animated-content elementor-bg-transform elementor-bg-transform-zoom-in elementor-widget elementor-widget-call-to-action\" data-id=\"a45b4f5\" data-element_type=\"widget\" data-widget_type=\"call-to-action.default\">\n\t\t\t\t<div class=\"elementor-widget-container\">\n\t\t\t\t\t\t\t<div class=\"elementor-cta\">\n\t\t\t\t\t\t\t<div class=\"elementor-cta__content\">\n\t\t\t\t\t\t\t\t\t<div class=\"elementor-content-item elementor-cta__content-item elementor-cta__image\">\n\t\t\t\t\t\t<img decoding=\"async\" width=\"768\" height=\"586\" src=\"https:\/\/figa.com.co\/v2\/wp-content\/uploads\/2021\/05\/Animales-de-compania-768x586.jpg\" class=\"attachment-medium_large size-medium_large wp-image-882\" alt=\"\" srcset=\"https:\/\/figa.com.co\/v2\/wp-content\/uploads\/2021\/05\/Animales-de-compania-768x586.jpg 768w, https:\/\/figa.com.co\/v2\/wp-content\/uploads\/2021\/05\/Animales-de-compania-300x229.jpg 300w, https:\/\/figa.com.co\/v2\/wp-content\/uploads\/2021\/05\/Animales-de-compania-1024x781.jpg 1024w, https:\/\/figa.com.co\/v2\/wp-content\/uploads\/2021\/05\/Animales-de-compania-600x458.jpg 600w, https:\/\/figa.com.co\/v2\/wp-content\/uploads\/2021\/05\/Animales-de-compania-e1621705645269.jpg 1114w\" sizes=\"(max-width: 768px) 100vw, 768px\" \/>\t\t\t\t\t<\/div>\n\t\t\t\t\n\t\t\t\t\t\t\t\t\t<h2 class=\"elementor-cta__title elementor-cta__content-item elementor-content-item\">\n\t\t\t\t\t\tAnimaux domestiques\t\t\t\t\t<\/h2>\n\t\t\t\t\n\t\t\t\t\t\t\t\t\t<div class=\"elementor-cta__description elementor-cta__content-item elementor-content-item\">\n\t\t\t\t\t\tConna\u00eetre les produits que nous avons disponibles\t\t\t\t\t<\/div>\n\t\t\t\t\n\t\t\t\t\t\t\t\t\t<div class=\"elementor-cta__button-wrapper elementor-cta__content-item elementor-content-item \">\n\t\t\t\t\t<a class=\"elementor-cta__button elementor-button elementor-size-\" href=\"https:\/\/figa.com.co\/fr\/product-tag\/compania-animales\/\">\n\t\t\t\t\t\tVoir les produits\t\t\t\t\t<\/a>\n\t\t\t\t\t<\/div>\n\t\t\t\t\t\t\t<\/div>\n\t\t\t\t\t\t<\/div>\n\t\t\t\t\t\t<\/div>\n\t\t\t\t<\/div>\n\t\t\t\t\t<\/div>\n\t\t<\/div>\n\t\t\t\t\t<\/div>\n\t\t<\/section>\n\t\t\t\t<\/div>\n\t\t","protected":false},"excerpt":{"rendered":"<p>Vitamine K+Calli\u00e9 parfait dans le traitement et le contr\u00f4le des h\u00e9morragies, adapt\u00e9 \u00e0 toutes les esp\u00e8cesCliquez ici FIGAPETS SALSA PARA MASCOTAS POLLOCompl\u00e9ment nutritionnel id\u00e9al pour les repas des chiens et des chats.Voir le produitDARKYPETSShampoing id\u00e9al pour chiens et chats \u00e0 fourrure fonc\u00e9e. ????????VOIR LE PRODUITNUTRIFIG 250 mLAgit comme adjuvant dans le traitement de : carences [&hellip;]<\/p>\n","protected":false},"author":1,"featured_media":0,"parent":0,"menu_order":1,"comment_status":"closed","ping_status":"closed","template":"elementor_header_footer","meta":{"_locale":"fr_FR","_original_post":"http:\/\/box5653.temp.domains\/~zambran7\/figa\/inicio\/","_joinchat":[],"footnotes":""},"class_list":["post-4909","page","type-page","status-publish","hentry","fr-FR"],"_links":{"self":[{"href":"https:\/\/figa.com.co\/wp-json\/wp\/v2\/pages\/4909","targetHints":{"allow":["GET"]}}],"collection":[{"href":"https:\/\/figa.com.co\/wp-json\/wp\/v2\/pages"}],"about":[{"href":"https:\/\/figa.com.co\/wp-json\/wp\/v2\/types\/page"}],"author":[{"embeddable":true,"href":"https:\/\/figa.com.co\/wp-json\/wp\/v2\/users\/1"}],"replies":[{"embeddable":true,"href":"https:\/\/figa.com.co\/wp-json\/wp\/v2\/comments?post=4909"}],"version-history":[{"count":212,"href":"https:\/\/figa.com.co\/wp-json\/wp\/v2\/pages\/4909\/revisions"}],"predecessor-version":[{"id":7943,"href":"https:\/\/figa.com.co\/wp-json\/wp\/v2\/pages\/4909\/revisions\/7943"}],"wp:attachment":[{"href":"https:\/\/figa.com.co\/wp-json\/wp\/v2\/media?parent=4909"}],"curies":[{"name":"wp","href":"https:\/\/api.w.org\/{rel}","templated":true}]}}